{"id":2587,"date":"2024-09-26T22:48:43","date_gmt":"2024-09-26T20:48:43","guid":{"rendered":"https:\/\/www.art-natur.ch\/product\/pince-enigma-fortement-courbee-affutage-a-main-levee-extra-tranchante\/"},"modified":"2024-10-13T19:26:10","modified_gmt":"2024-10-13T17:26:10","slug":"pince-enigma-fortement-courbee-affutage-a-main-levee-extra-tranchante","status":"publish","type":"product","link":"https:\/\/www.art-natur.ch\/fr\/produit\/pince-enigma-fortement-courbee-affutage-a-main-levee-extra-tranchante\/","title":{"rendered":"Pince Enigma fortement courb\u00e9e Aff\u00fbtage \u00e0 main lev\u00e9e extra-tranchante"},"content":{"rendered":"<p>La forme de la pince est confortable m\u00eame pour les d\u00e9butants : lorsque vous prenez un cil de la bande, vous le tenez de la m\u00eame mani\u00e8re qu&rsquo;un biros ordinaire. L&rsquo;angle lisse de la pince est id\u00e9al pour les extensions classiques mais, gr\u00e2ce \u00e0 ses pointes aiguis\u00e9es et \u00e0 son serrage parfait, elle est \u00e9galement bien adapt\u00e9e aux bouquets dans les extensions de volume. La pointe de la pince est droite, parfaitement occluse et a une longueur parfaite qui permet au mod\u00e8le d&rsquo;appliquer facilement la pince sur les cils sans les serrer. Gr\u00e2ce \u00e0 la base plus serr\u00e9e des pointes, la pince tient les hyper-volumes avec facilit\u00e9.<\/p>\n<p>Les pinces extra-tranchantes ENIGMA sont fabriqu\u00e9es en acier allemand de haute qualit\u00e9 et sont aiguis\u00e9es \u00e0 la main. Une caract\u00e9ristique unique pour commander des pinces aiguis\u00e9es \u00e0 la main sur lash.com : des artisans exp\u00e9riment\u00e9s testent chaque pince apr\u00e8s l&rsquo;avoir aiguis\u00e9e pour s&rsquo;assurer qu&rsquo;elle est bien aiguis\u00e9e et qu&rsquo;elle se bloque. Vous obtenez ainsi des pinces de qualit\u00e9 parfaite sans avoir \u00e0 les tester vous-m\u00eame &#8211; les experts ENIGMA le font pour vous.<\/p>\n","protected":false},"excerpt":{"rendered":"<p>La forme de la pince est confortable m\u00eame pour les d\u00e9butants : lorsque vous prenez un cil de la bande, vous le tenez de la m\u00eame mani\u00e8re qu&rsquo;un biros ordinaire. L&rsquo;angle lisse de la pince est id\u00e9al pour les extensions classiques mais, gr\u00e2ce \u00e0 ses pointes aiguis\u00e9es et \u00e0 son serrage parfait, elle est \u00e9galement [&hellip;]<\/p>\n","protected":false},"featured_media":7225,"template":"","meta":{"_acf_changed":false,"inline_featured_image":false},"product_cat":[116,191],"product_tag":[],"class_list":{"0":"post-2587","1":"product","2":"type-product","3":"status-publish","4":"has-post-thumbnail","6":"product_brand-enigma","7":"product_cat-extension-de-cils","8":"product_cat-pinces","10":"first","11":"instock","12":"shipping-taxable","13":"purchasable","14":"product-type-simple"},"acf":[],"yoast_head":"<!-- This site is optimized with the Yoast SEO plugin v26.6 - https:\/\/yoast.com\/wordpress\/plugins\/seo\/ -->\n<title>Pince Enigma fortement courb\u00e9e Aff\u00fbtage \u00e0 main lev\u00e9e extra-tranchante - LASHES&amp;BROWS by Nataliya Reinhard<\/title>\n<meta name=\"description\" content=\"La pince est confortable pour les d\u00e9butants, id\u00e9ale pour les extensions classiques et volumineuses avec des pointes aiguis\u00e9es.\" \/>\n<meta name=\"robots\" content=\"index, follow, max-snippet:-1, max-image-preview:large, max-video-preview:-1\" \/>\n<link rel=\"canonical\" href=\"https:\/\/www.art-natur.ch\/fr\/produit\/pince-enigma-fortement-courbee-affutage-a-main-levee-extra-tranchante\/\" \/>\n<meta property=\"og:locale\" content=\"fr_FR\" \/>\n<meta property=\"og:type\" content=\"article\" \/>\n<meta property=\"og:title\" content=\"Pince Enigma fortement courb\u00e9e Aff\u00fbtage \u00e0 main lev\u00e9e extra-tranchante - LASHES&amp;BROWS by Nataliya Reinhard\" \/>\n<meta property=\"og:description\" content=\"La pince est confortable pour les d\u00e9butants, id\u00e9ale pour les extensions classiques et volumineuses avec des pointes aiguis\u00e9es.\" \/>\n<meta property=\"og:url\" content=\"https:\/\/www.art-natur.ch\/fr\/produit\/pince-enigma-fortement-courbee-affutage-a-main-levee-extra-tranchante\/\" \/>\n<meta property=\"og:site_name\" content=\"LASHES&amp;BROWS by Nataliya Reinhard\" \/>\n<meta property=\"article:modified_time\" content=\"2024-10-13T17:26:10+00:00\" \/>\n<meta property=\"og:image\" content=\"https:\/\/www.art-natur.ch\/wp-content\/uploads\/2024\/09\/2553954009-Photoroom.png\" \/>\n\t<meta property=\"og:image:width\" content=\"800\" \/>\n\t<meta property=\"og:image:height\" content=\"800\" \/>\n\t<meta property=\"og:image:type\" content=\"image\/png\" \/>\n<meta name=\"twitter:card\" content=\"summary_large_image\" \/>\n<meta name=\"twitter:label1\" content=\"Dur\u00e9e de lecture estim\u00e9e\" \/>\n\t<meta name=\"twitter:data1\" content=\"1 minute\" \/>\n<script type=\"application\/ld+json\" class=\"yoast-schema-graph\">{\"@context\":\"https:\/\/schema.org\",\"@graph\":[{\"@type\":\"WebPage\",\"@id\":\"https:\/\/www.art-natur.ch\/fr\/produit\/pince-enigma-fortement-courbee-affutage-a-main-levee-extra-tranchante\/\",\"url\":\"https:\/\/www.art-natur.ch\/fr\/produit\/pince-enigma-fortement-courbee-affutage-a-main-levee-extra-tranchante\/\",\"name\":\"Pince Enigma fortement courb\u00e9e Aff\u00fbtage \u00e0 main lev\u00e9e extra-tranchante - LASHES&amp;BROWS by Nataliya Reinhard\",\"isPartOf\":{\"@id\":\"https:\/\/www.art-natur.ch\/fr\/#website\"},\"primaryImageOfPage\":{\"@id\":\"https:\/\/www.art-natur.ch\/fr\/produit\/pince-enigma-fortement-courbee-affutage-a-main-levee-extra-tranchante\/#primaryimage\"},\"image\":{\"@id\":\"https:\/\/www.art-natur.ch\/fr\/produit\/pince-enigma-fortement-courbee-affutage-a-main-levee-extra-tranchante\/#primaryimage\"},\"thumbnailUrl\":\"https:\/\/www.art-natur.ch\/wp-content\/uploads\/2024\/09\/2553954009-Photoroom.png\",\"datePublished\":\"2024-09-26T20:48:43+00:00\",\"dateModified\":\"2024-10-13T17:26:10+00:00\",\"description\":\"La pince est confortable pour les d\u00e9butants, id\u00e9ale pour les extensions classiques et volumineuses avec des pointes aiguis\u00e9es.\",\"breadcrumb\":{\"@id\":\"https:\/\/www.art-natur.ch\/fr\/produit\/pince-enigma-fortement-courbee-affutage-a-main-levee-extra-tranchante\/#breadcrumb\"},\"inLanguage\":\"fr-FR\",\"potentialAction\":[{\"@type\":\"ReadAction\",\"target\":[\"https:\/\/www.art-natur.ch\/fr\/produit\/pince-enigma-fortement-courbee-affutage-a-main-levee-extra-tranchante\/\"]}]},{\"@type\":\"ImageObject\",\"inLanguage\":\"fr-FR\",\"@id\":\"https:\/\/www.art-natur.ch\/fr\/produit\/pince-enigma-fortement-courbee-affutage-a-main-levee-extra-tranchante\/#primaryimage\",\"url\":\"https:\/\/www.art-natur.ch\/wp-content\/uploads\/2024\/09\/2553954009-Photoroom.png\",\"contentUrl\":\"https:\/\/www.art-natur.ch\/wp-content\/uploads\/2024\/09\/2553954009-Photoroom.png\",\"width\":800,\"height\":800},{\"@type\":\"BreadcrumbList\",\"@id\":\"https:\/\/www.art-natur.ch\/fr\/produit\/pince-enigma-fortement-courbee-affutage-a-main-levee-extra-tranchante\/#breadcrumb\",\"itemListElement\":[{\"@type\":\"ListItem\",\"position\":1,\"name\":\"Home\",\"item\":\"https:\/\/www.art-natur.ch\/fr\/\"},{\"@type\":\"ListItem\",\"position\":2,\"name\":\"Boutique\",\"item\":\"https:\/\/www.art-natur.ch\/shop\/\"},{\"@type\":\"ListItem\",\"position\":3,\"name\":\"Pince Enigma fortement courb\u00e9e Aff\u00fbtage \u00e0 main lev\u00e9e extra-tranchante\"}]},{\"@type\":\"WebSite\",\"@id\":\"https:\/\/www.art-natur.ch\/fr\/#website\",\"url\":\"https:\/\/www.art-natur.ch\/fr\/\",\"name\":\"LASHES&amp;BROWS by Nataliya Reinhard\",\"description\":\"High-quality lash and brow services with attention to every detail\",\"potentialAction\":[{\"@type\":\"SearchAction\",\"target\":{\"@type\":\"EntryPoint\",\"urlTemplate\":\"https:\/\/www.art-natur.ch\/fr\/?s={search_term_string}\"},\"query-input\":{\"@type\":\"PropertyValueSpecification\",\"valueRequired\":true,\"valueName\":\"search_term_string\"}}],\"inLanguage\":\"fr-FR\"}]}<\/script>\n<!-- \/ Yoast SEO plugin. -->","yoast_head_json":{"title":"Pince Enigma fortement courb\u00e9e Aff\u00fbtage \u00e0 main lev\u00e9e extra-tranchante - LASHES&amp;BROWS by Nataliya Reinhard","description":"La pince est confortable pour les d\u00e9butants, id\u00e9ale pour les extensions classiques et volumineuses avec des pointes aiguis\u00e9es.","robots":{"index":"index","follow":"follow","max-snippet":"max-snippet:-1","max-image-preview":"max-image-preview:large","max-video-preview":"max-video-preview:-1"},"canonical":"https:\/\/www.art-natur.ch\/fr\/produit\/pince-enigma-fortement-courbee-affutage-a-main-levee-extra-tranchante\/","og_locale":"fr_FR","og_type":"article","og_title":"Pince Enigma fortement courb\u00e9e Aff\u00fbtage \u00e0 main lev\u00e9e extra-tranchante - LASHES&amp;BROWS by Nataliya Reinhard","og_description":"La pince est confortable pour les d\u00e9butants, id\u00e9ale pour les extensions classiques et volumineuses avec des pointes aiguis\u00e9es.","og_url":"https:\/\/www.art-natur.ch\/fr\/produit\/pince-enigma-fortement-courbee-affutage-a-main-levee-extra-tranchante\/","og_site_name":"LASHES&amp;BROWS by Nataliya Reinhard","article_modified_time":"2024-10-13T17:26:10+00:00","og_image":[{"width":800,"height":800,"url":"https:\/\/www.art-natur.ch\/wp-content\/uploads\/2024\/09\/2553954009-Photoroom.png","type":"image\/png"}],"twitter_card":"summary_large_image","twitter_misc":{"Dur\u00e9e de lecture estim\u00e9e":"1 minute"},"schema":{"@context":"https:\/\/schema.org","@graph":[{"@type":"WebPage","@id":"https:\/\/www.art-natur.ch\/fr\/produit\/pince-enigma-fortement-courbee-affutage-a-main-levee-extra-tranchante\/","url":"https:\/\/www.art-natur.ch\/fr\/produit\/pince-enigma-fortement-courbee-affutage-a-main-levee-extra-tranchante\/","name":"Pince Enigma fortement courb\u00e9e Aff\u00fbtage \u00e0 main lev\u00e9e extra-tranchante - LASHES&amp;BROWS by Nataliya Reinhard","isPartOf":{"@id":"https:\/\/www.art-natur.ch\/fr\/#website"},"primaryImageOfPage":{"@id":"https:\/\/www.art-natur.ch\/fr\/produit\/pince-enigma-fortement-courbee-affutage-a-main-levee-extra-tranchante\/#primaryimage"},"image":{"@id":"https:\/\/www.art-natur.ch\/fr\/produit\/pince-enigma-fortement-courbee-affutage-a-main-levee-extra-tranchante\/#primaryimage"},"thumbnailUrl":"https:\/\/www.art-natur.ch\/wp-content\/uploads\/2024\/09\/2553954009-Photoroom.png","datePublished":"2024-09-26T20:48:43+00:00","dateModified":"2024-10-13T17:26:10+00:00","description":"La pince est confortable pour les d\u00e9butants, id\u00e9ale pour les extensions classiques et volumineuses avec des pointes aiguis\u00e9es.","breadcrumb":{"@id":"https:\/\/www.art-natur.ch\/fr\/produit\/pince-enigma-fortement-courbee-affutage-a-main-levee-extra-tranchante\/#breadcrumb"},"inLanguage":"fr-FR","potentialAction":[{"@type":"ReadAction","target":["https:\/\/www.art-natur.ch\/fr\/produit\/pince-enigma-fortement-courbee-affutage-a-main-levee-extra-tranchante\/"]}]},{"@type":"ImageObject","inLanguage":"fr-FR","@id":"https:\/\/www.art-natur.ch\/fr\/produit\/pince-enigma-fortement-courbee-affutage-a-main-levee-extra-tranchante\/#primaryimage","url":"https:\/\/www.art-natur.ch\/wp-content\/uploads\/2024\/09\/2553954009-Photoroom.png","contentUrl":"https:\/\/www.art-natur.ch\/wp-content\/uploads\/2024\/09\/2553954009-Photoroom.png","width":800,"height":800},{"@type":"BreadcrumbList","@id":"https:\/\/www.art-natur.ch\/fr\/produit\/pince-enigma-fortement-courbee-affutage-a-main-levee-extra-tranchante\/#breadcrumb","itemListElement":[{"@type":"ListItem","position":1,"name":"Home","item":"https:\/\/www.art-natur.ch\/fr\/"},{"@type":"ListItem","position":2,"name":"Boutique","item":"https:\/\/www.art-natur.ch\/shop\/"},{"@type":"ListItem","position":3,"name":"Pince Enigma fortement courb\u00e9e Aff\u00fbtage \u00e0 main lev\u00e9e extra-tranchante"}]},{"@type":"WebSite","@id":"https:\/\/www.art-natur.ch\/fr\/#website","url":"https:\/\/www.art-natur.ch\/fr\/","name":"LASHES&amp;BROWS by Nataliya Reinhard","description":"High-quality lash and brow services with attention to every detail","potentialAction":[{"@type":"SearchAction","target":{"@type":"EntryPoint","urlTemplate":"https:\/\/www.art-natur.ch\/fr\/?s={search_term_string}"},"query-input":{"@type":"PropertyValueSpecification","valueRequired":true,"valueName":"search_term_string"}}],"inLanguage":"fr-FR"}]}},"_links":{"self":[{"href":"https:\/\/www.art-natur.ch\/fr\/wp-json\/wp\/v2\/product\/2587","targetHints":{"allow":["GET"]}}],"collection":[{"href":"https:\/\/www.art-natur.ch\/fr\/wp-json\/wp\/v2\/product"}],"about":[{"href":"https:\/\/www.art-natur.ch\/fr\/wp-json\/wp\/v2\/types\/product"}],"wp:featuredmedia":[{"embeddable":true,"href":"https:\/\/www.art-natur.ch\/fr\/wp-json\/wp\/v2\/media\/7225"}],"wp:attachment":[{"href":"https:\/\/www.art-natur.ch\/fr\/wp-json\/wp\/v2\/media?parent=2587"}],"wp:term":[{"taxonomy":"product_cat","embeddable":true,"href":"https:\/\/www.art-natur.ch\/fr\/wp-json\/wp\/v2\/product_cat?post=2587"},{"taxonomy":"product_tag","embeddable":true,"href":"https:\/\/www.art-natur.ch\/fr\/wp-json\/wp\/v2\/product_tag?post=2587"}],"curies":[{"name":"wp","href":"https:\/\/api.w.org\/{rel}","templated":true}]}}