{"id":2598,"date":"2024-09-26T22:51:59","date_gmt":"2024-09-26T20:51:59","guid":{"rendered":"https:\/\/www.art-natur.ch\/product\/pince-l-enigma-nouveau-affutage-a-main-levee-extra-tranchante\/"},"modified":"2024-10-13T19:22:41","modified_gmt":"2024-10-13T17:22:41","slug":"pince-l-enigma-nouveau-affutage-a-main-levee-extra-tranchante","status":"publish","type":"product","link":"https:\/\/www.art-natur.ch\/fr\/produit\/pince-l-enigma-nouveau-affutage-a-main-levee-extra-tranchante\/","title":{"rendered":"Pince L Enigma NOUVEAU aff\u00fbtage \u00e0 main lev\u00e9e extra-tranchante"},"content":{"rendered":"<p>Pincettes L \u00e9l\u00e9gantes aiguis\u00e9es \u00e0 la main d&rsquo;Enigma pour les extensions de volume.<\/p>\n<p>La forme en \u00ab\u00a0hachette\u00a0\u00bb est dot\u00e9e de larges rabats qui permettent de maintenir les paquets en toute confiance. Les pinces sont id\u00e9ales pour les artisans aux techniques manuelles (lors de la formation de paquets \u00e0 la main). Les pinces L d&rsquo;Enigma ont une longueur de pointe optimale de 1 cm apr\u00e8s pliage, ce qui vous permet de travailler dans les hyperoblastes avec de grands faisceaux.<\/p>\n<p>Gr\u00e2ce \u00e0 l&rsquo;aff\u00fbtage \u00e0 la main, l&rsquo;outil a une pointe aiguis\u00e9e et un serrage parfait. Gr\u00e2ce au mouvement souple des rabats, le travail est confortable et la main ne se fatigue pas.<\/p>\n<p>Les pinces extra-tranchantes ENIGMA sont fabriqu\u00e9es en acier allemand de haute qualit\u00e9 et sont aiguis\u00e9es \u00e0 la main. La particularit\u00e9 de commander des pinces aiguis\u00e9es \u00e0 la main sur lash.ru : des artisans exp\u00e9riment\u00e9s testent chaque pince apr\u00e8s l&rsquo;avoir aiguis\u00e9e pour v\u00e9rifier son tranchant et son serrage. Ainsi, vous obtenez des pinces d&rsquo;excellente qualit\u00e9 sans avoir \u00e0 les tester personnellement &#8211; les experts de la marque ENIGMA le feront pour vous.<\/p>\n<p>Gr\u00e2ce \u00e0 la base plus dense des pointes, les pinces peuvent facilement tenir des hyper-volumes.<\/p>\n","protected":false},"excerpt":{"rendered":"<p>Pincettes L \u00e9l\u00e9gantes aiguis\u00e9es \u00e0 la main d&rsquo;Enigma pour les extensions de volume. La forme en \u00ab\u00a0hachette\u00a0\u00bb est dot\u00e9e de larges rabats qui permettent de maintenir les paquets en toute confiance. Les pinces sont id\u00e9ales pour les artisans aux techniques manuelles (lors de la formation de paquets \u00e0 la main). Les pinces L d&rsquo;Enigma ont [&hellip;]<\/p>\n","protected":false},"featured_media":7217,"template":"","meta":{"_acf_changed":false,"inline_featured_image":false},"product_cat":[116,191],"product_tag":[],"class_list":{"0":"post-2598","1":"product","2":"type-product","3":"status-publish","4":"has-post-thumbnail","6":"product_brand-enigma","7":"product_cat-extension-de-cils","8":"product_cat-pinces","10":"first","11":"instock","12":"shipping-taxable","13":"purchasable","14":"product-type-simple"},"acf":[],"yoast_head":"<!-- This site is optimized with the Yoast SEO plugin v26.6 - https:\/\/yoast.com\/wordpress\/plugins\/seo\/ -->\n<title>Pince L Enigma NOUVEAU aff\u00fbtage \u00e0 main lev\u00e9e extra-tranchante - LASHES&amp;BROWS by Nataliya Reinhard<\/title>\n<meta name=\"description\" content=\"Pincettes L \u00e9l\u00e9gantes d&#039;Enigma, aiguis\u00e9es \u00e0 la main pour les extensions de volume. La forme &quot;hachette&quot; et les larges rabats maintiennent les paquets en toute confiance.\" \/>\n<meta name=\"robots\" content=\"index, follow, max-snippet:-1, max-image-preview:large, max-video-preview:-1\" \/>\n<link rel=\"canonical\" href=\"https:\/\/www.art-natur.ch\/fr\/produit\/pince-l-enigma-nouveau-affutage-a-main-levee-extra-tranchante\/\" \/>\n<meta property=\"og:locale\" content=\"fr_FR\" \/>\n<meta property=\"og:type\" content=\"article\" \/>\n<meta property=\"og:title\" content=\"Pince L Enigma NOUVEAU aff\u00fbtage \u00e0 main lev\u00e9e extra-tranchante - LASHES&amp;BROWS by Nataliya Reinhard\" \/>\n<meta property=\"og:description\" content=\"Pincettes L \u00e9l\u00e9gantes d&#039;Enigma, aiguis\u00e9es \u00e0 la main pour les extensions de volume. La forme &quot;hachette&quot; et les larges rabats maintiennent les paquets en toute confiance.\" \/>\n<meta property=\"og:url\" content=\"https:\/\/www.art-natur.ch\/fr\/produit\/pince-l-enigma-nouveau-affutage-a-main-levee-extra-tranchante\/\" \/>\n<meta property=\"og:site_name\" content=\"LASHES&amp;BROWS by Nataliya Reinhard\" \/>\n<meta property=\"article:modified_time\" content=\"2024-10-13T17:22:41+00:00\" \/>\n<meta property=\"og:image\" content=\"https:\/\/www.art-natur.ch\/wp-content\/uploads\/2024\/09\/2553962937-Photoroom.png\" \/>\n\t<meta property=\"og:image:width\" content=\"800\" \/>\n\t<meta property=\"og:image:height\" content=\"800\" \/>\n\t<meta property=\"og:image:type\" content=\"image\/png\" \/>\n<meta name=\"twitter:card\" content=\"summary_large_image\" \/>\n<meta name=\"twitter:label1\" content=\"Dur\u00e9e de lecture estim\u00e9e\" \/>\n\t<meta name=\"twitter:data1\" content=\"1 minute\" \/>\n<script type=\"application\/ld+json\" class=\"yoast-schema-graph\">{\"@context\":\"https:\/\/schema.org\",\"@graph\":[{\"@type\":\"WebPage\",\"@id\":\"https:\/\/www.art-natur.ch\/fr\/produit\/pince-l-enigma-nouveau-affutage-a-main-levee-extra-tranchante\/\",\"url\":\"https:\/\/www.art-natur.ch\/fr\/produit\/pince-l-enigma-nouveau-affutage-a-main-levee-extra-tranchante\/\",\"name\":\"Pince L Enigma NOUVEAU aff\u00fbtage \u00e0 main lev\u00e9e extra-tranchante - LASHES&amp;BROWS by Nataliya Reinhard\",\"isPartOf\":{\"@id\":\"https:\/\/www.art-natur.ch\/fr\/#website\"},\"primaryImageOfPage\":{\"@id\":\"https:\/\/www.art-natur.ch\/fr\/produit\/pince-l-enigma-nouveau-affutage-a-main-levee-extra-tranchante\/#primaryimage\"},\"image\":{\"@id\":\"https:\/\/www.art-natur.ch\/fr\/produit\/pince-l-enigma-nouveau-affutage-a-main-levee-extra-tranchante\/#primaryimage\"},\"thumbnailUrl\":\"https:\/\/www.art-natur.ch\/wp-content\/uploads\/2024\/09\/2553962937-Photoroom.png\",\"datePublished\":\"2024-09-26T20:51:59+00:00\",\"dateModified\":\"2024-10-13T17:22:41+00:00\",\"description\":\"Pincettes L \u00e9l\u00e9gantes d'Enigma, aiguis\u00e9es \u00e0 la main pour les extensions de volume. La forme \\\"hachette\\\" et les larges rabats maintiennent les paquets en toute confiance.\",\"breadcrumb\":{\"@id\":\"https:\/\/www.art-natur.ch\/fr\/produit\/pince-l-enigma-nouveau-affutage-a-main-levee-extra-tranchante\/#breadcrumb\"},\"inLanguage\":\"fr-FR\",\"potentialAction\":[{\"@type\":\"ReadAction\",\"target\":[\"https:\/\/www.art-natur.ch\/fr\/produit\/pince-l-enigma-nouveau-affutage-a-main-levee-extra-tranchante\/\"]}]},{\"@type\":\"ImageObject\",\"inLanguage\":\"fr-FR\",\"@id\":\"https:\/\/www.art-natur.ch\/fr\/produit\/pince-l-enigma-nouveau-affutage-a-main-levee-extra-tranchante\/#primaryimage\",\"url\":\"https:\/\/www.art-natur.ch\/wp-content\/uploads\/2024\/09\/2553962937-Photoroom.png\",\"contentUrl\":\"https:\/\/www.art-natur.ch\/wp-content\/uploads\/2024\/09\/2553962937-Photoroom.png\",\"width\":800,\"height\":800},{\"@type\":\"BreadcrumbList\",\"@id\":\"https:\/\/www.art-natur.ch\/fr\/produit\/pince-l-enigma-nouveau-affutage-a-main-levee-extra-tranchante\/#breadcrumb\",\"itemListElement\":[{\"@type\":\"ListItem\",\"position\":1,\"name\":\"Home\",\"item\":\"https:\/\/www.art-natur.ch\/fr\/\"},{\"@type\":\"ListItem\",\"position\":2,\"name\":\"Boutique\",\"item\":\"https:\/\/www.art-natur.ch\/shop\/\"},{\"@type\":\"ListItem\",\"position\":3,\"name\":\"Pince L Enigma NOUVEAU aff\u00fbtage \u00e0 main lev\u00e9e extra-tranchante\"}]},{\"@type\":\"WebSite\",\"@id\":\"https:\/\/www.art-natur.ch\/fr\/#website\",\"url\":\"https:\/\/www.art-natur.ch\/fr\/\",\"name\":\"LASHES&amp;BROWS by Nataliya Reinhard\",\"description\":\"High-quality lash and brow services with attention to every detail\",\"potentialAction\":[{\"@type\":\"SearchAction\",\"target\":{\"@type\":\"EntryPoint\",\"urlTemplate\":\"https:\/\/www.art-natur.ch\/fr\/?s={search_term_string}\"},\"query-input\":{\"@type\":\"PropertyValueSpecification\",\"valueRequired\":true,\"valueName\":\"search_term_string\"}}],\"inLanguage\":\"fr-FR\"}]}<\/script>\n<!-- \/ Yoast SEO plugin. -->","yoast_head_json":{"title":"Pince L Enigma NOUVEAU aff\u00fbtage \u00e0 main lev\u00e9e extra-tranchante - LASHES&amp;BROWS by Nataliya Reinhard","description":"Pincettes L \u00e9l\u00e9gantes d'Enigma, aiguis\u00e9es \u00e0 la main pour les extensions de volume. La forme \"hachette\" et les larges rabats maintiennent les paquets en toute confiance.","robots":{"index":"index","follow":"follow","max-snippet":"max-snippet:-1","max-image-preview":"max-image-preview:large","max-video-preview":"max-video-preview:-1"},"canonical":"https:\/\/www.art-natur.ch\/fr\/produit\/pince-l-enigma-nouveau-affutage-a-main-levee-extra-tranchante\/","og_locale":"fr_FR","og_type":"article","og_title":"Pince L Enigma NOUVEAU aff\u00fbtage \u00e0 main lev\u00e9e extra-tranchante - LASHES&amp;BROWS by Nataliya Reinhard","og_description":"Pincettes L \u00e9l\u00e9gantes d'Enigma, aiguis\u00e9es \u00e0 la main pour les extensions de volume. La forme \"hachette\" et les larges rabats maintiennent les paquets en toute confiance.","og_url":"https:\/\/www.art-natur.ch\/fr\/produit\/pince-l-enigma-nouveau-affutage-a-main-levee-extra-tranchante\/","og_site_name":"LASHES&amp;BROWS by Nataliya Reinhard","article_modified_time":"2024-10-13T17:22:41+00:00","og_image":[{"width":800,"height":800,"url":"https:\/\/www.art-natur.ch\/wp-content\/uploads\/2024\/09\/2553962937-Photoroom.png","type":"image\/png"}],"twitter_card":"summary_large_image","twitter_misc":{"Dur\u00e9e de lecture estim\u00e9e":"1 minute"},"schema":{"@context":"https:\/\/schema.org","@graph":[{"@type":"WebPage","@id":"https:\/\/www.art-natur.ch\/fr\/produit\/pince-l-enigma-nouveau-affutage-a-main-levee-extra-tranchante\/","url":"https:\/\/www.art-natur.ch\/fr\/produit\/pince-l-enigma-nouveau-affutage-a-main-levee-extra-tranchante\/","name":"Pince L Enigma NOUVEAU aff\u00fbtage \u00e0 main lev\u00e9e extra-tranchante - LASHES&amp;BROWS by Nataliya Reinhard","isPartOf":{"@id":"https:\/\/www.art-natur.ch\/fr\/#website"},"primaryImageOfPage":{"@id":"https:\/\/www.art-natur.ch\/fr\/produit\/pince-l-enigma-nouveau-affutage-a-main-levee-extra-tranchante\/#primaryimage"},"image":{"@id":"https:\/\/www.art-natur.ch\/fr\/produit\/pince-l-enigma-nouveau-affutage-a-main-levee-extra-tranchante\/#primaryimage"},"thumbnailUrl":"https:\/\/www.art-natur.ch\/wp-content\/uploads\/2024\/09\/2553962937-Photoroom.png","datePublished":"2024-09-26T20:51:59+00:00","dateModified":"2024-10-13T17:22:41+00:00","description":"Pincettes L \u00e9l\u00e9gantes d'Enigma, aiguis\u00e9es \u00e0 la main pour les extensions de volume. La forme \"hachette\" et les larges rabats maintiennent les paquets en toute confiance.","breadcrumb":{"@id":"https:\/\/www.art-natur.ch\/fr\/produit\/pince-l-enigma-nouveau-affutage-a-main-levee-extra-tranchante\/#breadcrumb"},"inLanguage":"fr-FR","potentialAction":[{"@type":"ReadAction","target":["https:\/\/www.art-natur.ch\/fr\/produit\/pince-l-enigma-nouveau-affutage-a-main-levee-extra-tranchante\/"]}]},{"@type":"ImageObject","inLanguage":"fr-FR","@id":"https:\/\/www.art-natur.ch\/fr\/produit\/pince-l-enigma-nouveau-affutage-a-main-levee-extra-tranchante\/#primaryimage","url":"https:\/\/www.art-natur.ch\/wp-content\/uploads\/2024\/09\/2553962937-Photoroom.png","contentUrl":"https:\/\/www.art-natur.ch\/wp-content\/uploads\/2024\/09\/2553962937-Photoroom.png","width":800,"height":800},{"@type":"BreadcrumbList","@id":"https:\/\/www.art-natur.ch\/fr\/produit\/pince-l-enigma-nouveau-affutage-a-main-levee-extra-tranchante\/#breadcrumb","itemListElement":[{"@type":"ListItem","position":1,"name":"Home","item":"https:\/\/www.art-natur.ch\/fr\/"},{"@type":"ListItem","position":2,"name":"Boutique","item":"https:\/\/www.art-natur.ch\/shop\/"},{"@type":"ListItem","position":3,"name":"Pince L Enigma NOUVEAU aff\u00fbtage \u00e0 main lev\u00e9e extra-tranchante"}]},{"@type":"WebSite","@id":"https:\/\/www.art-natur.ch\/fr\/#website","url":"https:\/\/www.art-natur.ch\/fr\/","name":"LASHES&amp;BROWS by Nataliya Reinhard","description":"High-quality lash and brow services with attention to every detail","potentialAction":[{"@type":"SearchAction","target":{"@type":"EntryPoint","urlTemplate":"https:\/\/www.art-natur.ch\/fr\/?s={search_term_string}"},"query-input":{"@type":"PropertyValueSpecification","valueRequired":true,"valueName":"search_term_string"}}],"inLanguage":"fr-FR"}]}},"_links":{"self":[{"href":"https:\/\/www.art-natur.ch\/fr\/wp-json\/wp\/v2\/product\/2598","targetHints":{"allow":["GET"]}}],"collection":[{"href":"https:\/\/www.art-natur.ch\/fr\/wp-json\/wp\/v2\/product"}],"about":[{"href":"https:\/\/www.art-natur.ch\/fr\/wp-json\/wp\/v2\/types\/product"}],"wp:featuredmedia":[{"embeddable":true,"href":"https:\/\/www.art-natur.ch\/fr\/wp-json\/wp\/v2\/media\/7217"}],"wp:attachment":[{"href":"https:\/\/www.art-natur.ch\/fr\/wp-json\/wp\/v2\/media?parent=2598"}],"wp:term":[{"taxonomy":"product_cat","embeddable":true,"href":"https:\/\/www.art-natur.ch\/fr\/wp-json\/wp\/v2\/product_cat?post=2598"},{"taxonomy":"product_tag","embeddable":true,"href":"https:\/\/www.art-natur.ch\/fr\/wp-json\/wp\/v2\/product_tag?post=2598"}],"curies":[{"name":"wp","href":"https:\/\/api.w.org\/{rel}","templated":true}]}}