{"id":2616,"date":"2024-09-26T22:59:17","date_gmt":"2024-09-26T20:59:17","guid":{"rendered":"https:\/\/www.art-natur.ch\/product\/pinces-a-linge-pour-lash-lift-composition-lb-10-pieces-dans-la-boite\/"},"modified":"2024-10-13T19:18:57","modified_gmt":"2024-10-13T17:18:57","slug":"pinces-a-linge-pour-lash-lift-composition-lb-10-pieces-dans-la-boite","status":"publish","type":"product","link":"https:\/\/www.art-natur.ch\/fr\/produit\/pinces-a-linge-pour-lash-lift-composition-lb-10-pieces-dans-la-boite\/","title":{"rendered":"\u200bPinces \u00e0 linge pour Lash Lift Composition LB (10 pi\u00e8ces dans la bo\u00eete)"},"content":{"rendered":"<p>Mini-clips en bois de 25 mm. Pratiques pour fermer les formules LB ouvertes dans un sachet.<\/p>\n","protected":false},"excerpt":{"rendered":"<p>Mini-clips en bois de 25 mm. Pratiques pour fermer les formules LB ouvertes dans un sachet.<\/p>\n","protected":false},"featured_media":7201,"template":"","meta":{"_acf_changed":false,"inline_featured_image":false},"product_cat":[129,141,143,146,150,160,193,207],"product_tag":[],"class_list":{"0":"post-2616","1":"product","2":"type-product","3":"status-publish","4":"has-post-thumbnail","6":"product_brand-lash-botox","7":"product_cat-stylisation-a-long-terme-des-sourcils","8":"product_cat-outils","9":"product_cat-equipements-et-accessoires","10":"product_cat-autre","11":"product_cat-rehaussement-des-cils","12":"product_cat-outil","13":"product_cat-produits-connexes","14":"product_cat-consommables-fr","16":"first","17":"instock","18":"shipping-taxable","19":"purchasable","20":"product-type-simple"},"acf":[],"yoast_head":"<!-- This site is optimized with the Yoast SEO plugin v26.6 - https:\/\/yoast.com\/wordpress\/plugins\/seo\/ -->\n<title>\u200bPinces \u00e0 linge pour Lash Lift Composition LB (10 pi\u00e8ces dans la bo\u00eete) - LASHES&amp;BROWS by Nataliya Reinhard<\/title>\n<meta name=\"description\" content=\"Mini-clips en bois de 25 mm. Pratiques pour fermer les formules LB ouvertes dans un sachet.\" \/>\n<meta name=\"robots\" content=\"index, follow, max-snippet:-1, max-image-preview:large, max-video-preview:-1\" \/>\n<link rel=\"canonical\" href=\"https:\/\/www.art-natur.ch\/fr\/produit\/pinces-a-linge-pour-lash-lift-composition-lb-10-pieces-dans-la-boite\/\" \/>\n<meta property=\"og:locale\" content=\"fr_FR\" \/>\n<meta property=\"og:type\" content=\"article\" \/>\n<meta property=\"og:title\" content=\"\u200bPinces \u00e0 linge pour Lash Lift Composition LB (10 pi\u00e8ces dans la bo\u00eete) - LASHES&amp;BROWS by Nataliya Reinhard\" \/>\n<meta property=\"og:description\" content=\"Mini-clips en bois de 25 mm. Pratiques pour fermer les formules LB ouvertes dans un sachet.\" \/>\n<meta property=\"og:url\" content=\"https:\/\/www.art-natur.ch\/fr\/produit\/pinces-a-linge-pour-lash-lift-composition-lb-10-pieces-dans-la-boite\/\" \/>\n<meta property=\"og:site_name\" content=\"LASHES&amp;BROWS by Nataliya Reinhard\" \/>\n<meta property=\"article:modified_time\" content=\"2024-10-13T17:18:57+00:00\" \/>\n<meta property=\"og:image\" content=\"https:\/\/www.art-natur.ch\/wp-content\/uploads\/2024\/09\/2409812524-Photoroom.png\" \/>\n\t<meta property=\"og:image:width\" content=\"1000\" \/>\n\t<meta property=\"og:image:height\" content=\"1000\" \/>\n\t<meta property=\"og:image:type\" content=\"image\/png\" \/>\n<meta name=\"twitter:card\" content=\"summary_large_image\" \/>\n<script type=\"application\/ld+json\" class=\"yoast-schema-graph\">{\"@context\":\"https:\/\/schema.org\",\"@graph\":[{\"@type\":\"WebPage\",\"@id\":\"https:\/\/www.art-natur.ch\/fr\/produit\/pinces-a-linge-pour-lash-lift-composition-lb-10-pieces-dans-la-boite\/\",\"url\":\"https:\/\/www.art-natur.ch\/fr\/produit\/pinces-a-linge-pour-lash-lift-composition-lb-10-pieces-dans-la-boite\/\",\"name\":\"\u200bPinces \u00e0 linge pour Lash Lift Composition LB (10 pi\u00e8ces dans la bo\u00eete) - LASHES&amp;BROWS by Nataliya Reinhard\",\"isPartOf\":{\"@id\":\"https:\/\/www.art-natur.ch\/fr\/#website\"},\"primaryImageOfPage\":{\"@id\":\"https:\/\/www.art-natur.ch\/fr\/produit\/pinces-a-linge-pour-lash-lift-composition-lb-10-pieces-dans-la-boite\/#primaryimage\"},\"image\":{\"@id\":\"https:\/\/www.art-natur.ch\/fr\/produit\/pinces-a-linge-pour-lash-lift-composition-lb-10-pieces-dans-la-boite\/#primaryimage\"},\"thumbnailUrl\":\"https:\/\/www.art-natur.ch\/wp-content\/uploads\/2024\/09\/2409812524-Photoroom.png\",\"datePublished\":\"2024-09-26T20:59:17+00:00\",\"dateModified\":\"2024-10-13T17:18:57+00:00\",\"description\":\"Mini-clips en bois de 25 mm. Pratiques pour fermer les formules LB ouvertes dans un sachet.\",\"breadcrumb\":{\"@id\":\"https:\/\/www.art-natur.ch\/fr\/produit\/pinces-a-linge-pour-lash-lift-composition-lb-10-pieces-dans-la-boite\/#breadcrumb\"},\"inLanguage\":\"fr-FR\",\"potentialAction\":[{\"@type\":\"ReadAction\",\"target\":[\"https:\/\/www.art-natur.ch\/fr\/produit\/pinces-a-linge-pour-lash-lift-composition-lb-10-pieces-dans-la-boite\/\"]}]},{\"@type\":\"ImageObject\",\"inLanguage\":\"fr-FR\",\"@id\":\"https:\/\/www.art-natur.ch\/fr\/produit\/pinces-a-linge-pour-lash-lift-composition-lb-10-pieces-dans-la-boite\/#primaryimage\",\"url\":\"https:\/\/www.art-natur.ch\/wp-content\/uploads\/2024\/09\/2409812524-Photoroom.png\",\"contentUrl\":\"https:\/\/www.art-natur.ch\/wp-content\/uploads\/2024\/09\/2409812524-Photoroom.png\",\"width\":1000,\"height\":1000},{\"@type\":\"BreadcrumbList\",\"@id\":\"https:\/\/www.art-natur.ch\/fr\/produit\/pinces-a-linge-pour-lash-lift-composition-lb-10-pieces-dans-la-boite\/#breadcrumb\",\"itemListElement\":[{\"@type\":\"ListItem\",\"position\":1,\"name\":\"Home\",\"item\":\"https:\/\/www.art-natur.ch\/fr\/\"},{\"@type\":\"ListItem\",\"position\":2,\"name\":\"Boutique\",\"item\":\"https:\/\/www.art-natur.ch\/shop\/\"},{\"@type\":\"ListItem\",\"position\":3,\"name\":\"\u200bPinces \u00e0 linge pour Lash Lift Composition LB (10 pi\u00e8ces dans la bo\u00eete)\"}]},{\"@type\":\"WebSite\",\"@id\":\"https:\/\/www.art-natur.ch\/fr\/#website\",\"url\":\"https:\/\/www.art-natur.ch\/fr\/\",\"name\":\"LASHES&amp;BROWS by Nataliya Reinhard\",\"description\":\"High-quality lash and brow services with attention to every detail\",\"potentialAction\":[{\"@type\":\"SearchAction\",\"target\":{\"@type\":\"EntryPoint\",\"urlTemplate\":\"https:\/\/www.art-natur.ch\/fr\/?s={search_term_string}\"},\"query-input\":{\"@type\":\"PropertyValueSpecification\",\"valueRequired\":true,\"valueName\":\"search_term_string\"}}],\"inLanguage\":\"fr-FR\"}]}<\/script>\n<!-- \/ Yoast SEO plugin. -->","yoast_head_json":{"title":"\u200bPinces \u00e0 linge pour Lash Lift Composition LB (10 pi\u00e8ces dans la bo\u00eete) - LASHES&amp;BROWS by Nataliya Reinhard","description":"Mini-clips en bois de 25 mm. Pratiques pour fermer les formules LB ouvertes dans un sachet.","robots":{"index":"index","follow":"follow","max-snippet":"max-snippet:-1","max-image-preview":"max-image-preview:large","max-video-preview":"max-video-preview:-1"},"canonical":"https:\/\/www.art-natur.ch\/fr\/produit\/pinces-a-linge-pour-lash-lift-composition-lb-10-pieces-dans-la-boite\/","og_locale":"fr_FR","og_type":"article","og_title":"\u200bPinces \u00e0 linge pour Lash Lift Composition LB (10 pi\u00e8ces dans la bo\u00eete) - LASHES&amp;BROWS by Nataliya Reinhard","og_description":"Mini-clips en bois de 25 mm. Pratiques pour fermer les formules LB ouvertes dans un sachet.","og_url":"https:\/\/www.art-natur.ch\/fr\/produit\/pinces-a-linge-pour-lash-lift-composition-lb-10-pieces-dans-la-boite\/","og_site_name":"LASHES&amp;BROWS by Nataliya Reinhard","article_modified_time":"2024-10-13T17:18:57+00:00","og_image":[{"width":1000,"height":1000,"url":"https:\/\/www.art-natur.ch\/wp-content\/uploads\/2024\/09\/2409812524-Photoroom.png","type":"image\/png"}],"twitter_card":"summary_large_image","schema":{"@context":"https:\/\/schema.org","@graph":[{"@type":"WebPage","@id":"https:\/\/www.art-natur.ch\/fr\/produit\/pinces-a-linge-pour-lash-lift-composition-lb-10-pieces-dans-la-boite\/","url":"https:\/\/www.art-natur.ch\/fr\/produit\/pinces-a-linge-pour-lash-lift-composition-lb-10-pieces-dans-la-boite\/","name":"\u200bPinces \u00e0 linge pour Lash Lift Composition LB (10 pi\u00e8ces dans la bo\u00eete) - LASHES&amp;BROWS by Nataliya Reinhard","isPartOf":{"@id":"https:\/\/www.art-natur.ch\/fr\/#website"},"primaryImageOfPage":{"@id":"https:\/\/www.art-natur.ch\/fr\/produit\/pinces-a-linge-pour-lash-lift-composition-lb-10-pieces-dans-la-boite\/#primaryimage"},"image":{"@id":"https:\/\/www.art-natur.ch\/fr\/produit\/pinces-a-linge-pour-lash-lift-composition-lb-10-pieces-dans-la-boite\/#primaryimage"},"thumbnailUrl":"https:\/\/www.art-natur.ch\/wp-content\/uploads\/2024\/09\/2409812524-Photoroom.png","datePublished":"2024-09-26T20:59:17+00:00","dateModified":"2024-10-13T17:18:57+00:00","description":"Mini-clips en bois de 25 mm. Pratiques pour fermer les formules LB ouvertes dans un sachet.","breadcrumb":{"@id":"https:\/\/www.art-natur.ch\/fr\/produit\/pinces-a-linge-pour-lash-lift-composition-lb-10-pieces-dans-la-boite\/#breadcrumb"},"inLanguage":"fr-FR","potentialAction":[{"@type":"ReadAction","target":["https:\/\/www.art-natur.ch\/fr\/produit\/pinces-a-linge-pour-lash-lift-composition-lb-10-pieces-dans-la-boite\/"]}]},{"@type":"ImageObject","inLanguage":"fr-FR","@id":"https:\/\/www.art-natur.ch\/fr\/produit\/pinces-a-linge-pour-lash-lift-composition-lb-10-pieces-dans-la-boite\/#primaryimage","url":"https:\/\/www.art-natur.ch\/wp-content\/uploads\/2024\/09\/2409812524-Photoroom.png","contentUrl":"https:\/\/www.art-natur.ch\/wp-content\/uploads\/2024\/09\/2409812524-Photoroom.png","width":1000,"height":1000},{"@type":"BreadcrumbList","@id":"https:\/\/www.art-natur.ch\/fr\/produit\/pinces-a-linge-pour-lash-lift-composition-lb-10-pieces-dans-la-boite\/#breadcrumb","itemListElement":[{"@type":"ListItem","position":1,"name":"Home","item":"https:\/\/www.art-natur.ch\/fr\/"},{"@type":"ListItem","position":2,"name":"Boutique","item":"https:\/\/www.art-natur.ch\/shop\/"},{"@type":"ListItem","position":3,"name":"\u200bPinces \u00e0 linge pour Lash Lift Composition LB (10 pi\u00e8ces dans la bo\u00eete)"}]},{"@type":"WebSite","@id":"https:\/\/www.art-natur.ch\/fr\/#website","url":"https:\/\/www.art-natur.ch\/fr\/","name":"LASHES&amp;BROWS by Nataliya Reinhard","description":"High-quality lash and brow services with attention to every detail","potentialAction":[{"@type":"SearchAction","target":{"@type":"EntryPoint","urlTemplate":"https:\/\/www.art-natur.ch\/fr\/?s={search_term_string}"},"query-input":{"@type":"PropertyValueSpecification","valueRequired":true,"valueName":"search_term_string"}}],"inLanguage":"fr-FR"}]}},"_links":{"self":[{"href":"https:\/\/www.art-natur.ch\/fr\/wp-json\/wp\/v2\/product\/2616","targetHints":{"allow":["GET"]}}],"collection":[{"href":"https:\/\/www.art-natur.ch\/fr\/wp-json\/wp\/v2\/product"}],"about":[{"href":"https:\/\/www.art-natur.ch\/fr\/wp-json\/wp\/v2\/types\/product"}],"wp:featuredmedia":[{"embeddable":true,"href":"https:\/\/www.art-natur.ch\/fr\/wp-json\/wp\/v2\/media\/7201"}],"wp:attachment":[{"href":"https:\/\/www.art-natur.ch\/fr\/wp-json\/wp\/v2\/media?parent=2616"}],"wp:term":[{"taxonomy":"product_cat","embeddable":true,"href":"https:\/\/www.art-natur.ch\/fr\/wp-json\/wp\/v2\/product_cat?post=2616"},{"taxonomy":"product_tag","embeddable":true,"href":"https:\/\/www.art-natur.ch\/fr\/wp-json\/wp\/v2\/product_tag?post=2616"}],"curies":[{"name":"wp","href":"https:\/\/api.w.org\/{rel}","templated":true}]}}