{"id":2632,"date":"2024-09-27T16:45:26","date_gmt":"2024-09-27T14:45:26","guid":{"rendered":"https:\/\/www.art-natur.ch\/product\/pince-standard-droite-pour-extension-de-cils-lovely\/"},"modified":"2024-10-18T16:27:53","modified_gmt":"2024-10-18T14:27:53","slug":"pince-standard-droite-pour-extension-de-cils-lovely","status":"publish","type":"product","link":"https:\/\/www.art-natur.ch\/fr\/produit\/pince-standard-droite-pour-extension-de-cils-lovely\/","title":{"rendered":"Pince standard droite pour extension de cils Lovely"},"content":{"rendered":"<p>Objectif : extension des cils<\/p>\n<p>Mat\u00e9riau : acier inoxydable<br \/>\nType : droit<br \/>\nUtilisation illimit\u00e9e<br \/>\nConditions de stockage : \u00e0 conserver dans une housse sp\u00e9ciale ou un \u00e9tui.<br \/>\nTenir hors de port\u00e9e des enfants.<br \/>\nNe pas laisser tomber pour \u00e9viter de casser et d'\u00a0\u00bb\u00e9mousser\u00a0\u00bb les pointes de la pince \u00e0 \u00e9piler.<\/p>\n","protected":false},"excerpt":{"rendered":"<p>Objectif : extension des cils Mat\u00e9riau : acier inoxydable Type : droit Utilisation illimit\u00e9e Conditions de stockage : \u00e0 conserver dans une housse sp\u00e9ciale ou un \u00e9tui. Tenir hors de port\u00e9e des enfants. Ne pas laisser tomber pour \u00e9viter de casser et d&rsquo;\u00a0\u00bb\u00e9mousser\u00a0\u00bb les pointes de la pince \u00e0 \u00e9piler.<\/p>\n","protected":false},"featured_media":7197,"template":"","meta":{"_acf_changed":false,"inline_featured_image":false},"product_cat":[116,191],"product_tag":[],"class_list":{"0":"post-2632","1":"product","2":"type-product","3":"status-publish","4":"has-post-thumbnail","6":"product_brand-lovely","7":"product_cat-extension-de-cils","8":"product_cat-pinces","10":"first","11":"instock","12":"shipping-taxable","13":"purchasable","14":"product-type-simple"},"acf":[],"yoast_head":"<!-- This site is optimized with the Yoast SEO plugin v26.6 - https:\/\/yoast.com\/wordpress\/plugins\/seo\/ -->\n<title>Pince standard droite pour extension de cils Lovely - LASHES&amp;BROWS by Nataliya Reinhard<\/title>\n<meta name=\"description\" content=\"Objectif : extension des cils, Mat\u00e9riau : acier inoxydable, Type : droit. Stocker dans une housse sp\u00e9ciale. Tenir hors de port\u00e9e des enfants. Ne pas laisser tomber.\" \/>\n<meta name=\"robots\" content=\"index, follow, max-snippet:-1, max-image-preview:large, max-video-preview:-1\" \/>\n<link rel=\"canonical\" href=\"https:\/\/www.art-natur.ch\/fr\/produit\/pince-standard-droite-pour-extension-de-cils-lovely\/\" \/>\n<meta property=\"og:locale\" content=\"fr_FR\" \/>\n<meta property=\"og:type\" content=\"article\" \/>\n<meta property=\"og:title\" content=\"Pince standard droite pour extension de cils Lovely - LASHES&amp;BROWS by Nataliya Reinhard\" \/>\n<meta property=\"og:description\" content=\"Objectif : extension des cils, Mat\u00e9riau : acier inoxydable, Type : droit. Stocker dans une housse sp\u00e9ciale. Tenir hors de port\u00e9e des enfants. Ne pas laisser tomber.\" \/>\n<meta property=\"og:url\" content=\"https:\/\/www.art-natur.ch\/fr\/produit\/pince-standard-droite-pour-extension-de-cils-lovely\/\" \/>\n<meta property=\"og:site_name\" content=\"LASHES&amp;BROWS by Nataliya Reinhard\" \/>\n<meta property=\"article:modified_time\" content=\"2024-10-18T14:27:53+00:00\" \/>\n<meta property=\"og:image\" content=\"https:\/\/www.art-natur.ch\/wp-content\/uploads\/2024\/09\/2262161773-Photoroom.png\" \/>\n\t<meta property=\"og:image:width\" content=\"999\" \/>\n\t<meta property=\"og:image:height\" content=\"333\" \/>\n\t<meta property=\"og:image:type\" content=\"image\/png\" \/>\n<meta name=\"twitter:card\" content=\"summary_large_image\" \/>\n<meta name=\"twitter:label1\" content=\"Dur\u00e9e de lecture estim\u00e9e\" \/>\n\t<meta name=\"twitter:data1\" content=\"1 minute\" \/>\n<script type=\"application\/ld+json\" class=\"yoast-schema-graph\">{\"@context\":\"https:\/\/schema.org\",\"@graph\":[{\"@type\":\"WebPage\",\"@id\":\"https:\/\/www.art-natur.ch\/fr\/produit\/pince-standard-droite-pour-extension-de-cils-lovely\/\",\"url\":\"https:\/\/www.art-natur.ch\/fr\/produit\/pince-standard-droite-pour-extension-de-cils-lovely\/\",\"name\":\"Pince standard droite pour extension de cils Lovely - LASHES&amp;BROWS by Nataliya Reinhard\",\"isPartOf\":{\"@id\":\"https:\/\/www.art-natur.ch\/fr\/#website\"},\"primaryImageOfPage\":{\"@id\":\"https:\/\/www.art-natur.ch\/fr\/produit\/pince-standard-droite-pour-extension-de-cils-lovely\/#primaryimage\"},\"image\":{\"@id\":\"https:\/\/www.art-natur.ch\/fr\/produit\/pince-standard-droite-pour-extension-de-cils-lovely\/#primaryimage\"},\"thumbnailUrl\":\"https:\/\/www.art-natur.ch\/wp-content\/uploads\/2024\/09\/2262161773-Photoroom.png\",\"datePublished\":\"2024-09-27T14:45:26+00:00\",\"dateModified\":\"2024-10-18T14:27:53+00:00\",\"description\":\"Objectif : extension des cils, Mat\u00e9riau : acier inoxydable, Type : droit. Stocker dans une housse sp\u00e9ciale. Tenir hors de port\u00e9e des enfants. Ne pas laisser tomber.\",\"breadcrumb\":{\"@id\":\"https:\/\/www.art-natur.ch\/fr\/produit\/pince-standard-droite-pour-extension-de-cils-lovely\/#breadcrumb\"},\"inLanguage\":\"fr-FR\",\"potentialAction\":[{\"@type\":\"ReadAction\",\"target\":[\"https:\/\/www.art-natur.ch\/fr\/produit\/pince-standard-droite-pour-extension-de-cils-lovely\/\"]}]},{\"@type\":\"ImageObject\",\"inLanguage\":\"fr-FR\",\"@id\":\"https:\/\/www.art-natur.ch\/fr\/produit\/pince-standard-droite-pour-extension-de-cils-lovely\/#primaryimage\",\"url\":\"https:\/\/www.art-natur.ch\/wp-content\/uploads\/2024\/09\/2262161773-Photoroom.png\",\"contentUrl\":\"https:\/\/www.art-natur.ch\/wp-content\/uploads\/2024\/09\/2262161773-Photoroom.png\",\"width\":999,\"height\":333},{\"@type\":\"BreadcrumbList\",\"@id\":\"https:\/\/www.art-natur.ch\/fr\/produit\/pince-standard-droite-pour-extension-de-cils-lovely\/#breadcrumb\",\"itemListElement\":[{\"@type\":\"ListItem\",\"position\":1,\"name\":\"Home\",\"item\":\"https:\/\/www.art-natur.ch\/fr\/\"},{\"@type\":\"ListItem\",\"position\":2,\"name\":\"Boutique\",\"item\":\"https:\/\/www.art-natur.ch\/shop\/\"},{\"@type\":\"ListItem\",\"position\":3,\"name\":\"Pince standard droite pour extension de cils Lovely\"}]},{\"@type\":\"WebSite\",\"@id\":\"https:\/\/www.art-natur.ch\/fr\/#website\",\"url\":\"https:\/\/www.art-natur.ch\/fr\/\",\"name\":\"LASHES&amp;BROWS by Nataliya Reinhard\",\"description\":\"High-quality lash and brow services with attention to every detail\",\"potentialAction\":[{\"@type\":\"SearchAction\",\"target\":{\"@type\":\"EntryPoint\",\"urlTemplate\":\"https:\/\/www.art-natur.ch\/fr\/?s={search_term_string}\"},\"query-input\":{\"@type\":\"PropertyValueSpecification\",\"valueRequired\":true,\"valueName\":\"search_term_string\"}}],\"inLanguage\":\"fr-FR\"}]}<\/script>\n<!-- \/ Yoast SEO plugin. -->","yoast_head_json":{"title":"Pince standard droite pour extension de cils Lovely - LASHES&amp;BROWS by Nataliya Reinhard","description":"Objectif : extension des cils, Mat\u00e9riau : acier inoxydable, Type : droit. Stocker dans une housse sp\u00e9ciale. Tenir hors de port\u00e9e des enfants. Ne pas laisser tomber.","robots":{"index":"index","follow":"follow","max-snippet":"max-snippet:-1","max-image-preview":"max-image-preview:large","max-video-preview":"max-video-preview:-1"},"canonical":"https:\/\/www.art-natur.ch\/fr\/produit\/pince-standard-droite-pour-extension-de-cils-lovely\/","og_locale":"fr_FR","og_type":"article","og_title":"Pince standard droite pour extension de cils Lovely - LASHES&amp;BROWS by Nataliya Reinhard","og_description":"Objectif : extension des cils, Mat\u00e9riau : acier inoxydable, Type : droit. Stocker dans une housse sp\u00e9ciale. Tenir hors de port\u00e9e des enfants. Ne pas laisser tomber.","og_url":"https:\/\/www.art-natur.ch\/fr\/produit\/pince-standard-droite-pour-extension-de-cils-lovely\/","og_site_name":"LASHES&amp;BROWS by Nataliya Reinhard","article_modified_time":"2024-10-18T14:27:53+00:00","og_image":[{"width":999,"height":333,"url":"https:\/\/www.art-natur.ch\/wp-content\/uploads\/2024\/09\/2262161773-Photoroom.png","type":"image\/png"}],"twitter_card":"summary_large_image","twitter_misc":{"Dur\u00e9e de lecture estim\u00e9e":"1 minute"},"schema":{"@context":"https:\/\/schema.org","@graph":[{"@type":"WebPage","@id":"https:\/\/www.art-natur.ch\/fr\/produit\/pince-standard-droite-pour-extension-de-cils-lovely\/","url":"https:\/\/www.art-natur.ch\/fr\/produit\/pince-standard-droite-pour-extension-de-cils-lovely\/","name":"Pince standard droite pour extension de cils Lovely - LASHES&amp;BROWS by Nataliya Reinhard","isPartOf":{"@id":"https:\/\/www.art-natur.ch\/fr\/#website"},"primaryImageOfPage":{"@id":"https:\/\/www.art-natur.ch\/fr\/produit\/pince-standard-droite-pour-extension-de-cils-lovely\/#primaryimage"},"image":{"@id":"https:\/\/www.art-natur.ch\/fr\/produit\/pince-standard-droite-pour-extension-de-cils-lovely\/#primaryimage"},"thumbnailUrl":"https:\/\/www.art-natur.ch\/wp-content\/uploads\/2024\/09\/2262161773-Photoroom.png","datePublished":"2024-09-27T14:45:26+00:00","dateModified":"2024-10-18T14:27:53+00:00","description":"Objectif : extension des cils, Mat\u00e9riau : acier inoxydable, Type : droit. Stocker dans une housse sp\u00e9ciale. Tenir hors de port\u00e9e des enfants. Ne pas laisser tomber.","breadcrumb":{"@id":"https:\/\/www.art-natur.ch\/fr\/produit\/pince-standard-droite-pour-extension-de-cils-lovely\/#breadcrumb"},"inLanguage":"fr-FR","potentialAction":[{"@type":"ReadAction","target":["https:\/\/www.art-natur.ch\/fr\/produit\/pince-standard-droite-pour-extension-de-cils-lovely\/"]}]},{"@type":"ImageObject","inLanguage":"fr-FR","@id":"https:\/\/www.art-natur.ch\/fr\/produit\/pince-standard-droite-pour-extension-de-cils-lovely\/#primaryimage","url":"https:\/\/www.art-natur.ch\/wp-content\/uploads\/2024\/09\/2262161773-Photoroom.png","contentUrl":"https:\/\/www.art-natur.ch\/wp-content\/uploads\/2024\/09\/2262161773-Photoroom.png","width":999,"height":333},{"@type":"BreadcrumbList","@id":"https:\/\/www.art-natur.ch\/fr\/produit\/pince-standard-droite-pour-extension-de-cils-lovely\/#breadcrumb","itemListElement":[{"@type":"ListItem","position":1,"name":"Home","item":"https:\/\/www.art-natur.ch\/fr\/"},{"@type":"ListItem","position":2,"name":"Boutique","item":"https:\/\/www.art-natur.ch\/shop\/"},{"@type":"ListItem","position":3,"name":"Pince standard droite pour extension de cils Lovely"}]},{"@type":"WebSite","@id":"https:\/\/www.art-natur.ch\/fr\/#website","url":"https:\/\/www.art-natur.ch\/fr\/","name":"LASHES&amp;BROWS by Nataliya Reinhard","description":"High-quality lash and brow services with attention to every detail","potentialAction":[{"@type":"SearchAction","target":{"@type":"EntryPoint","urlTemplate":"https:\/\/www.art-natur.ch\/fr\/?s={search_term_string}"},"query-input":{"@type":"PropertyValueSpecification","valueRequired":true,"valueName":"search_term_string"}}],"inLanguage":"fr-FR"}]}},"_links":{"self":[{"href":"https:\/\/www.art-natur.ch\/fr\/wp-json\/wp\/v2\/product\/2632","targetHints":{"allow":["GET"]}}],"collection":[{"href":"https:\/\/www.art-natur.ch\/fr\/wp-json\/wp\/v2\/product"}],"about":[{"href":"https:\/\/www.art-natur.ch\/fr\/wp-json\/wp\/v2\/types\/product"}],"wp:featuredmedia":[{"embeddable":true,"href":"https:\/\/www.art-natur.ch\/fr\/wp-json\/wp\/v2\/media\/7197"}],"wp:attachment":[{"href":"https:\/\/www.art-natur.ch\/fr\/wp-json\/wp\/v2\/media?parent=2632"}],"wp:term":[{"taxonomy":"product_cat","embeddable":true,"href":"https:\/\/www.art-natur.ch\/fr\/wp-json\/wp\/v2\/product_cat?post=2632"},{"taxonomy":"product_tag","embeddable":true,"href":"https:\/\/www.art-natur.ch\/fr\/wp-json\/wp\/v2\/product_tag?post=2632"}],"curies":[{"name":"wp","href":"https:\/\/api.w.org\/{rel}","templated":true}]}}