{"id":2643,"date":"2024-09-27T16:54:54","date_gmt":"2024-09-27T14:54:54","guid":{"rendered":"https:\/\/www.art-natur.ch\/product\/pince-volume-enigma-offhand-grinding-extra-sharp-black\/"},"modified":"2024-10-13T19:13:18","modified_gmt":"2024-10-13T17:13:18","slug":"pince-volume-enigma-offhand-grinding-extra-sharp-black","status":"publish","type":"product","link":"https:\/\/www.art-natur.ch\/fr\/produit\/pince-volume-enigma-offhand-grinding-extra-sharp-black\/","title":{"rendered":"Pince Volume Enigma offhand grinding extra-sharp (Black)"},"content":{"rendered":"<p>L&rsquo;\u00e9l\u00e9gante pince Volume NEW d&rsquo;Enigma, aiguis\u00e9e \u00e0 la main, permet d&rsquo;augmenter le volume et de cr\u00e9er des hyper-volumes hollywoodiens.<\/p>\n<p>Cet outil aiguis\u00e9 \u00e0 la main poss\u00e8de des pointes aiguis\u00e9es et un serrage parfait, ce qui permet de former facilement et rapidement un faisceau \u00e0 partir d&rsquo;un ruban et d&rsquo;une technique manuelle. Gr\u00e2ce \u00e0 la base plus dense des embouts, les pinces tiennent facilement les hyper-fardeaux.<\/p>\n<p>Les pinces extra-tranchantes ENIGMA sont fabriqu\u00e9es en acier allemand de haute qualit\u00e9 et sont aiguis\u00e9es \u00e0 la main. Une caract\u00e9ristique unique pour commander des pinces aiguis\u00e9es \u00e0 la main sur lash.com : des artisans exp\u00e9riment\u00e9s testent chaque pince apr\u00e8s l&rsquo;avoir aiguis\u00e9e pour v\u00e9rifier son tranchant et son serrage. Vous obtenez ainsi des pinces de qualit\u00e9 parfaite sans avoir \u00e0 les tester vous-m\u00eame &#8211; les experts ENIGMA le font pour vous.<\/p>\n","protected":false},"excerpt":{"rendered":"<p>L&rsquo;\u00e9l\u00e9gante pince Volume NEW d&rsquo;Enigma, aiguis\u00e9e \u00e0 la main, permet d&rsquo;augmenter le volume et de cr\u00e9er des hyper-volumes hollywoodiens. Cet outil aiguis\u00e9 \u00e0 la main poss\u00e8de des pointes aiguis\u00e9es et un serrage parfait, ce qui permet de former facilement et rapidement un faisceau \u00e0 partir d&rsquo;un ruban et d&rsquo;une technique manuelle. Gr\u00e2ce \u00e0 la base [&hellip;]<\/p>\n","protected":false},"featured_media":7193,"template":"","meta":{"_acf_changed":false,"inline_featured_image":false},"product_cat":[116,191],"product_tag":[],"class_list":{"0":"post-2643","1":"product","2":"type-product","3":"status-publish","4":"has-post-thumbnail","6":"product_brand-enigma","7":"product_cat-extension-de-cils","8":"product_cat-pinces","10":"first","11":"instock","12":"shipping-taxable","13":"purchasable","14":"product-type-simple"},"acf":[],"yoast_head":"<!-- This site is optimized with the Yoast SEO plugin v26.6 - https:\/\/yoast.com\/wordpress\/plugins\/seo\/ -->\n<title>Pince Volume Enigma offhand grinding extra-sharp (Black) - LASHES&amp;BROWS by Nataliya Reinhard<\/title>\n<meta name=\"description\" content=\"L&#039;\u00e9l\u00e9gante pince Volume NEW d&#039;Enigma, aiguis\u00e9e \u00e0 la main, permet d&#039;augmenter le volume et de cr\u00e9er des hyper-volumes hollywoodiens.\" \/>\n<meta name=\"robots\" content=\"index, follow, max-snippet:-1, max-image-preview:large, max-video-preview:-1\" \/>\n<link rel=\"canonical\" href=\"https:\/\/www.art-natur.ch\/fr\/produit\/pince-volume-enigma-offhand-grinding-extra-sharp-black\/\" \/>\n<meta property=\"og:locale\" content=\"fr_FR\" \/>\n<meta property=\"og:type\" content=\"article\" \/>\n<meta property=\"og:title\" content=\"Pince Volume Enigma offhand grinding extra-sharp (Black) - LASHES&amp;BROWS by Nataliya Reinhard\" \/>\n<meta property=\"og:description\" content=\"L&#039;\u00e9l\u00e9gante pince Volume NEW d&#039;Enigma, aiguis\u00e9e \u00e0 la main, permet d&#039;augmenter le volume et de cr\u00e9er des hyper-volumes hollywoodiens.\" \/>\n<meta property=\"og:url\" content=\"https:\/\/www.art-natur.ch\/fr\/produit\/pince-volume-enigma-offhand-grinding-extra-sharp-black\/\" \/>\n<meta property=\"og:site_name\" content=\"LASHES&amp;BROWS by Nataliya Reinhard\" \/>\n<meta property=\"article:modified_time\" content=\"2024-10-13T17:13:18+00:00\" \/>\n<meta property=\"og:image\" content=\"https:\/\/www.art-natur.ch\/wp-content\/uploads\/2024\/09\/2553937355-Photoroom.png\" \/>\n\t<meta property=\"og:image:width\" content=\"800\" \/>\n\t<meta property=\"og:image:height\" content=\"800\" \/>\n\t<meta property=\"og:image:type\" content=\"image\/png\" \/>\n<meta name=\"twitter:card\" content=\"summary_large_image\" \/>\n<meta name=\"twitter:label1\" content=\"Dur\u00e9e de lecture estim\u00e9e\" \/>\n\t<meta name=\"twitter:data1\" content=\"1 minute\" \/>\n<script type=\"application\/ld+json\" class=\"yoast-schema-graph\">{\"@context\":\"https:\/\/schema.org\",\"@graph\":[{\"@type\":\"WebPage\",\"@id\":\"https:\/\/www.art-natur.ch\/fr\/produit\/pince-volume-enigma-offhand-grinding-extra-sharp-black\/\",\"url\":\"https:\/\/www.art-natur.ch\/fr\/produit\/pince-volume-enigma-offhand-grinding-extra-sharp-black\/\",\"name\":\"Pince Volume Enigma offhand grinding extra-sharp (Black) - LASHES&amp;BROWS by Nataliya Reinhard\",\"isPartOf\":{\"@id\":\"https:\/\/www.art-natur.ch\/fr\/#website\"},\"primaryImageOfPage\":{\"@id\":\"https:\/\/www.art-natur.ch\/fr\/produit\/pince-volume-enigma-offhand-grinding-extra-sharp-black\/#primaryimage\"},\"image\":{\"@id\":\"https:\/\/www.art-natur.ch\/fr\/produit\/pince-volume-enigma-offhand-grinding-extra-sharp-black\/#primaryimage\"},\"thumbnailUrl\":\"https:\/\/www.art-natur.ch\/wp-content\/uploads\/2024\/09\/2553937355-Photoroom.png\",\"datePublished\":\"2024-09-27T14:54:54+00:00\",\"dateModified\":\"2024-10-13T17:13:18+00:00\",\"description\":\"L'\u00e9l\u00e9gante pince Volume NEW d'Enigma, aiguis\u00e9e \u00e0 la main, permet d'augmenter le volume et de cr\u00e9er des hyper-volumes hollywoodiens.\",\"breadcrumb\":{\"@id\":\"https:\/\/www.art-natur.ch\/fr\/produit\/pince-volume-enigma-offhand-grinding-extra-sharp-black\/#breadcrumb\"},\"inLanguage\":\"fr-FR\",\"potentialAction\":[{\"@type\":\"ReadAction\",\"target\":[\"https:\/\/www.art-natur.ch\/fr\/produit\/pince-volume-enigma-offhand-grinding-extra-sharp-black\/\"]}]},{\"@type\":\"ImageObject\",\"inLanguage\":\"fr-FR\",\"@id\":\"https:\/\/www.art-natur.ch\/fr\/produit\/pince-volume-enigma-offhand-grinding-extra-sharp-black\/#primaryimage\",\"url\":\"https:\/\/www.art-natur.ch\/wp-content\/uploads\/2024\/09\/2553937355-Photoroom.png\",\"contentUrl\":\"https:\/\/www.art-natur.ch\/wp-content\/uploads\/2024\/09\/2553937355-Photoroom.png\",\"width\":800,\"height\":800},{\"@type\":\"BreadcrumbList\",\"@id\":\"https:\/\/www.art-natur.ch\/fr\/produit\/pince-volume-enigma-offhand-grinding-extra-sharp-black\/#breadcrumb\",\"itemListElement\":[{\"@type\":\"ListItem\",\"position\":1,\"name\":\"Home\",\"item\":\"https:\/\/www.art-natur.ch\/fr\/\"},{\"@type\":\"ListItem\",\"position\":2,\"name\":\"Boutique\",\"item\":\"https:\/\/www.art-natur.ch\/shop\/\"},{\"@type\":\"ListItem\",\"position\":3,\"name\":\"Pince Volume Enigma offhand grinding extra-sharp (Black)\"}]},{\"@type\":\"WebSite\",\"@id\":\"https:\/\/www.art-natur.ch\/fr\/#website\",\"url\":\"https:\/\/www.art-natur.ch\/fr\/\",\"name\":\"LASHES&amp;BROWS by Nataliya Reinhard\",\"description\":\"High-quality lash and brow services with attention to every detail\",\"potentialAction\":[{\"@type\":\"SearchAction\",\"target\":{\"@type\":\"EntryPoint\",\"urlTemplate\":\"https:\/\/www.art-natur.ch\/fr\/?s={search_term_string}\"},\"query-input\":{\"@type\":\"PropertyValueSpecification\",\"valueRequired\":true,\"valueName\":\"search_term_string\"}}],\"inLanguage\":\"fr-FR\"}]}<\/script>\n<!-- \/ Yoast SEO plugin. -->","yoast_head_json":{"title":"Pince Volume Enigma offhand grinding extra-sharp (Black) - LASHES&amp;BROWS by Nataliya Reinhard","description":"L'\u00e9l\u00e9gante pince Volume NEW d'Enigma, aiguis\u00e9e \u00e0 la main, permet d'augmenter le volume et de cr\u00e9er des hyper-volumes hollywoodiens.","robots":{"index":"index","follow":"follow","max-snippet":"max-snippet:-1","max-image-preview":"max-image-preview:large","max-video-preview":"max-video-preview:-1"},"canonical":"https:\/\/www.art-natur.ch\/fr\/produit\/pince-volume-enigma-offhand-grinding-extra-sharp-black\/","og_locale":"fr_FR","og_type":"article","og_title":"Pince Volume Enigma offhand grinding extra-sharp (Black) - LASHES&amp;BROWS by Nataliya Reinhard","og_description":"L'\u00e9l\u00e9gante pince Volume NEW d'Enigma, aiguis\u00e9e \u00e0 la main, permet d'augmenter le volume et de cr\u00e9er des hyper-volumes hollywoodiens.","og_url":"https:\/\/www.art-natur.ch\/fr\/produit\/pince-volume-enigma-offhand-grinding-extra-sharp-black\/","og_site_name":"LASHES&amp;BROWS by Nataliya Reinhard","article_modified_time":"2024-10-13T17:13:18+00:00","og_image":[{"width":800,"height":800,"url":"https:\/\/www.art-natur.ch\/wp-content\/uploads\/2024\/09\/2553937355-Photoroom.png","type":"image\/png"}],"twitter_card":"summary_large_image","twitter_misc":{"Dur\u00e9e de lecture estim\u00e9e":"1 minute"},"schema":{"@context":"https:\/\/schema.org","@graph":[{"@type":"WebPage","@id":"https:\/\/www.art-natur.ch\/fr\/produit\/pince-volume-enigma-offhand-grinding-extra-sharp-black\/","url":"https:\/\/www.art-natur.ch\/fr\/produit\/pince-volume-enigma-offhand-grinding-extra-sharp-black\/","name":"Pince Volume Enigma offhand grinding extra-sharp (Black) - LASHES&amp;BROWS by Nataliya Reinhard","isPartOf":{"@id":"https:\/\/www.art-natur.ch\/fr\/#website"},"primaryImageOfPage":{"@id":"https:\/\/www.art-natur.ch\/fr\/produit\/pince-volume-enigma-offhand-grinding-extra-sharp-black\/#primaryimage"},"image":{"@id":"https:\/\/www.art-natur.ch\/fr\/produit\/pince-volume-enigma-offhand-grinding-extra-sharp-black\/#primaryimage"},"thumbnailUrl":"https:\/\/www.art-natur.ch\/wp-content\/uploads\/2024\/09\/2553937355-Photoroom.png","datePublished":"2024-09-27T14:54:54+00:00","dateModified":"2024-10-13T17:13:18+00:00","description":"L'\u00e9l\u00e9gante pince Volume NEW d'Enigma, aiguis\u00e9e \u00e0 la main, permet d'augmenter le volume et de cr\u00e9er des hyper-volumes hollywoodiens.","breadcrumb":{"@id":"https:\/\/www.art-natur.ch\/fr\/produit\/pince-volume-enigma-offhand-grinding-extra-sharp-black\/#breadcrumb"},"inLanguage":"fr-FR","potentialAction":[{"@type":"ReadAction","target":["https:\/\/www.art-natur.ch\/fr\/produit\/pince-volume-enigma-offhand-grinding-extra-sharp-black\/"]}]},{"@type":"ImageObject","inLanguage":"fr-FR","@id":"https:\/\/www.art-natur.ch\/fr\/produit\/pince-volume-enigma-offhand-grinding-extra-sharp-black\/#primaryimage","url":"https:\/\/www.art-natur.ch\/wp-content\/uploads\/2024\/09\/2553937355-Photoroom.png","contentUrl":"https:\/\/www.art-natur.ch\/wp-content\/uploads\/2024\/09\/2553937355-Photoroom.png","width":800,"height":800},{"@type":"BreadcrumbList","@id":"https:\/\/www.art-natur.ch\/fr\/produit\/pince-volume-enigma-offhand-grinding-extra-sharp-black\/#breadcrumb","itemListElement":[{"@type":"ListItem","position":1,"name":"Home","item":"https:\/\/www.art-natur.ch\/fr\/"},{"@type":"ListItem","position":2,"name":"Boutique","item":"https:\/\/www.art-natur.ch\/shop\/"},{"@type":"ListItem","position":3,"name":"Pince Volume Enigma offhand grinding extra-sharp (Black)"}]},{"@type":"WebSite","@id":"https:\/\/www.art-natur.ch\/fr\/#website","url":"https:\/\/www.art-natur.ch\/fr\/","name":"LASHES&amp;BROWS by Nataliya Reinhard","description":"High-quality lash and brow services with attention to every detail","potentialAction":[{"@type":"SearchAction","target":{"@type":"EntryPoint","urlTemplate":"https:\/\/www.art-natur.ch\/fr\/?s={search_term_string}"},"query-input":{"@type":"PropertyValueSpecification","valueRequired":true,"valueName":"search_term_string"}}],"inLanguage":"fr-FR"}]}},"_links":{"self":[{"href":"https:\/\/www.art-natur.ch\/fr\/wp-json\/wp\/v2\/product\/2643","targetHints":{"allow":["GET"]}}],"collection":[{"href":"https:\/\/www.art-natur.ch\/fr\/wp-json\/wp\/v2\/product"}],"about":[{"href":"https:\/\/www.art-natur.ch\/fr\/wp-json\/wp\/v2\/types\/product"}],"wp:featuredmedia":[{"embeddable":true,"href":"https:\/\/www.art-natur.ch\/fr\/wp-json\/wp\/v2\/media\/7193"}],"wp:attachment":[{"href":"https:\/\/www.art-natur.ch\/fr\/wp-json\/wp\/v2\/media?parent=2643"}],"wp:term":[{"taxonomy":"product_cat","embeddable":true,"href":"https:\/\/www.art-natur.ch\/fr\/wp-json\/wp\/v2\/product_cat?post=2643"},{"taxonomy":"product_tag","embeddable":true,"href":"https:\/\/www.art-natur.ch\/fr\/wp-json\/wp\/v2\/product_tag?post=2643"}],"curies":[{"name":"wp","href":"https:\/\/api.w.org\/{rel}","templated":true}]}}