{"id":2670,"date":"2024-09-27T17:03:23","date_gmt":"2024-09-27T15:03:23","guid":{"rendered":"https:\/\/www.art-natur.ch\/product\/presentoir-de-comptoir-inlei-mousse-tris-aloe-avoine-et-rose\/"},"modified":"2024-10-13T19:11:30","modified_gmt":"2024-10-13T17:11:30","slug":"presentoir-de-comptoir-inlei-mousse-tris-aloe-avoine-et-rose","status":"publish","type":"product","link":"https:\/\/www.art-natur.ch\/fr\/produit\/presentoir-de-comptoir-inlei-mousse-tris-aloe-avoine-et-rose\/","title":{"rendered":"Pr\u00e9sentoir de comptoir InLei \u00ab\u00a0MOUSSE TRIS\u00a0\u00bb Aloe, Avoine et Rose"},"content":{"rendered":"<p>La formulation sans huile des mousses InLei\u00ae prolonge la dur\u00e9e de vie des traitements professionnels.<\/p>\n<p>Placez le pr\u00e9sentoir dans la vitrine ou sur le comptoir pour embellir et attirer l&rsquo;attention avec ses couleurs et son emballage attrayant !<\/p>\n<p>Contenu :<\/p>\n<p>3x InLei\u00ae \u00ab\u00a0MOUSSE ROSE\u00a0\u00bb aux propri\u00e9t\u00e9s apaisantes pour les peaux s\u00e8ches ou irrit\u00e9es<br \/>\n3x InLei\u00ae \u00ab\u00a0MOUSSE D&rsquo;AVOINE\u00a0\u00bb aide \u00e0 r\u00e9duire les signes de vieillissement<br \/>\n3 x InLei\u00ae \u00ab\u00a0ALOE MOUSSE\u00a0\u00bb avec fonction anti-inflammatoire r\u00e9tablit l&rsquo;\u00e9quilibre de la peau<\/p>\n<p>UNE UTILISATION QUOTIDIENNE EST RECOMMAND\u00c9E :<\/p>\n<p>apr\u00e8s le traitement InLei\u00ae Lash Filler ; pour maintenir des cils et des sourcils naturels et sains.<br \/>\npendant la p\u00e9riode de port de l&rsquo;extension de cils, car la formule sp\u00e9cifique SANS HUILE prolonge la dur\u00e9e de l&rsquo;adh\u00e9sif.<\/p>\n","protected":false},"excerpt":{"rendered":"<p>La formulation sans huile des mousses InLei\u00ae prolonge la dur\u00e9e de vie des traitements professionnels. Placez le pr\u00e9sentoir dans la vitrine ou sur le comptoir pour embellir et attirer l&rsquo;attention avec ses couleurs et son emballage attrayant ! Contenu : 3x InLei\u00ae \u00ab\u00a0MOUSSE ROSE\u00a0\u00bb aux propri\u00e9t\u00e9s apaisantes pour les peaux s\u00e8ches ou irrit\u00e9es 3x InLei\u00ae [&hellip;]<\/p>\n","protected":false},"featured_media":7185,"template":"","meta":{"_acf_changed":false,"inline_featured_image":false},"product_cat":[116,117,193,203],"product_tag":[],"class_list":{"0":"post-2670","1":"product","2":"type-product","3":"status-publish","4":"has-post-thumbnail","6":"product_brand-in-lei","7":"product_cat-extension-de-cils","8":"product_cat-postcure","9":"product_cat-produits-connexes","10":"product_cat-materiel-dhygiene","12":"first","13":"onbackorder","14":"shipping-taxable","15":"purchasable","16":"product-type-simple"},"acf":[],"yoast_head":"<!-- This site is optimized with the Yoast SEO plugin v26.6 - https:\/\/yoast.com\/wordpress\/plugins\/seo\/ -->\n<title>Pr\u00e9sentoir de comptoir InLei &quot;MOUSSE TRIS&quot; Aloe, Avoine et Rose - LASHES&amp;BROWS by Nataliya Reinhard<\/title>\n<meta name=\"description\" content=\"La formulation sans huile des mousses InLei\u00ae prolonge la dur\u00e9e des traitements. Id\u00e9al \u00e0 exposer pour attirer l\u2019attention avec son packaging color\u00e9 !\" \/>\n<meta name=\"robots\" content=\"index, follow, max-snippet:-1, max-image-preview:large, max-video-preview:-1\" \/>\n<link rel=\"canonical\" href=\"https:\/\/www.art-natur.ch\/fr\/produit\/presentoir-de-comptoir-inlei-mousse-tris-aloe-avoine-et-rose\/\" \/>\n<meta property=\"og:locale\" content=\"fr_FR\" \/>\n<meta property=\"og:type\" content=\"article\" \/>\n<meta property=\"og:title\" content=\"Pr\u00e9sentoir de comptoir InLei &quot;MOUSSE TRIS&quot; Aloe, Avoine et Rose - LASHES&amp;BROWS by Nataliya Reinhard\" \/>\n<meta property=\"og:description\" content=\"La formulation sans huile des mousses InLei\u00ae prolonge la dur\u00e9e des traitements. Id\u00e9al \u00e0 exposer pour attirer l\u2019attention avec son packaging color\u00e9 !\" \/>\n<meta property=\"og:url\" content=\"https:\/\/www.art-natur.ch\/fr\/produit\/presentoir-de-comptoir-inlei-mousse-tris-aloe-avoine-et-rose\/\" \/>\n<meta property=\"og:site_name\" content=\"LASHES&amp;BROWS by Nataliya Reinhard\" \/>\n<meta property=\"article:modified_time\" content=\"2024-10-13T17:11:30+00:00\" \/>\n<meta property=\"og:image\" content=\"https:\/\/www.art-natur.ch\/wp-content\/uploads\/2024\/09\/2519937625-Photoroom.png\" \/>\n\t<meta property=\"og:image:width\" content=\"669\" \/>\n\t<meta property=\"og:image:height\" content=\"801\" \/>\n\t<meta property=\"og:image:type\" content=\"image\/png\" \/>\n<meta name=\"twitter:card\" content=\"summary_large_image\" \/>\n<meta name=\"twitter:label1\" content=\"Dur\u00e9e de lecture estim\u00e9e\" \/>\n\t<meta name=\"twitter:data1\" content=\"1 minute\" \/>\n<script type=\"application\/ld+json\" class=\"yoast-schema-graph\">{\"@context\":\"https:\/\/schema.org\",\"@graph\":[{\"@type\":\"WebPage\",\"@id\":\"https:\/\/www.art-natur.ch\/fr\/produit\/presentoir-de-comptoir-inlei-mousse-tris-aloe-avoine-et-rose\/\",\"url\":\"https:\/\/www.art-natur.ch\/fr\/produit\/presentoir-de-comptoir-inlei-mousse-tris-aloe-avoine-et-rose\/\",\"name\":\"Pr\u00e9sentoir de comptoir InLei \\\"MOUSSE TRIS\\\" Aloe, Avoine et Rose - LASHES&amp;BROWS by Nataliya Reinhard\",\"isPartOf\":{\"@id\":\"https:\/\/www.art-natur.ch\/fr\/#website\"},\"primaryImageOfPage\":{\"@id\":\"https:\/\/www.art-natur.ch\/fr\/produit\/presentoir-de-comptoir-inlei-mousse-tris-aloe-avoine-et-rose\/#primaryimage\"},\"image\":{\"@id\":\"https:\/\/www.art-natur.ch\/fr\/produit\/presentoir-de-comptoir-inlei-mousse-tris-aloe-avoine-et-rose\/#primaryimage\"},\"thumbnailUrl\":\"https:\/\/www.art-natur.ch\/wp-content\/uploads\/2024\/09\/2519937625-Photoroom.png\",\"datePublished\":\"2024-09-27T15:03:23+00:00\",\"dateModified\":\"2024-10-13T17:11:30+00:00\",\"description\":\"La formulation sans huile des mousses InLei\u00ae prolonge la dur\u00e9e des traitements. Id\u00e9al \u00e0 exposer pour attirer l\u2019attention avec son packaging color\u00e9 !\",\"breadcrumb\":{\"@id\":\"https:\/\/www.art-natur.ch\/fr\/produit\/presentoir-de-comptoir-inlei-mousse-tris-aloe-avoine-et-rose\/#breadcrumb\"},\"inLanguage\":\"fr-FR\",\"potentialAction\":[{\"@type\":\"ReadAction\",\"target\":[\"https:\/\/www.art-natur.ch\/fr\/produit\/presentoir-de-comptoir-inlei-mousse-tris-aloe-avoine-et-rose\/\"]}]},{\"@type\":\"ImageObject\",\"inLanguage\":\"fr-FR\",\"@id\":\"https:\/\/www.art-natur.ch\/fr\/produit\/presentoir-de-comptoir-inlei-mousse-tris-aloe-avoine-et-rose\/#primaryimage\",\"url\":\"https:\/\/www.art-natur.ch\/wp-content\/uploads\/2024\/09\/2519937625-Photoroom.png\",\"contentUrl\":\"https:\/\/www.art-natur.ch\/wp-content\/uploads\/2024\/09\/2519937625-Photoroom.png\",\"width\":669,\"height\":801},{\"@type\":\"BreadcrumbList\",\"@id\":\"https:\/\/www.art-natur.ch\/fr\/produit\/presentoir-de-comptoir-inlei-mousse-tris-aloe-avoine-et-rose\/#breadcrumb\",\"itemListElement\":[{\"@type\":\"ListItem\",\"position\":1,\"name\":\"Home\",\"item\":\"https:\/\/www.art-natur.ch\/fr\/\"},{\"@type\":\"ListItem\",\"position\":2,\"name\":\"Boutique\",\"item\":\"https:\/\/www.art-natur.ch\/shop\/\"},{\"@type\":\"ListItem\",\"position\":3,\"name\":\"Pr\u00e9sentoir de comptoir InLei &#8222;MOUSSE TRIS&#8220; Aloe, Avoine et Rose\"}]},{\"@type\":\"WebSite\",\"@id\":\"https:\/\/www.art-natur.ch\/fr\/#website\",\"url\":\"https:\/\/www.art-natur.ch\/fr\/\",\"name\":\"LASHES&amp;BROWS by Nataliya Reinhard\",\"description\":\"High-quality lash and brow services with attention to every detail\",\"potentialAction\":[{\"@type\":\"SearchAction\",\"target\":{\"@type\":\"EntryPoint\",\"urlTemplate\":\"https:\/\/www.art-natur.ch\/fr\/?s={search_term_string}\"},\"query-input\":{\"@type\":\"PropertyValueSpecification\",\"valueRequired\":true,\"valueName\":\"search_term_string\"}}],\"inLanguage\":\"fr-FR\"}]}<\/script>\n<!-- \/ Yoast SEO plugin. -->","yoast_head_json":{"title":"Pr\u00e9sentoir de comptoir InLei \"MOUSSE TRIS\" Aloe, Avoine et Rose - LASHES&amp;BROWS by Nataliya Reinhard","description":"La formulation sans huile des mousses InLei\u00ae prolonge la dur\u00e9e des traitements. Id\u00e9al \u00e0 exposer pour attirer l\u2019attention avec son packaging color\u00e9 !","robots":{"index":"index","follow":"follow","max-snippet":"max-snippet:-1","max-image-preview":"max-image-preview:large","max-video-preview":"max-video-preview:-1"},"canonical":"https:\/\/www.art-natur.ch\/fr\/produit\/presentoir-de-comptoir-inlei-mousse-tris-aloe-avoine-et-rose\/","og_locale":"fr_FR","og_type":"article","og_title":"Pr\u00e9sentoir de comptoir InLei \"MOUSSE TRIS\" Aloe, Avoine et Rose - LASHES&amp;BROWS by Nataliya Reinhard","og_description":"La formulation sans huile des mousses InLei\u00ae prolonge la dur\u00e9e des traitements. Id\u00e9al \u00e0 exposer pour attirer l\u2019attention avec son packaging color\u00e9 !","og_url":"https:\/\/www.art-natur.ch\/fr\/produit\/presentoir-de-comptoir-inlei-mousse-tris-aloe-avoine-et-rose\/","og_site_name":"LASHES&amp;BROWS by Nataliya Reinhard","article_modified_time":"2024-10-13T17:11:30+00:00","og_image":[{"width":669,"height":801,"url":"https:\/\/www.art-natur.ch\/wp-content\/uploads\/2024\/09\/2519937625-Photoroom.png","type":"image\/png"}],"twitter_card":"summary_large_image","twitter_misc":{"Dur\u00e9e de lecture estim\u00e9e":"1 minute"},"schema":{"@context":"https:\/\/schema.org","@graph":[{"@type":"WebPage","@id":"https:\/\/www.art-natur.ch\/fr\/produit\/presentoir-de-comptoir-inlei-mousse-tris-aloe-avoine-et-rose\/","url":"https:\/\/www.art-natur.ch\/fr\/produit\/presentoir-de-comptoir-inlei-mousse-tris-aloe-avoine-et-rose\/","name":"Pr\u00e9sentoir de comptoir InLei \"MOUSSE TRIS\" Aloe, Avoine et Rose - LASHES&amp;BROWS by Nataliya Reinhard","isPartOf":{"@id":"https:\/\/www.art-natur.ch\/fr\/#website"},"primaryImageOfPage":{"@id":"https:\/\/www.art-natur.ch\/fr\/produit\/presentoir-de-comptoir-inlei-mousse-tris-aloe-avoine-et-rose\/#primaryimage"},"image":{"@id":"https:\/\/www.art-natur.ch\/fr\/produit\/presentoir-de-comptoir-inlei-mousse-tris-aloe-avoine-et-rose\/#primaryimage"},"thumbnailUrl":"https:\/\/www.art-natur.ch\/wp-content\/uploads\/2024\/09\/2519937625-Photoroom.png","datePublished":"2024-09-27T15:03:23+00:00","dateModified":"2024-10-13T17:11:30+00:00","description":"La formulation sans huile des mousses InLei\u00ae prolonge la dur\u00e9e des traitements. Id\u00e9al \u00e0 exposer pour attirer l\u2019attention avec son packaging color\u00e9 !","breadcrumb":{"@id":"https:\/\/www.art-natur.ch\/fr\/produit\/presentoir-de-comptoir-inlei-mousse-tris-aloe-avoine-et-rose\/#breadcrumb"},"inLanguage":"fr-FR","potentialAction":[{"@type":"ReadAction","target":["https:\/\/www.art-natur.ch\/fr\/produit\/presentoir-de-comptoir-inlei-mousse-tris-aloe-avoine-et-rose\/"]}]},{"@type":"ImageObject","inLanguage":"fr-FR","@id":"https:\/\/www.art-natur.ch\/fr\/produit\/presentoir-de-comptoir-inlei-mousse-tris-aloe-avoine-et-rose\/#primaryimage","url":"https:\/\/www.art-natur.ch\/wp-content\/uploads\/2024\/09\/2519937625-Photoroom.png","contentUrl":"https:\/\/www.art-natur.ch\/wp-content\/uploads\/2024\/09\/2519937625-Photoroom.png","width":669,"height":801},{"@type":"BreadcrumbList","@id":"https:\/\/www.art-natur.ch\/fr\/produit\/presentoir-de-comptoir-inlei-mousse-tris-aloe-avoine-et-rose\/#breadcrumb","itemListElement":[{"@type":"ListItem","position":1,"name":"Home","item":"https:\/\/www.art-natur.ch\/fr\/"},{"@type":"ListItem","position":2,"name":"Boutique","item":"https:\/\/www.art-natur.ch\/shop\/"},{"@type":"ListItem","position":3,"name":"Pr\u00e9sentoir de comptoir InLei &#8222;MOUSSE TRIS&#8220; Aloe, Avoine et Rose"}]},{"@type":"WebSite","@id":"https:\/\/www.art-natur.ch\/fr\/#website","url":"https:\/\/www.art-natur.ch\/fr\/","name":"LASHES&amp;BROWS by Nataliya Reinhard","description":"High-quality lash and brow services with attention to every detail","potentialAction":[{"@type":"SearchAction","target":{"@type":"EntryPoint","urlTemplate":"https:\/\/www.art-natur.ch\/fr\/?s={search_term_string}"},"query-input":{"@type":"PropertyValueSpecification","valueRequired":true,"valueName":"search_term_string"}}],"inLanguage":"fr-FR"}]}},"_links":{"self":[{"href":"https:\/\/www.art-natur.ch\/fr\/wp-json\/wp\/v2\/product\/2670","targetHints":{"allow":["GET"]}}],"collection":[{"href":"https:\/\/www.art-natur.ch\/fr\/wp-json\/wp\/v2\/product"}],"about":[{"href":"https:\/\/www.art-natur.ch\/fr\/wp-json\/wp\/v2\/types\/product"}],"wp:featuredmedia":[{"embeddable":true,"href":"https:\/\/www.art-natur.ch\/fr\/wp-json\/wp\/v2\/media\/7185"}],"wp:attachment":[{"href":"https:\/\/www.art-natur.ch\/fr\/wp-json\/wp\/v2\/media?parent=2670"}],"wp:term":[{"taxonomy":"product_cat","embeddable":true,"href":"https:\/\/www.art-natur.ch\/fr\/wp-json\/wp\/v2\/product_cat?post=2670"},{"taxonomy":"product_tag","embeddable":true,"href":"https:\/\/www.art-natur.ch\/fr\/wp-json\/wp\/v2\/product_tag?post=2670"}],"curies":[{"name":"wp","href":"https:\/\/api.w.org\/{rel}","templated":true}]}}