{"id":2677,"date":"2024-09-27T17:12:09","date_gmt":"2024-09-27T15:12:09","guid":{"rendered":"https:\/\/www.art-natur.ch\/product\/pretraitement-in-lei\/"},"modified":"2025-05-25T19:50:16","modified_gmt":"2025-05-25T18:50:16","slug":"pretraitement-in-lei","status":"publish","type":"product","link":"https:\/\/www.art-natur.ch\/fr\/produit\/pretraitement-in-lei\/","title":{"rendered":"Pr\u00e9traitement In Lei\u00ae"},"content":{"rendered":"<p>Solution saline In Lei<\/p>\n<p>L&rsquo;eau sal\u00e9e de la marque In Lei\u00ae est une solution cr\u00e9\u00e9e et produite sp\u00e9cifiquement pour tous les traitements des cils et des sourcils. Il remplit une importante fonction de pr\u00e9traitement et d\u00e9graisse efficacement mais en douceur les cils et sourcils naturels pour renforcer l&rsquo;effet du traitement \u00e0 effectuer. \u00c0 utiliser en combinaison avec les traitements d&rsquo;allongement et d&rsquo;\u00e9paississement des cils, la permanente, la teinture des cils et des sourcils, la lamination et les produits de remplissage. La solution saline In Lei, comme tous les produits de la marque, est produite en Italie et garantit une haute tol\u00e9rance gr\u00e2ce au fait qu&rsquo;elle a pass\u00e9 les tests scientifiques requis par la loi.<\/p>\n","protected":false},"excerpt":{"rendered":"<p>Solution saline In Lei L&rsquo;eau sal\u00e9e de la marque In Lei\u00ae est une solution cr\u00e9\u00e9e et produite sp\u00e9cifiquement pour tous les traitements des cils et des sourcils. Il remplit une importante fonction de pr\u00e9traitement et d\u00e9graisse efficacement mais en douceur les cils et sourcils naturels pour renforcer l&rsquo;effet du traitement \u00e0 effectuer. \u00c0 utiliser en [&hellip;]<\/p>\n","protected":false},"featured_media":7161,"template":"","meta":{"_acf_changed":false,"inline_featured_image":false},"product_cat":[116,181,538],"product_tag":[],"class_list":{"0":"post-2677","1":"product","2":"type-product","3":"status-publish","4":"has-post-thumbnail","6":"product_brand-in-lei","7":"product_cat-extension-de-cils","8":"product_cat-primer","9":"product_cat-promotions","11":"first","12":"instock","13":"sale","14":"shipping-taxable","15":"purchasable","16":"product-type-simple"},"acf":[],"yoast_head":"<!-- This site is optimized with the Yoast SEO plugin v26.6 - https:\/\/yoast.com\/wordpress\/plugins\/seo\/ -->\n<title>Pr\u00e9traitement In Lei\u00ae - LASHES&amp;BROWS by Nataliya Reinhard<\/title>\n<meta name=\"description\" content=\"In Lei\u00ae solution saline d\u00e9graisse doucement les cils et les sourcils avant les traitements, am\u00e9liorant leur efficacit\u00e9. Fabriqu\u00e9 en Italie.\" \/>\n<meta name=\"robots\" content=\"index, follow, max-snippet:-1, max-image-preview:large, max-video-preview:-1\" \/>\n<link rel=\"canonical\" href=\"https:\/\/www.art-natur.ch\/fr\/produit\/pretraitement-in-lei\/\" \/>\n<meta property=\"og:locale\" content=\"fr_FR\" \/>\n<meta property=\"og:type\" content=\"article\" \/>\n<meta property=\"og:title\" content=\"Pr\u00e9traitement In Lei\u00ae - LASHES&amp;BROWS by Nataliya Reinhard\" \/>\n<meta property=\"og:description\" content=\"In Lei\u00ae solution saline d\u00e9graisse doucement les cils et les sourcils avant les traitements, am\u00e9liorant leur efficacit\u00e9. Fabriqu\u00e9 en Italie.\" \/>\n<meta property=\"og:url\" content=\"https:\/\/www.art-natur.ch\/fr\/produit\/pretraitement-in-lei\/\" \/>\n<meta property=\"og:site_name\" content=\"LASHES&amp;BROWS by Nataliya Reinhard\" \/>\n<meta property=\"article:modified_time\" content=\"2025-05-25T18:50:16+00:00\" \/>\n<meta property=\"og:image\" content=\"https:\/\/www.art-natur.ch\/wp-content\/uploads\/2024\/09\/2520031355-Photoroom.png\" \/>\n\t<meta property=\"og:image:width\" content=\"669\" \/>\n\t<meta property=\"og:image:height\" content=\"801\" \/>\n\t<meta property=\"og:image:type\" content=\"image\/png\" \/>\n<meta name=\"twitter:card\" content=\"summary_large_image\" \/>\n<meta name=\"twitter:label1\" content=\"Dur\u00e9e de lecture estim\u00e9e\" \/>\n\t<meta name=\"twitter:data1\" content=\"1 minute\" \/>\n<script type=\"application\/ld+json\" class=\"yoast-schema-graph\">{\"@context\":\"https:\/\/schema.org\",\"@graph\":[{\"@type\":\"WebPage\",\"@id\":\"https:\/\/www.art-natur.ch\/fr\/produit\/pretraitement-in-lei\/\",\"url\":\"https:\/\/www.art-natur.ch\/fr\/produit\/pretraitement-in-lei\/\",\"name\":\"Pr\u00e9traitement In Lei\u00ae - LASHES&amp;BROWS by Nataliya Reinhard\",\"isPartOf\":{\"@id\":\"https:\/\/www.art-natur.ch\/fr\/#website\"},\"primaryImageOfPage\":{\"@id\":\"https:\/\/www.art-natur.ch\/fr\/produit\/pretraitement-in-lei\/#primaryimage\"},\"image\":{\"@id\":\"https:\/\/www.art-natur.ch\/fr\/produit\/pretraitement-in-lei\/#primaryimage\"},\"thumbnailUrl\":\"https:\/\/www.art-natur.ch\/wp-content\/uploads\/2024\/09\/2520031355-Photoroom.png\",\"datePublished\":\"2024-09-27T15:12:09+00:00\",\"dateModified\":\"2025-05-25T18:50:16+00:00\",\"description\":\"In Lei\u00ae solution saline d\u00e9graisse doucement les cils et les sourcils avant les traitements, am\u00e9liorant leur efficacit\u00e9. Fabriqu\u00e9 en Italie.\",\"breadcrumb\":{\"@id\":\"https:\/\/www.art-natur.ch\/fr\/produit\/pretraitement-in-lei\/#breadcrumb\"},\"inLanguage\":\"fr-FR\",\"potentialAction\":[{\"@type\":\"ReadAction\",\"target\":[\"https:\/\/www.art-natur.ch\/fr\/produit\/pretraitement-in-lei\/\"]}]},{\"@type\":\"ImageObject\",\"inLanguage\":\"fr-FR\",\"@id\":\"https:\/\/www.art-natur.ch\/fr\/produit\/pretraitement-in-lei\/#primaryimage\",\"url\":\"https:\/\/www.art-natur.ch\/wp-content\/uploads\/2024\/09\/2520031355-Photoroom.png\",\"contentUrl\":\"https:\/\/www.art-natur.ch\/wp-content\/uploads\/2024\/09\/2520031355-Photoroom.png\",\"width\":669,\"height\":801},{\"@type\":\"BreadcrumbList\",\"@id\":\"https:\/\/www.art-natur.ch\/fr\/produit\/pretraitement-in-lei\/#breadcrumb\",\"itemListElement\":[{\"@type\":\"ListItem\",\"position\":1,\"name\":\"Home\",\"item\":\"https:\/\/www.art-natur.ch\/fr\/\"},{\"@type\":\"ListItem\",\"position\":2,\"name\":\"Boutique\",\"item\":\"https:\/\/www.art-natur.ch\/shop\/\"},{\"@type\":\"ListItem\",\"position\":3,\"name\":\"Pr\u00e9traitement In Lei\u00ae\"}]},{\"@type\":\"WebSite\",\"@id\":\"https:\/\/www.art-natur.ch\/fr\/#website\",\"url\":\"https:\/\/www.art-natur.ch\/fr\/\",\"name\":\"LASHES&amp;BROWS by Nataliya Reinhard\",\"description\":\"High-quality lash and brow services with attention to every detail\",\"potentialAction\":[{\"@type\":\"SearchAction\",\"target\":{\"@type\":\"EntryPoint\",\"urlTemplate\":\"https:\/\/www.art-natur.ch\/fr\/?s={search_term_string}\"},\"query-input\":{\"@type\":\"PropertyValueSpecification\",\"valueRequired\":true,\"valueName\":\"search_term_string\"}}],\"inLanguage\":\"fr-FR\"}]}<\/script>\n<!-- \/ Yoast SEO plugin. -->","yoast_head_json":{"title":"Pr\u00e9traitement In Lei\u00ae - LASHES&amp;BROWS by Nataliya Reinhard","description":"In Lei\u00ae solution saline d\u00e9graisse doucement les cils et les sourcils avant les traitements, am\u00e9liorant leur efficacit\u00e9. Fabriqu\u00e9 en Italie.","robots":{"index":"index","follow":"follow","max-snippet":"max-snippet:-1","max-image-preview":"max-image-preview:large","max-video-preview":"max-video-preview:-1"},"canonical":"https:\/\/www.art-natur.ch\/fr\/produit\/pretraitement-in-lei\/","og_locale":"fr_FR","og_type":"article","og_title":"Pr\u00e9traitement In Lei\u00ae - LASHES&amp;BROWS by Nataliya Reinhard","og_description":"In Lei\u00ae solution saline d\u00e9graisse doucement les cils et les sourcils avant les traitements, am\u00e9liorant leur efficacit\u00e9. Fabriqu\u00e9 en Italie.","og_url":"https:\/\/www.art-natur.ch\/fr\/produit\/pretraitement-in-lei\/","og_site_name":"LASHES&amp;BROWS by Nataliya Reinhard","article_modified_time":"2025-05-25T18:50:16+00:00","og_image":[{"width":669,"height":801,"url":"https:\/\/www.art-natur.ch\/wp-content\/uploads\/2024\/09\/2520031355-Photoroom.png","type":"image\/png"}],"twitter_card":"summary_large_image","twitter_misc":{"Dur\u00e9e de lecture estim\u00e9e":"1 minute"},"schema":{"@context":"https:\/\/schema.org","@graph":[{"@type":"WebPage","@id":"https:\/\/www.art-natur.ch\/fr\/produit\/pretraitement-in-lei\/","url":"https:\/\/www.art-natur.ch\/fr\/produit\/pretraitement-in-lei\/","name":"Pr\u00e9traitement In Lei\u00ae - LASHES&amp;BROWS by Nataliya Reinhard","isPartOf":{"@id":"https:\/\/www.art-natur.ch\/fr\/#website"},"primaryImageOfPage":{"@id":"https:\/\/www.art-natur.ch\/fr\/produit\/pretraitement-in-lei\/#primaryimage"},"image":{"@id":"https:\/\/www.art-natur.ch\/fr\/produit\/pretraitement-in-lei\/#primaryimage"},"thumbnailUrl":"https:\/\/www.art-natur.ch\/wp-content\/uploads\/2024\/09\/2520031355-Photoroom.png","datePublished":"2024-09-27T15:12:09+00:00","dateModified":"2025-05-25T18:50:16+00:00","description":"In Lei\u00ae solution saline d\u00e9graisse doucement les cils et les sourcils avant les traitements, am\u00e9liorant leur efficacit\u00e9. Fabriqu\u00e9 en Italie.","breadcrumb":{"@id":"https:\/\/www.art-natur.ch\/fr\/produit\/pretraitement-in-lei\/#breadcrumb"},"inLanguage":"fr-FR","potentialAction":[{"@type":"ReadAction","target":["https:\/\/www.art-natur.ch\/fr\/produit\/pretraitement-in-lei\/"]}]},{"@type":"ImageObject","inLanguage":"fr-FR","@id":"https:\/\/www.art-natur.ch\/fr\/produit\/pretraitement-in-lei\/#primaryimage","url":"https:\/\/www.art-natur.ch\/wp-content\/uploads\/2024\/09\/2520031355-Photoroom.png","contentUrl":"https:\/\/www.art-natur.ch\/wp-content\/uploads\/2024\/09\/2520031355-Photoroom.png","width":669,"height":801},{"@type":"BreadcrumbList","@id":"https:\/\/www.art-natur.ch\/fr\/produit\/pretraitement-in-lei\/#breadcrumb","itemListElement":[{"@type":"ListItem","position":1,"name":"Home","item":"https:\/\/www.art-natur.ch\/fr\/"},{"@type":"ListItem","position":2,"name":"Boutique","item":"https:\/\/www.art-natur.ch\/shop\/"},{"@type":"ListItem","position":3,"name":"Pr\u00e9traitement In Lei\u00ae"}]},{"@type":"WebSite","@id":"https:\/\/www.art-natur.ch\/fr\/#website","url":"https:\/\/www.art-natur.ch\/fr\/","name":"LASHES&amp;BROWS by Nataliya Reinhard","description":"High-quality lash and brow services with attention to every detail","potentialAction":[{"@type":"SearchAction","target":{"@type":"EntryPoint","urlTemplate":"https:\/\/www.art-natur.ch\/fr\/?s={search_term_string}"},"query-input":{"@type":"PropertyValueSpecification","valueRequired":true,"valueName":"search_term_string"}}],"inLanguage":"fr-FR"}]}},"_links":{"self":[{"href":"https:\/\/www.art-natur.ch\/fr\/wp-json\/wp\/v2\/product\/2677","targetHints":{"allow":["GET"]}}],"collection":[{"href":"https:\/\/www.art-natur.ch\/fr\/wp-json\/wp\/v2\/product"}],"about":[{"href":"https:\/\/www.art-natur.ch\/fr\/wp-json\/wp\/v2\/types\/product"}],"wp:featuredmedia":[{"embeddable":true,"href":"https:\/\/www.art-natur.ch\/fr\/wp-json\/wp\/v2\/media\/7161"}],"wp:attachment":[{"href":"https:\/\/www.art-natur.ch\/fr\/wp-json\/wp\/v2\/media?parent=2677"}],"wp:term":[{"taxonomy":"product_cat","embeddable":true,"href":"https:\/\/www.art-natur.ch\/fr\/wp-json\/wp\/v2\/product_cat?post=2677"},{"taxonomy":"product_tag","embeddable":true,"href":"https:\/\/www.art-natur.ch\/fr\/wp-json\/wp\/v2\/product_tag?post=2677"}],"curies":[{"name":"wp","href":"https:\/\/api.w.org\/{rel}","templated":true}]}}