{"id":2684,"date":"2024-09-27T23:11:19","date_gmt":"2024-09-27T21:11:19","guid":{"rendered":"https:\/\/www.art-natur.ch\/product\/pre-traitement-lovely-avec-larome-de-laloe\/"},"modified":"2025-01-18T21:56:54","modified_gmt":"2025-01-18T20:56:54","slug":"pre-traitement-lovely-avec-larome-de-laloe","status":"publish","type":"product","link":"https:\/\/www.art-natur.ch\/fr\/produit\/pre-traitement-lovely-avec-larome-de-laloe\/","title":{"rendered":"Pr\u00e9-traitement Lovely avec l&rsquo;ar\u00f4me de l&rsquo;aloe"},"content":{"rendered":"<p>Produit id\u00e9al pour l&rsquo;extension des cils et la proc\u00e9dure de soul\u00e8vement des cils.<\/p>\n<p>Il a une formule sp\u00e9ciale qui prot\u00e8ge vos yeux de la salet\u00e9 et garde vos cils naturels et vos extensions en excellente condition.<br \/>\nDes extensions de cils propres pr\u00e9servent la long\u00e9vit\u00e9 de vos extensions de cils semi-permanentes.<br \/>\nEn les gardant propres, vous r\u00e9duisez \u00e9galement le risque de d\u00e9mangeaisons des paupi\u00e8res, d&rsquo;infections et de nombreuses autres irritations.<br \/>\nLa dur\u00e9e de conservation du produit est de 2 ans \u00e0 partir du moment de la production.<br \/>\nDate de p\u00e9remption apr\u00e8s ouverture : 6 mois.<br \/>\nAvec Aloe Vera<\/p>\n","protected":false},"excerpt":{"rendered":"<p>Produit id\u00e9al pour l&rsquo;extension des cils et la proc\u00e9dure de soul\u00e8vement des cils. Il a une formule sp\u00e9ciale qui prot\u00e8ge vos yeux de la salet\u00e9 et garde vos cils naturels et vos extensions en excellente condition. Des extensions de cils propres pr\u00e9servent la long\u00e9vit\u00e9 de vos extensions de cils semi-permanentes. En les gardant propres, vous [&hellip;]<\/p>\n","protected":false},"featured_media":10226,"template":"","meta":{"_acf_changed":false,"inline_featured_image":false},"product_cat":[116,183],"product_tag":[],"class_list":{"0":"post-2684","1":"product","2":"type-product","3":"status-publish","4":"has-post-thumbnail","6":"product_brand-lovely","7":"product_cat-extension-de-cils","8":"product_cat-cleanser","10":"first","11":"instock","12":"shipping-taxable","13":"purchasable","14":"product-type-simple"},"acf":[],"yoast_head":"<!-- This site is optimized with the Yoast SEO plugin v26.6 - https:\/\/yoast.com\/wordpress\/plugins\/seo\/ -->\n<title>Pr\u00e9-traitement Lovely avec l&#039;ar\u00f4me de l&#039;aloe - LASHES&amp;BROWS by Nataliya Reinhard<\/title>\n<meta name=\"description\" content=\"Produit pour extension et lifting des cils avec une formule sp\u00e9ciale pour prot\u00e9ger les yeux et prendre soin des cils naturels et des extensions.\" \/>\n<meta name=\"robots\" content=\"index, follow, max-snippet:-1, max-image-preview:large, max-video-preview:-1\" \/>\n<link rel=\"canonical\" href=\"https:\/\/www.art-natur.ch\/fr\/produit\/pre-traitement-lovely-avec-larome-de-laloe\/\" \/>\n<meta property=\"og:locale\" content=\"fr_FR\" \/>\n<meta property=\"og:type\" content=\"article\" \/>\n<meta property=\"og:title\" content=\"Pr\u00e9-traitement Lovely avec l&#039;ar\u00f4me de l&#039;aloe - LASHES&amp;BROWS by Nataliya Reinhard\" \/>\n<meta property=\"og:description\" content=\"Produit pour extension et lifting des cils avec une formule sp\u00e9ciale pour prot\u00e9ger les yeux et prendre soin des cils naturels et des extensions.\" \/>\n<meta property=\"og:url\" content=\"https:\/\/www.art-natur.ch\/fr\/produit\/pre-traitement-lovely-avec-larome-de-laloe\/\" \/>\n<meta property=\"og:site_name\" content=\"LASHES&amp;BROWS by Nataliya Reinhard\" \/>\n<meta property=\"article:modified_time\" content=\"2025-01-18T20:56:54+00:00\" \/>\n<meta property=\"og:image\" content=\"https:\/\/www.art-natur.ch\/wp-content\/uploads\/2024\/09\/2181029153-Photoroom.png\" \/>\n\t<meta property=\"og:image:width\" content=\"1024\" \/>\n\t<meta property=\"og:image:height\" content=\"721\" \/>\n\t<meta property=\"og:image:type\" content=\"image\/png\" \/>\n<meta name=\"twitter:card\" content=\"summary_large_image\" \/>\n<meta name=\"twitter:label1\" content=\"Dur\u00e9e de lecture estim\u00e9e\" \/>\n\t<meta name=\"twitter:data1\" content=\"1 minute\" \/>\n<script type=\"application\/ld+json\" class=\"yoast-schema-graph\">{\"@context\":\"https:\/\/schema.org\",\"@graph\":[{\"@type\":\"WebPage\",\"@id\":\"https:\/\/www.art-natur.ch\/fr\/produit\/pre-traitement-lovely-avec-larome-de-laloe\/\",\"url\":\"https:\/\/www.art-natur.ch\/fr\/produit\/pre-traitement-lovely-avec-larome-de-laloe\/\",\"name\":\"Pr\u00e9-traitement Lovely avec l'ar\u00f4me de l'aloe - LASHES&amp;BROWS by Nataliya Reinhard\",\"isPartOf\":{\"@id\":\"https:\/\/www.art-natur.ch\/fr\/#website\"},\"primaryImageOfPage\":{\"@id\":\"https:\/\/www.art-natur.ch\/fr\/produit\/pre-traitement-lovely-avec-larome-de-laloe\/#primaryimage\"},\"image\":{\"@id\":\"https:\/\/www.art-natur.ch\/fr\/produit\/pre-traitement-lovely-avec-larome-de-laloe\/#primaryimage\"},\"thumbnailUrl\":\"https:\/\/www.art-natur.ch\/wp-content\/uploads\/2024\/09\/07cb7e7e5a928682c819884aa94ddbb41.png\",\"datePublished\":\"2024-09-27T21:11:19+00:00\",\"dateModified\":\"2025-01-18T20:56:54+00:00\",\"description\":\"Produit pour extension et lifting des cils avec une formule sp\u00e9ciale pour prot\u00e9ger les yeux et prendre soin des cils naturels et des extensions.\",\"breadcrumb\":{\"@id\":\"https:\/\/www.art-natur.ch\/fr\/produit\/pre-traitement-lovely-avec-larome-de-laloe\/#breadcrumb\"},\"inLanguage\":\"fr-FR\",\"potentialAction\":[{\"@type\":\"ReadAction\",\"target\":[\"https:\/\/www.art-natur.ch\/fr\/produit\/pre-traitement-lovely-avec-larome-de-laloe\/\"]}]},{\"@type\":\"ImageObject\",\"inLanguage\":\"fr-FR\",\"@id\":\"https:\/\/www.art-natur.ch\/fr\/produit\/pre-traitement-lovely-avec-larome-de-laloe\/#primaryimage\",\"url\":\"https:\/\/www.art-natur.ch\/wp-content\/uploads\/2024\/09\/07cb7e7e5a928682c819884aa94ddbb41.png\",\"contentUrl\":\"https:\/\/www.art-natur.ch\/wp-content\/uploads\/2024\/09\/07cb7e7e5a928682c819884aa94ddbb41.png\",\"width\":1080,\"height\":1080},{\"@type\":\"BreadcrumbList\",\"@id\":\"https:\/\/www.art-natur.ch\/fr\/produit\/pre-traitement-lovely-avec-larome-de-laloe\/#breadcrumb\",\"itemListElement\":[{\"@type\":\"ListItem\",\"position\":1,\"name\":\"Home\",\"item\":\"https:\/\/www.art-natur.ch\/fr\/\"},{\"@type\":\"ListItem\",\"position\":2,\"name\":\"Boutique\",\"item\":\"https:\/\/www.art-natur.ch\/shop\/\"},{\"@type\":\"ListItem\",\"position\":3,\"name\":\"Pr\u00e9-traitement Lovely avec l&#8217;ar\u00f4me de l&#8217;aloe\"}]},{\"@type\":\"WebSite\",\"@id\":\"https:\/\/www.art-natur.ch\/fr\/#website\",\"url\":\"https:\/\/www.art-natur.ch\/fr\/\",\"name\":\"LASHES&amp;BROWS by Nataliya Reinhard\",\"description\":\"High-quality lash and brow services with attention to every detail\",\"potentialAction\":[{\"@type\":\"SearchAction\",\"target\":{\"@type\":\"EntryPoint\",\"urlTemplate\":\"https:\/\/www.art-natur.ch\/fr\/?s={search_term_string}\"},\"query-input\":{\"@type\":\"PropertyValueSpecification\",\"valueRequired\":true,\"valueName\":\"search_term_string\"}}],\"inLanguage\":\"fr-FR\"}]}<\/script>\n<!-- \/ Yoast SEO plugin. -->","yoast_head_json":{"title":"Pr\u00e9-traitement Lovely avec l'ar\u00f4me de l'aloe - LASHES&amp;BROWS by Nataliya Reinhard","description":"Produit pour extension et lifting des cils avec une formule sp\u00e9ciale pour prot\u00e9ger les yeux et prendre soin des cils naturels et des extensions.","robots":{"index":"index","follow":"follow","max-snippet":"max-snippet:-1","max-image-preview":"max-image-preview:large","max-video-preview":"max-video-preview:-1"},"canonical":"https:\/\/www.art-natur.ch\/fr\/produit\/pre-traitement-lovely-avec-larome-de-laloe\/","og_locale":"fr_FR","og_type":"article","og_title":"Pr\u00e9-traitement Lovely avec l'ar\u00f4me de l'aloe - LASHES&amp;BROWS by Nataliya Reinhard","og_description":"Produit pour extension et lifting des cils avec une formule sp\u00e9ciale pour prot\u00e9ger les yeux et prendre soin des cils naturels et des extensions.","og_url":"https:\/\/www.art-natur.ch\/fr\/produit\/pre-traitement-lovely-avec-larome-de-laloe\/","og_site_name":"LASHES&amp;BROWS by Nataliya Reinhard","article_modified_time":"2025-01-18T20:56:54+00:00","og_image":[{"width":1024,"height":721,"url":"https:\/\/www.art-natur.ch\/wp-content\/uploads\/2024\/09\/2181029153-Photoroom.png","type":"image\/png"}],"twitter_card":"summary_large_image","twitter_misc":{"Dur\u00e9e de lecture estim\u00e9e":"1 minute"},"schema":{"@context":"https:\/\/schema.org","@graph":[{"@type":"WebPage","@id":"https:\/\/www.art-natur.ch\/fr\/produit\/pre-traitement-lovely-avec-larome-de-laloe\/","url":"https:\/\/www.art-natur.ch\/fr\/produit\/pre-traitement-lovely-avec-larome-de-laloe\/","name":"Pr\u00e9-traitement Lovely avec l'ar\u00f4me de l'aloe - LASHES&amp;BROWS by Nataliya Reinhard","isPartOf":{"@id":"https:\/\/www.art-natur.ch\/fr\/#website"},"primaryImageOfPage":{"@id":"https:\/\/www.art-natur.ch\/fr\/produit\/pre-traitement-lovely-avec-larome-de-laloe\/#primaryimage"},"image":{"@id":"https:\/\/www.art-natur.ch\/fr\/produit\/pre-traitement-lovely-avec-larome-de-laloe\/#primaryimage"},"thumbnailUrl":"https:\/\/www.art-natur.ch\/wp-content\/uploads\/2024\/09\/07cb7e7e5a928682c819884aa94ddbb41.png","datePublished":"2024-09-27T21:11:19+00:00","dateModified":"2025-01-18T20:56:54+00:00","description":"Produit pour extension et lifting des cils avec une formule sp\u00e9ciale pour prot\u00e9ger les yeux et prendre soin des cils naturels et des extensions.","breadcrumb":{"@id":"https:\/\/www.art-natur.ch\/fr\/produit\/pre-traitement-lovely-avec-larome-de-laloe\/#breadcrumb"},"inLanguage":"fr-FR","potentialAction":[{"@type":"ReadAction","target":["https:\/\/www.art-natur.ch\/fr\/produit\/pre-traitement-lovely-avec-larome-de-laloe\/"]}]},{"@type":"ImageObject","inLanguage":"fr-FR","@id":"https:\/\/www.art-natur.ch\/fr\/produit\/pre-traitement-lovely-avec-larome-de-laloe\/#primaryimage","url":"https:\/\/www.art-natur.ch\/wp-content\/uploads\/2024\/09\/07cb7e7e5a928682c819884aa94ddbb41.png","contentUrl":"https:\/\/www.art-natur.ch\/wp-content\/uploads\/2024\/09\/07cb7e7e5a928682c819884aa94ddbb41.png","width":1080,"height":1080},{"@type":"BreadcrumbList","@id":"https:\/\/www.art-natur.ch\/fr\/produit\/pre-traitement-lovely-avec-larome-de-laloe\/#breadcrumb","itemListElement":[{"@type":"ListItem","position":1,"name":"Home","item":"https:\/\/www.art-natur.ch\/fr\/"},{"@type":"ListItem","position":2,"name":"Boutique","item":"https:\/\/www.art-natur.ch\/shop\/"},{"@type":"ListItem","position":3,"name":"Pr\u00e9-traitement Lovely avec l&#8217;ar\u00f4me de l&#8217;aloe"}]},{"@type":"WebSite","@id":"https:\/\/www.art-natur.ch\/fr\/#website","url":"https:\/\/www.art-natur.ch\/fr\/","name":"LASHES&amp;BROWS by Nataliya Reinhard","description":"High-quality lash and brow services with attention to every detail","potentialAction":[{"@type":"SearchAction","target":{"@type":"EntryPoint","urlTemplate":"https:\/\/www.art-natur.ch\/fr\/?s={search_term_string}"},"query-input":{"@type":"PropertyValueSpecification","valueRequired":true,"valueName":"search_term_string"}}],"inLanguage":"fr-FR"}]}},"_links":{"self":[{"href":"https:\/\/www.art-natur.ch\/fr\/wp-json\/wp\/v2\/product\/2684","targetHints":{"allow":["GET"]}}],"collection":[{"href":"https:\/\/www.art-natur.ch\/fr\/wp-json\/wp\/v2\/product"}],"about":[{"href":"https:\/\/www.art-natur.ch\/fr\/wp-json\/wp\/v2\/types\/product"}],"wp:featuredmedia":[{"embeddable":true,"href":"https:\/\/www.art-natur.ch\/fr\/wp-json\/wp\/v2\/media\/10226"}],"wp:attachment":[{"href":"https:\/\/www.art-natur.ch\/fr\/wp-json\/wp\/v2\/media?parent=2684"}],"wp:term":[{"taxonomy":"product_cat","embeddable":true,"href":"https:\/\/www.art-natur.ch\/fr\/wp-json\/wp\/v2\/product_cat?post=2684"},{"taxonomy":"product_tag","embeddable":true,"href":"https:\/\/www.art-natur.ch\/fr\/wp-json\/wp\/v2\/product_tag?post=2684"}],"curies":[{"name":"wp","href":"https:\/\/api.w.org\/{rel}","templated":true}]}}