{"id":2698,"date":"2024-09-28T14:37:43","date_gmt":"2024-09-28T12:37:43","guid":{"rendered":"https:\/\/www.art-natur.ch\/product\/primer-lovely-a-larome-de-noix-de-coco-15-ml\/"},"modified":"2025-03-20T21:58:15","modified_gmt":"2025-03-20T20:58:15","slug":"primer-lovely-a-larome-de-noix-de-coco-15-ml","status":"publish","type":"product","link":"https:\/\/www.art-natur.ch\/fr\/produit\/primer-lovely-a-larome-de-noix-de-coco-15-ml\/","title":{"rendered":"Primer Lovely \u00e0 l&rsquo;ar\u00f4me de noix de coco, 15 ml"},"content":{"rendered":"<p>Le produit est id\u00e9al pour un nettoyage suppl\u00e9mentaire des cils et pour une meilleure connexion des cils artificiels avec les cils naturels.<br \/>\nIl augmente la tenue des cils pendant 1 \u00e0 2 semaines.<br \/>\nLe primer s&rsquo;\u00e9vapore facilement.<br \/>\nAppliquer une petite quantit\u00e9 de produit sur la micro-brosse et essuyer les cils.<br \/>\n\u00c9vitez d&rsquo;appliquer le primer sur la peau.<br \/>\nConservez le produit ferm\u00e9 dans un endroit froid.<\/p>\n<p>La dur\u00e9e de conservation du produit est de 2 ans \u00e0 partir du moment de la production.<br \/>\nDate de p\u00e9remption apr\u00e8s ouverture : 6 mois.<\/p>\n<p>Avec un ar\u00f4me de noix de coco<\/p>\n","protected":false},"excerpt":{"rendered":"<p>Le produit est id\u00e9al pour un nettoyage suppl\u00e9mentaire des cils et pour une meilleure connexion des cils artificiels avec les cils naturels. Il augmente la tenue des cils pendant 1 \u00e0 2 semaines. Le primer s&rsquo;\u00e9vapore facilement. Appliquer une petite quantit\u00e9 de produit sur la micro-brosse et essuyer les cils. \u00c9vitez d&rsquo;appliquer le primer sur [&hellip;]<\/p>\n","protected":false},"featured_media":10218,"template":"","meta":{"_acf_changed":false,"inline_featured_image":false},"product_cat":[116,181,185],"product_tag":[],"class_list":{"0":"post-2698","1":"product","2":"type-product","3":"status-publish","4":"has-post-thumbnail","6":"product_brand-lovely","7":"product_cat-extension-de-cils","8":"product_cat-primer","9":"product_cat-primers","11":"first","12":"instock","13":"shipping-taxable","14":"purchasable","15":"product-type-simple"},"acf":[],"yoast_head":"<!-- This site is optimized with the Yoast SEO plugin v26.6 - https:\/\/yoast.com\/wordpress\/plugins\/seo\/ -->\n<title>Primer Lovely \u00e0 l&#039;ar\u00f4me de noix de coco, 15 ml - LASHES&amp;BROWS by Nataliya Reinhard<\/title>\n<meta name=\"description\" content=\"e produit nettoie les cils et am\u00e9liore la connexion entre les cils artificiels et naturels. Durabilit\u00e9 : 1-2 semaines, parfum de noix de coco.\" \/>\n<meta name=\"robots\" content=\"index, follow, max-snippet:-1, max-image-preview:large, max-video-preview:-1\" \/>\n<link rel=\"canonical\" href=\"https:\/\/www.art-natur.ch\/fr\/produit\/primer-lovely-a-larome-de-noix-de-coco-15-ml\/\" \/>\n<meta property=\"og:locale\" content=\"fr_FR\" \/>\n<meta property=\"og:type\" content=\"article\" \/>\n<meta property=\"og:title\" content=\"Primer Lovely \u00e0 l&#039;ar\u00f4me de noix de coco, 15 ml - LASHES&amp;BROWS by Nataliya Reinhard\" \/>\n<meta property=\"og:description\" content=\"e produit nettoie les cils et am\u00e9liore la connexion entre les cils artificiels et naturels. Durabilit\u00e9 : 1-2 semaines, parfum de noix de coco.\" \/>\n<meta property=\"og:url\" content=\"https:\/\/www.art-natur.ch\/fr\/produit\/primer-lovely-a-larome-de-noix-de-coco-15-ml\/\" \/>\n<meta property=\"og:site_name\" content=\"LASHES&amp;BROWS by Nataliya Reinhard\" \/>\n<meta property=\"article:modified_time\" content=\"2025-03-20T20:58:15+00:00\" \/>\n<meta property=\"og:image\" content=\"https:\/\/www.art-natur.ch\/wp-content\/uploads\/2024\/09\/2553993888-Photoroom.png\" \/>\n\t<meta property=\"og:image:width\" content=\"1024\" \/>\n\t<meta property=\"og:image:height\" content=\"721\" \/>\n\t<meta property=\"og:image:type\" content=\"image\/png\" \/>\n<meta name=\"twitter:card\" content=\"summary_large_image\" \/>\n<script type=\"application\/ld+json\" class=\"yoast-schema-graph\">{\"@context\":\"https:\/\/schema.org\",\"@graph\":[{\"@type\":\"WebPage\",\"@id\":\"https:\/\/www.art-natur.ch\/fr\/produit\/primer-lovely-a-larome-de-noix-de-coco-15-ml\/\",\"url\":\"https:\/\/www.art-natur.ch\/fr\/produit\/primer-lovely-a-larome-de-noix-de-coco-15-ml\/\",\"name\":\"Primer Lovely \u00e0 l'ar\u00f4me de noix de coco, 15 ml - LASHES&amp;BROWS by Nataliya Reinhard\",\"isPartOf\":{\"@id\":\"https:\/\/www.art-natur.ch\/fr\/#website\"},\"primaryImageOfPage\":{\"@id\":\"https:\/\/www.art-natur.ch\/fr\/produit\/primer-lovely-a-larome-de-noix-de-coco-15-ml\/#primaryimage\"},\"image\":{\"@id\":\"https:\/\/www.art-natur.ch\/fr\/produit\/primer-lovely-a-larome-de-noix-de-coco-15-ml\/#primaryimage\"},\"thumbnailUrl\":\"https:\/\/www.art-natur.ch\/wp-content\/uploads\/2024\/09\/79293ecb4f58c2340597906a64b4a7941.png\",\"datePublished\":\"2024-09-28T12:37:43+00:00\",\"dateModified\":\"2025-03-20T20:58:15+00:00\",\"description\":\"e produit nettoie les cils et am\u00e9liore la connexion entre les cils artificiels et naturels. Durabilit\u00e9 : 1-2 semaines, parfum de noix de coco.\",\"breadcrumb\":{\"@id\":\"https:\/\/www.art-natur.ch\/fr\/produit\/primer-lovely-a-larome-de-noix-de-coco-15-ml\/#breadcrumb\"},\"inLanguage\":\"fr-FR\",\"potentialAction\":[{\"@type\":\"ReadAction\",\"target\":[\"https:\/\/www.art-natur.ch\/fr\/produit\/primer-lovely-a-larome-de-noix-de-coco-15-ml\/\"]}]},{\"@type\":\"ImageObject\",\"inLanguage\":\"fr-FR\",\"@id\":\"https:\/\/www.art-natur.ch\/fr\/produit\/primer-lovely-a-larome-de-noix-de-coco-15-ml\/#primaryimage\",\"url\":\"https:\/\/www.art-natur.ch\/wp-content\/uploads\/2024\/09\/79293ecb4f58c2340597906a64b4a7941.png\",\"contentUrl\":\"https:\/\/www.art-natur.ch\/wp-content\/uploads\/2024\/09\/79293ecb4f58c2340597906a64b4a7941.png\",\"width\":1080,\"height\":1080},{\"@type\":\"BreadcrumbList\",\"@id\":\"https:\/\/www.art-natur.ch\/fr\/produit\/primer-lovely-a-larome-de-noix-de-coco-15-ml\/#breadcrumb\",\"itemListElement\":[{\"@type\":\"ListItem\",\"position\":1,\"name\":\"Home\",\"item\":\"https:\/\/www.art-natur.ch\/fr\/\"},{\"@type\":\"ListItem\",\"position\":2,\"name\":\"Boutique\",\"item\":\"https:\/\/www.art-natur.ch\/shop\/\"},{\"@type\":\"ListItem\",\"position\":3,\"name\":\"Primer Lovely \u00e0 l&rsquo;ar\u00f4me de noix de coco, 15 ml\"}]},{\"@type\":\"WebSite\",\"@id\":\"https:\/\/www.art-natur.ch\/fr\/#website\",\"url\":\"https:\/\/www.art-natur.ch\/fr\/\",\"name\":\"LASHES&amp;BROWS by Nataliya Reinhard\",\"description\":\"High-quality lash and brow services with attention to every detail\",\"potentialAction\":[{\"@type\":\"SearchAction\",\"target\":{\"@type\":\"EntryPoint\",\"urlTemplate\":\"https:\/\/www.art-natur.ch\/fr\/?s={search_term_string}\"},\"query-input\":{\"@type\":\"PropertyValueSpecification\",\"valueRequired\":true,\"valueName\":\"search_term_string\"}}],\"inLanguage\":\"fr-FR\"}]}<\/script>\n<!-- \/ Yoast SEO plugin. -->","yoast_head_json":{"title":"Primer Lovely \u00e0 l'ar\u00f4me de noix de coco, 15 ml - LASHES&amp;BROWS by Nataliya Reinhard","description":"e produit nettoie les cils et am\u00e9liore la connexion entre les cils artificiels et naturels. Durabilit\u00e9 : 1-2 semaines, parfum de noix de coco.","robots":{"index":"index","follow":"follow","max-snippet":"max-snippet:-1","max-image-preview":"max-image-preview:large","max-video-preview":"max-video-preview:-1"},"canonical":"https:\/\/www.art-natur.ch\/fr\/produit\/primer-lovely-a-larome-de-noix-de-coco-15-ml\/","og_locale":"fr_FR","og_type":"article","og_title":"Primer Lovely \u00e0 l'ar\u00f4me de noix de coco, 15 ml - LASHES&amp;BROWS by Nataliya Reinhard","og_description":"e produit nettoie les cils et am\u00e9liore la connexion entre les cils artificiels et naturels. Durabilit\u00e9 : 1-2 semaines, parfum de noix de coco.","og_url":"https:\/\/www.art-natur.ch\/fr\/produit\/primer-lovely-a-larome-de-noix-de-coco-15-ml\/","og_site_name":"LASHES&amp;BROWS by Nataliya Reinhard","article_modified_time":"2025-03-20T20:58:15+00:00","og_image":[{"width":1024,"height":721,"url":"https:\/\/www.art-natur.ch\/wp-content\/uploads\/2024\/09\/2553993888-Photoroom.png","type":"image\/png"}],"twitter_card":"summary_large_image","schema":{"@context":"https:\/\/schema.org","@graph":[{"@type":"WebPage","@id":"https:\/\/www.art-natur.ch\/fr\/produit\/primer-lovely-a-larome-de-noix-de-coco-15-ml\/","url":"https:\/\/www.art-natur.ch\/fr\/produit\/primer-lovely-a-larome-de-noix-de-coco-15-ml\/","name":"Primer Lovely \u00e0 l'ar\u00f4me de noix de coco, 15 ml - LASHES&amp;BROWS by Nataliya Reinhard","isPartOf":{"@id":"https:\/\/www.art-natur.ch\/fr\/#website"},"primaryImageOfPage":{"@id":"https:\/\/www.art-natur.ch\/fr\/produit\/primer-lovely-a-larome-de-noix-de-coco-15-ml\/#primaryimage"},"image":{"@id":"https:\/\/www.art-natur.ch\/fr\/produit\/primer-lovely-a-larome-de-noix-de-coco-15-ml\/#primaryimage"},"thumbnailUrl":"https:\/\/www.art-natur.ch\/wp-content\/uploads\/2024\/09\/79293ecb4f58c2340597906a64b4a7941.png","datePublished":"2024-09-28T12:37:43+00:00","dateModified":"2025-03-20T20:58:15+00:00","description":"e produit nettoie les cils et am\u00e9liore la connexion entre les cils artificiels et naturels. Durabilit\u00e9 : 1-2 semaines, parfum de noix de coco.","breadcrumb":{"@id":"https:\/\/www.art-natur.ch\/fr\/produit\/primer-lovely-a-larome-de-noix-de-coco-15-ml\/#breadcrumb"},"inLanguage":"fr-FR","potentialAction":[{"@type":"ReadAction","target":["https:\/\/www.art-natur.ch\/fr\/produit\/primer-lovely-a-larome-de-noix-de-coco-15-ml\/"]}]},{"@type":"ImageObject","inLanguage":"fr-FR","@id":"https:\/\/www.art-natur.ch\/fr\/produit\/primer-lovely-a-larome-de-noix-de-coco-15-ml\/#primaryimage","url":"https:\/\/www.art-natur.ch\/wp-content\/uploads\/2024\/09\/79293ecb4f58c2340597906a64b4a7941.png","contentUrl":"https:\/\/www.art-natur.ch\/wp-content\/uploads\/2024\/09\/79293ecb4f58c2340597906a64b4a7941.png","width":1080,"height":1080},{"@type":"BreadcrumbList","@id":"https:\/\/www.art-natur.ch\/fr\/produit\/primer-lovely-a-larome-de-noix-de-coco-15-ml\/#breadcrumb","itemListElement":[{"@type":"ListItem","position":1,"name":"Home","item":"https:\/\/www.art-natur.ch\/fr\/"},{"@type":"ListItem","position":2,"name":"Boutique","item":"https:\/\/www.art-natur.ch\/shop\/"},{"@type":"ListItem","position":3,"name":"Primer Lovely \u00e0 l&rsquo;ar\u00f4me de noix de coco, 15 ml"}]},{"@type":"WebSite","@id":"https:\/\/www.art-natur.ch\/fr\/#website","url":"https:\/\/www.art-natur.ch\/fr\/","name":"LASHES&amp;BROWS by Nataliya Reinhard","description":"High-quality lash and brow services with attention to every detail","potentialAction":[{"@type":"SearchAction","target":{"@type":"EntryPoint","urlTemplate":"https:\/\/www.art-natur.ch\/fr\/?s={search_term_string}"},"query-input":{"@type":"PropertyValueSpecification","valueRequired":true,"valueName":"search_term_string"}}],"inLanguage":"fr-FR"}]}},"_links":{"self":[{"href":"https:\/\/www.art-natur.ch\/fr\/wp-json\/wp\/v2\/product\/2698","targetHints":{"allow":["GET"]}}],"collection":[{"href":"https:\/\/www.art-natur.ch\/fr\/wp-json\/wp\/v2\/product"}],"about":[{"href":"https:\/\/www.art-natur.ch\/fr\/wp-json\/wp\/v2\/types\/product"}],"wp:featuredmedia":[{"embeddable":true,"href":"https:\/\/www.art-natur.ch\/fr\/wp-json\/wp\/v2\/media\/10218"}],"wp:attachment":[{"href":"https:\/\/www.art-natur.ch\/fr\/wp-json\/wp\/v2\/media?parent=2698"}],"wp:term":[{"taxonomy":"product_cat","embeddable":true,"href":"https:\/\/www.art-natur.ch\/fr\/wp-json\/wp\/v2\/product_cat?post=2698"},{"taxonomy":"product_tag","embeddable":true,"href":"https:\/\/www.art-natur.ch\/fr\/wp-json\/wp\/v2\/product_tag?post=2698"}],"curies":[{"name":"wp","href":"https:\/\/api.w.org\/{rel}","templated":true}]}}