{"id":2705,"date":"2024-09-28T14:49:15","date_gmt":"2024-09-28T12:49:15","guid":{"rendered":"https:\/\/www.art-natur.ch\/product\/regle-a-sourcils-inlei\/"},"modified":"2024-10-13T18:59:25","modified_gmt":"2024-10-13T16:59:25","slug":"regle-a-sourcils-inlei","status":"publish","type":"product","link":"https:\/\/www.art-natur.ch\/fr\/produit\/regle-a-sourcils-inlei\/","title":{"rendered":"R\u00e8gle \u00e0 sourcils InLei"},"content":{"rendered":"<p>Une innovation absolue ! Une fois que vous aurez essay\u00e9 la nouvelle r\u00e8gle InLei\u00ae pour mesurer les proportions de votre visage et de vos sourcils, vous ne pourrez plus vous en passer.<\/p>\n<p>100% Made in Italy<br \/>\nFabriqu\u00e9 en plastique extr\u00eamement flexible<br \/>\nPr\u00e9cision gr\u00e2ce \u00e0 des graphiques millim\u00e9tr\u00e9s<\/p>\n<p>Ce produit extr\u00eamement souple a \u00e9t\u00e9 sp\u00e9cialement con\u00e7u pour \u00eatre plac\u00e9 directement sur votre visage ou celui de vos clients afin de r\u00e9aliser des maquillages professionnels ou des corrections de sourcils. Mais pas seulement, il est \u00e9galement id\u00e9al pour aider \u00e0 d\u00e9finir un maquillage correcteur sp\u00e9cifique.<\/p>\n<p>Fini les sourcils irr\u00e9guliers gr\u00e2ce \u00e0 la nouvelle r\u00e8gle InLei\u00ae : \u00e0 partir d&rsquo;aujourd&rsquo;hui, il est possible de r\u00e9aliser une \u00e9pilation, un \u00e9paississement ou un maquillage semi-permanent avec une pr\u00e9cision maximale.<\/p>\n<p>Tout cela est possible gr\u00e2ce aux graphismes millim\u00e9tr\u00e9s et \u00e0 la mati\u00e8re plastique qui permet une adaptation parfaite au visage du client. Il est \u00e9galement possible de colorier ou d&rsquo;annoter un marqueur directement sur la r\u00e8gle.<\/p>\n<p>Un outil indispensable \u00e0 toute esth\u00e9ticienne pour toutes les clientes qui aiment prendre soin de leurs sourcils.<\/p>\n","protected":false},"excerpt":{"rendered":"<p>Une innovation absolue ! Une fois que vous aurez essay\u00e9 la nouvelle r\u00e8gle InLei\u00ae pour mesurer les proportions de votre visage et de vos sourcils, vous ne pourrez plus vous en passer. 100% Made in Italy Fabriqu\u00e9 en plastique extr\u00eamement flexible Pr\u00e9cision gr\u00e2ce \u00e0 des graphiques millim\u00e9tr\u00e9s Ce produit extr\u00eamement souple a \u00e9t\u00e9 sp\u00e9cialement con\u00e7u [&hellip;]<\/p>\n","protected":false},"featured_media":7145,"template":"","meta":{"_acf_changed":false,"inline_featured_image":false},"product_cat":[119,125,127,129,141,143,146,193],"product_tag":[],"class_list":{"0":"post-2705","1":"product","2":"type-product","3":"status-publish","4":"has-post-thumbnail","6":"product_brand-in-lei","7":"product_cat-coloration-et-correction-des-sourcils","8":"product_cat-outil-extension-de-cils","9":"product_cat-orrection","10":"product_cat-stylisation-a-long-terme-des-sourcils","11":"product_cat-outils","12":"product_cat-equipements-et-accessoires","13":"product_cat-autre","14":"product_cat-produits-connexes","16":"first","17":"instock","18":"shipping-taxable","19":"purchasable","20":"product-type-simple"},"acf":[],"yoast_head":"<!-- This site is optimized with the Yoast SEO plugin v26.6 - https:\/\/yoast.com\/wordpress\/plugins\/seo\/ -->\n<title>R\u00e8gle \u00e0 sourcils InLei - LASHES&amp;BROWS by Nataliya Reinhard<\/title>\n<meta name=\"description\" content=\"La r\u00e8gle InLei\u00ae flexible assure des mesures pr\u00e9cises du visage et des sourcils. 100% Made in Italy, id\u00e9ale pour des corrections professionnelles.\" \/>\n<meta name=\"robots\" content=\"index, follow, max-snippet:-1, max-image-preview:large, max-video-preview:-1\" \/>\n<link rel=\"canonical\" href=\"https:\/\/www.art-natur.ch\/fr\/produit\/regle-a-sourcils-inlei\/\" \/>\n<meta property=\"og:locale\" content=\"fr_FR\" \/>\n<meta property=\"og:type\" content=\"article\" \/>\n<meta property=\"og:title\" content=\"R\u00e8gle \u00e0 sourcils InLei - LASHES&amp;BROWS by Nataliya Reinhard\" \/>\n<meta property=\"og:description\" content=\"La r\u00e8gle InLei\u00ae flexible assure des mesures pr\u00e9cises du visage et des sourcils. 100% Made in Italy, id\u00e9ale pour des corrections professionnelles.\" \/>\n<meta property=\"og:url\" content=\"https:\/\/www.art-natur.ch\/fr\/produit\/regle-a-sourcils-inlei\/\" \/>\n<meta property=\"og:site_name\" content=\"LASHES&amp;BROWS by Nataliya Reinhard\" \/>\n<meta property=\"article:modified_time\" content=\"2024-10-13T16:59:25+00:00\" \/>\n<meta property=\"og:image\" content=\"https:\/\/www.art-natur.ch\/wp-content\/uploads\/2024\/09\/2519266227-Photoroom.png\" \/>\n\t<meta property=\"og:image:width\" content=\"600\" \/>\n\t<meta property=\"og:image:height\" content=\"800\" \/>\n\t<meta property=\"og:image:type\" content=\"image\/png\" \/>\n<meta name=\"twitter:card\" content=\"summary_large_image\" \/>\n<meta name=\"twitter:label1\" content=\"Dur\u00e9e de lecture estim\u00e9e\" \/>\n\t<meta name=\"twitter:data1\" content=\"1 minute\" \/>\n<script type=\"application\/ld+json\" class=\"yoast-schema-graph\">{\"@context\":\"https:\/\/schema.org\",\"@graph\":[{\"@type\":\"WebPage\",\"@id\":\"https:\/\/www.art-natur.ch\/fr\/produit\/regle-a-sourcils-inlei\/\",\"url\":\"https:\/\/www.art-natur.ch\/fr\/produit\/regle-a-sourcils-inlei\/\",\"name\":\"R\u00e8gle \u00e0 sourcils InLei - LASHES&amp;BROWS by Nataliya Reinhard\",\"isPartOf\":{\"@id\":\"https:\/\/www.art-natur.ch\/fr\/#website\"},\"primaryImageOfPage\":{\"@id\":\"https:\/\/www.art-natur.ch\/fr\/produit\/regle-a-sourcils-inlei\/#primaryimage\"},\"image\":{\"@id\":\"https:\/\/www.art-natur.ch\/fr\/produit\/regle-a-sourcils-inlei\/#primaryimage\"},\"thumbnailUrl\":\"https:\/\/www.art-natur.ch\/wp-content\/uploads\/2024\/09\/2519266227-Photoroom.png\",\"datePublished\":\"2024-09-28T12:49:15+00:00\",\"dateModified\":\"2024-10-13T16:59:25+00:00\",\"description\":\"La r\u00e8gle InLei\u00ae flexible assure des mesures pr\u00e9cises du visage et des sourcils. 100% Made in Italy, id\u00e9ale pour des corrections professionnelles.\",\"breadcrumb\":{\"@id\":\"https:\/\/www.art-natur.ch\/fr\/produit\/regle-a-sourcils-inlei\/#breadcrumb\"},\"inLanguage\":\"fr-FR\",\"potentialAction\":[{\"@type\":\"ReadAction\",\"target\":[\"https:\/\/www.art-natur.ch\/fr\/produit\/regle-a-sourcils-inlei\/\"]}]},{\"@type\":\"ImageObject\",\"inLanguage\":\"fr-FR\",\"@id\":\"https:\/\/www.art-natur.ch\/fr\/produit\/regle-a-sourcils-inlei\/#primaryimage\",\"url\":\"https:\/\/www.art-natur.ch\/wp-content\/uploads\/2024\/09\/2519266227-Photoroom.png\",\"contentUrl\":\"https:\/\/www.art-natur.ch\/wp-content\/uploads\/2024\/09\/2519266227-Photoroom.png\",\"width\":600,\"height\":800},{\"@type\":\"BreadcrumbList\",\"@id\":\"https:\/\/www.art-natur.ch\/fr\/produit\/regle-a-sourcils-inlei\/#breadcrumb\",\"itemListElement\":[{\"@type\":\"ListItem\",\"position\":1,\"name\":\"Home\",\"item\":\"https:\/\/www.art-natur.ch\/fr\/\"},{\"@type\":\"ListItem\",\"position\":2,\"name\":\"Boutique\",\"item\":\"https:\/\/www.art-natur.ch\/shop\/\"},{\"@type\":\"ListItem\",\"position\":3,\"name\":\"R\u00e8gle \u00e0 sourcils InLei\"}]},{\"@type\":\"WebSite\",\"@id\":\"https:\/\/www.art-natur.ch\/fr\/#website\",\"url\":\"https:\/\/www.art-natur.ch\/fr\/\",\"name\":\"LASHES&amp;BROWS by Nataliya Reinhard\",\"description\":\"High-quality lash and brow services with attention to every detail\",\"potentialAction\":[{\"@type\":\"SearchAction\",\"target\":{\"@type\":\"EntryPoint\",\"urlTemplate\":\"https:\/\/www.art-natur.ch\/fr\/?s={search_term_string}\"},\"query-input\":{\"@type\":\"PropertyValueSpecification\",\"valueRequired\":true,\"valueName\":\"search_term_string\"}}],\"inLanguage\":\"fr-FR\"}]}<\/script>\n<!-- \/ Yoast SEO plugin. -->","yoast_head_json":{"title":"R\u00e8gle \u00e0 sourcils InLei - LASHES&amp;BROWS by Nataliya Reinhard","description":"La r\u00e8gle InLei\u00ae flexible assure des mesures pr\u00e9cises du visage et des sourcils. 100% Made in Italy, id\u00e9ale pour des corrections professionnelles.","robots":{"index":"index","follow":"follow","max-snippet":"max-snippet:-1","max-image-preview":"max-image-preview:large","max-video-preview":"max-video-preview:-1"},"canonical":"https:\/\/www.art-natur.ch\/fr\/produit\/regle-a-sourcils-inlei\/","og_locale":"fr_FR","og_type":"article","og_title":"R\u00e8gle \u00e0 sourcils InLei - LASHES&amp;BROWS by Nataliya Reinhard","og_description":"La r\u00e8gle InLei\u00ae flexible assure des mesures pr\u00e9cises du visage et des sourcils. 100% Made in Italy, id\u00e9ale pour des corrections professionnelles.","og_url":"https:\/\/www.art-natur.ch\/fr\/produit\/regle-a-sourcils-inlei\/","og_site_name":"LASHES&amp;BROWS by Nataliya Reinhard","article_modified_time":"2024-10-13T16:59:25+00:00","og_image":[{"width":600,"height":800,"url":"https:\/\/www.art-natur.ch\/wp-content\/uploads\/2024\/09\/2519266227-Photoroom.png","type":"image\/png"}],"twitter_card":"summary_large_image","twitter_misc":{"Dur\u00e9e de lecture estim\u00e9e":"1 minute"},"schema":{"@context":"https:\/\/schema.org","@graph":[{"@type":"WebPage","@id":"https:\/\/www.art-natur.ch\/fr\/produit\/regle-a-sourcils-inlei\/","url":"https:\/\/www.art-natur.ch\/fr\/produit\/regle-a-sourcils-inlei\/","name":"R\u00e8gle \u00e0 sourcils InLei - LASHES&amp;BROWS by Nataliya Reinhard","isPartOf":{"@id":"https:\/\/www.art-natur.ch\/fr\/#website"},"primaryImageOfPage":{"@id":"https:\/\/www.art-natur.ch\/fr\/produit\/regle-a-sourcils-inlei\/#primaryimage"},"image":{"@id":"https:\/\/www.art-natur.ch\/fr\/produit\/regle-a-sourcils-inlei\/#primaryimage"},"thumbnailUrl":"https:\/\/www.art-natur.ch\/wp-content\/uploads\/2024\/09\/2519266227-Photoroom.png","datePublished":"2024-09-28T12:49:15+00:00","dateModified":"2024-10-13T16:59:25+00:00","description":"La r\u00e8gle InLei\u00ae flexible assure des mesures pr\u00e9cises du visage et des sourcils. 100% Made in Italy, id\u00e9ale pour des corrections professionnelles.","breadcrumb":{"@id":"https:\/\/www.art-natur.ch\/fr\/produit\/regle-a-sourcils-inlei\/#breadcrumb"},"inLanguage":"fr-FR","potentialAction":[{"@type":"ReadAction","target":["https:\/\/www.art-natur.ch\/fr\/produit\/regle-a-sourcils-inlei\/"]}]},{"@type":"ImageObject","inLanguage":"fr-FR","@id":"https:\/\/www.art-natur.ch\/fr\/produit\/regle-a-sourcils-inlei\/#primaryimage","url":"https:\/\/www.art-natur.ch\/wp-content\/uploads\/2024\/09\/2519266227-Photoroom.png","contentUrl":"https:\/\/www.art-natur.ch\/wp-content\/uploads\/2024\/09\/2519266227-Photoroom.png","width":600,"height":800},{"@type":"BreadcrumbList","@id":"https:\/\/www.art-natur.ch\/fr\/produit\/regle-a-sourcils-inlei\/#breadcrumb","itemListElement":[{"@type":"ListItem","position":1,"name":"Home","item":"https:\/\/www.art-natur.ch\/fr\/"},{"@type":"ListItem","position":2,"name":"Boutique","item":"https:\/\/www.art-natur.ch\/shop\/"},{"@type":"ListItem","position":3,"name":"R\u00e8gle \u00e0 sourcils InLei"}]},{"@type":"WebSite","@id":"https:\/\/www.art-natur.ch\/fr\/#website","url":"https:\/\/www.art-natur.ch\/fr\/","name":"LASHES&amp;BROWS by Nataliya Reinhard","description":"High-quality lash and brow services with attention to every detail","potentialAction":[{"@type":"SearchAction","target":{"@type":"EntryPoint","urlTemplate":"https:\/\/www.art-natur.ch\/fr\/?s={search_term_string}"},"query-input":{"@type":"PropertyValueSpecification","valueRequired":true,"valueName":"search_term_string"}}],"inLanguage":"fr-FR"}]}},"_links":{"self":[{"href":"https:\/\/www.art-natur.ch\/fr\/wp-json\/wp\/v2\/product\/2705","targetHints":{"allow":["GET"]}}],"collection":[{"href":"https:\/\/www.art-natur.ch\/fr\/wp-json\/wp\/v2\/product"}],"about":[{"href":"https:\/\/www.art-natur.ch\/fr\/wp-json\/wp\/v2\/types\/product"}],"wp:featuredmedia":[{"embeddable":true,"href":"https:\/\/www.art-natur.ch\/fr\/wp-json\/wp\/v2\/media\/7145"}],"wp:attachment":[{"href":"https:\/\/www.art-natur.ch\/fr\/wp-json\/wp\/v2\/media?parent=2705"}],"wp:term":[{"taxonomy":"product_cat","embeddable":true,"href":"https:\/\/www.art-natur.ch\/fr\/wp-json\/wp\/v2\/product_cat?post=2705"},{"taxonomy":"product_tag","embeddable":true,"href":"https:\/\/www.art-natur.ch\/fr\/wp-json\/wp\/v2\/product_tag?post=2705"}],"curies":[{"name":"wp","href":"https:\/\/api.w.org\/{rel}","templated":true}]}}