{"id":2717,"date":"2024-09-28T14:58:50","date_gmt":"2024-09-28T12:58:50","guid":{"rendered":"https:\/\/www.art-natur.ch\/product\/regle-pour-un-marquage-parfait-des-sourcils-expert-en-henne\/"},"modified":"2024-10-13T18:57:41","modified_gmt":"2024-10-13T16:57:41","slug":"regle-pour-un-marquage-parfait-des-sourcils-expert-en-henne","status":"publish","type":"product","link":"https:\/\/www.art-natur.ch\/fr\/produit\/regle-pour-un-marquage-parfait-des-sourcils-expert-en-henne\/","title":{"rendered":"R\u00e8gle pour un marquage parfait des sourcils Expert en henn\u00e9"},"content":{"rendered":"<p>Un bel outil alliant une large fonctionnalit\u00e9 et un design original. Une douceur optimale pour le confort du sp\u00e9cialiste et un marquage contrastant suppl\u00e9mentaire. Id\u00e9al pour les sourcils les plus \u00ab\u00a0capricieux\u00a0\u00bb.<\/p>\n","protected":false},"excerpt":{"rendered":"<p>Un bel outil alliant une large fonctionnalit\u00e9 et un design original. Une douceur optimale pour le confort du sp\u00e9cialiste et un marquage contrastant suppl\u00e9mentaire. Id\u00e9al pour les sourcils les plus \u00ab\u00a0capricieux\u00a0\u00bb.<\/p>\n","protected":false},"featured_media":7137,"template":"","meta":{"_acf_changed":false,"inline_featured_image":false},"product_cat":[119,125,129,141,146,193],"product_tag":[],"class_list":{"0":"post-2717","1":"product","2":"type-product","3":"status-publish","4":"has-post-thumbnail","6":"product_brand-henna-expert","7":"product_cat-coloration-et-correction-des-sourcils","8":"product_cat-outil-extension-de-cils","9":"product_cat-stylisation-a-long-terme-des-sourcils","10":"product_cat-outils","11":"product_cat-autre","12":"product_cat-produits-connexes","14":"first","15":"instock","16":"shipping-taxable","17":"purchasable","18":"product-type-simple"},"acf":[],"yoast_head":"<!-- This site is optimized with the Yoast SEO plugin v26.6 - https:\/\/yoast.com\/wordpress\/plugins\/seo\/ -->\n<title>R\u00e8gle pour un marquage parfait des sourcils Expert en henn\u00e9 - LASHES&amp;BROWS by Nataliya Reinhard<\/title>\n<meta name=\"description\" content=\"Un outil pr\u00e9cis alliant fonctionnalit\u00e9 et design. Douceur optimale pour le confort des sp\u00e9cialistes, id\u00e9al pour les sourcils exigeants.\" \/>\n<meta name=\"robots\" content=\"index, follow, max-snippet:-1, max-image-preview:large, max-video-preview:-1\" \/>\n<link rel=\"canonical\" href=\"https:\/\/www.art-natur.ch\/fr\/produit\/regle-pour-un-marquage-parfait-des-sourcils-expert-en-henne\/\" \/>\n<meta property=\"og:locale\" content=\"fr_FR\" \/>\n<meta property=\"og:type\" content=\"article\" \/>\n<meta property=\"og:title\" content=\"R\u00e8gle pour un marquage parfait des sourcils Expert en henn\u00e9 - LASHES&amp;BROWS by Nataliya Reinhard\" \/>\n<meta property=\"og:description\" content=\"Un outil pr\u00e9cis alliant fonctionnalit\u00e9 et design. Douceur optimale pour le confort des sp\u00e9cialistes, id\u00e9al pour les sourcils exigeants.\" \/>\n<meta property=\"og:url\" content=\"https:\/\/www.art-natur.ch\/fr\/produit\/regle-pour-un-marquage-parfait-des-sourcils-expert-en-henne\/\" \/>\n<meta property=\"og:site_name\" content=\"LASHES&amp;BROWS by Nataliya Reinhard\" \/>\n<meta property=\"article:modified_time\" content=\"2024-10-13T16:57:41+00:00\" \/>\n<meta property=\"og:image\" content=\"https:\/\/www.art-natur.ch\/wp-content\/uploads\/2024\/09\/2651517454-Photoroom.png\" \/>\n\t<meta property=\"og:image:width\" content=\"1280\" \/>\n\t<meta property=\"og:image:height\" content=\"1280\" \/>\n\t<meta property=\"og:image:type\" content=\"image\/png\" \/>\n<meta name=\"twitter:card\" content=\"summary_large_image\" \/>\n<script type=\"application\/ld+json\" class=\"yoast-schema-graph\">{\"@context\":\"https:\/\/schema.org\",\"@graph\":[{\"@type\":\"WebPage\",\"@id\":\"https:\/\/www.art-natur.ch\/fr\/produit\/regle-pour-un-marquage-parfait-des-sourcils-expert-en-henne\/\",\"url\":\"https:\/\/www.art-natur.ch\/fr\/produit\/regle-pour-un-marquage-parfait-des-sourcils-expert-en-henne\/\",\"name\":\"R\u00e8gle pour un marquage parfait des sourcils Expert en henn\u00e9 - LASHES&amp;BROWS by Nataliya Reinhard\",\"isPartOf\":{\"@id\":\"https:\/\/www.art-natur.ch\/fr\/#website\"},\"primaryImageOfPage\":{\"@id\":\"https:\/\/www.art-natur.ch\/fr\/produit\/regle-pour-un-marquage-parfait-des-sourcils-expert-en-henne\/#primaryimage\"},\"image\":{\"@id\":\"https:\/\/www.art-natur.ch\/fr\/produit\/regle-pour-un-marquage-parfait-des-sourcils-expert-en-henne\/#primaryimage\"},\"thumbnailUrl\":\"https:\/\/www.art-natur.ch\/wp-content\/uploads\/2024\/09\/2651517454-Photoroom.png\",\"datePublished\":\"2024-09-28T12:58:50+00:00\",\"dateModified\":\"2024-10-13T16:57:41+00:00\",\"description\":\"Un outil pr\u00e9cis alliant fonctionnalit\u00e9 et design. Douceur optimale pour le confort des sp\u00e9cialistes, id\u00e9al pour les sourcils exigeants.\",\"breadcrumb\":{\"@id\":\"https:\/\/www.art-natur.ch\/fr\/produit\/regle-pour-un-marquage-parfait-des-sourcils-expert-en-henne\/#breadcrumb\"},\"inLanguage\":\"fr-FR\",\"potentialAction\":[{\"@type\":\"ReadAction\",\"target\":[\"https:\/\/www.art-natur.ch\/fr\/produit\/regle-pour-un-marquage-parfait-des-sourcils-expert-en-henne\/\"]}]},{\"@type\":\"ImageObject\",\"inLanguage\":\"fr-FR\",\"@id\":\"https:\/\/www.art-natur.ch\/fr\/produit\/regle-pour-un-marquage-parfait-des-sourcils-expert-en-henne\/#primaryimage\",\"url\":\"https:\/\/www.art-natur.ch\/wp-content\/uploads\/2024\/09\/2651517454-Photoroom.png\",\"contentUrl\":\"https:\/\/www.art-natur.ch\/wp-content\/uploads\/2024\/09\/2651517454-Photoroom.png\",\"width\":1280,\"height\":1280},{\"@type\":\"BreadcrumbList\",\"@id\":\"https:\/\/www.art-natur.ch\/fr\/produit\/regle-pour-un-marquage-parfait-des-sourcils-expert-en-henne\/#breadcrumb\",\"itemListElement\":[{\"@type\":\"ListItem\",\"position\":1,\"name\":\"Home\",\"item\":\"https:\/\/www.art-natur.ch\/fr\/\"},{\"@type\":\"ListItem\",\"position\":2,\"name\":\"Boutique\",\"item\":\"https:\/\/www.art-natur.ch\/shop\/\"},{\"@type\":\"ListItem\",\"position\":3,\"name\":\"R\u00e8gle pour un marquage parfait des sourcils Expert en henn\u00e9\"}]},{\"@type\":\"WebSite\",\"@id\":\"https:\/\/www.art-natur.ch\/fr\/#website\",\"url\":\"https:\/\/www.art-natur.ch\/fr\/\",\"name\":\"LASHES&amp;BROWS by Nataliya Reinhard\",\"description\":\"High-quality lash and brow services with attention to every detail\",\"potentialAction\":[{\"@type\":\"SearchAction\",\"target\":{\"@type\":\"EntryPoint\",\"urlTemplate\":\"https:\/\/www.art-natur.ch\/fr\/?s={search_term_string}\"},\"query-input\":{\"@type\":\"PropertyValueSpecification\",\"valueRequired\":true,\"valueName\":\"search_term_string\"}}],\"inLanguage\":\"fr-FR\"}]}<\/script>\n<!-- \/ Yoast SEO plugin. -->","yoast_head_json":{"title":"R\u00e8gle pour un marquage parfait des sourcils Expert en henn\u00e9 - LASHES&amp;BROWS by Nataliya Reinhard","description":"Un outil pr\u00e9cis alliant fonctionnalit\u00e9 et design. Douceur optimale pour le confort des sp\u00e9cialistes, id\u00e9al pour les sourcils exigeants.","robots":{"index":"index","follow":"follow","max-snippet":"max-snippet:-1","max-image-preview":"max-image-preview:large","max-video-preview":"max-video-preview:-1"},"canonical":"https:\/\/www.art-natur.ch\/fr\/produit\/regle-pour-un-marquage-parfait-des-sourcils-expert-en-henne\/","og_locale":"fr_FR","og_type":"article","og_title":"R\u00e8gle pour un marquage parfait des sourcils Expert en henn\u00e9 - LASHES&amp;BROWS by Nataliya Reinhard","og_description":"Un outil pr\u00e9cis alliant fonctionnalit\u00e9 et design. Douceur optimale pour le confort des sp\u00e9cialistes, id\u00e9al pour les sourcils exigeants.","og_url":"https:\/\/www.art-natur.ch\/fr\/produit\/regle-pour-un-marquage-parfait-des-sourcils-expert-en-henne\/","og_site_name":"LASHES&amp;BROWS by Nataliya Reinhard","article_modified_time":"2024-10-13T16:57:41+00:00","og_image":[{"width":1280,"height":1280,"url":"https:\/\/www.art-natur.ch\/wp-content\/uploads\/2024\/09\/2651517454-Photoroom.png","type":"image\/png"}],"twitter_card":"summary_large_image","schema":{"@context":"https:\/\/schema.org","@graph":[{"@type":"WebPage","@id":"https:\/\/www.art-natur.ch\/fr\/produit\/regle-pour-un-marquage-parfait-des-sourcils-expert-en-henne\/","url":"https:\/\/www.art-natur.ch\/fr\/produit\/regle-pour-un-marquage-parfait-des-sourcils-expert-en-henne\/","name":"R\u00e8gle pour un marquage parfait des sourcils Expert en henn\u00e9 - LASHES&amp;BROWS by Nataliya Reinhard","isPartOf":{"@id":"https:\/\/www.art-natur.ch\/fr\/#website"},"primaryImageOfPage":{"@id":"https:\/\/www.art-natur.ch\/fr\/produit\/regle-pour-un-marquage-parfait-des-sourcils-expert-en-henne\/#primaryimage"},"image":{"@id":"https:\/\/www.art-natur.ch\/fr\/produit\/regle-pour-un-marquage-parfait-des-sourcils-expert-en-henne\/#primaryimage"},"thumbnailUrl":"https:\/\/www.art-natur.ch\/wp-content\/uploads\/2024\/09\/2651517454-Photoroom.png","datePublished":"2024-09-28T12:58:50+00:00","dateModified":"2024-10-13T16:57:41+00:00","description":"Un outil pr\u00e9cis alliant fonctionnalit\u00e9 et design. Douceur optimale pour le confort des sp\u00e9cialistes, id\u00e9al pour les sourcils exigeants.","breadcrumb":{"@id":"https:\/\/www.art-natur.ch\/fr\/produit\/regle-pour-un-marquage-parfait-des-sourcils-expert-en-henne\/#breadcrumb"},"inLanguage":"fr-FR","potentialAction":[{"@type":"ReadAction","target":["https:\/\/www.art-natur.ch\/fr\/produit\/regle-pour-un-marquage-parfait-des-sourcils-expert-en-henne\/"]}]},{"@type":"ImageObject","inLanguage":"fr-FR","@id":"https:\/\/www.art-natur.ch\/fr\/produit\/regle-pour-un-marquage-parfait-des-sourcils-expert-en-henne\/#primaryimage","url":"https:\/\/www.art-natur.ch\/wp-content\/uploads\/2024\/09\/2651517454-Photoroom.png","contentUrl":"https:\/\/www.art-natur.ch\/wp-content\/uploads\/2024\/09\/2651517454-Photoroom.png","width":1280,"height":1280},{"@type":"BreadcrumbList","@id":"https:\/\/www.art-natur.ch\/fr\/produit\/regle-pour-un-marquage-parfait-des-sourcils-expert-en-henne\/#breadcrumb","itemListElement":[{"@type":"ListItem","position":1,"name":"Home","item":"https:\/\/www.art-natur.ch\/fr\/"},{"@type":"ListItem","position":2,"name":"Boutique","item":"https:\/\/www.art-natur.ch\/shop\/"},{"@type":"ListItem","position":3,"name":"R\u00e8gle pour un marquage parfait des sourcils Expert en henn\u00e9"}]},{"@type":"WebSite","@id":"https:\/\/www.art-natur.ch\/fr\/#website","url":"https:\/\/www.art-natur.ch\/fr\/","name":"LASHES&amp;BROWS by Nataliya Reinhard","description":"High-quality lash and brow services with attention to every detail","potentialAction":[{"@type":"SearchAction","target":{"@type":"EntryPoint","urlTemplate":"https:\/\/www.art-natur.ch\/fr\/?s={search_term_string}"},"query-input":{"@type":"PropertyValueSpecification","valueRequired":true,"valueName":"search_term_string"}}],"inLanguage":"fr-FR"}]}},"_links":{"self":[{"href":"https:\/\/www.art-natur.ch\/fr\/wp-json\/wp\/v2\/product\/2717","targetHints":{"allow":["GET"]}}],"collection":[{"href":"https:\/\/www.art-natur.ch\/fr\/wp-json\/wp\/v2\/product"}],"about":[{"href":"https:\/\/www.art-natur.ch\/fr\/wp-json\/wp\/v2\/types\/product"}],"wp:featuredmedia":[{"embeddable":true,"href":"https:\/\/www.art-natur.ch\/fr\/wp-json\/wp\/v2\/media\/7137"}],"wp:attachment":[{"href":"https:\/\/www.art-natur.ch\/fr\/wp-json\/wp\/v2\/media?parent=2717"}],"wp:term":[{"taxonomy":"product_cat","embeddable":true,"href":"https:\/\/www.art-natur.ch\/fr\/wp-json\/wp\/v2\/product_cat?post=2717"},{"taxonomy":"product_tag","embeddable":true,"href":"https:\/\/www.art-natur.ch\/fr\/wp-json\/wp\/v2\/product_tag?post=2717"}],"curies":[{"name":"wp","href":"https:\/\/api.w.org\/{rel}","templated":true}]}}