{"id":2735,"date":"2024-09-28T18:38:42","date_gmt":"2024-09-28T16:38:42","guid":{"rendered":"https:\/\/www.art-natur.ch\/product\/set-de-pinceaux-professionnels-inlei-art-collection\/"},"modified":"2024-10-13T18:54:08","modified_gmt":"2024-10-13T16:54:08","slug":"set-de-pinceaux-professionnels-inlei-art-collection","status":"publish","type":"product","link":"https:\/\/www.art-natur.ch\/fr\/produit\/set-de-pinceaux-professionnels-inlei-art-collection\/","title":{"rendered":"Set de pinceaux professionnels InLei ART COLLECTION"},"content":{"rendered":"<p>Set de brosses professionnel r\u00e9alis\u00e9 sur mesure en collaboration dans une fabrique historique de brosses italienne.<\/p>\n<p>Ce kit contient trois pinceaux avec des pointes diff\u00e9rentes : \u00ab\u00a0VINCENT\u00a0\u00bb, \u00ab\u00a0PICASSO\u00a0\u00bb et \u00ab\u00a0LEONARDO\u00a0\u00bb.<\/p>\n<p>100% Made in Italy<br \/>\nPoils : poils synth\u00e9tiques fins. R\u00e9sistance \u00e0 l&rsquo;usure, douceur \u00e9quilibr\u00e9e, stabilit\u00e9 des couleurs, \u00e9lasticit\u00e9.<br \/>\nPoign\u00e9e : double couche de peinture acrylique silicon\u00e9e. R\u00e9sistant \u00e0 l&rsquo;eau et \u00e0 la d\u00e9sinfection. Fabriqu\u00e9 en bois de bouleau : l\u00e9g\u00e8ret\u00e9 et solidit\u00e9. Laiton nickel\u00e9 avec double constriction.<br \/>\nContenu : 3 pinceaux (\u00ab\u00a0VINCENT\u00a0\u00bb, \u00ab\u00a0PICASSO\u00a0\u00bb et \u00ab\u00a0LEONARDO\u00a0\u00bb)<\/p>\n","protected":false},"excerpt":{"rendered":"<p>Set de brosses professionnel r\u00e9alis\u00e9 sur mesure en collaboration dans une fabrique historique de brosses italienne. Ce kit contient trois pinceaux avec des pointes diff\u00e9rentes : \u00ab\u00a0VINCENT\u00a0\u00bb, \u00ab\u00a0PICASSO\u00a0\u00bb et \u00ab\u00a0LEONARDO\u00a0\u00bb. 100% Made in Italy Poils : poils synth\u00e9tiques fins. R\u00e9sistance \u00e0 l&rsquo;usure, douceur \u00e9quilibr\u00e9e, stabilit\u00e9 des couleurs, \u00e9lasticit\u00e9. Poign\u00e9e : double couche de peinture acrylique [&hellip;]<\/p>\n","protected":false},"featured_media":7128,"template":"","meta":{"_acf_changed":false,"inline_featured_image":false},"product_cat":[119,125,129,141,143,146,150,160,193,207],"product_tag":[],"class_list":{"0":"post-2735","1":"product","2":"type-product","3":"status-publish","4":"has-post-thumbnail","6":"product_brand-in-lei","7":"product_cat-coloration-et-correction-des-sourcils","8":"product_cat-outil-extension-de-cils","9":"product_cat-stylisation-a-long-terme-des-sourcils","10":"product_cat-outils","11":"product_cat-equipements-et-accessoires","12":"product_cat-autre","13":"product_cat-rehaussement-des-cils","14":"product_cat-outil","15":"product_cat-produits-connexes","16":"product_cat-consommables-fr","18":"first","19":"instock","20":"shipping-taxable","21":"purchasable","22":"product-type-simple"},"acf":[],"yoast_head":"<!-- This site is optimized with the Yoast SEO plugin v26.6 - https:\/\/yoast.com\/wordpress\/plugins\/seo\/ -->\n<title>Set de pinceaux professionnels InLei ART COLLECTION - LASHES&amp;BROWS by Nataliya Reinhard<\/title>\n<meta name=\"description\" content=\"Set de brosses professionnel avec &quot;VINCENT&quot;, &quot;PICASSO&quot; et &quot;LEONARDO&quot;. Fabriqu\u00e9 en Italie avec des poils synth\u00e9tiques durables et des manches en bois de bouleau.\" \/>\n<meta name=\"robots\" content=\"index, follow, max-snippet:-1, max-image-preview:large, max-video-preview:-1\" \/>\n<link rel=\"canonical\" href=\"https:\/\/www.art-natur.ch\/fr\/produit\/set-de-pinceaux-professionnels-inlei-art-collection\/\" \/>\n<meta property=\"og:locale\" content=\"fr_FR\" \/>\n<meta property=\"og:type\" content=\"article\" \/>\n<meta property=\"og:title\" content=\"Set de pinceaux professionnels InLei ART COLLECTION - LASHES&amp;BROWS by Nataliya Reinhard\" \/>\n<meta property=\"og:description\" content=\"Set de brosses professionnel avec &quot;VINCENT&quot;, &quot;PICASSO&quot; et &quot;LEONARDO&quot;. Fabriqu\u00e9 en Italie avec des poils synth\u00e9tiques durables et des manches en bois de bouleau.\" \/>\n<meta property=\"og:url\" content=\"https:\/\/www.art-natur.ch\/fr\/produit\/set-de-pinceaux-professionnels-inlei-art-collection\/\" \/>\n<meta property=\"og:site_name\" content=\"LASHES&amp;BROWS by Nataliya Reinhard\" \/>\n<meta property=\"article:modified_time\" content=\"2024-10-13T16:54:08+00:00\" \/>\n<meta property=\"og:image\" content=\"https:\/\/www.art-natur.ch\/wp-content\/uploads\/2024\/09\/2519240229-Photoroom.png\" \/>\n\t<meta property=\"og:image:width\" content=\"720\" \/>\n\t<meta property=\"og:image:height\" content=\"720\" \/>\n\t<meta property=\"og:image:type\" content=\"image\/png\" \/>\n<meta name=\"twitter:card\" content=\"summary_large_image\" \/>\n<script type=\"application\/ld+json\" class=\"yoast-schema-graph\">{\"@context\":\"https:\/\/schema.org\",\"@graph\":[{\"@type\":\"WebPage\",\"@id\":\"https:\/\/www.art-natur.ch\/fr\/produit\/set-de-pinceaux-professionnels-inlei-art-collection\/\",\"url\":\"https:\/\/www.art-natur.ch\/fr\/produit\/set-de-pinceaux-professionnels-inlei-art-collection\/\",\"name\":\"Set de pinceaux professionnels InLei ART COLLECTION - LASHES&amp;BROWS by Nataliya Reinhard\",\"isPartOf\":{\"@id\":\"https:\/\/www.art-natur.ch\/fr\/#website\"},\"primaryImageOfPage\":{\"@id\":\"https:\/\/www.art-natur.ch\/fr\/produit\/set-de-pinceaux-professionnels-inlei-art-collection\/#primaryimage\"},\"image\":{\"@id\":\"https:\/\/www.art-natur.ch\/fr\/produit\/set-de-pinceaux-professionnels-inlei-art-collection\/#primaryimage\"},\"thumbnailUrl\":\"https:\/\/www.art-natur.ch\/wp-content\/uploads\/2024\/09\/2519240229-Photoroom.png\",\"datePublished\":\"2024-09-28T16:38:42+00:00\",\"dateModified\":\"2024-10-13T16:54:08+00:00\",\"description\":\"Set de brosses professionnel avec \\\"VINCENT\\\", \\\"PICASSO\\\" et \\\"LEONARDO\\\". Fabriqu\u00e9 en Italie avec des poils synth\u00e9tiques durables et des manches en bois de bouleau.\",\"breadcrumb\":{\"@id\":\"https:\/\/www.art-natur.ch\/fr\/produit\/set-de-pinceaux-professionnels-inlei-art-collection\/#breadcrumb\"},\"inLanguage\":\"fr-FR\",\"potentialAction\":[{\"@type\":\"ReadAction\",\"target\":[\"https:\/\/www.art-natur.ch\/fr\/produit\/set-de-pinceaux-professionnels-inlei-art-collection\/\"]}]},{\"@type\":\"ImageObject\",\"inLanguage\":\"fr-FR\",\"@id\":\"https:\/\/www.art-natur.ch\/fr\/produit\/set-de-pinceaux-professionnels-inlei-art-collection\/#primaryimage\",\"url\":\"https:\/\/www.art-natur.ch\/wp-content\/uploads\/2024\/09\/2519240229-Photoroom.png\",\"contentUrl\":\"https:\/\/www.art-natur.ch\/wp-content\/uploads\/2024\/09\/2519240229-Photoroom.png\",\"width\":720,\"height\":720},{\"@type\":\"BreadcrumbList\",\"@id\":\"https:\/\/www.art-natur.ch\/fr\/produit\/set-de-pinceaux-professionnels-inlei-art-collection\/#breadcrumb\",\"itemListElement\":[{\"@type\":\"ListItem\",\"position\":1,\"name\":\"Home\",\"item\":\"https:\/\/www.art-natur.ch\/fr\/\"},{\"@type\":\"ListItem\",\"position\":2,\"name\":\"Boutique\",\"item\":\"https:\/\/www.art-natur.ch\/shop\/\"},{\"@type\":\"ListItem\",\"position\":3,\"name\":\"Set de pinceaux professionnels InLei ART COLLECTION\"}]},{\"@type\":\"WebSite\",\"@id\":\"https:\/\/www.art-natur.ch\/fr\/#website\",\"url\":\"https:\/\/www.art-natur.ch\/fr\/\",\"name\":\"LASHES&amp;BROWS by Nataliya Reinhard\",\"description\":\"High-quality lash and brow services with attention to every detail\",\"potentialAction\":[{\"@type\":\"SearchAction\",\"target\":{\"@type\":\"EntryPoint\",\"urlTemplate\":\"https:\/\/www.art-natur.ch\/fr\/?s={search_term_string}\"},\"query-input\":{\"@type\":\"PropertyValueSpecification\",\"valueRequired\":true,\"valueName\":\"search_term_string\"}}],\"inLanguage\":\"fr-FR\"}]}<\/script>\n<!-- \/ Yoast SEO plugin. -->","yoast_head_json":{"title":"Set de pinceaux professionnels InLei ART COLLECTION - LASHES&amp;BROWS by Nataliya Reinhard","description":"Set de brosses professionnel avec \"VINCENT\", \"PICASSO\" et \"LEONARDO\". Fabriqu\u00e9 en Italie avec des poils synth\u00e9tiques durables et des manches en bois de bouleau.","robots":{"index":"index","follow":"follow","max-snippet":"max-snippet:-1","max-image-preview":"max-image-preview:large","max-video-preview":"max-video-preview:-1"},"canonical":"https:\/\/www.art-natur.ch\/fr\/produit\/set-de-pinceaux-professionnels-inlei-art-collection\/","og_locale":"fr_FR","og_type":"article","og_title":"Set de pinceaux professionnels InLei ART COLLECTION - LASHES&amp;BROWS by Nataliya Reinhard","og_description":"Set de brosses professionnel avec \"VINCENT\", \"PICASSO\" et \"LEONARDO\". Fabriqu\u00e9 en Italie avec des poils synth\u00e9tiques durables et des manches en bois de bouleau.","og_url":"https:\/\/www.art-natur.ch\/fr\/produit\/set-de-pinceaux-professionnels-inlei-art-collection\/","og_site_name":"LASHES&amp;BROWS by Nataliya Reinhard","article_modified_time":"2024-10-13T16:54:08+00:00","og_image":[{"width":720,"height":720,"url":"https:\/\/www.art-natur.ch\/wp-content\/uploads\/2024\/09\/2519240229-Photoroom.png","type":"image\/png"}],"twitter_card":"summary_large_image","schema":{"@context":"https:\/\/schema.org","@graph":[{"@type":"WebPage","@id":"https:\/\/www.art-natur.ch\/fr\/produit\/set-de-pinceaux-professionnels-inlei-art-collection\/","url":"https:\/\/www.art-natur.ch\/fr\/produit\/set-de-pinceaux-professionnels-inlei-art-collection\/","name":"Set de pinceaux professionnels InLei ART COLLECTION - LASHES&amp;BROWS by Nataliya Reinhard","isPartOf":{"@id":"https:\/\/www.art-natur.ch\/fr\/#website"},"primaryImageOfPage":{"@id":"https:\/\/www.art-natur.ch\/fr\/produit\/set-de-pinceaux-professionnels-inlei-art-collection\/#primaryimage"},"image":{"@id":"https:\/\/www.art-natur.ch\/fr\/produit\/set-de-pinceaux-professionnels-inlei-art-collection\/#primaryimage"},"thumbnailUrl":"https:\/\/www.art-natur.ch\/wp-content\/uploads\/2024\/09\/2519240229-Photoroom.png","datePublished":"2024-09-28T16:38:42+00:00","dateModified":"2024-10-13T16:54:08+00:00","description":"Set de brosses professionnel avec \"VINCENT\", \"PICASSO\" et \"LEONARDO\". Fabriqu\u00e9 en Italie avec des poils synth\u00e9tiques durables et des manches en bois de bouleau.","breadcrumb":{"@id":"https:\/\/www.art-natur.ch\/fr\/produit\/set-de-pinceaux-professionnels-inlei-art-collection\/#breadcrumb"},"inLanguage":"fr-FR","potentialAction":[{"@type":"ReadAction","target":["https:\/\/www.art-natur.ch\/fr\/produit\/set-de-pinceaux-professionnels-inlei-art-collection\/"]}]},{"@type":"ImageObject","inLanguage":"fr-FR","@id":"https:\/\/www.art-natur.ch\/fr\/produit\/set-de-pinceaux-professionnels-inlei-art-collection\/#primaryimage","url":"https:\/\/www.art-natur.ch\/wp-content\/uploads\/2024\/09\/2519240229-Photoroom.png","contentUrl":"https:\/\/www.art-natur.ch\/wp-content\/uploads\/2024\/09\/2519240229-Photoroom.png","width":720,"height":720},{"@type":"BreadcrumbList","@id":"https:\/\/www.art-natur.ch\/fr\/produit\/set-de-pinceaux-professionnels-inlei-art-collection\/#breadcrumb","itemListElement":[{"@type":"ListItem","position":1,"name":"Home","item":"https:\/\/www.art-natur.ch\/fr\/"},{"@type":"ListItem","position":2,"name":"Boutique","item":"https:\/\/www.art-natur.ch\/shop\/"},{"@type":"ListItem","position":3,"name":"Set de pinceaux professionnels InLei ART COLLECTION"}]},{"@type":"WebSite","@id":"https:\/\/www.art-natur.ch\/fr\/#website","url":"https:\/\/www.art-natur.ch\/fr\/","name":"LASHES&amp;BROWS by Nataliya Reinhard","description":"High-quality lash and brow services with attention to every detail","potentialAction":[{"@type":"SearchAction","target":{"@type":"EntryPoint","urlTemplate":"https:\/\/www.art-natur.ch\/fr\/?s={search_term_string}"},"query-input":{"@type":"PropertyValueSpecification","valueRequired":true,"valueName":"search_term_string"}}],"inLanguage":"fr-FR"}]}},"_links":{"self":[{"href":"https:\/\/www.art-natur.ch\/fr\/wp-json\/wp\/v2\/product\/2735","targetHints":{"allow":["GET"]}}],"collection":[{"href":"https:\/\/www.art-natur.ch\/fr\/wp-json\/wp\/v2\/product"}],"about":[{"href":"https:\/\/www.art-natur.ch\/fr\/wp-json\/wp\/v2\/types\/product"}],"wp:featuredmedia":[{"embeddable":true,"href":"https:\/\/www.art-natur.ch\/fr\/wp-json\/wp\/v2\/media\/7128"}],"wp:attachment":[{"href":"https:\/\/www.art-natur.ch\/fr\/wp-json\/wp\/v2\/media?parent=2735"}],"wp:term":[{"taxonomy":"product_cat","embeddable":true,"href":"https:\/\/www.art-natur.ch\/fr\/wp-json\/wp\/v2\/product_cat?post=2735"},{"taxonomy":"product_tag","embeddable":true,"href":"https:\/\/www.art-natur.ch\/fr\/wp-json\/wp\/v2\/product_tag?post=2735"}],"curies":[{"name":"wp","href":"https:\/\/api.w.org\/{rel}","templated":true}]}}