{"id":2776,"date":"2024-09-28T18:52:42","date_gmt":"2024-09-28T16:52:42","guid":{"rendered":"https:\/\/www.art-natur.ch\/product\/set-de-pinces-a-extension-de-cils-mega-z-gold-iq-gold-bynataliya-reinhard\/"},"modified":"2025-01-18T21:59:05","modified_gmt":"2025-01-18T20:59:05","slug":"set-de-pinces-a-extension-de-cils-mega-z-gold-iq-gold-bynataliya-reinhard","status":"publish","type":"product","link":"https:\/\/www.art-natur.ch\/fr\/produit\/set-de-pinces-a-extension-de-cils-mega-z-gold-iq-gold-bynataliya-reinhard\/","title":{"rendered":"\u200bSet de  pinces \u00e0 extension de cils \u00ab Mega Z Gold \u00bb+ \u00ab IQ Gold \u00bb ByNataliya Reinhard"},"content":{"rendered":"<p>OUTIL D&rsquo;EXTENSION DES CILS<\/p>\n<p>Magnifique et tr\u00e8s sophistiqu\u00e9 set de 2 pinces \u00e0 cils pour l&rsquo;extension des cils. La description et les avantages de chaque pince d&rsquo;extension des cils se trouvent ci-dessous sur cette page. Prix total d\u00e9j\u00e0 calcul\u00e9 incluant -15%.<\/p>\n","protected":false},"excerpt":{"rendered":"<p>OUTIL D&rsquo;EXTENSION DES CILS Magnifique et tr\u00e8s sophistiqu\u00e9 set de 2 pinces \u00e0 cils pour l&rsquo;extension des cils. La description et les avantages de chaque pince d&rsquo;extension des cils se trouvent ci-dessous sur cette page. Prix total d\u00e9j\u00e0 calcul\u00e9 incluant -15%.<\/p>\n","protected":false},"featured_media":7104,"template":"","meta":{"_acf_changed":false,"inline_featured_image":false},"product_cat":[116,191],"product_tag":[],"class_list":{"0":"post-2776","1":"product","2":"type-product","3":"status-publish","4":"has-post-thumbnail","6":"product_brand-nataliya-reinhard","7":"product_cat-extension-de-cils","8":"product_cat-pinces","10":"first","11":"instock","12":"shipping-taxable","13":"purchasable","14":"product-type-simple"},"acf":[],"yoast_head":"<!-- This site is optimized with the Yoast SEO plugin v26.6 - https:\/\/yoast.com\/wordpress\/plugins\/seo\/ -->\n<title>\u200bSet de pinces \u00e0 extension de cils \u00ab Mega Z Gold \u00bb+ \u00ab IQ Gold \u00bb ByNataliya Reinhard - LASHES&amp;BROWS by Nataliya Reinhard<\/title>\n<meta name=\"description\" content=\"DISPOSITIF D&#039;EXTENSION DE CILS Ensemble de pincettes pour extension de cils raffin\u00e9 de 2 pi\u00e8ces. Avantages et descriptions ci-dessous. Prix incluant -15%.\" \/>\n<meta name=\"robots\" content=\"index, follow, max-snippet:-1, max-image-preview:large, max-video-preview:-1\" \/>\n<link rel=\"canonical\" href=\"https:\/\/www.art-natur.ch\/fr\/produit\/set-de-pinces-a-extension-de-cils-mega-z-gold-iq-gold-bynataliya-reinhard\/\" \/>\n<meta property=\"og:locale\" content=\"fr_FR\" \/>\n<meta property=\"og:type\" content=\"article\" \/>\n<meta property=\"og:title\" content=\"\u200bSet de pinces \u00e0 extension de cils \u00ab Mega Z Gold \u00bb+ \u00ab IQ Gold \u00bb ByNataliya Reinhard - LASHES&amp;BROWS by Nataliya Reinhard\" \/>\n<meta property=\"og:description\" content=\"DISPOSITIF D&#039;EXTENSION DE CILS Ensemble de pincettes pour extension de cils raffin\u00e9 de 2 pi\u00e8ces. Avantages et descriptions ci-dessous. Prix incluant -15%.\" \/>\n<meta property=\"og:url\" content=\"https:\/\/www.art-natur.ch\/fr\/produit\/set-de-pinces-a-extension-de-cils-mega-z-gold-iq-gold-bynataliya-reinhard\/\" \/>\n<meta property=\"og:site_name\" content=\"LASHES&amp;BROWS by Nataliya Reinhard\" \/>\n<meta property=\"article:modified_time\" content=\"2025-01-18T20:59:05+00:00\" \/>\n<meta property=\"og:image\" content=\"https:\/\/www.art-natur.ch\/wp-content\/uploads\/2024\/09\/2465546980-Photoroom.png\" \/>\n\t<meta property=\"og:image:width\" content=\"1200\" \/>\n\t<meta property=\"og:image:height\" content=\"800\" \/>\n\t<meta property=\"og:image:type\" content=\"image\/png\" \/>\n<meta name=\"twitter:card\" content=\"summary_large_image\" \/>\n<script type=\"application\/ld+json\" class=\"yoast-schema-graph\">{\"@context\":\"https:\/\/schema.org\",\"@graph\":[{\"@type\":\"WebPage\",\"@id\":\"https:\/\/www.art-natur.ch\/fr\/produit\/set-de-pinces-a-extension-de-cils-mega-z-gold-iq-gold-bynataliya-reinhard\/\",\"url\":\"https:\/\/www.art-natur.ch\/fr\/produit\/set-de-pinces-a-extension-de-cils-mega-z-gold-iq-gold-bynataliya-reinhard\/\",\"name\":\"\u200bSet de pinces \u00e0 extension de cils \u00ab Mega Z Gold \u00bb+ \u00ab IQ Gold \u00bb ByNataliya Reinhard - LASHES&amp;BROWS by Nataliya Reinhard\",\"isPartOf\":{\"@id\":\"https:\/\/www.art-natur.ch\/fr\/#website\"},\"primaryImageOfPage\":{\"@id\":\"https:\/\/www.art-natur.ch\/fr\/produit\/set-de-pinces-a-extension-de-cils-mega-z-gold-iq-gold-bynataliya-reinhard\/#primaryimage\"},\"image\":{\"@id\":\"https:\/\/www.art-natur.ch\/fr\/produit\/set-de-pinces-a-extension-de-cils-mega-z-gold-iq-gold-bynataliya-reinhard\/#primaryimage\"},\"thumbnailUrl\":\"https:\/\/www.art-natur.ch\/wp-content\/uploads\/2024\/09\/2465546980-Photoroom.png\",\"datePublished\":\"2024-09-28T16:52:42+00:00\",\"dateModified\":\"2025-01-18T20:59:05+00:00\",\"description\":\"DISPOSITIF D'EXTENSION DE CILS Ensemble de pincettes pour extension de cils raffin\u00e9 de 2 pi\u00e8ces. Avantages et descriptions ci-dessous. Prix incluant -15%.\",\"breadcrumb\":{\"@id\":\"https:\/\/www.art-natur.ch\/fr\/produit\/set-de-pinces-a-extension-de-cils-mega-z-gold-iq-gold-bynataliya-reinhard\/#breadcrumb\"},\"inLanguage\":\"fr-FR\",\"potentialAction\":[{\"@type\":\"ReadAction\",\"target\":[\"https:\/\/www.art-natur.ch\/fr\/produit\/set-de-pinces-a-extension-de-cils-mega-z-gold-iq-gold-bynataliya-reinhard\/\"]}]},{\"@type\":\"ImageObject\",\"inLanguage\":\"fr-FR\",\"@id\":\"https:\/\/www.art-natur.ch\/fr\/produit\/set-de-pinces-a-extension-de-cils-mega-z-gold-iq-gold-bynataliya-reinhard\/#primaryimage\",\"url\":\"https:\/\/www.art-natur.ch\/wp-content\/uploads\/2024\/09\/2465546980-Photoroom.png\",\"contentUrl\":\"https:\/\/www.art-natur.ch\/wp-content\/uploads\/2024\/09\/2465546980-Photoroom.png\",\"width\":1200,\"height\":800},{\"@type\":\"BreadcrumbList\",\"@id\":\"https:\/\/www.art-natur.ch\/fr\/produit\/set-de-pinces-a-extension-de-cils-mega-z-gold-iq-gold-bynataliya-reinhard\/#breadcrumb\",\"itemListElement\":[{\"@type\":\"ListItem\",\"position\":1,\"name\":\"Home\",\"item\":\"https:\/\/www.art-natur.ch\/fr\/\"},{\"@type\":\"ListItem\",\"position\":2,\"name\":\"Boutique\",\"item\":\"https:\/\/www.art-natur.ch\/shop\/\"},{\"@type\":\"ListItem\",\"position\":3,\"name\":\"\u200bSet de pinces \u00e0 extension de cils \u00ab Mega Z Gold \u00bb+ \u00ab IQ Gold \u00bb ByNataliya Reinhard\"}]},{\"@type\":\"WebSite\",\"@id\":\"https:\/\/www.art-natur.ch\/fr\/#website\",\"url\":\"https:\/\/www.art-natur.ch\/fr\/\",\"name\":\"LASHES&amp;BROWS by Nataliya Reinhard\",\"description\":\"High-quality lash and brow services with attention to every detail\",\"potentialAction\":[{\"@type\":\"SearchAction\",\"target\":{\"@type\":\"EntryPoint\",\"urlTemplate\":\"https:\/\/www.art-natur.ch\/fr\/?s={search_term_string}\"},\"query-input\":{\"@type\":\"PropertyValueSpecification\",\"valueRequired\":true,\"valueName\":\"search_term_string\"}}],\"inLanguage\":\"fr-FR\"}]}<\/script>\n<!-- \/ Yoast SEO plugin. -->","yoast_head_json":{"title":"\u200bSet de pinces \u00e0 extension de cils \u00ab Mega Z Gold \u00bb+ \u00ab IQ Gold \u00bb ByNataliya Reinhard - LASHES&amp;BROWS by Nataliya Reinhard","description":"DISPOSITIF D'EXTENSION DE CILS Ensemble de pincettes pour extension de cils raffin\u00e9 de 2 pi\u00e8ces. Avantages et descriptions ci-dessous. Prix incluant -15%.","robots":{"index":"index","follow":"follow","max-snippet":"max-snippet:-1","max-image-preview":"max-image-preview:large","max-video-preview":"max-video-preview:-1"},"canonical":"https:\/\/www.art-natur.ch\/fr\/produit\/set-de-pinces-a-extension-de-cils-mega-z-gold-iq-gold-bynataliya-reinhard\/","og_locale":"fr_FR","og_type":"article","og_title":"\u200bSet de pinces \u00e0 extension de cils \u00ab Mega Z Gold \u00bb+ \u00ab IQ Gold \u00bb ByNataliya Reinhard - LASHES&amp;BROWS by Nataliya Reinhard","og_description":"DISPOSITIF D'EXTENSION DE CILS Ensemble de pincettes pour extension de cils raffin\u00e9 de 2 pi\u00e8ces. Avantages et descriptions ci-dessous. Prix incluant -15%.","og_url":"https:\/\/www.art-natur.ch\/fr\/produit\/set-de-pinces-a-extension-de-cils-mega-z-gold-iq-gold-bynataliya-reinhard\/","og_site_name":"LASHES&amp;BROWS by Nataliya Reinhard","article_modified_time":"2025-01-18T20:59:05+00:00","og_image":[{"width":1200,"height":800,"url":"https:\/\/www.art-natur.ch\/wp-content\/uploads\/2024\/09\/2465546980-Photoroom.png","type":"image\/png"}],"twitter_card":"summary_large_image","schema":{"@context":"https:\/\/schema.org","@graph":[{"@type":"WebPage","@id":"https:\/\/www.art-natur.ch\/fr\/produit\/set-de-pinces-a-extension-de-cils-mega-z-gold-iq-gold-bynataliya-reinhard\/","url":"https:\/\/www.art-natur.ch\/fr\/produit\/set-de-pinces-a-extension-de-cils-mega-z-gold-iq-gold-bynataliya-reinhard\/","name":"\u200bSet de pinces \u00e0 extension de cils \u00ab Mega Z Gold \u00bb+ \u00ab IQ Gold \u00bb ByNataliya Reinhard - LASHES&amp;BROWS by Nataliya Reinhard","isPartOf":{"@id":"https:\/\/www.art-natur.ch\/fr\/#website"},"primaryImageOfPage":{"@id":"https:\/\/www.art-natur.ch\/fr\/produit\/set-de-pinces-a-extension-de-cils-mega-z-gold-iq-gold-bynataliya-reinhard\/#primaryimage"},"image":{"@id":"https:\/\/www.art-natur.ch\/fr\/produit\/set-de-pinces-a-extension-de-cils-mega-z-gold-iq-gold-bynataliya-reinhard\/#primaryimage"},"thumbnailUrl":"https:\/\/www.art-natur.ch\/wp-content\/uploads\/2024\/09\/2465546980-Photoroom.png","datePublished":"2024-09-28T16:52:42+00:00","dateModified":"2025-01-18T20:59:05+00:00","description":"DISPOSITIF D'EXTENSION DE CILS Ensemble de pincettes pour extension de cils raffin\u00e9 de 2 pi\u00e8ces. Avantages et descriptions ci-dessous. Prix incluant -15%.","breadcrumb":{"@id":"https:\/\/www.art-natur.ch\/fr\/produit\/set-de-pinces-a-extension-de-cils-mega-z-gold-iq-gold-bynataliya-reinhard\/#breadcrumb"},"inLanguage":"fr-FR","potentialAction":[{"@type":"ReadAction","target":["https:\/\/www.art-natur.ch\/fr\/produit\/set-de-pinces-a-extension-de-cils-mega-z-gold-iq-gold-bynataliya-reinhard\/"]}]},{"@type":"ImageObject","inLanguage":"fr-FR","@id":"https:\/\/www.art-natur.ch\/fr\/produit\/set-de-pinces-a-extension-de-cils-mega-z-gold-iq-gold-bynataliya-reinhard\/#primaryimage","url":"https:\/\/www.art-natur.ch\/wp-content\/uploads\/2024\/09\/2465546980-Photoroom.png","contentUrl":"https:\/\/www.art-natur.ch\/wp-content\/uploads\/2024\/09\/2465546980-Photoroom.png","width":1200,"height":800},{"@type":"BreadcrumbList","@id":"https:\/\/www.art-natur.ch\/fr\/produit\/set-de-pinces-a-extension-de-cils-mega-z-gold-iq-gold-bynataliya-reinhard\/#breadcrumb","itemListElement":[{"@type":"ListItem","position":1,"name":"Home","item":"https:\/\/www.art-natur.ch\/fr\/"},{"@type":"ListItem","position":2,"name":"Boutique","item":"https:\/\/www.art-natur.ch\/shop\/"},{"@type":"ListItem","position":3,"name":"\u200bSet de pinces \u00e0 extension de cils \u00ab Mega Z Gold \u00bb+ \u00ab IQ Gold \u00bb ByNataliya Reinhard"}]},{"@type":"WebSite","@id":"https:\/\/www.art-natur.ch\/fr\/#website","url":"https:\/\/www.art-natur.ch\/fr\/","name":"LASHES&amp;BROWS by Nataliya Reinhard","description":"High-quality lash and brow services with attention to every detail","potentialAction":[{"@type":"SearchAction","target":{"@type":"EntryPoint","urlTemplate":"https:\/\/www.art-natur.ch\/fr\/?s={search_term_string}"},"query-input":{"@type":"PropertyValueSpecification","valueRequired":true,"valueName":"search_term_string"}}],"inLanguage":"fr-FR"}]}},"_links":{"self":[{"href":"https:\/\/www.art-natur.ch\/fr\/wp-json\/wp\/v2\/product\/2776","targetHints":{"allow":["GET"]}}],"collection":[{"href":"https:\/\/www.art-natur.ch\/fr\/wp-json\/wp\/v2\/product"}],"about":[{"href":"https:\/\/www.art-natur.ch\/fr\/wp-json\/wp\/v2\/types\/product"}],"wp:featuredmedia":[{"embeddable":true,"href":"https:\/\/www.art-natur.ch\/fr\/wp-json\/wp\/v2\/media\/7104"}],"wp:attachment":[{"href":"https:\/\/www.art-natur.ch\/fr\/wp-json\/wp\/v2\/media?parent=2776"}],"wp:term":[{"taxonomy":"product_cat","embeddable":true,"href":"https:\/\/www.art-natur.ch\/fr\/wp-json\/wp\/v2\/product_cat?post=2776"},{"taxonomy":"product_tag","embeddable":true,"href":"https:\/\/www.art-natur.ch\/fr\/wp-json\/wp\/v2\/product_tag?post=2776"}],"curies":[{"name":"wp","href":"https:\/\/api.w.org\/{rel}","templated":true}]}}