{"id":2783,"date":"2024-09-28T18:56:05","date_gmt":"2024-09-28T17:56:05","guid":{"rendered":"https:\/\/www.art-natur.ch\/product\/shampooing-aux-proteines-de-ble-expert-en-henne\/"},"modified":"2025-01-19T09:21:05","modified_gmt":"2025-01-19T08:21:05","slug":"shampooing-aux-proteines-de-ble-expert-en-henne","status":"publish","type":"product","link":"https:\/\/www.art-natur.ch\/fr\/produit\/shampooing-aux-proteines-de-ble-expert-en-henne\/","title":{"rendered":"Shampooing aux prot\u00e9ines de bl\u00e9 \u00ab\u00a0Expert en henn\u00e9\u00a0\u00bb."},"content":{"rendered":"<p>Shampooing pour le nettoyage professionnel de la zone des sourcils avant la simulation et la proc\u00e9dure de henn\u00e9 ou de teinture. Le shampooing est naturellement formul\u00e9 avec des prot\u00e9ines de bl\u00e9 pour prendre soin des cheveux.<br \/>\nCe shampooing professionnel ne mousse pas, ne coule pas et rince en douceur toutes les impuret\u00e9s sans risque de contact avec les yeux.<\/p>\n","protected":false},"excerpt":{"rendered":"<p>Shampooing pour le nettoyage professionnel de la zone des sourcils avant la simulation et la proc\u00e9dure de henn\u00e9 ou de teinture. Le shampooing est naturellement formul\u00e9 avec des prot\u00e9ines de bl\u00e9 pour prendre soin des cheveux. Ce shampooing professionnel ne mousse pas, ne coule pas et rince en douceur toutes les impuret\u00e9s sans risque de [&hellip;]<\/p>\n","protected":false},"featured_media":7096,"template":"","meta":{"_acf_changed":false,"inline_featured_image":false},"product_cat":[119,121,538],"product_tag":[],"class_list":{"0":"post-2783","1":"product","2":"type-product","3":"status-publish","4":"has-post-thumbnail","6":"product_brand-henna-expert","7":"product_cat-coloration-et-correction-des-sourcils","8":"product_cat-henne-pour-les-sourcils","9":"product_cat-promotions","11":"first","12":"instock","13":"sale","14":"shipping-taxable","15":"purchasable","16":"product-type-simple"},"acf":[],"yoast_head":"<!-- This site is optimized with the Yoast SEO plugin v26.6 - https:\/\/yoast.com\/wordpress\/plugins\/seo\/ -->\n<title>Shampooing aux prot\u00e9ines de bl\u00e9 &quot;Expert en henn\u00e9&quot;. - LASHES&amp;BROWS by Nataliya Reinhard<\/title>\n<meta name=\"description\" content=\"Shampooing pour un nettoyage professionnel des sourcils avant la simulation et la teinture. Avec des prot\u00e9ines de bl\u00e9 pour prendre soin des poils.\" \/>\n<meta name=\"robots\" content=\"index, follow, max-snippet:-1, max-image-preview:large, max-video-preview:-1\" \/>\n<link rel=\"canonical\" href=\"https:\/\/www.art-natur.ch\/fr\/produit\/shampooing-aux-proteines-de-ble-expert-en-henne\/\" \/>\n<meta property=\"og:locale\" content=\"fr_FR\" \/>\n<meta property=\"og:type\" content=\"article\" \/>\n<meta property=\"og:title\" content=\"Shampooing aux prot\u00e9ines de bl\u00e9 &quot;Expert en henn\u00e9&quot;. - LASHES&amp;BROWS by Nataliya Reinhard\" \/>\n<meta property=\"og:description\" content=\"Shampooing pour un nettoyage professionnel des sourcils avant la simulation et la teinture. Avec des prot\u00e9ines de bl\u00e9 pour prendre soin des poils.\" \/>\n<meta property=\"og:url\" content=\"https:\/\/www.art-natur.ch\/fr\/produit\/shampooing-aux-proteines-de-ble-expert-en-henne\/\" \/>\n<meta property=\"og:site_name\" content=\"LASHES&amp;BROWS by Nataliya Reinhard\" \/>\n<meta property=\"article:modified_time\" content=\"2025-01-19T08:21:05+00:00\" \/>\n<meta property=\"og:image\" content=\"https:\/\/www.art-natur.ch\/wp-content\/uploads\/2024\/09\/2555239364-Photoroom.png\" \/>\n\t<meta property=\"og:image:width\" content=\"1280\" \/>\n\t<meta property=\"og:image:height\" content=\"1280\" \/>\n\t<meta property=\"og:image:type\" content=\"image\/png\" \/>\n<meta name=\"twitter:card\" content=\"summary_large_image\" \/>\n<script type=\"application\/ld+json\" class=\"yoast-schema-graph\">{\"@context\":\"https:\/\/schema.org\",\"@graph\":[{\"@type\":\"WebPage\",\"@id\":\"https:\/\/www.art-natur.ch\/fr\/produit\/shampooing-aux-proteines-de-ble-expert-en-henne\/\",\"url\":\"https:\/\/www.art-natur.ch\/fr\/produit\/shampooing-aux-proteines-de-ble-expert-en-henne\/\",\"name\":\"Shampooing aux prot\u00e9ines de bl\u00e9 \\\"Expert en henn\u00e9\\\". - LASHES&amp;BROWS by Nataliya Reinhard\",\"isPartOf\":{\"@id\":\"https:\/\/www.art-natur.ch\/fr\/#website\"},\"primaryImageOfPage\":{\"@id\":\"https:\/\/www.art-natur.ch\/fr\/produit\/shampooing-aux-proteines-de-ble-expert-en-henne\/#primaryimage\"},\"image\":{\"@id\":\"https:\/\/www.art-natur.ch\/fr\/produit\/shampooing-aux-proteines-de-ble-expert-en-henne\/#primaryimage\"},\"thumbnailUrl\":\"https:\/\/www.art-natur.ch\/wp-content\/uploads\/2024\/09\/2555239364-Photoroom.png\",\"datePublished\":\"2024-09-28T17:56:05+00:00\",\"dateModified\":\"2025-01-19T08:21:05+00:00\",\"description\":\"Shampooing pour un nettoyage professionnel des sourcils avant la simulation et la teinture. Avec des prot\u00e9ines de bl\u00e9 pour prendre soin des poils.\",\"breadcrumb\":{\"@id\":\"https:\/\/www.art-natur.ch\/fr\/produit\/shampooing-aux-proteines-de-ble-expert-en-henne\/#breadcrumb\"},\"inLanguage\":\"fr-FR\",\"potentialAction\":[{\"@type\":\"ReadAction\",\"target\":[\"https:\/\/www.art-natur.ch\/fr\/produit\/shampooing-aux-proteines-de-ble-expert-en-henne\/\"]}]},{\"@type\":\"ImageObject\",\"inLanguage\":\"fr-FR\",\"@id\":\"https:\/\/www.art-natur.ch\/fr\/produit\/shampooing-aux-proteines-de-ble-expert-en-henne\/#primaryimage\",\"url\":\"https:\/\/www.art-natur.ch\/wp-content\/uploads\/2024\/09\/2555239364-Photoroom.png\",\"contentUrl\":\"https:\/\/www.art-natur.ch\/wp-content\/uploads\/2024\/09\/2555239364-Photoroom.png\",\"width\":1280,\"height\":1280},{\"@type\":\"BreadcrumbList\",\"@id\":\"https:\/\/www.art-natur.ch\/fr\/produit\/shampooing-aux-proteines-de-ble-expert-en-henne\/#breadcrumb\",\"itemListElement\":[{\"@type\":\"ListItem\",\"position\":1,\"name\":\"Home\",\"item\":\"https:\/\/www.art-natur.ch\/fr\/\"},{\"@type\":\"ListItem\",\"position\":2,\"name\":\"Boutique\",\"item\":\"https:\/\/www.art-natur.ch\/shop\/\"},{\"@type\":\"ListItem\",\"position\":3,\"name\":\"Shampooing aux prot\u00e9ines de bl\u00e9 &#8222;Expert en henn\u00e9&#8220;.\"}]},{\"@type\":\"WebSite\",\"@id\":\"https:\/\/www.art-natur.ch\/fr\/#website\",\"url\":\"https:\/\/www.art-natur.ch\/fr\/\",\"name\":\"LASHES&amp;BROWS by Nataliya Reinhard\",\"description\":\"High-quality lash and brow services with attention to every detail\",\"potentialAction\":[{\"@type\":\"SearchAction\",\"target\":{\"@type\":\"EntryPoint\",\"urlTemplate\":\"https:\/\/www.art-natur.ch\/fr\/?s={search_term_string}\"},\"query-input\":{\"@type\":\"PropertyValueSpecification\",\"valueRequired\":true,\"valueName\":\"search_term_string\"}}],\"inLanguage\":\"fr-FR\"}]}<\/script>\n<!-- \/ Yoast SEO plugin. -->","yoast_head_json":{"title":"Shampooing aux prot\u00e9ines de bl\u00e9 \"Expert en henn\u00e9\". - LASHES&amp;BROWS by Nataliya Reinhard","description":"Shampooing pour un nettoyage professionnel des sourcils avant la simulation et la teinture. Avec des prot\u00e9ines de bl\u00e9 pour prendre soin des poils.","robots":{"index":"index","follow":"follow","max-snippet":"max-snippet:-1","max-image-preview":"max-image-preview:large","max-video-preview":"max-video-preview:-1"},"canonical":"https:\/\/www.art-natur.ch\/fr\/produit\/shampooing-aux-proteines-de-ble-expert-en-henne\/","og_locale":"fr_FR","og_type":"article","og_title":"Shampooing aux prot\u00e9ines de bl\u00e9 \"Expert en henn\u00e9\". - LASHES&amp;BROWS by Nataliya Reinhard","og_description":"Shampooing pour un nettoyage professionnel des sourcils avant la simulation et la teinture. Avec des prot\u00e9ines de bl\u00e9 pour prendre soin des poils.","og_url":"https:\/\/www.art-natur.ch\/fr\/produit\/shampooing-aux-proteines-de-ble-expert-en-henne\/","og_site_name":"LASHES&amp;BROWS by Nataliya Reinhard","article_modified_time":"2025-01-19T08:21:05+00:00","og_image":[{"width":1280,"height":1280,"url":"https:\/\/www.art-natur.ch\/wp-content\/uploads\/2024\/09\/2555239364-Photoroom.png","type":"image\/png"}],"twitter_card":"summary_large_image","schema":{"@context":"https:\/\/schema.org","@graph":[{"@type":"WebPage","@id":"https:\/\/www.art-natur.ch\/fr\/produit\/shampooing-aux-proteines-de-ble-expert-en-henne\/","url":"https:\/\/www.art-natur.ch\/fr\/produit\/shampooing-aux-proteines-de-ble-expert-en-henne\/","name":"Shampooing aux prot\u00e9ines de bl\u00e9 \"Expert en henn\u00e9\". - LASHES&amp;BROWS by Nataliya Reinhard","isPartOf":{"@id":"https:\/\/www.art-natur.ch\/fr\/#website"},"primaryImageOfPage":{"@id":"https:\/\/www.art-natur.ch\/fr\/produit\/shampooing-aux-proteines-de-ble-expert-en-henne\/#primaryimage"},"image":{"@id":"https:\/\/www.art-natur.ch\/fr\/produit\/shampooing-aux-proteines-de-ble-expert-en-henne\/#primaryimage"},"thumbnailUrl":"https:\/\/www.art-natur.ch\/wp-content\/uploads\/2024\/09\/2555239364-Photoroom.png","datePublished":"2024-09-28T17:56:05+00:00","dateModified":"2025-01-19T08:21:05+00:00","description":"Shampooing pour un nettoyage professionnel des sourcils avant la simulation et la teinture. Avec des prot\u00e9ines de bl\u00e9 pour prendre soin des poils.","breadcrumb":{"@id":"https:\/\/www.art-natur.ch\/fr\/produit\/shampooing-aux-proteines-de-ble-expert-en-henne\/#breadcrumb"},"inLanguage":"fr-FR","potentialAction":[{"@type":"ReadAction","target":["https:\/\/www.art-natur.ch\/fr\/produit\/shampooing-aux-proteines-de-ble-expert-en-henne\/"]}]},{"@type":"ImageObject","inLanguage":"fr-FR","@id":"https:\/\/www.art-natur.ch\/fr\/produit\/shampooing-aux-proteines-de-ble-expert-en-henne\/#primaryimage","url":"https:\/\/www.art-natur.ch\/wp-content\/uploads\/2024\/09\/2555239364-Photoroom.png","contentUrl":"https:\/\/www.art-natur.ch\/wp-content\/uploads\/2024\/09\/2555239364-Photoroom.png","width":1280,"height":1280},{"@type":"BreadcrumbList","@id":"https:\/\/www.art-natur.ch\/fr\/produit\/shampooing-aux-proteines-de-ble-expert-en-henne\/#breadcrumb","itemListElement":[{"@type":"ListItem","position":1,"name":"Home","item":"https:\/\/www.art-natur.ch\/fr\/"},{"@type":"ListItem","position":2,"name":"Boutique","item":"https:\/\/www.art-natur.ch\/shop\/"},{"@type":"ListItem","position":3,"name":"Shampooing aux prot\u00e9ines de bl\u00e9 &#8222;Expert en henn\u00e9&#8220;."}]},{"@type":"WebSite","@id":"https:\/\/www.art-natur.ch\/fr\/#website","url":"https:\/\/www.art-natur.ch\/fr\/","name":"LASHES&amp;BROWS by Nataliya Reinhard","description":"High-quality lash and brow services with attention to every detail","potentialAction":[{"@type":"SearchAction","target":{"@type":"EntryPoint","urlTemplate":"https:\/\/www.art-natur.ch\/fr\/?s={search_term_string}"},"query-input":{"@type":"PropertyValueSpecification","valueRequired":true,"valueName":"search_term_string"}}],"inLanguage":"fr-FR"}]}},"_links":{"self":[{"href":"https:\/\/www.art-natur.ch\/fr\/wp-json\/wp\/v2\/product\/2783","targetHints":{"allow":["GET"]}}],"collection":[{"href":"https:\/\/www.art-natur.ch\/fr\/wp-json\/wp\/v2\/product"}],"about":[{"href":"https:\/\/www.art-natur.ch\/fr\/wp-json\/wp\/v2\/types\/product"}],"wp:featuredmedia":[{"embeddable":true,"href":"https:\/\/www.art-natur.ch\/fr\/wp-json\/wp\/v2\/media\/7096"}],"wp:attachment":[{"href":"https:\/\/www.art-natur.ch\/fr\/wp-json\/wp\/v2\/media?parent=2783"}],"wp:term":[{"taxonomy":"product_cat","embeddable":true,"href":"https:\/\/www.art-natur.ch\/fr\/wp-json\/wp\/v2\/product_cat?post=2783"},{"taxonomy":"product_tag","embeddable":true,"href":"https:\/\/www.art-natur.ch\/fr\/wp-json\/wp\/v2\/product_tag?post=2783"}],"curies":[{"name":"wp","href":"https:\/\/api.w.org\/{rel}","templated":true}]}}