{"id":2809,"date":"2024-09-29T07:51:18","date_gmt":"2024-09-29T06:51:18","guid":{"rendered":"https:\/\/www.art-natur.ch\/product\/spatule-a-melanger-mr-stick-de-inlei\/"},"modified":"2024-10-13T18:08:20","modified_gmt":"2024-10-13T16:08:20","slug":"spatule-a-melanger-mr-stick-de-inlei","status":"publish","type":"product","link":"https:\/\/www.art-natur.ch\/fr\/produit\/spatule-a-melanger-mr-stick-de-inlei\/","title":{"rendered":"Spatule \u00e0 m\u00e9langer \u00ab\u00a0Mr. STICK\u00a0\u00bb de InLei"},"content":{"rendered":"<p>B\u00e2ton de m\u00e9lange pratique et fonctionnel pour m\u00e9langer le colorant et l&rsquo;oxydant. La construction en plastique PP rigide, d&rsquo;une longueur totale d&rsquo;environ 69 mm, le rend ultra r\u00e9sistant, lavable et r\u00e9utilisable. L&rsquo;extr\u00e9mit\u00e9 en forme de langue est extr\u00eamement pratique pour m\u00e9langer et pr\u00e9lever la bonne quantit\u00e9 de produit \u00e0 appliquer sur les cils et les sourcils. N&rsquo;absorbe pas la couleur.<\/p>\n<p>Ils sont utilis\u00e9s pour<\/p>\n<p>pr\u00e9paration et m\u00e9lange du colorant ou de l&rsquo;agent de blanchiment<br \/>\nretirer les solutions des bouteilles pendant le traitement Lash Filler \/ laminage \/ permanente<br \/>\ndoser le henn\u00e9<\/p>\n<p>Pendant la teinture des cils et des sourcils et les traitements tels que le Lash Filler, la permanente et la stratification, il est interdit d&rsquo;utiliser des objets m\u00e9talliques tels que des cuill\u00e8res ou des couteaux. C&rsquo;est pourquoi les spatules Mr. Stick, fabriqu\u00e9es en plastique dur et durable, sont un petit outil indispensable pour r\u00e9aliser de grands travaux.<\/p>\n","protected":false},"excerpt":{"rendered":"<p>B\u00e2ton de m\u00e9lange pratique et fonctionnel pour m\u00e9langer le colorant et l&rsquo;oxydant. La construction en plastique PP rigide, d&rsquo;une longueur totale d&rsquo;environ 69 mm, le rend ultra r\u00e9sistant, lavable et r\u00e9utilisable. L&rsquo;extr\u00e9mit\u00e9 en forme de langue est extr\u00eamement pratique pour m\u00e9langer et pr\u00e9lever la bonne quantit\u00e9 de produit \u00e0 appliquer sur les cils et les [&hellip;]<\/p>\n","protected":false},"featured_media":7083,"template":"","meta":{"_acf_changed":false,"inline_featured_image":false},"product_cat":[119,125,129,141,143,146,150,160,193,207],"product_tag":[],"class_list":{"0":"post-2809","1":"product","2":"type-product","3":"status-publish","4":"has-post-thumbnail","6":"product_brand-in-lei","7":"product_cat-coloration-et-correction-des-sourcils","8":"product_cat-outil-extension-de-cils","9":"product_cat-stylisation-a-long-terme-des-sourcils","10":"product_cat-outils","11":"product_cat-equipements-et-accessoires","12":"product_cat-autre","13":"product_cat-rehaussement-des-cils","14":"product_cat-outil","15":"product_cat-produits-connexes","16":"product_cat-consommables-fr","18":"first","19":"instock","20":"shipping-taxable","21":"purchasable","22":"product-type-simple"},"acf":[],"yoast_head":"<!-- This site is optimized with the Yoast SEO plugin v26.6 - https:\/\/yoast.com\/wordpress\/plugins\/seo\/ -->\n<title>Spatule \u00e0 m\u00e9langer &quot;Mr. STICK&quot; de InLei - LASHES&amp;BROWS by Nataliya Reinhard<\/title>\n<meta name=\"description\" content=\"B\u00e2ton de m\u00e9lange pratique en plastique rigide de 69 mm, lavable et r\u00e9utilisable. Id\u00e9al pour m\u00e9langer et doser les produits pour cils et sourcils.\" \/>\n<meta name=\"robots\" content=\"index, follow, max-snippet:-1, max-image-preview:large, max-video-preview:-1\" \/>\n<link rel=\"canonical\" href=\"https:\/\/www.art-natur.ch\/fr\/produit\/spatule-a-melanger-mr-stick-de-inlei\/\" \/>\n<meta property=\"og:locale\" content=\"fr_FR\" \/>\n<meta property=\"og:type\" content=\"article\" \/>\n<meta property=\"og:title\" content=\"Spatule \u00e0 m\u00e9langer &quot;Mr. STICK&quot; de InLei - LASHES&amp;BROWS by Nataliya Reinhard\" \/>\n<meta property=\"og:description\" content=\"B\u00e2ton de m\u00e9lange pratique en plastique rigide de 69 mm, lavable et r\u00e9utilisable. Id\u00e9al pour m\u00e9langer et doser les produits pour cils et sourcils.\" \/>\n<meta property=\"og:url\" content=\"https:\/\/www.art-natur.ch\/fr\/produit\/spatule-a-melanger-mr-stick-de-inlei\/\" \/>\n<meta property=\"og:site_name\" content=\"LASHES&amp;BROWS by Nataliya Reinhard\" \/>\n<meta property=\"article:modified_time\" content=\"2024-10-13T16:08:20+00:00\" \/>\n<meta property=\"og:image\" content=\"https:\/\/www.art-natur.ch\/wp-content\/uploads\/2024\/09\/2520835441-Photoroom.png\" \/>\n\t<meta property=\"og:image:width\" content=\"720\" \/>\n\t<meta property=\"og:image:height\" content=\"720\" \/>\n\t<meta property=\"og:image:type\" content=\"image\/png\" \/>\n<meta name=\"twitter:card\" content=\"summary_large_image\" \/>\n<meta name=\"twitter:label1\" content=\"Dur\u00e9e de lecture estim\u00e9e\" \/>\n\t<meta name=\"twitter:data1\" content=\"1 minute\" \/>\n<script type=\"application\/ld+json\" class=\"yoast-schema-graph\">{\"@context\":\"https:\/\/schema.org\",\"@graph\":[{\"@type\":\"WebPage\",\"@id\":\"https:\/\/www.art-natur.ch\/fr\/produit\/spatule-a-melanger-mr-stick-de-inlei\/\",\"url\":\"https:\/\/www.art-natur.ch\/fr\/produit\/spatule-a-melanger-mr-stick-de-inlei\/\",\"name\":\"Spatule \u00e0 m\u00e9langer \\\"Mr. STICK\\\" de InLei - LASHES&amp;BROWS by Nataliya Reinhard\",\"isPartOf\":{\"@id\":\"https:\/\/www.art-natur.ch\/fr\/#website\"},\"primaryImageOfPage\":{\"@id\":\"https:\/\/www.art-natur.ch\/fr\/produit\/spatule-a-melanger-mr-stick-de-inlei\/#primaryimage\"},\"image\":{\"@id\":\"https:\/\/www.art-natur.ch\/fr\/produit\/spatule-a-melanger-mr-stick-de-inlei\/#primaryimage\"},\"thumbnailUrl\":\"https:\/\/www.art-natur.ch\/wp-content\/uploads\/2024\/09\/2520835441-Photoroom.png\",\"datePublished\":\"2024-09-29T06:51:18+00:00\",\"dateModified\":\"2024-10-13T16:08:20+00:00\",\"description\":\"B\u00e2ton de m\u00e9lange pratique en plastique rigide de 69 mm, lavable et r\u00e9utilisable. Id\u00e9al pour m\u00e9langer et doser les produits pour cils et sourcils.\",\"breadcrumb\":{\"@id\":\"https:\/\/www.art-natur.ch\/fr\/produit\/spatule-a-melanger-mr-stick-de-inlei\/#breadcrumb\"},\"inLanguage\":\"fr-FR\",\"potentialAction\":[{\"@type\":\"ReadAction\",\"target\":[\"https:\/\/www.art-natur.ch\/fr\/produit\/spatule-a-melanger-mr-stick-de-inlei\/\"]}]},{\"@type\":\"ImageObject\",\"inLanguage\":\"fr-FR\",\"@id\":\"https:\/\/www.art-natur.ch\/fr\/produit\/spatule-a-melanger-mr-stick-de-inlei\/#primaryimage\",\"url\":\"https:\/\/www.art-natur.ch\/wp-content\/uploads\/2024\/09\/2520835441-Photoroom.png\",\"contentUrl\":\"https:\/\/www.art-natur.ch\/wp-content\/uploads\/2024\/09\/2520835441-Photoroom.png\",\"width\":720,\"height\":720},{\"@type\":\"BreadcrumbList\",\"@id\":\"https:\/\/www.art-natur.ch\/fr\/produit\/spatule-a-melanger-mr-stick-de-inlei\/#breadcrumb\",\"itemListElement\":[{\"@type\":\"ListItem\",\"position\":1,\"name\":\"Home\",\"item\":\"https:\/\/www.art-natur.ch\/fr\/\"},{\"@type\":\"ListItem\",\"position\":2,\"name\":\"Boutique\",\"item\":\"https:\/\/www.art-natur.ch\/shop\/\"},{\"@type\":\"ListItem\",\"position\":3,\"name\":\"Spatule \u00e0 m\u00e9langer \u00ab\u00a0Mr. STICK\u00a0\u00bb de InLei\"}]},{\"@type\":\"WebSite\",\"@id\":\"https:\/\/www.art-natur.ch\/fr\/#website\",\"url\":\"https:\/\/www.art-natur.ch\/fr\/\",\"name\":\"LASHES&amp;BROWS by Nataliya Reinhard\",\"description\":\"High-quality lash and brow services with attention to every detail\",\"potentialAction\":[{\"@type\":\"SearchAction\",\"target\":{\"@type\":\"EntryPoint\",\"urlTemplate\":\"https:\/\/www.art-natur.ch\/fr\/?s={search_term_string}\"},\"query-input\":{\"@type\":\"PropertyValueSpecification\",\"valueRequired\":true,\"valueName\":\"search_term_string\"}}],\"inLanguage\":\"fr-FR\"}]}<\/script>\n<!-- \/ Yoast SEO plugin. -->","yoast_head_json":{"title":"Spatule \u00e0 m\u00e9langer \"Mr. STICK\" de InLei - LASHES&amp;BROWS by Nataliya Reinhard","description":"B\u00e2ton de m\u00e9lange pratique en plastique rigide de 69 mm, lavable et r\u00e9utilisable. Id\u00e9al pour m\u00e9langer et doser les produits pour cils et sourcils.","robots":{"index":"index","follow":"follow","max-snippet":"max-snippet:-1","max-image-preview":"max-image-preview:large","max-video-preview":"max-video-preview:-1"},"canonical":"https:\/\/www.art-natur.ch\/fr\/produit\/spatule-a-melanger-mr-stick-de-inlei\/","og_locale":"fr_FR","og_type":"article","og_title":"Spatule \u00e0 m\u00e9langer \"Mr. STICK\" de InLei - LASHES&amp;BROWS by Nataliya Reinhard","og_description":"B\u00e2ton de m\u00e9lange pratique en plastique rigide de 69 mm, lavable et r\u00e9utilisable. Id\u00e9al pour m\u00e9langer et doser les produits pour cils et sourcils.","og_url":"https:\/\/www.art-natur.ch\/fr\/produit\/spatule-a-melanger-mr-stick-de-inlei\/","og_site_name":"LASHES&amp;BROWS by Nataliya Reinhard","article_modified_time":"2024-10-13T16:08:20+00:00","og_image":[{"width":720,"height":720,"url":"https:\/\/www.art-natur.ch\/wp-content\/uploads\/2024\/09\/2520835441-Photoroom.png","type":"image\/png"}],"twitter_card":"summary_large_image","twitter_misc":{"Dur\u00e9e de lecture estim\u00e9e":"1 minute"},"schema":{"@context":"https:\/\/schema.org","@graph":[{"@type":"WebPage","@id":"https:\/\/www.art-natur.ch\/fr\/produit\/spatule-a-melanger-mr-stick-de-inlei\/","url":"https:\/\/www.art-natur.ch\/fr\/produit\/spatule-a-melanger-mr-stick-de-inlei\/","name":"Spatule \u00e0 m\u00e9langer \"Mr. STICK\" de InLei - LASHES&amp;BROWS by Nataliya Reinhard","isPartOf":{"@id":"https:\/\/www.art-natur.ch\/fr\/#website"},"primaryImageOfPage":{"@id":"https:\/\/www.art-natur.ch\/fr\/produit\/spatule-a-melanger-mr-stick-de-inlei\/#primaryimage"},"image":{"@id":"https:\/\/www.art-natur.ch\/fr\/produit\/spatule-a-melanger-mr-stick-de-inlei\/#primaryimage"},"thumbnailUrl":"https:\/\/www.art-natur.ch\/wp-content\/uploads\/2024\/09\/2520835441-Photoroom.png","datePublished":"2024-09-29T06:51:18+00:00","dateModified":"2024-10-13T16:08:20+00:00","description":"B\u00e2ton de m\u00e9lange pratique en plastique rigide de 69 mm, lavable et r\u00e9utilisable. Id\u00e9al pour m\u00e9langer et doser les produits pour cils et sourcils.","breadcrumb":{"@id":"https:\/\/www.art-natur.ch\/fr\/produit\/spatule-a-melanger-mr-stick-de-inlei\/#breadcrumb"},"inLanguage":"fr-FR","potentialAction":[{"@type":"ReadAction","target":["https:\/\/www.art-natur.ch\/fr\/produit\/spatule-a-melanger-mr-stick-de-inlei\/"]}]},{"@type":"ImageObject","inLanguage":"fr-FR","@id":"https:\/\/www.art-natur.ch\/fr\/produit\/spatule-a-melanger-mr-stick-de-inlei\/#primaryimage","url":"https:\/\/www.art-natur.ch\/wp-content\/uploads\/2024\/09\/2520835441-Photoroom.png","contentUrl":"https:\/\/www.art-natur.ch\/wp-content\/uploads\/2024\/09\/2520835441-Photoroom.png","width":720,"height":720},{"@type":"BreadcrumbList","@id":"https:\/\/www.art-natur.ch\/fr\/produit\/spatule-a-melanger-mr-stick-de-inlei\/#breadcrumb","itemListElement":[{"@type":"ListItem","position":1,"name":"Home","item":"https:\/\/www.art-natur.ch\/fr\/"},{"@type":"ListItem","position":2,"name":"Boutique","item":"https:\/\/www.art-natur.ch\/shop\/"},{"@type":"ListItem","position":3,"name":"Spatule \u00e0 m\u00e9langer \u00ab\u00a0Mr. STICK\u00a0\u00bb de InLei"}]},{"@type":"WebSite","@id":"https:\/\/www.art-natur.ch\/fr\/#website","url":"https:\/\/www.art-natur.ch\/fr\/","name":"LASHES&amp;BROWS by Nataliya Reinhard","description":"High-quality lash and brow services with attention to every detail","potentialAction":[{"@type":"SearchAction","target":{"@type":"EntryPoint","urlTemplate":"https:\/\/www.art-natur.ch\/fr\/?s={search_term_string}"},"query-input":{"@type":"PropertyValueSpecification","valueRequired":true,"valueName":"search_term_string"}}],"inLanguage":"fr-FR"}]}},"_links":{"self":[{"href":"https:\/\/www.art-natur.ch\/fr\/wp-json\/wp\/v2\/product\/2809","targetHints":{"allow":["GET"]}}],"collection":[{"href":"https:\/\/www.art-natur.ch\/fr\/wp-json\/wp\/v2\/product"}],"about":[{"href":"https:\/\/www.art-natur.ch\/fr\/wp-json\/wp\/v2\/types\/product"}],"wp:featuredmedia":[{"embeddable":true,"href":"https:\/\/www.art-natur.ch\/fr\/wp-json\/wp\/v2\/media\/7083"}],"wp:attachment":[{"href":"https:\/\/www.art-natur.ch\/fr\/wp-json\/wp\/v2\/media?parent=2809"}],"wp:term":[{"taxonomy":"product_cat","embeddable":true,"href":"https:\/\/www.art-natur.ch\/fr\/wp-json\/wp\/v2\/product_cat?post=2809"},{"taxonomy":"product_tag","embeddable":true,"href":"https:\/\/www.art-natur.ch\/fr\/wp-json\/wp\/v2\/product_tag?post=2809"}],"curies":[{"name":"wp","href":"https:\/\/api.w.org\/{rel}","templated":true}]}}