{"id":2816,"date":"2024-09-29T07:59:31","date_gmt":"2024-09-29T06:59:31","guid":{"rendered":"https:\/\/www.art-natur.ch\/product\/spray-pour-le-nettoyage-et-la-desinfection-des-brosses-lb-250-ml\/"},"modified":"2025-01-20T17:30:25","modified_gmt":"2025-01-20T16:30:25","slug":"spray-pour-le-nettoyage-et-la-desinfection-des-brosses-lb-250-ml","status":"publish","type":"product","link":"https:\/\/www.art-natur.ch\/fr\/produit\/spray-pour-le-nettoyage-et-la-desinfection-des-brosses-lb-250-ml\/","title":{"rendered":"\u200bSpray pour le nettoyage et la d\u00e9sinfection des brosses LB, 250 ml"},"content":{"rendered":"<p>Spray pour le nettoyage efficace des brosses de contamination difficile. Enl\u00e8ve sans trace : les r\u00e9sidus de laminage et de botoxing des cils, les r\u00e9sidus de colle, de teintures, de henn\u00e9. Le spray est universel pour tous les types de brosses &#8211; avec des poils naturels, synth\u00e9tiques et combin\u00e9s. Il garde les poils comme neufs. Les poils ne deviennent pas flous et ne tombent pas. Conserve sa forme. Le spray prot\u00e8ge la douceur des poils, prolonge la dur\u00e9e de vie des brosses. Contient des d\u00e9sinfectants. Mode d&#8217;emploi : Vaporiser sur les poils. Apr\u00e8s quelques secondes, enlever la contamination avec un chiffon doux ou un coton. Le format pratique du spray permet d&rsquo;\u00e9conomiser de l&rsquo;argent sans sacrifier l&rsquo;efficacit\u00e9. Il n&rsquo;est pas n\u00e9cessaire de laver la brosse apr\u00e8s le nettoyage.<\/p>\n","protected":false},"excerpt":{"rendered":"<p>Spray pour le nettoyage efficace des brosses de contamination difficile. Enl\u00e8ve sans trace : les r\u00e9sidus de laminage et de botoxing des cils, les r\u00e9sidus de colle, de teintures, de henn\u00e9. Le spray est universel pour tous les types de brosses &#8211; avec des poils naturels, synth\u00e9tiques et combin\u00e9s. Il garde les poils comme neufs. [&hellip;]<\/p>\n","protected":false},"featured_media":7071,"template":"","meta":{"_acf_changed":false,"inline_featured_image":false},"product_cat":[193,203,538],"product_tag":[],"class_list":{"0":"post-2816","1":"product","2":"type-product","3":"status-publish","4":"has-post-thumbnail","6":"product_brand-lash-botox","7":"product_cat-produits-connexes","8":"product_cat-materiel-dhygiene","9":"product_cat-promotions","11":"first","12":"instock","13":"sale","14":"shipping-taxable","15":"purchasable","16":"product-type-simple"},"acf":[],"yoast_head":"<!-- This site is optimized with the Yoast SEO plugin v26.6 - https:\/\/yoast.com\/wordpress\/plugins\/seo\/ -->\n<title>\u200bSpray pour le nettoyage et la d\u00e9sinfection des brosses LB, 250 ml - LASHES&amp;BROWS by Nataliya Reinhard<\/title>\n<meta name=\"description\" content=\"Spray efficace pour le nettoyage des pinceaux, \u00e9limine les r\u00e9sidus de lamination, Botox et colle. Prolonge la dur\u00e9e de vie.\" \/>\n<meta name=\"robots\" content=\"index, follow, max-snippet:-1, max-image-preview:large, max-video-preview:-1\" \/>\n<link rel=\"canonical\" href=\"https:\/\/www.art-natur.ch\/fr\/produit\/spray-pour-le-nettoyage-et-la-desinfection-des-brosses-lb-250-ml\/\" \/>\n<meta property=\"og:locale\" content=\"fr_FR\" \/>\n<meta property=\"og:type\" content=\"article\" \/>\n<meta property=\"og:title\" content=\"\u200bSpray pour le nettoyage et la d\u00e9sinfection des brosses LB, 250 ml - LASHES&amp;BROWS by Nataliya Reinhard\" \/>\n<meta property=\"og:description\" content=\"Spray efficace pour le nettoyage des pinceaux, \u00e9limine les r\u00e9sidus de lamination, Botox et colle. Prolonge la dur\u00e9e de vie.\" \/>\n<meta property=\"og:url\" content=\"https:\/\/www.art-natur.ch\/fr\/produit\/spray-pour-le-nettoyage-et-la-desinfection-des-brosses-lb-250-ml\/\" \/>\n<meta property=\"og:site_name\" content=\"LASHES&amp;BROWS by Nataliya Reinhard\" \/>\n<meta property=\"article:modified_time\" content=\"2025-01-20T16:30:25+00:00\" \/>\n<meta property=\"og:image\" content=\"https:\/\/www.art-natur.ch\/wp-content\/uploads\/2024\/09\/2409598244-Photoroom.png\" \/>\n\t<meta property=\"og:image:width\" content=\"800\" \/>\n\t<meta property=\"og:image:height\" content=\"800\" \/>\n\t<meta property=\"og:image:type\" content=\"image\/png\" \/>\n<meta name=\"twitter:card\" content=\"summary_large_image\" \/>\n<meta name=\"twitter:label1\" content=\"Dur\u00e9e de lecture estim\u00e9e\" \/>\n\t<meta name=\"twitter:data1\" content=\"1 minute\" \/>\n<script type=\"application\/ld+json\" class=\"yoast-schema-graph\">{\"@context\":\"https:\/\/schema.org\",\"@graph\":[{\"@type\":\"WebPage\",\"@id\":\"https:\/\/www.art-natur.ch\/fr\/produit\/spray-pour-le-nettoyage-et-la-desinfection-des-brosses-lb-250-ml\/\",\"url\":\"https:\/\/www.art-natur.ch\/fr\/produit\/spray-pour-le-nettoyage-et-la-desinfection-des-brosses-lb-250-ml\/\",\"name\":\"\u200bSpray pour le nettoyage et la d\u00e9sinfection des brosses LB, 250 ml - LASHES&amp;BROWS by Nataliya Reinhard\",\"isPartOf\":{\"@id\":\"https:\/\/www.art-natur.ch\/fr\/#website\"},\"primaryImageOfPage\":{\"@id\":\"https:\/\/www.art-natur.ch\/fr\/produit\/spray-pour-le-nettoyage-et-la-desinfection-des-brosses-lb-250-ml\/#primaryimage\"},\"image\":{\"@id\":\"https:\/\/www.art-natur.ch\/fr\/produit\/spray-pour-le-nettoyage-et-la-desinfection-des-brosses-lb-250-ml\/#primaryimage\"},\"thumbnailUrl\":\"https:\/\/www.art-natur.ch\/wp-content\/uploads\/2024\/09\/2409598244-Photoroom.png\",\"datePublished\":\"2024-09-29T06:59:31+00:00\",\"dateModified\":\"2025-01-20T16:30:25+00:00\",\"description\":\"Spray efficace pour le nettoyage des pinceaux, \u00e9limine les r\u00e9sidus de lamination, Botox et colle. Prolonge la dur\u00e9e de vie.\",\"breadcrumb\":{\"@id\":\"https:\/\/www.art-natur.ch\/fr\/produit\/spray-pour-le-nettoyage-et-la-desinfection-des-brosses-lb-250-ml\/#breadcrumb\"},\"inLanguage\":\"fr-FR\",\"potentialAction\":[{\"@type\":\"ReadAction\",\"target\":[\"https:\/\/www.art-natur.ch\/fr\/produit\/spray-pour-le-nettoyage-et-la-desinfection-des-brosses-lb-250-ml\/\"]}]},{\"@type\":\"ImageObject\",\"inLanguage\":\"fr-FR\",\"@id\":\"https:\/\/www.art-natur.ch\/fr\/produit\/spray-pour-le-nettoyage-et-la-desinfection-des-brosses-lb-250-ml\/#primaryimage\",\"url\":\"https:\/\/www.art-natur.ch\/wp-content\/uploads\/2024\/09\/2409598244-Photoroom.png\",\"contentUrl\":\"https:\/\/www.art-natur.ch\/wp-content\/uploads\/2024\/09\/2409598244-Photoroom.png\",\"width\":800,\"height\":800},{\"@type\":\"BreadcrumbList\",\"@id\":\"https:\/\/www.art-natur.ch\/fr\/produit\/spray-pour-le-nettoyage-et-la-desinfection-des-brosses-lb-250-ml\/#breadcrumb\",\"itemListElement\":[{\"@type\":\"ListItem\",\"position\":1,\"name\":\"Home\",\"item\":\"https:\/\/www.art-natur.ch\/fr\/\"},{\"@type\":\"ListItem\",\"position\":2,\"name\":\"Boutique\",\"item\":\"https:\/\/www.art-natur.ch\/shop\/\"},{\"@type\":\"ListItem\",\"position\":3,\"name\":\"\u200bSpray pour le nettoyage et la d\u00e9sinfection des brosses LB, 250 ml\"}]},{\"@type\":\"WebSite\",\"@id\":\"https:\/\/www.art-natur.ch\/fr\/#website\",\"url\":\"https:\/\/www.art-natur.ch\/fr\/\",\"name\":\"LASHES&amp;BROWS by Nataliya Reinhard\",\"description\":\"High-quality lash and brow services with attention to every detail\",\"potentialAction\":[{\"@type\":\"SearchAction\",\"target\":{\"@type\":\"EntryPoint\",\"urlTemplate\":\"https:\/\/www.art-natur.ch\/fr\/?s={search_term_string}\"},\"query-input\":{\"@type\":\"PropertyValueSpecification\",\"valueRequired\":true,\"valueName\":\"search_term_string\"}}],\"inLanguage\":\"fr-FR\"}]}<\/script>\n<!-- \/ Yoast SEO plugin. -->","yoast_head_json":{"title":"\u200bSpray pour le nettoyage et la d\u00e9sinfection des brosses LB, 250 ml - LASHES&amp;BROWS by Nataliya Reinhard","description":"Spray efficace pour le nettoyage des pinceaux, \u00e9limine les r\u00e9sidus de lamination, Botox et colle. Prolonge la dur\u00e9e de vie.","robots":{"index":"index","follow":"follow","max-snippet":"max-snippet:-1","max-image-preview":"max-image-preview:large","max-video-preview":"max-video-preview:-1"},"canonical":"https:\/\/www.art-natur.ch\/fr\/produit\/spray-pour-le-nettoyage-et-la-desinfection-des-brosses-lb-250-ml\/","og_locale":"fr_FR","og_type":"article","og_title":"\u200bSpray pour le nettoyage et la d\u00e9sinfection des brosses LB, 250 ml - LASHES&amp;BROWS by Nataliya Reinhard","og_description":"Spray efficace pour le nettoyage des pinceaux, \u00e9limine les r\u00e9sidus de lamination, Botox et colle. Prolonge la dur\u00e9e de vie.","og_url":"https:\/\/www.art-natur.ch\/fr\/produit\/spray-pour-le-nettoyage-et-la-desinfection-des-brosses-lb-250-ml\/","og_site_name":"LASHES&amp;BROWS by Nataliya Reinhard","article_modified_time":"2025-01-20T16:30:25+00:00","og_image":[{"width":800,"height":800,"url":"https:\/\/www.art-natur.ch\/wp-content\/uploads\/2024\/09\/2409598244-Photoroom.png","type":"image\/png"}],"twitter_card":"summary_large_image","twitter_misc":{"Dur\u00e9e de lecture estim\u00e9e":"1 minute"},"schema":{"@context":"https:\/\/schema.org","@graph":[{"@type":"WebPage","@id":"https:\/\/www.art-natur.ch\/fr\/produit\/spray-pour-le-nettoyage-et-la-desinfection-des-brosses-lb-250-ml\/","url":"https:\/\/www.art-natur.ch\/fr\/produit\/spray-pour-le-nettoyage-et-la-desinfection-des-brosses-lb-250-ml\/","name":"\u200bSpray pour le nettoyage et la d\u00e9sinfection des brosses LB, 250 ml - LASHES&amp;BROWS by Nataliya Reinhard","isPartOf":{"@id":"https:\/\/www.art-natur.ch\/fr\/#website"},"primaryImageOfPage":{"@id":"https:\/\/www.art-natur.ch\/fr\/produit\/spray-pour-le-nettoyage-et-la-desinfection-des-brosses-lb-250-ml\/#primaryimage"},"image":{"@id":"https:\/\/www.art-natur.ch\/fr\/produit\/spray-pour-le-nettoyage-et-la-desinfection-des-brosses-lb-250-ml\/#primaryimage"},"thumbnailUrl":"https:\/\/www.art-natur.ch\/wp-content\/uploads\/2024\/09\/2409598244-Photoroom.png","datePublished":"2024-09-29T06:59:31+00:00","dateModified":"2025-01-20T16:30:25+00:00","description":"Spray efficace pour le nettoyage des pinceaux, \u00e9limine les r\u00e9sidus de lamination, Botox et colle. Prolonge la dur\u00e9e de vie.","breadcrumb":{"@id":"https:\/\/www.art-natur.ch\/fr\/produit\/spray-pour-le-nettoyage-et-la-desinfection-des-brosses-lb-250-ml\/#breadcrumb"},"inLanguage":"fr-FR","potentialAction":[{"@type":"ReadAction","target":["https:\/\/www.art-natur.ch\/fr\/produit\/spray-pour-le-nettoyage-et-la-desinfection-des-brosses-lb-250-ml\/"]}]},{"@type":"ImageObject","inLanguage":"fr-FR","@id":"https:\/\/www.art-natur.ch\/fr\/produit\/spray-pour-le-nettoyage-et-la-desinfection-des-brosses-lb-250-ml\/#primaryimage","url":"https:\/\/www.art-natur.ch\/wp-content\/uploads\/2024\/09\/2409598244-Photoroom.png","contentUrl":"https:\/\/www.art-natur.ch\/wp-content\/uploads\/2024\/09\/2409598244-Photoroom.png","width":800,"height":800},{"@type":"BreadcrumbList","@id":"https:\/\/www.art-natur.ch\/fr\/produit\/spray-pour-le-nettoyage-et-la-desinfection-des-brosses-lb-250-ml\/#breadcrumb","itemListElement":[{"@type":"ListItem","position":1,"name":"Home","item":"https:\/\/www.art-natur.ch\/fr\/"},{"@type":"ListItem","position":2,"name":"Boutique","item":"https:\/\/www.art-natur.ch\/shop\/"},{"@type":"ListItem","position":3,"name":"\u200bSpray pour le nettoyage et la d\u00e9sinfection des brosses LB, 250 ml"}]},{"@type":"WebSite","@id":"https:\/\/www.art-natur.ch\/fr\/#website","url":"https:\/\/www.art-natur.ch\/fr\/","name":"LASHES&amp;BROWS by Nataliya Reinhard","description":"High-quality lash and brow services with attention to every detail","potentialAction":[{"@type":"SearchAction","target":{"@type":"EntryPoint","urlTemplate":"https:\/\/www.art-natur.ch\/fr\/?s={search_term_string}"},"query-input":{"@type":"PropertyValueSpecification","valueRequired":true,"valueName":"search_term_string"}}],"inLanguage":"fr-FR"}]}},"_links":{"self":[{"href":"https:\/\/www.art-natur.ch\/fr\/wp-json\/wp\/v2\/product\/2816","targetHints":{"allow":["GET"]}}],"collection":[{"href":"https:\/\/www.art-natur.ch\/fr\/wp-json\/wp\/v2\/product"}],"about":[{"href":"https:\/\/www.art-natur.ch\/fr\/wp-json\/wp\/v2\/types\/product"}],"wp:featuredmedia":[{"embeddable":true,"href":"https:\/\/www.art-natur.ch\/fr\/wp-json\/wp\/v2\/media\/7071"}],"wp:attachment":[{"href":"https:\/\/www.art-natur.ch\/fr\/wp-json\/wp\/v2\/media?parent=2816"}],"wp:term":[{"taxonomy":"product_cat","embeddable":true,"href":"https:\/\/www.art-natur.ch\/fr\/wp-json\/wp\/v2\/product_cat?post=2816"},{"taxonomy":"product_tag","embeddable":true,"href":"https:\/\/www.art-natur.ch\/fr\/wp-json\/wp\/v2\/product_tag?post=2816"}],"curies":[{"name":"wp","href":"https:\/\/api.w.org\/{rel}","templated":true}]}}