{"id":2831,"date":"2024-09-29T08:07:27","date_gmt":"2024-09-29T06:07:27","guid":{"rendered":"https:\/\/www.art-natur.ch\/product\/sterilisateur-uv-universel-multifonctions-9w-blanc\/"},"modified":"2024-10-13T18:02:33","modified_gmt":"2024-10-13T16:02:33","slug":"sterilisateur-uv-universel-multifonctions-9w-blanc","status":"publish","type":"product","link":"https:\/\/www.art-natur.ch\/fr\/produit\/sterilisateur-uv-universel-multifonctions-9w-blanc\/","title":{"rendered":"St\u00e9rilisateur UV universel multifonctions &#8211; 9W &#8211; Blanc"},"content":{"rendered":"<p>St\u00e9rilisateur UV universel multifonctions &#8211; 9W\/5V &#8211; 180 x 100 x 22mm<\/p>\n<p>St\u00e9rilisez vos objets les plus importants avec ce st\u00e9rilisateur UV pratique.<\/p>\n<p>Il r\u00e9duit au minimum le nombre de germes, de virus et de bact\u00e9ries sur vos objets quotidiens. Il est parfait pour les smartphones, les montres, les bijoux ou les petits v\u00eatements. Il est tr\u00e8s facile \u00e0 utiliser &#8211; il suffit d&rsquo;appuyer sur l&rsquo;un des deux boutons facilement accessibles et c&rsquo;est parti.<\/p>\n<p>Caract\u00e9ristiques :<br \/>\n&#8211; St\u00e9rilisateur UV universel pour smartphones ou autres objets.<br \/>\n&#8211; Rend vos objets les plus importants plus propres que jamais<br \/>\n&#8211; Compact mais suffisamment spacieux pour contenir plusieurs objets<br \/>\n&#8211; Facile \u00e0 utiliser &#8211; une simple pression sur un bouton et vous \u00eates pr\u00eat.<br \/>\n&#8211; Tr\u00e8s portable et facile \u00e0 ranger lorsque vous avez termin\u00e9<\/p>\n<p>Caract\u00e9ristiques techniques :<br \/>\n&#8211; Max. Puissance : 9W<br \/>\n&#8211; Tension : 5V<br \/>\n&#8211; Entr\u00e9e : 1-2A<br \/>\n&#8211; Puissance de la lumi\u00e8re UV : 1W chacun<br \/>\n&#8211; Dimensions int\u00e9rieures : 180 x 100 x 22mm<br \/>\n&#8211; Dimensions ext\u00e9rieures : 218 x 123 x 53mm<\/p>\n","protected":false},"excerpt":{"rendered":"<p>St\u00e9rilisateur UV universel multifonctions &#8211; 9W\/5V &#8211; 180 x 100 x 22mm St\u00e9rilisez vos objets les plus importants avec ce st\u00e9rilisateur UV pratique. Il r\u00e9duit au minimum le nombre de germes, de virus et de bact\u00e9ries sur vos objets quotidiens. Il est parfait pour les smartphones, les montres, les bijoux ou les petits v\u00eatements. Il [&hellip;]<\/p>\n","protected":false},"featured_media":7067,"template":"","meta":{"_acf_changed":false,"inline_featured_image":false},"product_cat":[143,146,193,203],"product_tag":[],"class_list":{"0":"post-2831","1":"product","2":"type-product","3":"status-publish","4":"has-post-thumbnail","6":"product_cat-equipements-et-accessoires","7":"product_cat-autre","8":"product_cat-produits-connexes","9":"product_cat-materiel-dhygiene","11":"first","12":"instock","13":"shipping-taxable","14":"purchasable","15":"product-type-simple"},"acf":[],"yoast_head":"<!-- This site is optimized with the Yoast SEO plugin v26.6 - https:\/\/yoast.com\/wordpress\/plugins\/seo\/ -->\n<title>St\u00e9rilisateur UV universel multifonctions - 9W - Blanc - LASHES&amp;BROWS by Nataliya Reinhard<\/title>\n<meta name=\"description\" content=\"St\u00e9rilisateur UV universel pour r\u00e9duire les germes sur vos objets quotidiens. Id\u00e9al pour smartphones, montres, bijoux. Compact et facile \u00e0 utiliser.\" \/>\n<meta name=\"robots\" content=\"index, follow, max-snippet:-1, max-image-preview:large, max-video-preview:-1\" \/>\n<link rel=\"canonical\" href=\"https:\/\/www.art-natur.ch\/fr\/produit\/sterilisateur-uv-universel-multifonctions-9w-blanc\/\" \/>\n<meta property=\"og:locale\" content=\"fr_FR\" \/>\n<meta property=\"og:type\" content=\"article\" \/>\n<meta property=\"og:title\" content=\"St\u00e9rilisateur UV universel multifonctions - 9W - Blanc - LASHES&amp;BROWS by Nataliya Reinhard\" \/>\n<meta property=\"og:description\" content=\"St\u00e9rilisateur UV universel pour r\u00e9duire les germes sur vos objets quotidiens. Id\u00e9al pour smartphones, montres, bijoux. Compact et facile \u00e0 utiliser.\" \/>\n<meta property=\"og:url\" content=\"https:\/\/www.art-natur.ch\/fr\/produit\/sterilisateur-uv-universel-multifonctions-9w-blanc\/\" \/>\n<meta property=\"og:site_name\" content=\"LASHES&amp;BROWS by Nataliya Reinhard\" \/>\n<meta property=\"article:modified_time\" content=\"2024-10-13T16:02:33+00:00\" \/>\n<meta property=\"og:image\" content=\"https:\/\/www.art-natur.ch\/wp-content\/uploads\/2024\/09\/2903920711-Photoroom.png\" \/>\n\t<meta property=\"og:image:width\" content=\"643\" \/>\n\t<meta property=\"og:image:height\" content=\"544\" \/>\n\t<meta property=\"og:image:type\" content=\"image\/png\" \/>\n<meta name=\"twitter:card\" content=\"summary_large_image\" \/>\n<meta name=\"twitter:label1\" content=\"Dur\u00e9e de lecture estim\u00e9e\" \/>\n\t<meta name=\"twitter:data1\" content=\"1 minute\" \/>\n<script type=\"application\/ld+json\" class=\"yoast-schema-graph\">{\"@context\":\"https:\/\/schema.org\",\"@graph\":[{\"@type\":\"WebPage\",\"@id\":\"https:\/\/www.art-natur.ch\/fr\/produit\/sterilisateur-uv-universel-multifonctions-9w-blanc\/\",\"url\":\"https:\/\/www.art-natur.ch\/fr\/produit\/sterilisateur-uv-universel-multifonctions-9w-blanc\/\",\"name\":\"St\u00e9rilisateur UV universel multifonctions - 9W - Blanc - LASHES&amp;BROWS by Nataliya Reinhard\",\"isPartOf\":{\"@id\":\"https:\/\/www.art-natur.ch\/fr\/#website\"},\"primaryImageOfPage\":{\"@id\":\"https:\/\/www.art-natur.ch\/fr\/produit\/sterilisateur-uv-universel-multifonctions-9w-blanc\/#primaryimage\"},\"image\":{\"@id\":\"https:\/\/www.art-natur.ch\/fr\/produit\/sterilisateur-uv-universel-multifonctions-9w-blanc\/#primaryimage\"},\"thumbnailUrl\":\"https:\/\/www.art-natur.ch\/wp-content\/uploads\/2024\/09\/2903920711-Photoroom.png\",\"datePublished\":\"2024-09-29T06:07:27+00:00\",\"dateModified\":\"2024-10-13T16:02:33+00:00\",\"description\":\"St\u00e9rilisateur UV universel pour r\u00e9duire les germes sur vos objets quotidiens. Id\u00e9al pour smartphones, montres, bijoux. Compact et facile \u00e0 utiliser.\",\"breadcrumb\":{\"@id\":\"https:\/\/www.art-natur.ch\/fr\/produit\/sterilisateur-uv-universel-multifonctions-9w-blanc\/#breadcrumb\"},\"inLanguage\":\"fr-FR\",\"potentialAction\":[{\"@type\":\"ReadAction\",\"target\":[\"https:\/\/www.art-natur.ch\/fr\/produit\/sterilisateur-uv-universel-multifonctions-9w-blanc\/\"]}]},{\"@type\":\"ImageObject\",\"inLanguage\":\"fr-FR\",\"@id\":\"https:\/\/www.art-natur.ch\/fr\/produit\/sterilisateur-uv-universel-multifonctions-9w-blanc\/#primaryimage\",\"url\":\"https:\/\/www.art-natur.ch\/wp-content\/uploads\/2024\/09\/2903920711-Photoroom.png\",\"contentUrl\":\"https:\/\/www.art-natur.ch\/wp-content\/uploads\/2024\/09\/2903920711-Photoroom.png\",\"width\":643,\"height\":544},{\"@type\":\"BreadcrumbList\",\"@id\":\"https:\/\/www.art-natur.ch\/fr\/produit\/sterilisateur-uv-universel-multifonctions-9w-blanc\/#breadcrumb\",\"itemListElement\":[{\"@type\":\"ListItem\",\"position\":1,\"name\":\"Home\",\"item\":\"https:\/\/www.art-natur.ch\/fr\/\"},{\"@type\":\"ListItem\",\"position\":2,\"name\":\"Boutique\",\"item\":\"https:\/\/www.art-natur.ch\/shop\/\"},{\"@type\":\"ListItem\",\"position\":3,\"name\":\"St\u00e9rilisateur UV universel multifonctions &#8211; 9W &#8211; Blanc\"}]},{\"@type\":\"WebSite\",\"@id\":\"https:\/\/www.art-natur.ch\/fr\/#website\",\"url\":\"https:\/\/www.art-natur.ch\/fr\/\",\"name\":\"LASHES&amp;BROWS by Nataliya Reinhard\",\"description\":\"High-quality lash and brow services with attention to every detail\",\"potentialAction\":[{\"@type\":\"SearchAction\",\"target\":{\"@type\":\"EntryPoint\",\"urlTemplate\":\"https:\/\/www.art-natur.ch\/fr\/?s={search_term_string}\"},\"query-input\":{\"@type\":\"PropertyValueSpecification\",\"valueRequired\":true,\"valueName\":\"search_term_string\"}}],\"inLanguage\":\"fr-FR\"}]}<\/script>\n<!-- \/ Yoast SEO plugin. -->","yoast_head_json":{"title":"St\u00e9rilisateur UV universel multifonctions - 9W - Blanc - LASHES&amp;BROWS by Nataliya Reinhard","description":"St\u00e9rilisateur UV universel pour r\u00e9duire les germes sur vos objets quotidiens. Id\u00e9al pour smartphones, montres, bijoux. Compact et facile \u00e0 utiliser.","robots":{"index":"index","follow":"follow","max-snippet":"max-snippet:-1","max-image-preview":"max-image-preview:large","max-video-preview":"max-video-preview:-1"},"canonical":"https:\/\/www.art-natur.ch\/fr\/produit\/sterilisateur-uv-universel-multifonctions-9w-blanc\/","og_locale":"fr_FR","og_type":"article","og_title":"St\u00e9rilisateur UV universel multifonctions - 9W - Blanc - LASHES&amp;BROWS by Nataliya Reinhard","og_description":"St\u00e9rilisateur UV universel pour r\u00e9duire les germes sur vos objets quotidiens. Id\u00e9al pour smartphones, montres, bijoux. Compact et facile \u00e0 utiliser.","og_url":"https:\/\/www.art-natur.ch\/fr\/produit\/sterilisateur-uv-universel-multifonctions-9w-blanc\/","og_site_name":"LASHES&amp;BROWS by Nataliya Reinhard","article_modified_time":"2024-10-13T16:02:33+00:00","og_image":[{"width":643,"height":544,"url":"https:\/\/www.art-natur.ch\/wp-content\/uploads\/2024\/09\/2903920711-Photoroom.png","type":"image\/png"}],"twitter_card":"summary_large_image","twitter_misc":{"Dur\u00e9e de lecture estim\u00e9e":"1 minute"},"schema":{"@context":"https:\/\/schema.org","@graph":[{"@type":"WebPage","@id":"https:\/\/www.art-natur.ch\/fr\/produit\/sterilisateur-uv-universel-multifonctions-9w-blanc\/","url":"https:\/\/www.art-natur.ch\/fr\/produit\/sterilisateur-uv-universel-multifonctions-9w-blanc\/","name":"St\u00e9rilisateur UV universel multifonctions - 9W - Blanc - LASHES&amp;BROWS by Nataliya Reinhard","isPartOf":{"@id":"https:\/\/www.art-natur.ch\/fr\/#website"},"primaryImageOfPage":{"@id":"https:\/\/www.art-natur.ch\/fr\/produit\/sterilisateur-uv-universel-multifonctions-9w-blanc\/#primaryimage"},"image":{"@id":"https:\/\/www.art-natur.ch\/fr\/produit\/sterilisateur-uv-universel-multifonctions-9w-blanc\/#primaryimage"},"thumbnailUrl":"https:\/\/www.art-natur.ch\/wp-content\/uploads\/2024\/09\/2903920711-Photoroom.png","datePublished":"2024-09-29T06:07:27+00:00","dateModified":"2024-10-13T16:02:33+00:00","description":"St\u00e9rilisateur UV universel pour r\u00e9duire les germes sur vos objets quotidiens. Id\u00e9al pour smartphones, montres, bijoux. Compact et facile \u00e0 utiliser.","breadcrumb":{"@id":"https:\/\/www.art-natur.ch\/fr\/produit\/sterilisateur-uv-universel-multifonctions-9w-blanc\/#breadcrumb"},"inLanguage":"fr-FR","potentialAction":[{"@type":"ReadAction","target":["https:\/\/www.art-natur.ch\/fr\/produit\/sterilisateur-uv-universel-multifonctions-9w-blanc\/"]}]},{"@type":"ImageObject","inLanguage":"fr-FR","@id":"https:\/\/www.art-natur.ch\/fr\/produit\/sterilisateur-uv-universel-multifonctions-9w-blanc\/#primaryimage","url":"https:\/\/www.art-natur.ch\/wp-content\/uploads\/2024\/09\/2903920711-Photoroom.png","contentUrl":"https:\/\/www.art-natur.ch\/wp-content\/uploads\/2024\/09\/2903920711-Photoroom.png","width":643,"height":544},{"@type":"BreadcrumbList","@id":"https:\/\/www.art-natur.ch\/fr\/produit\/sterilisateur-uv-universel-multifonctions-9w-blanc\/#breadcrumb","itemListElement":[{"@type":"ListItem","position":1,"name":"Home","item":"https:\/\/www.art-natur.ch\/fr\/"},{"@type":"ListItem","position":2,"name":"Boutique","item":"https:\/\/www.art-natur.ch\/shop\/"},{"@type":"ListItem","position":3,"name":"St\u00e9rilisateur UV universel multifonctions &#8211; 9W &#8211; Blanc"}]},{"@type":"WebSite","@id":"https:\/\/www.art-natur.ch\/fr\/#website","url":"https:\/\/www.art-natur.ch\/fr\/","name":"LASHES&amp;BROWS by Nataliya Reinhard","description":"High-quality lash and brow services with attention to every detail","potentialAction":[{"@type":"SearchAction","target":{"@type":"EntryPoint","urlTemplate":"https:\/\/www.art-natur.ch\/fr\/?s={search_term_string}"},"query-input":{"@type":"PropertyValueSpecification","valueRequired":true,"valueName":"search_term_string"}}],"inLanguage":"fr-FR"}]}},"_links":{"self":[{"href":"https:\/\/www.art-natur.ch\/fr\/wp-json\/wp\/v2\/product\/2831","targetHints":{"allow":["GET"]}}],"collection":[{"href":"https:\/\/www.art-natur.ch\/fr\/wp-json\/wp\/v2\/product"}],"about":[{"href":"https:\/\/www.art-natur.ch\/fr\/wp-json\/wp\/v2\/types\/product"}],"wp:featuredmedia":[{"embeddable":true,"href":"https:\/\/www.art-natur.ch\/fr\/wp-json\/wp\/v2\/media\/7067"}],"wp:attachment":[{"href":"https:\/\/www.art-natur.ch\/fr\/wp-json\/wp\/v2\/media?parent=2831"}],"wp:term":[{"taxonomy":"product_cat","embeddable":true,"href":"https:\/\/www.art-natur.ch\/fr\/wp-json\/wp\/v2\/product_cat?post=2831"},{"taxonomy":"product_tag","embeddable":true,"href":"https:\/\/www.art-natur.ch\/fr\/wp-json\/wp\/v2\/product_tag?post=2831"}],"curies":[{"name":"wp","href":"https:\/\/api.w.org\/{rel}","templated":true}]}}