{"id":2838,"date":"2024-09-29T08:12:33","date_gmt":"2024-09-29T06:12:33","guid":{"rendered":"https:\/\/www.art-natur.ch\/product\/stockage-de-la-colle-thermo\/"},"modified":"2024-10-18T16:16:38","modified_gmt":"2024-10-18T14:16:38","slug":"stockage-de-la-colle-thermo","status":"publish","type":"product","link":"https:\/\/www.art-natur.ch\/fr\/produit\/stockage-de-la-colle-thermo\/","title":{"rendered":"\u200bStockage de la colle thermo"},"content":{"rendered":"<p>Le thermo pack est utilis\u00e9 pour le stockage correct de la colle.<\/p>\n<p>Il prot\u00e8ge les propri\u00e9t\u00e9s de la colle et am\u00e9liore la conservation des extensions de cils pendant une longue p\u00e9riode.<br \/>\nLa fermeture \u00e9clair sp\u00e9ciale assure une protection parfaite du produit.<\/p>\n","protected":false},"excerpt":{"rendered":"<p>Le thermo pack est utilis\u00e9 pour le stockage correct de la colle. Il prot\u00e8ge les propri\u00e9t\u00e9s de la colle et am\u00e9liore la conservation des extensions de cils pendant une longue p\u00e9riode. La fermeture \u00e9clair sp\u00e9ciale assure une protection parfaite du produit.<\/p>\n","protected":false},"featured_media":7055,"template":"","meta":{"_acf_changed":false,"inline_featured_image":false},"product_cat":[116,143,146,189,193,195,207],"product_tag":[],"class_list":{"0":"post-2838","1":"product","2":"type-product","3":"status-publish","4":"has-post-thumbnail","6":"product_brand-lovely","7":"product_cat-extension-de-cils","8":"product_cat-equipements-et-accessoires","9":"product_cat-autre","10":"product_cat-outil-coloration-et-correction-des-sourcils","11":"product_cat-produits-connexes","12":"product_cat-travailler-avec-de-la-colle","13":"product_cat-consommables-fr","15":"first","16":"instock","17":"shipping-taxable","18":"purchasable","19":"product-type-simple"},"acf":[],"yoast_head":"<!-- This site is optimized with the Yoast SEO plugin v26.6 - https:\/\/yoast.com\/wordpress\/plugins\/seo\/ -->\n<title>\u200bStockage de la colle thermo - LASHES&amp;BROWS by Nataliya Reinhard<\/title>\n<meta name=\"description\" content=\"Le thermo pack permet un stockage optimal de la colle, pr\u00e9serve ses propri\u00e9t\u00e9s et prolonge la conservation des extensions de cils.\" \/>\n<meta name=\"robots\" content=\"index, follow, max-snippet:-1, max-image-preview:large, max-video-preview:-1\" \/>\n<link rel=\"canonical\" href=\"https:\/\/www.art-natur.ch\/fr\/produit\/stockage-de-la-colle-thermo\/\" \/>\n<meta property=\"og:locale\" content=\"fr_FR\" \/>\n<meta property=\"og:type\" content=\"article\" \/>\n<meta property=\"og:title\" content=\"\u200bStockage de la colle thermo - LASHES&amp;BROWS by Nataliya Reinhard\" \/>\n<meta property=\"og:description\" content=\"Le thermo pack permet un stockage optimal de la colle, pr\u00e9serve ses propri\u00e9t\u00e9s et prolonge la conservation des extensions de cils.\" \/>\n<meta property=\"og:url\" content=\"https:\/\/www.art-natur.ch\/fr\/produit\/stockage-de-la-colle-thermo\/\" \/>\n<meta property=\"og:site_name\" content=\"LASHES&amp;BROWS by Nataliya Reinhard\" \/>\n<meta property=\"article:modified_time\" content=\"2024-10-18T14:16:38+00:00\" \/>\n<meta property=\"og:image\" content=\"https:\/\/www.art-natur.ch\/wp-content\/uploads\/2024\/09\/2313857594-Photoroom.png\" \/>\n\t<meta property=\"og:image:width\" content=\"1024\" \/>\n\t<meta property=\"og:image:height\" content=\"1024\" \/>\n\t<meta property=\"og:image:type\" content=\"image\/png\" \/>\n<meta name=\"twitter:card\" content=\"summary_large_image\" \/>\n<meta name=\"twitter:label1\" content=\"Dur\u00e9e de lecture estim\u00e9e\" \/>\n\t<meta name=\"twitter:data1\" content=\"1 minute\" \/>\n<script type=\"application\/ld+json\" class=\"yoast-schema-graph\">{\"@context\":\"https:\/\/schema.org\",\"@graph\":[{\"@type\":\"WebPage\",\"@id\":\"https:\/\/www.art-natur.ch\/fr\/produit\/stockage-de-la-colle-thermo\/\",\"url\":\"https:\/\/www.art-natur.ch\/fr\/produit\/stockage-de-la-colle-thermo\/\",\"name\":\"\u200bStockage de la colle thermo - LASHES&amp;BROWS by Nataliya Reinhard\",\"isPartOf\":{\"@id\":\"https:\/\/www.art-natur.ch\/fr\/#website\"},\"primaryImageOfPage\":{\"@id\":\"https:\/\/www.art-natur.ch\/fr\/produit\/stockage-de-la-colle-thermo\/#primaryimage\"},\"image\":{\"@id\":\"https:\/\/www.art-natur.ch\/fr\/produit\/stockage-de-la-colle-thermo\/#primaryimage\"},\"thumbnailUrl\":\"https:\/\/www.art-natur.ch\/wp-content\/uploads\/2024\/09\/2313857594-Photoroom.png\",\"datePublished\":\"2024-09-29T06:12:33+00:00\",\"dateModified\":\"2024-10-18T14:16:38+00:00\",\"description\":\"Le thermo pack permet un stockage optimal de la colle, pr\u00e9serve ses propri\u00e9t\u00e9s et prolonge la conservation des extensions de cils.\",\"breadcrumb\":{\"@id\":\"https:\/\/www.art-natur.ch\/fr\/produit\/stockage-de-la-colle-thermo\/#breadcrumb\"},\"inLanguage\":\"fr-FR\",\"potentialAction\":[{\"@type\":\"ReadAction\",\"target\":[\"https:\/\/www.art-natur.ch\/fr\/produit\/stockage-de-la-colle-thermo\/\"]}]},{\"@type\":\"ImageObject\",\"inLanguage\":\"fr-FR\",\"@id\":\"https:\/\/www.art-natur.ch\/fr\/produit\/stockage-de-la-colle-thermo\/#primaryimage\",\"url\":\"https:\/\/www.art-natur.ch\/wp-content\/uploads\/2024\/09\/2313857594-Photoroom.png\",\"contentUrl\":\"https:\/\/www.art-natur.ch\/wp-content\/uploads\/2024\/09\/2313857594-Photoroom.png\",\"width\":1024,\"height\":1024},{\"@type\":\"BreadcrumbList\",\"@id\":\"https:\/\/www.art-natur.ch\/fr\/produit\/stockage-de-la-colle-thermo\/#breadcrumb\",\"itemListElement\":[{\"@type\":\"ListItem\",\"position\":1,\"name\":\"Home\",\"item\":\"https:\/\/www.art-natur.ch\/fr\/\"},{\"@type\":\"ListItem\",\"position\":2,\"name\":\"Boutique\",\"item\":\"https:\/\/www.art-natur.ch\/shop\/\"},{\"@type\":\"ListItem\",\"position\":3,\"name\":\"\u200bStockage de la colle thermo\"}]},{\"@type\":\"WebSite\",\"@id\":\"https:\/\/www.art-natur.ch\/fr\/#website\",\"url\":\"https:\/\/www.art-natur.ch\/fr\/\",\"name\":\"LASHES&amp;BROWS by Nataliya Reinhard\",\"description\":\"High-quality lash and brow services with attention to every detail\",\"potentialAction\":[{\"@type\":\"SearchAction\",\"target\":{\"@type\":\"EntryPoint\",\"urlTemplate\":\"https:\/\/www.art-natur.ch\/fr\/?s={search_term_string}\"},\"query-input\":{\"@type\":\"PropertyValueSpecification\",\"valueRequired\":true,\"valueName\":\"search_term_string\"}}],\"inLanguage\":\"fr-FR\"}]}<\/script>\n<!-- \/ Yoast SEO plugin. -->","yoast_head_json":{"title":"\u200bStockage de la colle thermo - LASHES&amp;BROWS by Nataliya Reinhard","description":"Le thermo pack permet un stockage optimal de la colle, pr\u00e9serve ses propri\u00e9t\u00e9s et prolonge la conservation des extensions de cils.","robots":{"index":"index","follow":"follow","max-snippet":"max-snippet:-1","max-image-preview":"max-image-preview:large","max-video-preview":"max-video-preview:-1"},"canonical":"https:\/\/www.art-natur.ch\/fr\/produit\/stockage-de-la-colle-thermo\/","og_locale":"fr_FR","og_type":"article","og_title":"\u200bStockage de la colle thermo - LASHES&amp;BROWS by Nataliya Reinhard","og_description":"Le thermo pack permet un stockage optimal de la colle, pr\u00e9serve ses propri\u00e9t\u00e9s et prolonge la conservation des extensions de cils.","og_url":"https:\/\/www.art-natur.ch\/fr\/produit\/stockage-de-la-colle-thermo\/","og_site_name":"LASHES&amp;BROWS by Nataliya Reinhard","article_modified_time":"2024-10-18T14:16:38+00:00","og_image":[{"width":1024,"height":1024,"url":"https:\/\/www.art-natur.ch\/wp-content\/uploads\/2024\/09\/2313857594-Photoroom.png","type":"image\/png"}],"twitter_card":"summary_large_image","twitter_misc":{"Dur\u00e9e de lecture estim\u00e9e":"1 minute"},"schema":{"@context":"https:\/\/schema.org","@graph":[{"@type":"WebPage","@id":"https:\/\/www.art-natur.ch\/fr\/produit\/stockage-de-la-colle-thermo\/","url":"https:\/\/www.art-natur.ch\/fr\/produit\/stockage-de-la-colle-thermo\/","name":"\u200bStockage de la colle thermo - LASHES&amp;BROWS by Nataliya Reinhard","isPartOf":{"@id":"https:\/\/www.art-natur.ch\/fr\/#website"},"primaryImageOfPage":{"@id":"https:\/\/www.art-natur.ch\/fr\/produit\/stockage-de-la-colle-thermo\/#primaryimage"},"image":{"@id":"https:\/\/www.art-natur.ch\/fr\/produit\/stockage-de-la-colle-thermo\/#primaryimage"},"thumbnailUrl":"https:\/\/www.art-natur.ch\/wp-content\/uploads\/2024\/09\/2313857594-Photoroom.png","datePublished":"2024-09-29T06:12:33+00:00","dateModified":"2024-10-18T14:16:38+00:00","description":"Le thermo pack permet un stockage optimal de la colle, pr\u00e9serve ses propri\u00e9t\u00e9s et prolonge la conservation des extensions de cils.","breadcrumb":{"@id":"https:\/\/www.art-natur.ch\/fr\/produit\/stockage-de-la-colle-thermo\/#breadcrumb"},"inLanguage":"fr-FR","potentialAction":[{"@type":"ReadAction","target":["https:\/\/www.art-natur.ch\/fr\/produit\/stockage-de-la-colle-thermo\/"]}]},{"@type":"ImageObject","inLanguage":"fr-FR","@id":"https:\/\/www.art-natur.ch\/fr\/produit\/stockage-de-la-colle-thermo\/#primaryimage","url":"https:\/\/www.art-natur.ch\/wp-content\/uploads\/2024\/09\/2313857594-Photoroom.png","contentUrl":"https:\/\/www.art-natur.ch\/wp-content\/uploads\/2024\/09\/2313857594-Photoroom.png","width":1024,"height":1024},{"@type":"BreadcrumbList","@id":"https:\/\/www.art-natur.ch\/fr\/produit\/stockage-de-la-colle-thermo\/#breadcrumb","itemListElement":[{"@type":"ListItem","position":1,"name":"Home","item":"https:\/\/www.art-natur.ch\/fr\/"},{"@type":"ListItem","position":2,"name":"Boutique","item":"https:\/\/www.art-natur.ch\/shop\/"},{"@type":"ListItem","position":3,"name":"\u200bStockage de la colle thermo"}]},{"@type":"WebSite","@id":"https:\/\/www.art-natur.ch\/fr\/#website","url":"https:\/\/www.art-natur.ch\/fr\/","name":"LASHES&amp;BROWS by Nataliya Reinhard","description":"High-quality lash and brow services with attention to every detail","potentialAction":[{"@type":"SearchAction","target":{"@type":"EntryPoint","urlTemplate":"https:\/\/www.art-natur.ch\/fr\/?s={search_term_string}"},"query-input":{"@type":"PropertyValueSpecification","valueRequired":true,"valueName":"search_term_string"}}],"inLanguage":"fr-FR"}]}},"_links":{"self":[{"href":"https:\/\/www.art-natur.ch\/fr\/wp-json\/wp\/v2\/product\/2838","targetHints":{"allow":["GET"]}}],"collection":[{"href":"https:\/\/www.art-natur.ch\/fr\/wp-json\/wp\/v2\/product"}],"about":[{"href":"https:\/\/www.art-natur.ch\/fr\/wp-json\/wp\/v2\/types\/product"}],"wp:featuredmedia":[{"embeddable":true,"href":"https:\/\/www.art-natur.ch\/fr\/wp-json\/wp\/v2\/media\/7055"}],"wp:attachment":[{"href":"https:\/\/www.art-natur.ch\/fr\/wp-json\/wp\/v2\/media?parent=2838"}],"wp:term":[{"taxonomy":"product_cat","embeddable":true,"href":"https:\/\/www.art-natur.ch\/fr\/wp-json\/wp\/v2\/product_cat?post=2838"},{"taxonomy":"product_tag","embeddable":true,"href":"https:\/\/www.art-natur.ch\/fr\/wp-json\/wp\/v2\/product_tag?post=2838"}],"curies":[{"name":"wp","href":"https:\/\/api.w.org\/{rel}","templated":true}]}}