{"id":2845,"date":"2024-09-29T08:17:16","date_gmt":"2024-09-29T06:17:16","guid":{"rendered":"https:\/\/www.art-natur.ch\/product\/teinture-pour-cils-lashgo-no-1-noir\/"},"modified":"2024-10-13T17:57:43","modified_gmt":"2024-10-13T15:57:43","slug":"teinture-pour-cils-lashgo-no-1-noir","status":"publish","type":"product","link":"https:\/\/www.art-natur.ch\/fr\/produit\/teinture-pour-cils-lashgo-no-1-noir\/","title":{"rendered":"Teinture pour cils Lash&#038;Go (No. 1 noir)"},"content":{"rendered":"<p>Le nouveau colorant stable Lash&amp;Go convient aussi bien pour la coloration des cils pendant les traitements de laminage que pour un traitement s\u00e9par\u00e9 de coloration des cils.<br \/>\nLa consistance cr\u00e9meuse est facile \u00e0 appliquer, surtout pour les d\u00e9butants, sans danger et \u00e9conomique. La formule douce garantit des r\u00e9sultats de coloration parfaits jusqu&rsquo;\u00e0 6 semaines. Les ingr\u00e9dients hydratants nourrissent et prot\u00e8gent les cils pendant le processus de coloration :<br \/>\n&#8211; L&rsquo;hydrolysat de prot\u00e9ines de bl\u00e9 assure une saturation et une solidit\u00e9 des couleurs maximales.<br \/>\n&#8211; L&rsquo;encens indien apaise et pr\u00e9vient les irritations, il a un effet anti-inflammatoire.<br \/>\nLa couleur est disponible en trois teintes naturelles :<br \/>\nColorant #1 &#8211; Noir<br \/>\nPeinture #2 &#8211; Noir Issy Black<br \/>\nColorant n\u00b03 &#8211; Marron<br \/>\nL&rsquo;utilisation de la couleur n\u00e9cessite un oxyde.<br \/>\nVeuillez lire les instructions avant de l&rsquo;utiliser.<br \/>\nCe colorant pour cils est destin\u00e9 \u00e0 un usage professionnel uniquement.<br \/>\nVolume 15ml<\/p>\n","protected":false},"excerpt":{"rendered":"<p>Le nouveau colorant stable Lash&amp;Go convient aussi bien pour la coloration des cils pendant les traitements de laminage que pour un traitement s\u00e9par\u00e9 de coloration des cils. La consistance cr\u00e9meuse est facile \u00e0 appliquer, surtout pour les d\u00e9butants, sans danger et \u00e9conomique. La formule douce garantit des r\u00e9sultats de coloration parfaits jusqu&rsquo;\u00e0 6 semaines. Les [&hellip;]<\/p>\n","protected":false},"featured_media":7051,"template":"","meta":{"_acf_changed":false,"inline_featured_image":false},"product_cat":[150,538],"product_tag":[],"class_list":{"0":"post-2845","1":"product","2":"type-product","3":"status-publish","4":"has-post-thumbnail","6":"product_brand-lashgo","7":"product_cat-rehaussement-des-cils","8":"product_cat-promotions","10":"first","11":"instock","12":"sale","13":"shipping-taxable","14":"purchasable","15":"product-type-simple"},"acf":[],"yoast_head":"<!-- This site is optimized with the Yoast SEO plugin v26.6 - https:\/\/yoast.com\/wordpress\/plugins\/seo\/ -->\n<title>Teinture pour cils Lash&amp;Go (No. 1 noir) - LASHES&amp;BROWS by Nataliya Reinhard<\/title>\n<meta name=\"description\" content=\"Le colorant stable Lash&amp;Go est id\u00e9al pour la coloration des cils, facile \u00e0 appliquer et \u00e9conomique. R\u00e9sultats jusqu&#039;\u00e0 6 semaines.\" \/>\n<meta name=\"robots\" content=\"index, follow, max-snippet:-1, max-image-preview:large, max-video-preview:-1\" \/>\n<link rel=\"canonical\" href=\"https:\/\/www.art-natur.ch\/fr\/produit\/teinture-pour-cils-lashgo-no-1-noir\/\" \/>\n<meta property=\"og:locale\" content=\"fr_FR\" \/>\n<meta property=\"og:type\" content=\"article\" \/>\n<meta property=\"og:title\" content=\"Teinture pour cils Lash&amp;Go (No. 1 noir) - LASHES&amp;BROWS by Nataliya Reinhard\" \/>\n<meta property=\"og:description\" content=\"Le colorant stable Lash&amp;Go est id\u00e9al pour la coloration des cils, facile \u00e0 appliquer et \u00e9conomique. R\u00e9sultats jusqu&#039;\u00e0 6 semaines.\" \/>\n<meta property=\"og:url\" content=\"https:\/\/www.art-natur.ch\/fr\/produit\/teinture-pour-cils-lashgo-no-1-noir\/\" \/>\n<meta property=\"og:site_name\" content=\"LASHES&amp;BROWS by Nataliya Reinhard\" \/>\n<meta property=\"article:modified_time\" content=\"2024-10-13T15:57:43+00:00\" \/>\n<meta property=\"og:image\" content=\"https:\/\/www.art-natur.ch\/wp-content\/uploads\/2024\/09\/2530443928-Photoroom.png\" \/>\n\t<meta property=\"og:image:width\" content=\"1279\" \/>\n\t<meta property=\"og:image:height\" content=\"1280\" \/>\n\t<meta property=\"og:image:type\" content=\"image\/png\" \/>\n<meta name=\"twitter:card\" content=\"summary_large_image\" \/>\n<meta name=\"twitter:label1\" content=\"Dur\u00e9e de lecture estim\u00e9e\" \/>\n\t<meta name=\"twitter:data1\" content=\"1 minute\" \/>\n<script type=\"application\/ld+json\" class=\"yoast-schema-graph\">{\"@context\":\"https:\/\/schema.org\",\"@graph\":[{\"@type\":\"WebPage\",\"@id\":\"https:\/\/www.art-natur.ch\/fr\/produit\/teinture-pour-cils-lashgo-no-1-noir\/\",\"url\":\"https:\/\/www.art-natur.ch\/fr\/produit\/teinture-pour-cils-lashgo-no-1-noir\/\",\"name\":\"Teinture pour cils Lash&Go (No. 1 noir) - LASHES&amp;BROWS by Nataliya Reinhard\",\"isPartOf\":{\"@id\":\"https:\/\/www.art-natur.ch\/fr\/#website\"},\"primaryImageOfPage\":{\"@id\":\"https:\/\/www.art-natur.ch\/fr\/produit\/teinture-pour-cils-lashgo-no-1-noir\/#primaryimage\"},\"image\":{\"@id\":\"https:\/\/www.art-natur.ch\/fr\/produit\/teinture-pour-cils-lashgo-no-1-noir\/#primaryimage\"},\"thumbnailUrl\":\"https:\/\/www.art-natur.ch\/wp-content\/uploads\/2024\/09\/2530443928-Photoroom.png\",\"datePublished\":\"2024-09-29T06:17:16+00:00\",\"dateModified\":\"2024-10-13T15:57:43+00:00\",\"description\":\"Le colorant stable Lash&Go est id\u00e9al pour la coloration des cils, facile \u00e0 appliquer et \u00e9conomique. R\u00e9sultats jusqu'\u00e0 6 semaines.\",\"breadcrumb\":{\"@id\":\"https:\/\/www.art-natur.ch\/fr\/produit\/teinture-pour-cils-lashgo-no-1-noir\/#breadcrumb\"},\"inLanguage\":\"fr-FR\",\"potentialAction\":[{\"@type\":\"ReadAction\",\"target\":[\"https:\/\/www.art-natur.ch\/fr\/produit\/teinture-pour-cils-lashgo-no-1-noir\/\"]}]},{\"@type\":\"ImageObject\",\"inLanguage\":\"fr-FR\",\"@id\":\"https:\/\/www.art-natur.ch\/fr\/produit\/teinture-pour-cils-lashgo-no-1-noir\/#primaryimage\",\"url\":\"https:\/\/www.art-natur.ch\/wp-content\/uploads\/2024\/09\/2530443928-Photoroom.png\",\"contentUrl\":\"https:\/\/www.art-natur.ch\/wp-content\/uploads\/2024\/09\/2530443928-Photoroom.png\",\"width\":1279,\"height\":1280},{\"@type\":\"BreadcrumbList\",\"@id\":\"https:\/\/www.art-natur.ch\/fr\/produit\/teinture-pour-cils-lashgo-no-1-noir\/#breadcrumb\",\"itemListElement\":[{\"@type\":\"ListItem\",\"position\":1,\"name\":\"Home\",\"item\":\"https:\/\/www.art-natur.ch\/fr\/\"},{\"@type\":\"ListItem\",\"position\":2,\"name\":\"Boutique\",\"item\":\"https:\/\/www.art-natur.ch\/shop\/\"},{\"@type\":\"ListItem\",\"position\":3,\"name\":\"Teinture pour cils Lash&#038;Go (No. 1 noir)\"}]},{\"@type\":\"WebSite\",\"@id\":\"https:\/\/www.art-natur.ch\/fr\/#website\",\"url\":\"https:\/\/www.art-natur.ch\/fr\/\",\"name\":\"LASHES&amp;BROWS by Nataliya Reinhard\",\"description\":\"High-quality lash and brow services with attention to every detail\",\"potentialAction\":[{\"@type\":\"SearchAction\",\"target\":{\"@type\":\"EntryPoint\",\"urlTemplate\":\"https:\/\/www.art-natur.ch\/fr\/?s={search_term_string}\"},\"query-input\":{\"@type\":\"PropertyValueSpecification\",\"valueRequired\":true,\"valueName\":\"search_term_string\"}}],\"inLanguage\":\"fr-FR\"}]}<\/script>\n<!-- \/ Yoast SEO plugin. -->","yoast_head_json":{"title":"Teinture pour cils Lash&Go (No. 1 noir) - LASHES&amp;BROWS by Nataliya Reinhard","description":"Le colorant stable Lash&Go est id\u00e9al pour la coloration des cils, facile \u00e0 appliquer et \u00e9conomique. R\u00e9sultats jusqu'\u00e0 6 semaines.","robots":{"index":"index","follow":"follow","max-snippet":"max-snippet:-1","max-image-preview":"max-image-preview:large","max-video-preview":"max-video-preview:-1"},"canonical":"https:\/\/www.art-natur.ch\/fr\/produit\/teinture-pour-cils-lashgo-no-1-noir\/","og_locale":"fr_FR","og_type":"article","og_title":"Teinture pour cils Lash&Go (No. 1 noir) - LASHES&amp;BROWS by Nataliya Reinhard","og_description":"Le colorant stable Lash&Go est id\u00e9al pour la coloration des cils, facile \u00e0 appliquer et \u00e9conomique. R\u00e9sultats jusqu'\u00e0 6 semaines.","og_url":"https:\/\/www.art-natur.ch\/fr\/produit\/teinture-pour-cils-lashgo-no-1-noir\/","og_site_name":"LASHES&amp;BROWS by Nataliya Reinhard","article_modified_time":"2024-10-13T15:57:43+00:00","og_image":[{"width":1279,"height":1280,"url":"https:\/\/www.art-natur.ch\/wp-content\/uploads\/2024\/09\/2530443928-Photoroom.png","type":"image\/png"}],"twitter_card":"summary_large_image","twitter_misc":{"Dur\u00e9e de lecture estim\u00e9e":"1 minute"},"schema":{"@context":"https:\/\/schema.org","@graph":[{"@type":"WebPage","@id":"https:\/\/www.art-natur.ch\/fr\/produit\/teinture-pour-cils-lashgo-no-1-noir\/","url":"https:\/\/www.art-natur.ch\/fr\/produit\/teinture-pour-cils-lashgo-no-1-noir\/","name":"Teinture pour cils Lash&Go (No. 1 noir) - LASHES&amp;BROWS by Nataliya Reinhard","isPartOf":{"@id":"https:\/\/www.art-natur.ch\/fr\/#website"},"primaryImageOfPage":{"@id":"https:\/\/www.art-natur.ch\/fr\/produit\/teinture-pour-cils-lashgo-no-1-noir\/#primaryimage"},"image":{"@id":"https:\/\/www.art-natur.ch\/fr\/produit\/teinture-pour-cils-lashgo-no-1-noir\/#primaryimage"},"thumbnailUrl":"https:\/\/www.art-natur.ch\/wp-content\/uploads\/2024\/09\/2530443928-Photoroom.png","datePublished":"2024-09-29T06:17:16+00:00","dateModified":"2024-10-13T15:57:43+00:00","description":"Le colorant stable Lash&Go est id\u00e9al pour la coloration des cils, facile \u00e0 appliquer et \u00e9conomique. R\u00e9sultats jusqu'\u00e0 6 semaines.","breadcrumb":{"@id":"https:\/\/www.art-natur.ch\/fr\/produit\/teinture-pour-cils-lashgo-no-1-noir\/#breadcrumb"},"inLanguage":"fr-FR","potentialAction":[{"@type":"ReadAction","target":["https:\/\/www.art-natur.ch\/fr\/produit\/teinture-pour-cils-lashgo-no-1-noir\/"]}]},{"@type":"ImageObject","inLanguage":"fr-FR","@id":"https:\/\/www.art-natur.ch\/fr\/produit\/teinture-pour-cils-lashgo-no-1-noir\/#primaryimage","url":"https:\/\/www.art-natur.ch\/wp-content\/uploads\/2024\/09\/2530443928-Photoroom.png","contentUrl":"https:\/\/www.art-natur.ch\/wp-content\/uploads\/2024\/09\/2530443928-Photoroom.png","width":1279,"height":1280},{"@type":"BreadcrumbList","@id":"https:\/\/www.art-natur.ch\/fr\/produit\/teinture-pour-cils-lashgo-no-1-noir\/#breadcrumb","itemListElement":[{"@type":"ListItem","position":1,"name":"Home","item":"https:\/\/www.art-natur.ch\/fr\/"},{"@type":"ListItem","position":2,"name":"Boutique","item":"https:\/\/www.art-natur.ch\/shop\/"},{"@type":"ListItem","position":3,"name":"Teinture pour cils Lash&#038;Go (No. 1 noir)"}]},{"@type":"WebSite","@id":"https:\/\/www.art-natur.ch\/fr\/#website","url":"https:\/\/www.art-natur.ch\/fr\/","name":"LASHES&amp;BROWS by Nataliya Reinhard","description":"High-quality lash and brow services with attention to every detail","potentialAction":[{"@type":"SearchAction","target":{"@type":"EntryPoint","urlTemplate":"https:\/\/www.art-natur.ch\/fr\/?s={search_term_string}"},"query-input":{"@type":"PropertyValueSpecification","valueRequired":true,"valueName":"search_term_string"}}],"inLanguage":"fr-FR"}]}},"_links":{"self":[{"href":"https:\/\/www.art-natur.ch\/fr\/wp-json\/wp\/v2\/product\/2845","targetHints":{"allow":["GET"]}}],"collection":[{"href":"https:\/\/www.art-natur.ch\/fr\/wp-json\/wp\/v2\/product"}],"about":[{"href":"https:\/\/www.art-natur.ch\/fr\/wp-json\/wp\/v2\/types\/product"}],"wp:featuredmedia":[{"embeddable":true,"href":"https:\/\/www.art-natur.ch\/fr\/wp-json\/wp\/v2\/media\/7051"}],"wp:attachment":[{"href":"https:\/\/www.art-natur.ch\/fr\/wp-json\/wp\/v2\/media?parent=2845"}],"wp:term":[{"taxonomy":"product_cat","embeddable":true,"href":"https:\/\/www.art-natur.ch\/fr\/wp-json\/wp\/v2\/product_cat?post=2845"},{"taxonomy":"product_tag","embeddable":true,"href":"https:\/\/www.art-natur.ch\/fr\/wp-json\/wp\/v2\/product_tag?post=2845"}],"curies":[{"name":"wp","href":"https:\/\/api.w.org\/{rel}","templated":true}]}}