{"id":2867,"date":"2024-09-29T08:35:41","date_gmt":"2024-09-29T06:35:41","guid":{"rendered":"https:\/\/www.art-natur.ch\/product\/teinture-pour-cils-lb-%e2%84%961blue-noir\/"},"modified":"2024-10-25T13:49:38","modified_gmt":"2024-10-25T11:49:38","slug":"teinture-pour-cils-lb-%e2%84%961blue-noir","status":"publish","type":"product","link":"https:\/\/www.art-natur.ch\/fr\/produit\/teinture-pour-cils-lb-%e2%84%961blue-noir\/","title":{"rendered":"\u200bTeinture pour cils LB (\u21161blue-noir)"},"content":{"rendered":"<p>Le colorant naturel pour cils LB est con\u00e7u sp\u00e9cifiquement pour les cils. Prend en compte les caract\u00e9ristiques particuli\u00e8res de la peau d\u00e9licate et sensible des paupi\u00e8res. Teinture douce et hautement pigment\u00e9e \u00e0 base d&rsquo;huile d&rsquo;argan. Avec le pigment, impr\u00e8gne toute la structure des cils et la nourrit de l&rsquo;int\u00e9rieur. Gr\u00e2ce \u00e0 l&rsquo;huile, la formulation se r\u00e9partit en douceur, uniform\u00e9ment et ne coule pas. La coloration des cils est utilis\u00e9e aussi bien lors de la proc\u00e9dure ind\u00e9pendante de coloration des cils que lors des proc\u00e9dures LB : laminage et botoxing des cils. S&rsquo;utilise apr\u00e8s la Formulation n\u00b02 pour la Lamination, avant d&rsquo;utiliser l&rsquo;\u00e9lixir LB. Fonctionne parfaitement avec l&rsquo;oxyde \u00e0 1% le plus doux. Pr\u00e9sente une couleur riche de fa\u00e7on spectaculaire. Ne dess\u00e8che pas le cil. Pr\u00e9serve en douceur son \u00e9tat sain.<\/p>\n","protected":false},"excerpt":{"rendered":"<p>Le colorant naturel pour cils LB est con\u00e7u sp\u00e9cifiquement pour les cils. Prend en compte les caract\u00e9ristiques particuli\u00e8res de la peau d\u00e9licate et sensible des paupi\u00e8res. Teinture douce et hautement pigment\u00e9e \u00e0 base d&rsquo;huile d&rsquo;argan. Avec le pigment, impr\u00e8gne toute la structure des cils et la nourrit de l&rsquo;int\u00e9rieur. Gr\u00e2ce \u00e0 l&rsquo;huile, la formulation se [&hellip;]<\/p>\n","protected":false},"featured_media":7039,"template":"","meta":{"_acf_changed":false,"inline_featured_image":false},"product_cat":[150,162,166,538,537],"product_tag":[],"class_list":{"0":"post-2867","1":"product","2":"type-product","3":"status-publish","4":"has-post-thumbnail","6":"product_brand-lash-botox","7":"product_cat-rehaussement-des-cils","8":"product_cat-coloration-des-cils","9":"product_cat-coloration","10":"product_cat-promotions","11":"product_cat-promotion","13":"first","14":"instock","15":"sale","16":"shipping-taxable","17":"purchasable","18":"product-type-simple"},"acf":[],"yoast_head":"<!-- This site is optimized with the Yoast SEO plugin v26.6 - https:\/\/yoast.com\/wordpress\/plugins\/seo\/ -->\n<title>\u200bTeinture pour cils LB (\u21161blue-noir) - LASHES&amp;BROWS by Nataliya Reinhard<\/title>\n<meta name=\"description\" content=\"Le colorant naturel pour cils LB est sp\u00e9cialement formul\u00e9 pour les cils, tenant compte de la peau d\u00e9licate des paupi\u00e8res.\" \/>\n<meta name=\"robots\" content=\"index, follow, max-snippet:-1, max-image-preview:large, max-video-preview:-1\" \/>\n<link rel=\"canonical\" href=\"https:\/\/www.art-natur.ch\/fr\/produit\/teinture-pour-cils-lb-%e2%84%961blue-noir\/\" \/>\n<meta property=\"og:locale\" content=\"fr_FR\" \/>\n<meta property=\"og:type\" content=\"article\" \/>\n<meta property=\"og:title\" content=\"\u200bTeinture pour cils LB (\u21161blue-noir) - LASHES&amp;BROWS by Nataliya Reinhard\" \/>\n<meta property=\"og:description\" content=\"Le colorant naturel pour cils LB est sp\u00e9cialement formul\u00e9 pour les cils, tenant compte de la peau d\u00e9licate des paupi\u00e8res.\" \/>\n<meta property=\"og:url\" content=\"https:\/\/www.art-natur.ch\/fr\/produit\/teinture-pour-cils-lb-%e2%84%961blue-noir\/\" \/>\n<meta property=\"og:site_name\" content=\"LASHES&amp;BROWS by Nataliya Reinhard\" \/>\n<meta property=\"article:modified_time\" content=\"2024-10-25T11:49:38+00:00\" \/>\n<meta property=\"og:image\" content=\"https:\/\/www.art-natur.ch\/wp-content\/uploads\/2024\/09\/2409860999-1-Photoroom.png\" \/>\n\t<meta property=\"og:image:width\" content=\"1280\" \/>\n\t<meta property=\"og:image:height\" content=\"1280\" \/>\n\t<meta property=\"og:image:type\" content=\"image\/png\" \/>\n<meta name=\"twitter:card\" content=\"summary_large_image\" \/>\n<meta name=\"twitter:label1\" content=\"Dur\u00e9e de lecture estim\u00e9e\" \/>\n\t<meta name=\"twitter:data1\" content=\"1 minute\" \/>\n<script type=\"application\/ld+json\" class=\"yoast-schema-graph\">{\"@context\":\"https:\/\/schema.org\",\"@graph\":[{\"@type\":\"WebPage\",\"@id\":\"https:\/\/www.art-natur.ch\/fr\/produit\/teinture-pour-cils-lb-%e2%84%961blue-noir\/\",\"url\":\"https:\/\/www.art-natur.ch\/fr\/produit\/teinture-pour-cils-lb-%e2%84%961blue-noir\/\",\"name\":\"\u200bTeinture pour cils LB (\u21161blue-noir) - LASHES&amp;BROWS by Nataliya Reinhard\",\"isPartOf\":{\"@id\":\"https:\/\/www.art-natur.ch\/fr\/#website\"},\"primaryImageOfPage\":{\"@id\":\"https:\/\/www.art-natur.ch\/fr\/produit\/teinture-pour-cils-lb-%e2%84%961blue-noir\/#primaryimage\"},\"image\":{\"@id\":\"https:\/\/www.art-natur.ch\/fr\/produit\/teinture-pour-cils-lb-%e2%84%961blue-noir\/#primaryimage\"},\"thumbnailUrl\":\"https:\/\/www.art-natur.ch\/wp-content\/uploads\/2024\/09\/2409860999-1-Photoroom.png\",\"datePublished\":\"2024-09-29T06:35:41+00:00\",\"dateModified\":\"2024-10-25T11:49:38+00:00\",\"description\":\"Le colorant naturel pour cils LB est sp\u00e9cialement formul\u00e9 pour les cils, tenant compte de la peau d\u00e9licate des paupi\u00e8res.\",\"breadcrumb\":{\"@id\":\"https:\/\/www.art-natur.ch\/fr\/produit\/teinture-pour-cils-lb-%e2%84%961blue-noir\/#breadcrumb\"},\"inLanguage\":\"fr-FR\",\"potentialAction\":[{\"@type\":\"ReadAction\",\"target\":[\"https:\/\/www.art-natur.ch\/fr\/produit\/teinture-pour-cils-lb-%e2%84%961blue-noir\/\"]}]},{\"@type\":\"ImageObject\",\"inLanguage\":\"fr-FR\",\"@id\":\"https:\/\/www.art-natur.ch\/fr\/produit\/teinture-pour-cils-lb-%e2%84%961blue-noir\/#primaryimage\",\"url\":\"https:\/\/www.art-natur.ch\/wp-content\/uploads\/2024\/09\/2409860999-1-Photoroom.png\",\"contentUrl\":\"https:\/\/www.art-natur.ch\/wp-content\/uploads\/2024\/09\/2409860999-1-Photoroom.png\",\"width\":1280,\"height\":1280},{\"@type\":\"BreadcrumbList\",\"@id\":\"https:\/\/www.art-natur.ch\/fr\/produit\/teinture-pour-cils-lb-%e2%84%961blue-noir\/#breadcrumb\",\"itemListElement\":[{\"@type\":\"ListItem\",\"position\":1,\"name\":\"Home\",\"item\":\"https:\/\/www.art-natur.ch\/fr\/\"},{\"@type\":\"ListItem\",\"position\":2,\"name\":\"Boutique\",\"item\":\"https:\/\/www.art-natur.ch\/shop\/\"},{\"@type\":\"ListItem\",\"position\":3,\"name\":\"\u200bTeinture pour cils LB (\u21161blue-noir)\"}]},{\"@type\":\"WebSite\",\"@id\":\"https:\/\/www.art-natur.ch\/fr\/#website\",\"url\":\"https:\/\/www.art-natur.ch\/fr\/\",\"name\":\"LASHES&amp;BROWS by Nataliya Reinhard\",\"description\":\"High-quality lash and brow services with attention to every detail\",\"potentialAction\":[{\"@type\":\"SearchAction\",\"target\":{\"@type\":\"EntryPoint\",\"urlTemplate\":\"https:\/\/www.art-natur.ch\/fr\/?s={search_term_string}\"},\"query-input\":{\"@type\":\"PropertyValueSpecification\",\"valueRequired\":true,\"valueName\":\"search_term_string\"}}],\"inLanguage\":\"fr-FR\"}]}<\/script>\n<!-- \/ Yoast SEO plugin. -->","yoast_head_json":{"title":"\u200bTeinture pour cils LB (\u21161blue-noir) - LASHES&amp;BROWS by Nataliya Reinhard","description":"Le colorant naturel pour cils LB est sp\u00e9cialement formul\u00e9 pour les cils, tenant compte de la peau d\u00e9licate des paupi\u00e8res.","robots":{"index":"index","follow":"follow","max-snippet":"max-snippet:-1","max-image-preview":"max-image-preview:large","max-video-preview":"max-video-preview:-1"},"canonical":"https:\/\/www.art-natur.ch\/fr\/produit\/teinture-pour-cils-lb-%e2%84%961blue-noir\/","og_locale":"fr_FR","og_type":"article","og_title":"\u200bTeinture pour cils LB (\u21161blue-noir) - LASHES&amp;BROWS by Nataliya Reinhard","og_description":"Le colorant naturel pour cils LB est sp\u00e9cialement formul\u00e9 pour les cils, tenant compte de la peau d\u00e9licate des paupi\u00e8res.","og_url":"https:\/\/www.art-natur.ch\/fr\/produit\/teinture-pour-cils-lb-%e2%84%961blue-noir\/","og_site_name":"LASHES&amp;BROWS by Nataliya Reinhard","article_modified_time":"2024-10-25T11:49:38+00:00","og_image":[{"width":1280,"height":1280,"url":"https:\/\/www.art-natur.ch\/wp-content\/uploads\/2024\/09\/2409860999-1-Photoroom.png","type":"image\/png"}],"twitter_card":"summary_large_image","twitter_misc":{"Dur\u00e9e de lecture estim\u00e9e":"1 minute"},"schema":{"@context":"https:\/\/schema.org","@graph":[{"@type":"WebPage","@id":"https:\/\/www.art-natur.ch\/fr\/produit\/teinture-pour-cils-lb-%e2%84%961blue-noir\/","url":"https:\/\/www.art-natur.ch\/fr\/produit\/teinture-pour-cils-lb-%e2%84%961blue-noir\/","name":"\u200bTeinture pour cils LB (\u21161blue-noir) - LASHES&amp;BROWS by Nataliya Reinhard","isPartOf":{"@id":"https:\/\/www.art-natur.ch\/fr\/#website"},"primaryImageOfPage":{"@id":"https:\/\/www.art-natur.ch\/fr\/produit\/teinture-pour-cils-lb-%e2%84%961blue-noir\/#primaryimage"},"image":{"@id":"https:\/\/www.art-natur.ch\/fr\/produit\/teinture-pour-cils-lb-%e2%84%961blue-noir\/#primaryimage"},"thumbnailUrl":"https:\/\/www.art-natur.ch\/wp-content\/uploads\/2024\/09\/2409860999-1-Photoroom.png","datePublished":"2024-09-29T06:35:41+00:00","dateModified":"2024-10-25T11:49:38+00:00","description":"Le colorant naturel pour cils LB est sp\u00e9cialement formul\u00e9 pour les cils, tenant compte de la peau d\u00e9licate des paupi\u00e8res.","breadcrumb":{"@id":"https:\/\/www.art-natur.ch\/fr\/produit\/teinture-pour-cils-lb-%e2%84%961blue-noir\/#breadcrumb"},"inLanguage":"fr-FR","potentialAction":[{"@type":"ReadAction","target":["https:\/\/www.art-natur.ch\/fr\/produit\/teinture-pour-cils-lb-%e2%84%961blue-noir\/"]}]},{"@type":"ImageObject","inLanguage":"fr-FR","@id":"https:\/\/www.art-natur.ch\/fr\/produit\/teinture-pour-cils-lb-%e2%84%961blue-noir\/#primaryimage","url":"https:\/\/www.art-natur.ch\/wp-content\/uploads\/2024\/09\/2409860999-1-Photoroom.png","contentUrl":"https:\/\/www.art-natur.ch\/wp-content\/uploads\/2024\/09\/2409860999-1-Photoroom.png","width":1280,"height":1280},{"@type":"BreadcrumbList","@id":"https:\/\/www.art-natur.ch\/fr\/produit\/teinture-pour-cils-lb-%e2%84%961blue-noir\/#breadcrumb","itemListElement":[{"@type":"ListItem","position":1,"name":"Home","item":"https:\/\/www.art-natur.ch\/fr\/"},{"@type":"ListItem","position":2,"name":"Boutique","item":"https:\/\/www.art-natur.ch\/shop\/"},{"@type":"ListItem","position":3,"name":"\u200bTeinture pour cils LB (\u21161blue-noir)"}]},{"@type":"WebSite","@id":"https:\/\/www.art-natur.ch\/fr\/#website","url":"https:\/\/www.art-natur.ch\/fr\/","name":"LASHES&amp;BROWS by Nataliya Reinhard","description":"High-quality lash and brow services with attention to every detail","potentialAction":[{"@type":"SearchAction","target":{"@type":"EntryPoint","urlTemplate":"https:\/\/www.art-natur.ch\/fr\/?s={search_term_string}"},"query-input":{"@type":"PropertyValueSpecification","valueRequired":true,"valueName":"search_term_string"}}],"inLanguage":"fr-FR"}]}},"_links":{"self":[{"href":"https:\/\/www.art-natur.ch\/fr\/wp-json\/wp\/v2\/product\/2867","targetHints":{"allow":["GET"]}}],"collection":[{"href":"https:\/\/www.art-natur.ch\/fr\/wp-json\/wp\/v2\/product"}],"about":[{"href":"https:\/\/www.art-natur.ch\/fr\/wp-json\/wp\/v2\/types\/product"}],"wp:featuredmedia":[{"embeddable":true,"href":"https:\/\/www.art-natur.ch\/fr\/wp-json\/wp\/v2\/media\/7039"}],"wp:attachment":[{"href":"https:\/\/www.art-natur.ch\/fr\/wp-json\/wp\/v2\/media?parent=2867"}],"wp:term":[{"taxonomy":"product_cat","embeddable":true,"href":"https:\/\/www.art-natur.ch\/fr\/wp-json\/wp\/v2\/product_cat?post=2867"},{"taxonomy":"product_tag","embeddable":true,"href":"https:\/\/www.art-natur.ch\/fr\/wp-json\/wp\/v2\/product_tag?post=2867"}],"curies":[{"name":"wp","href":"https:\/\/api.w.org\/{rel}","templated":true}]}}