{"id":2939,"date":"2024-09-29T10:22:47","date_gmt":"2024-09-29T09:22:47","guid":{"rendered":"https:\/\/www.art-natur.ch\/product\/ventilateur-pour-le-sechage-des-cils-apres-les-extensions-2\/"},"modified":"2025-01-18T22:01:10","modified_gmt":"2025-01-18T21:01:10","slug":"ventilateur-pour-le-sechage-des-cils-apres-les-extensions-2","status":"publish","type":"product","link":"https:\/\/www.art-natur.ch\/fr\/produit\/ventilateur-pour-le-sechage-des-cils-apres-les-extensions-2\/","title":{"rendered":"Ventilateur pour le s\u00e9chage des cils apr\u00e8s les extensions"},"content":{"rendered":"<p>Description et caract\u00e9ristiques de l&rsquo;\u00e9ventail pour le s\u00e9chage des cils apr\u00e8s les extensions<\/p>\n<p>Le ventilateur pour le s\u00e9chage des cils apr\u00e8s extension est un appareil compact, con\u00e7u pour acc\u00e9l\u00e9rer le processus de fixation du mat\u00e9riau artificiel et la polym\u00e9risation de la colle. Il aide \u00e0 s\u00e9cher les cils de mani\u00e8re uniforme et rapide. Tout fabricant de cils appr\u00e9ciera les avantages de ce produit une fois qu&rsquo;il l&rsquo;aura essay\u00e9. Le ventilateur est dot\u00e9 d&rsquo;un moteur miniature, fonctionne sur une batterie rechargeable et dispose d&rsquo;un cordon USB pour la recharge. Il y a un petit support au bas du ventilateur pour le placer sur un bureau inclin\u00e9. Sur le dessus, il y a un bouton marche\/arr\u00eat. Son faible poids, sa forme compacte et profil\u00e9e vous permettent de tenir le ventilateur dans votre main sans ressentir de fatigue.<\/p>\n","protected":false},"excerpt":{"rendered":"<p>Description et caract\u00e9ristiques de l&rsquo;\u00e9ventail pour le s\u00e9chage des cils apr\u00e8s les extensions Le ventilateur pour le s\u00e9chage des cils apr\u00e8s extension est un appareil compact, con\u00e7u pour acc\u00e9l\u00e9rer le processus de fixation du mat\u00e9riau artificiel et la polym\u00e9risation de la colle. Il aide \u00e0 s\u00e9cher les cils de mani\u00e8re uniforme et rapide. Tout fabricant [&hellip;]<\/p>\n","protected":false},"featured_media":7011,"template":"","meta":{"_acf_changed":false,"inline_featured_image":false},"product_cat":[116,143,146,189,193],"product_tag":[],"class_list":{"0":"post-2939","1":"product","2":"type-product","3":"status-publish","4":"has-post-thumbnail","6":"product_cat-extension-de-cils","7":"product_cat-equipements-et-accessoires","8":"product_cat-autre","9":"product_cat-outil-coloration-et-correction-des-sourcils","10":"product_cat-produits-connexes","12":"first","13":"instock","14":"shipping-taxable","15":"purchasable","16":"product-type-variable"},"acf":[],"yoast_head":"<!-- This site is optimized with the Yoast SEO plugin v26.6 - https:\/\/yoast.com\/wordpress\/plugins\/seo\/ -->\n<title>Ventilateur pour le s\u00e9chage des cils apr\u00e8s les extensions - LASHES&amp;BROWS by Nataliya Reinhard<\/title>\n<meta name=\"description\" content=\"Ventilateur compact pour s\u00e9cher les cils, acc\u00e9l\u00e8re la polym\u00e9risation de la colle et assure un s\u00e9chage rapide et uniforme.\" \/>\n<meta name=\"robots\" content=\"index, follow, max-snippet:-1, max-image-preview:large, max-video-preview:-1\" \/>\n<link rel=\"canonical\" href=\"https:\/\/www.art-natur.ch\/fr\/produit\/ventilateur-pour-le-sechage-des-cils-apres-les-extensions-2\/\" \/>\n<meta property=\"og:locale\" content=\"fr_FR\" \/>\n<meta property=\"og:type\" content=\"article\" \/>\n<meta property=\"og:title\" content=\"Ventilateur pour le s\u00e9chage des cils apr\u00e8s les extensions - LASHES&amp;BROWS by Nataliya Reinhard\" \/>\n<meta property=\"og:description\" content=\"Ventilateur compact pour s\u00e9cher les cils, acc\u00e9l\u00e8re la polym\u00e9risation de la colle et assure un s\u00e9chage rapide et uniforme.\" \/>\n<meta property=\"og:url\" content=\"https:\/\/www.art-natur.ch\/fr\/produit\/ventilateur-pour-le-sechage-des-cils-apres-les-extensions-2\/\" \/>\n<meta property=\"og:site_name\" content=\"LASHES&amp;BROWS by Nataliya Reinhard\" \/>\n<meta property=\"article:modified_time\" content=\"2025-01-18T21:01:10+00:00\" \/>\n<meta property=\"og:image\" content=\"https:\/\/www.art-natur.ch\/wp-content\/uploads\/2024\/09\/2903893148.jpg\" \/>\n\t<meta property=\"og:image:width\" content=\"489\" \/>\n\t<meta property=\"og:image:height\" content=\"493\" \/>\n\t<meta property=\"og:image:type\" content=\"image\/jpeg\" \/>\n<meta name=\"twitter:card\" content=\"summary_large_image\" \/>\n<meta name=\"twitter:label1\" content=\"Dur\u00e9e de lecture estim\u00e9e\" \/>\n\t<meta name=\"twitter:data1\" content=\"1 minute\" \/>\n<script type=\"application\/ld+json\" class=\"yoast-schema-graph\">{\"@context\":\"https:\/\/schema.org\",\"@graph\":[{\"@type\":\"WebPage\",\"@id\":\"https:\/\/www.art-natur.ch\/fr\/produit\/ventilateur-pour-le-sechage-des-cils-apres-les-extensions-2\/\",\"url\":\"https:\/\/www.art-natur.ch\/fr\/produit\/ventilateur-pour-le-sechage-des-cils-apres-les-extensions-2\/\",\"name\":\"Ventilateur pour le s\u00e9chage des cils apr\u00e8s les extensions - LASHES&amp;BROWS by Nataliya Reinhard\",\"isPartOf\":{\"@id\":\"https:\/\/www.art-natur.ch\/fr\/#website\"},\"primaryImageOfPage\":{\"@id\":\"https:\/\/www.art-natur.ch\/fr\/produit\/ventilateur-pour-le-sechage-des-cils-apres-les-extensions-2\/#primaryimage\"},\"image\":{\"@id\":\"https:\/\/www.art-natur.ch\/fr\/produit\/ventilateur-pour-le-sechage-des-cils-apres-les-extensions-2\/#primaryimage\"},\"thumbnailUrl\":\"https:\/\/www.art-natur.ch\/wp-content\/uploads\/2024\/09\/2903893148.jpg\",\"datePublished\":\"2024-09-29T09:22:47+00:00\",\"dateModified\":\"2025-01-18T21:01:10+00:00\",\"description\":\"Ventilateur compact pour s\u00e9cher les cils, acc\u00e9l\u00e8re la polym\u00e9risation de la colle et assure un s\u00e9chage rapide et uniforme.\",\"breadcrumb\":{\"@id\":\"https:\/\/www.art-natur.ch\/fr\/produit\/ventilateur-pour-le-sechage-des-cils-apres-les-extensions-2\/#breadcrumb\"},\"inLanguage\":\"fr-FR\",\"potentialAction\":[{\"@type\":\"ReadAction\",\"target\":[\"https:\/\/www.art-natur.ch\/fr\/produit\/ventilateur-pour-le-sechage-des-cils-apres-les-extensions-2\/\"]}]},{\"@type\":\"ImageObject\",\"inLanguage\":\"fr-FR\",\"@id\":\"https:\/\/www.art-natur.ch\/fr\/produit\/ventilateur-pour-le-sechage-des-cils-apres-les-extensions-2\/#primaryimage\",\"url\":\"https:\/\/www.art-natur.ch\/wp-content\/uploads\/2024\/09\/2903893148.jpg\",\"contentUrl\":\"https:\/\/www.art-natur.ch\/wp-content\/uploads\/2024\/09\/2903893148.jpg\",\"width\":489,\"height\":493},{\"@type\":\"BreadcrumbList\",\"@id\":\"https:\/\/www.art-natur.ch\/fr\/produit\/ventilateur-pour-le-sechage-des-cils-apres-les-extensions-2\/#breadcrumb\",\"itemListElement\":[{\"@type\":\"ListItem\",\"position\":1,\"name\":\"Home\",\"item\":\"https:\/\/www.art-natur.ch\/fr\/\"},{\"@type\":\"ListItem\",\"position\":2,\"name\":\"Boutique\",\"item\":\"https:\/\/www.art-natur.ch\/shop\/\"},{\"@type\":\"ListItem\",\"position\":3,\"name\":\"Ventilateur pour le s\u00e9chage des cils apr\u00e8s les extensions\"}]},{\"@type\":\"WebSite\",\"@id\":\"https:\/\/www.art-natur.ch\/fr\/#website\",\"url\":\"https:\/\/www.art-natur.ch\/fr\/\",\"name\":\"LASHES&amp;BROWS by Nataliya Reinhard\",\"description\":\"High-quality lash and brow services with attention to every detail\",\"potentialAction\":[{\"@type\":\"SearchAction\",\"target\":{\"@type\":\"EntryPoint\",\"urlTemplate\":\"https:\/\/www.art-natur.ch\/fr\/?s={search_term_string}\"},\"query-input\":{\"@type\":\"PropertyValueSpecification\",\"valueRequired\":true,\"valueName\":\"search_term_string\"}}],\"inLanguage\":\"fr-FR\"}]}<\/script>\n<!-- \/ Yoast SEO plugin. -->","yoast_head_json":{"title":"Ventilateur pour le s\u00e9chage des cils apr\u00e8s les extensions - LASHES&amp;BROWS by Nataliya Reinhard","description":"Ventilateur compact pour s\u00e9cher les cils, acc\u00e9l\u00e8re la polym\u00e9risation de la colle et assure un s\u00e9chage rapide et uniforme.","robots":{"index":"index","follow":"follow","max-snippet":"max-snippet:-1","max-image-preview":"max-image-preview:large","max-video-preview":"max-video-preview:-1"},"canonical":"https:\/\/www.art-natur.ch\/fr\/produit\/ventilateur-pour-le-sechage-des-cils-apres-les-extensions-2\/","og_locale":"fr_FR","og_type":"article","og_title":"Ventilateur pour le s\u00e9chage des cils apr\u00e8s les extensions - LASHES&amp;BROWS by Nataliya Reinhard","og_description":"Ventilateur compact pour s\u00e9cher les cils, acc\u00e9l\u00e8re la polym\u00e9risation de la colle et assure un s\u00e9chage rapide et uniforme.","og_url":"https:\/\/www.art-natur.ch\/fr\/produit\/ventilateur-pour-le-sechage-des-cils-apres-les-extensions-2\/","og_site_name":"LASHES&amp;BROWS by Nataliya Reinhard","article_modified_time":"2025-01-18T21:01:10+00:00","og_image":[{"width":489,"height":493,"url":"https:\/\/www.art-natur.ch\/wp-content\/uploads\/2024\/09\/2903893148.jpg","type":"image\/jpeg"}],"twitter_card":"summary_large_image","twitter_misc":{"Dur\u00e9e de lecture estim\u00e9e":"1 minute"},"schema":{"@context":"https:\/\/schema.org","@graph":[{"@type":"WebPage","@id":"https:\/\/www.art-natur.ch\/fr\/produit\/ventilateur-pour-le-sechage-des-cils-apres-les-extensions-2\/","url":"https:\/\/www.art-natur.ch\/fr\/produit\/ventilateur-pour-le-sechage-des-cils-apres-les-extensions-2\/","name":"Ventilateur pour le s\u00e9chage des cils apr\u00e8s les extensions - LASHES&amp;BROWS by Nataliya Reinhard","isPartOf":{"@id":"https:\/\/www.art-natur.ch\/fr\/#website"},"primaryImageOfPage":{"@id":"https:\/\/www.art-natur.ch\/fr\/produit\/ventilateur-pour-le-sechage-des-cils-apres-les-extensions-2\/#primaryimage"},"image":{"@id":"https:\/\/www.art-natur.ch\/fr\/produit\/ventilateur-pour-le-sechage-des-cils-apres-les-extensions-2\/#primaryimage"},"thumbnailUrl":"https:\/\/www.art-natur.ch\/wp-content\/uploads\/2024\/09\/2903893148.jpg","datePublished":"2024-09-29T09:22:47+00:00","dateModified":"2025-01-18T21:01:10+00:00","description":"Ventilateur compact pour s\u00e9cher les cils, acc\u00e9l\u00e8re la polym\u00e9risation de la colle et assure un s\u00e9chage rapide et uniforme.","breadcrumb":{"@id":"https:\/\/www.art-natur.ch\/fr\/produit\/ventilateur-pour-le-sechage-des-cils-apres-les-extensions-2\/#breadcrumb"},"inLanguage":"fr-FR","potentialAction":[{"@type":"ReadAction","target":["https:\/\/www.art-natur.ch\/fr\/produit\/ventilateur-pour-le-sechage-des-cils-apres-les-extensions-2\/"]}]},{"@type":"ImageObject","inLanguage":"fr-FR","@id":"https:\/\/www.art-natur.ch\/fr\/produit\/ventilateur-pour-le-sechage-des-cils-apres-les-extensions-2\/#primaryimage","url":"https:\/\/www.art-natur.ch\/wp-content\/uploads\/2024\/09\/2903893148.jpg","contentUrl":"https:\/\/www.art-natur.ch\/wp-content\/uploads\/2024\/09\/2903893148.jpg","width":489,"height":493},{"@type":"BreadcrumbList","@id":"https:\/\/www.art-natur.ch\/fr\/produit\/ventilateur-pour-le-sechage-des-cils-apres-les-extensions-2\/#breadcrumb","itemListElement":[{"@type":"ListItem","position":1,"name":"Home","item":"https:\/\/www.art-natur.ch\/fr\/"},{"@type":"ListItem","position":2,"name":"Boutique","item":"https:\/\/www.art-natur.ch\/shop\/"},{"@type":"ListItem","position":3,"name":"Ventilateur pour le s\u00e9chage des cils apr\u00e8s les extensions"}]},{"@type":"WebSite","@id":"https:\/\/www.art-natur.ch\/fr\/#website","url":"https:\/\/www.art-natur.ch\/fr\/","name":"LASHES&amp;BROWS by Nataliya Reinhard","description":"High-quality lash and brow services with attention to every detail","potentialAction":[{"@type":"SearchAction","target":{"@type":"EntryPoint","urlTemplate":"https:\/\/www.art-natur.ch\/fr\/?s={search_term_string}"},"query-input":{"@type":"PropertyValueSpecification","valueRequired":true,"valueName":"search_term_string"}}],"inLanguage":"fr-FR"}]}},"_links":{"self":[{"href":"https:\/\/www.art-natur.ch\/fr\/wp-json\/wp\/v2\/product\/2939","targetHints":{"allow":["GET"]}}],"collection":[{"href":"https:\/\/www.art-natur.ch\/fr\/wp-json\/wp\/v2\/product"}],"about":[{"href":"https:\/\/www.art-natur.ch\/fr\/wp-json\/wp\/v2\/types\/product"}],"wp:featuredmedia":[{"embeddable":true,"href":"https:\/\/www.art-natur.ch\/fr\/wp-json\/wp\/v2\/media\/7011"}],"wp:attachment":[{"href":"https:\/\/www.art-natur.ch\/fr\/wp-json\/wp\/v2\/media?parent=2939"}],"wp:term":[{"taxonomy":"product_cat","embeddable":true,"href":"https:\/\/www.art-natur.ch\/fr\/wp-json\/wp\/v2\/product_cat?post=2939"},{"taxonomy":"product_tag","embeddable":true,"href":"https:\/\/www.art-natur.ch\/fr\/wp-json\/wp\/v2\/product_tag?post=2939"}],"curies":[{"name":"wp","href":"https:\/\/api.w.org\/{rel}","templated":true}]}}