{"id":2992,"date":"2024-09-29T10:53:40","date_gmt":"2024-09-29T08:53:40","guid":{"rendered":"https:\/\/www.art-natur.ch\/product\/tampons-en-silicone-lb-ll1mm1m2s\/"},"modified":"2024-10-13T17:28:09","modified_gmt":"2024-10-13T15:28:09","slug":"tampons-en-silicone-lb-ll1mm1m2s","status":"publish","type":"product","link":"https:\/\/www.art-natur.ch\/fr\/produit\/tampons-en-silicone-lb-ll1mm1m2s\/","title":{"rendered":"\u200bTampons en silicone LB (L,L1,M,M1,M2,S)"},"content":{"rendered":"<p>1. la ligne de pliage d&rsquo;un tampon est en outre marqu\u00e9e d&rsquo;un point. Cela vous permet de s\u00e9lectionner rapidement et pr\u00e9cis\u00e9ment la taille de tampon appropri\u00e9e et de d\u00e9terminer la zone d&rsquo;application de la lotion pour cr\u00e9er la boucle souhait\u00e9e. L&rsquo;application plate du point prot\u00e8ge les cils des dommages. 2. Les diff\u00e9rents types de coussinets (plats et arrondis) permettent d&rsquo;obtenir des effets diff\u00e9rents : un bon soul\u00e8vement \u00e0 partir de la racine ou une courbure expressive. Ils conviennent \u00e9galement aux paupi\u00e8res sup\u00e9rieures tombantes et aux zones de croissance des cils larges. 3. l&rsquo;\u00e9paississement du coussinet vers les coins int\u00e9rieurs permet de cr\u00e9er une courbe r\u00e9guli\u00e8re et belle, les cils n&rsquo;\u00e9tant pas recourb\u00e9s de mani\u00e8re excessive ou endommag\u00e9s. En outre, la zone d&rsquo;application des cils ne n\u00e9cessite plus de mesures pr\u00e9cises. 4. un large \u00e9ventail de tailles (6 tailles) permet de travailler avec des cils de diff\u00e9rentes longueurs 5. le silicone souple cr\u00e9e une sensation de confort pour la cliente et facilite le travail de l&rsquo;artiste : le coussinet est souple et bien fix\u00e9 6. La surface mate en velours cr\u00e9e une sensation de confort pour la cliente et facilite \u00e9galement le travail de l&rsquo;artiste : le rev\u00eatement est antid\u00e9rapant, il rend le processus de fixation des cils sur le coussinet plus facile et plus rapide 7. Gr\u00e2ce \u00e0 la courbure anatomique, le coussinet s&rsquo;adapte en douceur \u00e0 la paupi\u00e8re, il peut \u00eatre facilement plac\u00e9 sur tout type d&rsquo;\u0153il 8. L&rsquo;alignement droite-gauche vous permet de cr\u00e9er une belle boucle, ainsi que de cr\u00e9er des effets suppl\u00e9mentaires en intervertissant les coussinets \u00e0 diff\u00e9rents endroits 9. La longueur optimale du coussinet vous permet de travailler avec des yeux moyens et grands, ainsi que de cr\u00e9er diff\u00e9rentes boucles en d\u00e9pla\u00e7ant l\u00e9g\u00e8rement le coussinet sur les paupi\u00e8res 10. Un petit p\u00e9tale prend peu de place et convient \u00e0 n&rsquo;importe quelle paupi\u00e8re, en m\u00eame temps il est suffisant et confortable pour l&rsquo;artiste pendant le processus de fixation du coussinet et de pose des cils. Il prot\u00e8ge \u00e9galement la paupi\u00e8re pendant le processus de teinture des cils. 11. la couleur vous permet de travailler avec des cils clairs et fonc\u00e9s, les coussinets ne tachent pas et restent beaux longtemps. 12. Le mat\u00e9riau ne provoque pas de r\u00e9actions allergiques. 13. peut \u00eatre st\u00e9rilis\u00e9 \u00e0 la chaleur s\u00e8che, ce qui facilite l&rsquo;entretien du tampon.<\/p>\n","protected":false},"excerpt":{"rendered":"<p>1. la ligne de pliage d&rsquo;un tampon est en outre marqu\u00e9e d&rsquo;un point. Cela vous permet de s\u00e9lectionner rapidement et pr\u00e9cis\u00e9ment la taille de tampon appropri\u00e9e et de d\u00e9terminer la zone d&rsquo;application de la lotion pour cr\u00e9er la boucle souhait\u00e9e. L&rsquo;application plate du point prot\u00e8ge les cils des dommages. 2. Les diff\u00e9rents types de coussinets [&hellip;]<\/p>\n","protected":false},"featured_media":6983,"template":"","meta":{"_acf_changed":false,"inline_featured_image":false},"product_cat":[150,154,156],"product_tag":[],"class_list":{"0":"post-2992","1":"product","2":"type-product","3":"status-publish","4":"has-post-thumbnail","6":"product_brand-lash-botox","7":"product_cat-rehaussement-des-cils","8":"product_cat-bigoudis-et-patchs","9":"product_cat-bigoudis","11":"first","12":"instock","13":"shipping-taxable","14":"purchasable","15":"product-type-variable"},"acf":[],"yoast_head":"<!-- This site is optimized with the Yoast SEO plugin v26.6 - https:\/\/yoast.com\/wordpress\/plugins\/seo\/ -->\n<title>\u200bTampons en silicone LB (L,L1,M,M1,M2,S) - LASHES&amp;BROWS by Nataliya Reinhard<\/title>\n<meta name=\"description\" content=\"La ligne de courbure marqu\u00e9e aide \u00e0 s\u00e9lectionner la taille du coussinet, tandis que le silicone souple offre confort et s\u00e9curit\u00e9 pendant l&#039;utilisation.\" \/>\n<meta name=\"robots\" content=\"index, follow, max-snippet:-1, max-image-preview:large, max-video-preview:-1\" \/>\n<link rel=\"canonical\" href=\"https:\/\/www.art-natur.ch\/fr\/produit\/tampons-en-silicone-lb-ll1mm1m2s\/\" \/>\n<meta property=\"og:locale\" content=\"fr_FR\" \/>\n<meta property=\"og:type\" content=\"article\" \/>\n<meta property=\"og:title\" content=\"\u200bTampons en silicone LB (L,L1,M,M1,M2,S) - LASHES&amp;BROWS by Nataliya Reinhard\" \/>\n<meta property=\"og:description\" content=\"La ligne de courbure marqu\u00e9e aide \u00e0 s\u00e9lectionner la taille du coussinet, tandis que le silicone souple offre confort et s\u00e9curit\u00e9 pendant l&#039;utilisation.\" \/>\n<meta property=\"og:url\" content=\"https:\/\/www.art-natur.ch\/fr\/produit\/tampons-en-silicone-lb-ll1mm1m2s\/\" \/>\n<meta property=\"og:site_name\" content=\"LASHES&amp;BROWS by Nataliya Reinhard\" \/>\n<meta property=\"article:modified_time\" content=\"2024-10-13T15:28:09+00:00\" \/>\n<meta property=\"og:image\" content=\"https:\/\/www.art-natur.ch\/wp-content\/uploads\/2024\/09\/2409855863-Photoroom.png\" \/>\n\t<meta property=\"og:image:width\" content=\"800\" \/>\n\t<meta property=\"og:image:height\" content=\"800\" \/>\n\t<meta property=\"og:image:type\" content=\"image\/png\" \/>\n<meta name=\"twitter:card\" content=\"summary_large_image\" \/>\n<meta name=\"twitter:label1\" content=\"Dur\u00e9e de lecture estim\u00e9e\" \/>\n\t<meta name=\"twitter:data1\" content=\"2 minutes\" \/>\n<script type=\"application\/ld+json\" class=\"yoast-schema-graph\">{\"@context\":\"https:\/\/schema.org\",\"@graph\":[{\"@type\":\"WebPage\",\"@id\":\"https:\/\/www.art-natur.ch\/fr\/produit\/tampons-en-silicone-lb-ll1mm1m2s\/\",\"url\":\"https:\/\/www.art-natur.ch\/fr\/produit\/tampons-en-silicone-lb-ll1mm1m2s\/\",\"name\":\"\u200bTampons en silicone LB (L,L1,M,M1,M2,S) - LASHES&amp;BROWS by Nataliya Reinhard\",\"isPartOf\":{\"@id\":\"https:\/\/www.art-natur.ch\/fr\/#website\"},\"primaryImageOfPage\":{\"@id\":\"https:\/\/www.art-natur.ch\/fr\/produit\/tampons-en-silicone-lb-ll1mm1m2s\/#primaryimage\"},\"image\":{\"@id\":\"https:\/\/www.art-natur.ch\/fr\/produit\/tampons-en-silicone-lb-ll1mm1m2s\/#primaryimage\"},\"thumbnailUrl\":\"https:\/\/www.art-natur.ch\/wp-content\/uploads\/2024\/09\/2409855863-Photoroom.png\",\"datePublished\":\"2024-09-29T08:53:40+00:00\",\"dateModified\":\"2024-10-13T15:28:09+00:00\",\"description\":\"La ligne de courbure marqu\u00e9e aide \u00e0 s\u00e9lectionner la taille du coussinet, tandis que le silicone souple offre confort et s\u00e9curit\u00e9 pendant l'utilisation.\",\"breadcrumb\":{\"@id\":\"https:\/\/www.art-natur.ch\/fr\/produit\/tampons-en-silicone-lb-ll1mm1m2s\/#breadcrumb\"},\"inLanguage\":\"fr-FR\",\"potentialAction\":[{\"@type\":\"ReadAction\",\"target\":[\"https:\/\/www.art-natur.ch\/fr\/produit\/tampons-en-silicone-lb-ll1mm1m2s\/\"]}]},{\"@type\":\"ImageObject\",\"inLanguage\":\"fr-FR\",\"@id\":\"https:\/\/www.art-natur.ch\/fr\/produit\/tampons-en-silicone-lb-ll1mm1m2s\/#primaryimage\",\"url\":\"https:\/\/www.art-natur.ch\/wp-content\/uploads\/2024\/09\/2409855863-Photoroom.png\",\"contentUrl\":\"https:\/\/www.art-natur.ch\/wp-content\/uploads\/2024\/09\/2409855863-Photoroom.png\",\"width\":800,\"height\":800},{\"@type\":\"BreadcrumbList\",\"@id\":\"https:\/\/www.art-natur.ch\/fr\/produit\/tampons-en-silicone-lb-ll1mm1m2s\/#breadcrumb\",\"itemListElement\":[{\"@type\":\"ListItem\",\"position\":1,\"name\":\"Home\",\"item\":\"https:\/\/www.art-natur.ch\/fr\/\"},{\"@type\":\"ListItem\",\"position\":2,\"name\":\"Boutique\",\"item\":\"https:\/\/www.art-natur.ch\/shop\/\"},{\"@type\":\"ListItem\",\"position\":3,\"name\":\"\u200bTampons en silicone LB (L,L1,M,M1,M2,S)\"}]},{\"@type\":\"WebSite\",\"@id\":\"https:\/\/www.art-natur.ch\/fr\/#website\",\"url\":\"https:\/\/www.art-natur.ch\/fr\/\",\"name\":\"LASHES&amp;BROWS by Nataliya Reinhard\",\"description\":\"High-quality lash and brow services with attention to every detail\",\"potentialAction\":[{\"@type\":\"SearchAction\",\"target\":{\"@type\":\"EntryPoint\",\"urlTemplate\":\"https:\/\/www.art-natur.ch\/fr\/?s={search_term_string}\"},\"query-input\":{\"@type\":\"PropertyValueSpecification\",\"valueRequired\":true,\"valueName\":\"search_term_string\"}}],\"inLanguage\":\"fr-FR\"}]}<\/script>\n<!-- \/ Yoast SEO plugin. -->","yoast_head_json":{"title":"\u200bTampons en silicone LB (L,L1,M,M1,M2,S) - LASHES&amp;BROWS by Nataliya Reinhard","description":"La ligne de courbure marqu\u00e9e aide \u00e0 s\u00e9lectionner la taille du coussinet, tandis que le silicone souple offre confort et s\u00e9curit\u00e9 pendant l'utilisation.","robots":{"index":"index","follow":"follow","max-snippet":"max-snippet:-1","max-image-preview":"max-image-preview:large","max-video-preview":"max-video-preview:-1"},"canonical":"https:\/\/www.art-natur.ch\/fr\/produit\/tampons-en-silicone-lb-ll1mm1m2s\/","og_locale":"fr_FR","og_type":"article","og_title":"\u200bTampons en silicone LB (L,L1,M,M1,M2,S) - LASHES&amp;BROWS by Nataliya Reinhard","og_description":"La ligne de courbure marqu\u00e9e aide \u00e0 s\u00e9lectionner la taille du coussinet, tandis que le silicone souple offre confort et s\u00e9curit\u00e9 pendant l'utilisation.","og_url":"https:\/\/www.art-natur.ch\/fr\/produit\/tampons-en-silicone-lb-ll1mm1m2s\/","og_site_name":"LASHES&amp;BROWS by Nataliya Reinhard","article_modified_time":"2024-10-13T15:28:09+00:00","og_image":[{"width":800,"height":800,"url":"https:\/\/www.art-natur.ch\/wp-content\/uploads\/2024\/09\/2409855863-Photoroom.png","type":"image\/png"}],"twitter_card":"summary_large_image","twitter_misc":{"Dur\u00e9e de lecture estim\u00e9e":"2 minutes"},"schema":{"@context":"https:\/\/schema.org","@graph":[{"@type":"WebPage","@id":"https:\/\/www.art-natur.ch\/fr\/produit\/tampons-en-silicone-lb-ll1mm1m2s\/","url":"https:\/\/www.art-natur.ch\/fr\/produit\/tampons-en-silicone-lb-ll1mm1m2s\/","name":"\u200bTampons en silicone LB (L,L1,M,M1,M2,S) - LASHES&amp;BROWS by Nataliya Reinhard","isPartOf":{"@id":"https:\/\/www.art-natur.ch\/fr\/#website"},"primaryImageOfPage":{"@id":"https:\/\/www.art-natur.ch\/fr\/produit\/tampons-en-silicone-lb-ll1mm1m2s\/#primaryimage"},"image":{"@id":"https:\/\/www.art-natur.ch\/fr\/produit\/tampons-en-silicone-lb-ll1mm1m2s\/#primaryimage"},"thumbnailUrl":"https:\/\/www.art-natur.ch\/wp-content\/uploads\/2024\/09\/2409855863-Photoroom.png","datePublished":"2024-09-29T08:53:40+00:00","dateModified":"2024-10-13T15:28:09+00:00","description":"La ligne de courbure marqu\u00e9e aide \u00e0 s\u00e9lectionner la taille du coussinet, tandis que le silicone souple offre confort et s\u00e9curit\u00e9 pendant l'utilisation.","breadcrumb":{"@id":"https:\/\/www.art-natur.ch\/fr\/produit\/tampons-en-silicone-lb-ll1mm1m2s\/#breadcrumb"},"inLanguage":"fr-FR","potentialAction":[{"@type":"ReadAction","target":["https:\/\/www.art-natur.ch\/fr\/produit\/tampons-en-silicone-lb-ll1mm1m2s\/"]}]},{"@type":"ImageObject","inLanguage":"fr-FR","@id":"https:\/\/www.art-natur.ch\/fr\/produit\/tampons-en-silicone-lb-ll1mm1m2s\/#primaryimage","url":"https:\/\/www.art-natur.ch\/wp-content\/uploads\/2024\/09\/2409855863-Photoroom.png","contentUrl":"https:\/\/www.art-natur.ch\/wp-content\/uploads\/2024\/09\/2409855863-Photoroom.png","width":800,"height":800},{"@type":"BreadcrumbList","@id":"https:\/\/www.art-natur.ch\/fr\/produit\/tampons-en-silicone-lb-ll1mm1m2s\/#breadcrumb","itemListElement":[{"@type":"ListItem","position":1,"name":"Home","item":"https:\/\/www.art-natur.ch\/fr\/"},{"@type":"ListItem","position":2,"name":"Boutique","item":"https:\/\/www.art-natur.ch\/shop\/"},{"@type":"ListItem","position":3,"name":"\u200bTampons en silicone LB (L,L1,M,M1,M2,S)"}]},{"@type":"WebSite","@id":"https:\/\/www.art-natur.ch\/fr\/#website","url":"https:\/\/www.art-natur.ch\/fr\/","name":"LASHES&amp;BROWS by Nataliya Reinhard","description":"High-quality lash and brow services with attention to every detail","potentialAction":[{"@type":"SearchAction","target":{"@type":"EntryPoint","urlTemplate":"https:\/\/www.art-natur.ch\/fr\/?s={search_term_string}"},"query-input":{"@type":"PropertyValueSpecification","valueRequired":true,"valueName":"search_term_string"}}],"inLanguage":"fr-FR"}]}},"_links":{"self":[{"href":"https:\/\/www.art-natur.ch\/fr\/wp-json\/wp\/v2\/product\/2992","targetHints":{"allow":["GET"]}}],"collection":[{"href":"https:\/\/www.art-natur.ch\/fr\/wp-json\/wp\/v2\/product"}],"about":[{"href":"https:\/\/www.art-natur.ch\/fr\/wp-json\/wp\/v2\/types\/product"}],"wp:featuredmedia":[{"embeddable":true,"href":"https:\/\/www.art-natur.ch\/fr\/wp-json\/wp\/v2\/media\/6983"}],"wp:attachment":[{"href":"https:\/\/www.art-natur.ch\/fr\/wp-json\/wp\/v2\/media?parent=2992"}],"wp:term":[{"taxonomy":"product_cat","embeddable":true,"href":"https:\/\/www.art-natur.ch\/fr\/wp-json\/wp\/v2\/product_cat?post=2992"},{"taxonomy":"product_tag","embeddable":true,"href":"https:\/\/www.art-natur.ch\/fr\/wp-json\/wp\/v2\/product_tag?post=2992"}],"curies":[{"name":"wp","href":"https:\/\/api.w.org\/{rel}","templated":true}]}}