{"id":3071,"date":"2024-09-30T15:07:41","date_gmt":"2024-09-30T13:07:41","guid":{"rendered":"https:\/\/www.art-natur.ch\/product\/cils-avec-pointes-colorees-melange-4-couleurs-20-lignes-collection-chic-by-nataliya-reinhard\/"},"modified":"2024-10-13T17:19:46","modified_gmt":"2024-10-13T15:19:46","slug":"cils-avec-pointes-colorees-melange-4-couleurs-20-lignes-collection-chic-by-nataliya-reinhard","status":"publish","type":"product","link":"https:\/\/www.art-natur.ch\/fr\/produit\/cils-avec-pointes-colorees-melange-4-couleurs-20-lignes-collection-chic-by-nataliya-reinhard\/","title":{"rendered":"Cils avec pointes color\u00e9es  M\u00e9lange  (4 couleurs) 20 lignes \u00ab\u00a0Collection Chic\u00a0\u00bb By Nataliya Reinhard"},"content":{"rendered":"<p>Cils \u00e0 pointe color\u00e9e<br \/>\n\u00ab\u00a0Collection Chic\u00a0\u00bb By Nataliya Reinhard<br \/>\nRendez votre look inoubliable !<br \/>\nNoirs \u00e0 la racine et color\u00e9s aux extr\u00e9mit\u00e9s, ces cils donnent \u00e0 vos yeux un look exclusif.<br \/>\nCe m\u00e9lange comprend 4 couleurs classiques :<br \/>\nnoir\/bleu<br \/>\nnoir\/violet<br \/>\nnoir\/vert<br \/>\nnoir\/rouge<br \/>\nTr\u00e8s pratique car chaque couleur a 5 longueurs : 9\/10\/11\/12\/13mm.<br \/>\nTous vos clients appr\u00e9cieront cette coloration.<\/p>\n","protected":false},"excerpt":{"rendered":"<p>Cils \u00e0 pointe color\u00e9e \u00ab\u00a0Collection Chic\u00a0\u00bb By Nataliya Reinhard Rendez votre look inoubliable ! Noirs \u00e0 la racine et color\u00e9s aux extr\u00e9mit\u00e9s, ces cils donnent \u00e0 vos yeux un look exclusif. Ce m\u00e9lange comprend 4 couleurs classiques : noir\/bleu noir\/violet noir\/vert noir\/rouge Tr\u00e8s pratique car chaque couleur a 5 longueurs : 9\/10\/11\/12\/13mm. Tous vos clients [&hellip;]<\/p>\n","protected":false},"featured_media":6950,"template":"","meta":{"_acf_changed":false,"inline_featured_image":false},"product_cat":[116,177],"product_tag":[],"class_list":{"0":"post-3071","1":"product","2":"type-product","3":"status-publish","4":"has-post-thumbnail","6":"product_brand-nataliya-reinhard","7":"product_cat-extension-de-cils","8":"product_cat-cils-colores","10":"first","11":"instock","12":"shipping-taxable","13":"purchasable","14":"product-type-variable"},"acf":[],"yoast_head":"<!-- This site is optimized with the Yoast SEO plugin v26.6 - https:\/\/yoast.com\/wordpress\/plugins\/seo\/ -->\n<title>Cils avec pointes color\u00e9es M\u00e9lange (4 couleurs) 20 lignes &quot;Collection Chic&quot; By Nataliya Reinhard - LASHES&amp;BROWS by Nataliya Reinhard<\/title>\n<meta name=\"description\" content=\"Cils &quot;Collection Chic&quot; by Nataliya Reinhard : racines noires, pointes color\u00e9es. 4 couleurs, 5 longueurs. Look exclusif garanti !\" \/>\n<meta name=\"robots\" content=\"index, follow, max-snippet:-1, max-image-preview:large, max-video-preview:-1\" \/>\n<link rel=\"canonical\" href=\"https:\/\/www.art-natur.ch\/fr\/produit\/cils-avec-pointes-colorees-melange-4-couleurs-20-lignes-collection-chic-by-nataliya-reinhard\/\" \/>\n<meta property=\"og:locale\" content=\"fr_FR\" \/>\n<meta property=\"og:type\" content=\"article\" \/>\n<meta property=\"og:title\" content=\"Cils avec pointes color\u00e9es M\u00e9lange (4 couleurs) 20 lignes &quot;Collection Chic&quot; By Nataliya Reinhard - LASHES&amp;BROWS by Nataliya Reinhard\" \/>\n<meta property=\"og:description\" content=\"Cils &quot;Collection Chic&quot; by Nataliya Reinhard : racines noires, pointes color\u00e9es. 4 couleurs, 5 longueurs. Look exclusif garanti !\" \/>\n<meta property=\"og:url\" content=\"https:\/\/www.art-natur.ch\/fr\/produit\/cils-avec-pointes-colorees-melange-4-couleurs-20-lignes-collection-chic-by-nataliya-reinhard\/\" \/>\n<meta property=\"og:site_name\" content=\"LASHES&amp;BROWS by Nataliya Reinhard\" \/>\n<meta property=\"article:modified_time\" content=\"2024-10-13T15:19:46+00:00\" \/>\n<meta property=\"og:image\" content=\"https:\/\/www.art-natur.ch\/wp-content\/uploads\/2024\/09\/2894107167-Photoroom.png\" \/>\n\t<meta property=\"og:image:width\" content=\"1200\" \/>\n\t<meta property=\"og:image:height\" content=\"800\" \/>\n\t<meta property=\"og:image:type\" content=\"image\/png\" \/>\n<meta name=\"twitter:card\" content=\"summary_large_image\" \/>\n<script type=\"application\/ld+json\" class=\"yoast-schema-graph\">{\"@context\":\"https:\/\/schema.org\",\"@graph\":[{\"@type\":\"WebPage\",\"@id\":\"https:\/\/www.art-natur.ch\/fr\/produit\/cils-avec-pointes-colorees-melange-4-couleurs-20-lignes-collection-chic-by-nataliya-reinhard\/\",\"url\":\"https:\/\/www.art-natur.ch\/fr\/produit\/cils-avec-pointes-colorees-melange-4-couleurs-20-lignes-collection-chic-by-nataliya-reinhard\/\",\"name\":\"Cils avec pointes color\u00e9es M\u00e9lange (4 couleurs) 20 lignes \\\"Collection Chic\\\" By Nataliya Reinhard - LASHES&amp;BROWS by Nataliya Reinhard\",\"isPartOf\":{\"@id\":\"https:\/\/www.art-natur.ch\/fr\/#website\"},\"primaryImageOfPage\":{\"@id\":\"https:\/\/www.art-natur.ch\/fr\/produit\/cils-avec-pointes-colorees-melange-4-couleurs-20-lignes-collection-chic-by-nataliya-reinhard\/#primaryimage\"},\"image\":{\"@id\":\"https:\/\/www.art-natur.ch\/fr\/produit\/cils-avec-pointes-colorees-melange-4-couleurs-20-lignes-collection-chic-by-nataliya-reinhard\/#primaryimage\"},\"thumbnailUrl\":\"https:\/\/www.art-natur.ch\/wp-content\/uploads\/2024\/09\/2894107167-Photoroom.png\",\"datePublished\":\"2024-09-30T13:07:41+00:00\",\"dateModified\":\"2024-10-13T15:19:46+00:00\",\"description\":\"Cils \\\"Collection Chic\\\" by Nataliya Reinhard : racines noires, pointes color\u00e9es. 4 couleurs, 5 longueurs. Look exclusif garanti !\",\"breadcrumb\":{\"@id\":\"https:\/\/www.art-natur.ch\/fr\/produit\/cils-avec-pointes-colorees-melange-4-couleurs-20-lignes-collection-chic-by-nataliya-reinhard\/#breadcrumb\"},\"inLanguage\":\"fr-FR\",\"potentialAction\":[{\"@type\":\"ReadAction\",\"target\":[\"https:\/\/www.art-natur.ch\/fr\/produit\/cils-avec-pointes-colorees-melange-4-couleurs-20-lignes-collection-chic-by-nataliya-reinhard\/\"]}]},{\"@type\":\"ImageObject\",\"inLanguage\":\"fr-FR\",\"@id\":\"https:\/\/www.art-natur.ch\/fr\/produit\/cils-avec-pointes-colorees-melange-4-couleurs-20-lignes-collection-chic-by-nataliya-reinhard\/#primaryimage\",\"url\":\"https:\/\/www.art-natur.ch\/wp-content\/uploads\/2024\/09\/2894107167-Photoroom.png\",\"contentUrl\":\"https:\/\/www.art-natur.ch\/wp-content\/uploads\/2024\/09\/2894107167-Photoroom.png\",\"width\":1200,\"height\":800},{\"@type\":\"BreadcrumbList\",\"@id\":\"https:\/\/www.art-natur.ch\/fr\/produit\/cils-avec-pointes-colorees-melange-4-couleurs-20-lignes-collection-chic-by-nataliya-reinhard\/#breadcrumb\",\"itemListElement\":[{\"@type\":\"ListItem\",\"position\":1,\"name\":\"Home\",\"item\":\"https:\/\/www.art-natur.ch\/fr\/\"},{\"@type\":\"ListItem\",\"position\":2,\"name\":\"Boutique\",\"item\":\"https:\/\/www.art-natur.ch\/shop\/\"},{\"@type\":\"ListItem\",\"position\":3,\"name\":\"Cils avec pointes color\u00e9es M\u00e9lange (4 couleurs) 20 lignes &#8222;Collection Chic&#8220; By Nataliya Reinhard\"}]},{\"@type\":\"WebSite\",\"@id\":\"https:\/\/www.art-natur.ch\/fr\/#website\",\"url\":\"https:\/\/www.art-natur.ch\/fr\/\",\"name\":\"LASHES&amp;BROWS by Nataliya Reinhard\",\"description\":\"High-quality lash and brow services with attention to every detail\",\"potentialAction\":[{\"@type\":\"SearchAction\",\"target\":{\"@type\":\"EntryPoint\",\"urlTemplate\":\"https:\/\/www.art-natur.ch\/fr\/?s={search_term_string}\"},\"query-input\":{\"@type\":\"PropertyValueSpecification\",\"valueRequired\":true,\"valueName\":\"search_term_string\"}}],\"inLanguage\":\"fr-FR\"}]}<\/script>\n<!-- \/ Yoast SEO plugin. -->","yoast_head_json":{"title":"Cils avec pointes color\u00e9es M\u00e9lange (4 couleurs) 20 lignes \"Collection Chic\" By Nataliya Reinhard - LASHES&amp;BROWS by Nataliya Reinhard","description":"Cils \"Collection Chic\" by Nataliya Reinhard : racines noires, pointes color\u00e9es. 4 couleurs, 5 longueurs. Look exclusif garanti !","robots":{"index":"index","follow":"follow","max-snippet":"max-snippet:-1","max-image-preview":"max-image-preview:large","max-video-preview":"max-video-preview:-1"},"canonical":"https:\/\/www.art-natur.ch\/fr\/produit\/cils-avec-pointes-colorees-melange-4-couleurs-20-lignes-collection-chic-by-nataliya-reinhard\/","og_locale":"fr_FR","og_type":"article","og_title":"Cils avec pointes color\u00e9es M\u00e9lange (4 couleurs) 20 lignes \"Collection Chic\" By Nataliya Reinhard - LASHES&amp;BROWS by Nataliya Reinhard","og_description":"Cils \"Collection Chic\" by Nataliya Reinhard : racines noires, pointes color\u00e9es. 4 couleurs, 5 longueurs. Look exclusif garanti !","og_url":"https:\/\/www.art-natur.ch\/fr\/produit\/cils-avec-pointes-colorees-melange-4-couleurs-20-lignes-collection-chic-by-nataliya-reinhard\/","og_site_name":"LASHES&amp;BROWS by Nataliya Reinhard","article_modified_time":"2024-10-13T15:19:46+00:00","og_image":[{"width":1200,"height":800,"url":"https:\/\/www.art-natur.ch\/wp-content\/uploads\/2024\/09\/2894107167-Photoroom.png","type":"image\/png"}],"twitter_card":"summary_large_image","schema":{"@context":"https:\/\/schema.org","@graph":[{"@type":"WebPage","@id":"https:\/\/www.art-natur.ch\/fr\/produit\/cils-avec-pointes-colorees-melange-4-couleurs-20-lignes-collection-chic-by-nataliya-reinhard\/","url":"https:\/\/www.art-natur.ch\/fr\/produit\/cils-avec-pointes-colorees-melange-4-couleurs-20-lignes-collection-chic-by-nataliya-reinhard\/","name":"Cils avec pointes color\u00e9es M\u00e9lange (4 couleurs) 20 lignes \"Collection Chic\" By Nataliya Reinhard - LASHES&amp;BROWS by Nataliya Reinhard","isPartOf":{"@id":"https:\/\/www.art-natur.ch\/fr\/#website"},"primaryImageOfPage":{"@id":"https:\/\/www.art-natur.ch\/fr\/produit\/cils-avec-pointes-colorees-melange-4-couleurs-20-lignes-collection-chic-by-nataliya-reinhard\/#primaryimage"},"image":{"@id":"https:\/\/www.art-natur.ch\/fr\/produit\/cils-avec-pointes-colorees-melange-4-couleurs-20-lignes-collection-chic-by-nataliya-reinhard\/#primaryimage"},"thumbnailUrl":"https:\/\/www.art-natur.ch\/wp-content\/uploads\/2024\/09\/2894107167-Photoroom.png","datePublished":"2024-09-30T13:07:41+00:00","dateModified":"2024-10-13T15:19:46+00:00","description":"Cils \"Collection Chic\" by Nataliya Reinhard : racines noires, pointes color\u00e9es. 4 couleurs, 5 longueurs. Look exclusif garanti !","breadcrumb":{"@id":"https:\/\/www.art-natur.ch\/fr\/produit\/cils-avec-pointes-colorees-melange-4-couleurs-20-lignes-collection-chic-by-nataliya-reinhard\/#breadcrumb"},"inLanguage":"fr-FR","potentialAction":[{"@type":"ReadAction","target":["https:\/\/www.art-natur.ch\/fr\/produit\/cils-avec-pointes-colorees-melange-4-couleurs-20-lignes-collection-chic-by-nataliya-reinhard\/"]}]},{"@type":"ImageObject","inLanguage":"fr-FR","@id":"https:\/\/www.art-natur.ch\/fr\/produit\/cils-avec-pointes-colorees-melange-4-couleurs-20-lignes-collection-chic-by-nataliya-reinhard\/#primaryimage","url":"https:\/\/www.art-natur.ch\/wp-content\/uploads\/2024\/09\/2894107167-Photoroom.png","contentUrl":"https:\/\/www.art-natur.ch\/wp-content\/uploads\/2024\/09\/2894107167-Photoroom.png","width":1200,"height":800},{"@type":"BreadcrumbList","@id":"https:\/\/www.art-natur.ch\/fr\/produit\/cils-avec-pointes-colorees-melange-4-couleurs-20-lignes-collection-chic-by-nataliya-reinhard\/#breadcrumb","itemListElement":[{"@type":"ListItem","position":1,"name":"Home","item":"https:\/\/www.art-natur.ch\/fr\/"},{"@type":"ListItem","position":2,"name":"Boutique","item":"https:\/\/www.art-natur.ch\/shop\/"},{"@type":"ListItem","position":3,"name":"Cils avec pointes color\u00e9es M\u00e9lange (4 couleurs) 20 lignes &#8222;Collection Chic&#8220; By Nataliya Reinhard"}]},{"@type":"WebSite","@id":"https:\/\/www.art-natur.ch\/fr\/#website","url":"https:\/\/www.art-natur.ch\/fr\/","name":"LASHES&amp;BROWS by Nataliya Reinhard","description":"High-quality lash and brow services with attention to every detail","potentialAction":[{"@type":"SearchAction","target":{"@type":"EntryPoint","urlTemplate":"https:\/\/www.art-natur.ch\/fr\/?s={search_term_string}"},"query-input":{"@type":"PropertyValueSpecification","valueRequired":true,"valueName":"search_term_string"}}],"inLanguage":"fr-FR"}]}},"_links":{"self":[{"href":"https:\/\/www.art-natur.ch\/fr\/wp-json\/wp\/v2\/product\/3071","targetHints":{"allow":["GET"]}}],"collection":[{"href":"https:\/\/www.art-natur.ch\/fr\/wp-json\/wp\/v2\/product"}],"about":[{"href":"https:\/\/www.art-natur.ch\/fr\/wp-json\/wp\/v2\/types\/product"}],"wp:featuredmedia":[{"embeddable":true,"href":"https:\/\/www.art-natur.ch\/fr\/wp-json\/wp\/v2\/media\/6950"}],"wp:attachment":[{"href":"https:\/\/www.art-natur.ch\/fr\/wp-json\/wp\/v2\/media?parent=3071"}],"wp:term":[{"taxonomy":"product_cat","embeddable":true,"href":"https:\/\/www.art-natur.ch\/fr\/wp-json\/wp\/v2\/product_cat?post=3071"},{"taxonomy":"product_tag","embeddable":true,"href":"https:\/\/www.art-natur.ch\/fr\/wp-json\/wp\/v2\/product_tag?post=3071"}],"curies":[{"name":"wp","href":"https:\/\/api.w.org\/{rel}","templated":true}]}}