{"id":3131,"date":"2024-09-30T15:40:30","date_gmt":"2024-09-30T14:40:30","guid":{"rendered":"https:\/\/www.art-natur.ch\/product\/cils-bruns-lashgo-couleur-espresso-mix-6-rangs\/"},"modified":"2025-01-18T22:02:08","modified_gmt":"2025-01-18T21:02:08","slug":"cils-bruns-lashgo-couleur-espresso-mix-6-rangs","status":"publish","type":"product","link":"https:\/\/www.art-natur.ch\/fr\/produit\/cils-bruns-lashgo-couleur-espresso-mix-6-rangs\/","title":{"rendered":"Cils bruns Lash&#038;Go couleur \u00ab\u00a0Espresso\u00a0\u00bb mix  (6 rangs)"},"content":{"rendered":"<p>Cils bruns pour extensions lash&amp;Go-cr\u00e9er l&rsquo;effet le plus naturel ! &#8211; Couleur riche jusqu&rsquo;aux pointes &#8211; Courbes lumineuses &#8211; Fibre de qualit\u00e9 &#8211; Ruban adh\u00e9sif pratique pour former facilement des paquets.<\/p>\n","protected":false},"excerpt":{"rendered":"<p>Cils bruns pour extensions lash&amp;Go-cr\u00e9er l&rsquo;effet le plus naturel ! &#8211; Couleur riche jusqu&rsquo;aux pointes &#8211; Courbes lumineuses &#8211; Fibre de qualit\u00e9 &#8211; Ruban adh\u00e9sif pratique pour former facilement des paquets.<\/p>\n","protected":false},"featured_media":6946,"template":"","meta":{"_acf_changed":false,"inline_featured_image":false},"product_cat":[116,175],"product_tag":[],"class_list":{"0":"post-3131","1":"product","2":"type-product","3":"status-publish","4":"has-post-thumbnail","6":"product_brand-lashgo","7":"product_cat-extension-de-cils","8":"product_cat-cils-bruns","10":"first","11":"instock","12":"shipping-taxable","13":"purchasable","14":"product-type-variable"},"acf":[],"yoast_head":"<!-- This site is optimized with the Yoast SEO plugin v26.6 - https:\/\/yoast.com\/wordpress\/plugins\/seo\/ -->\n<title>Cils bruns Lash&amp;Go couleur &quot;Espresso&quot; mix (6 rangs) - LASHES&amp;BROWS by Nataliya Reinhard<\/title>\n<meta name=\"description\" content=\"Cils bruns pour Lash&amp;Go : Effet naturel, couleur riche, boucles \u00e9clatantes, fibres de haute qualit\u00e9, ruban adh\u00e9sif pratique.\" \/>\n<meta name=\"robots\" content=\"index, follow, max-snippet:-1, max-image-preview:large, max-video-preview:-1\" \/>\n<link rel=\"canonical\" href=\"https:\/\/www.art-natur.ch\/fr\/produit\/cils-bruns-lashgo-couleur-espresso-mix-6-rangs\/\" \/>\n<meta property=\"og:locale\" content=\"fr_FR\" \/>\n<meta property=\"og:type\" content=\"article\" \/>\n<meta property=\"og:title\" content=\"Cils bruns Lash&amp;Go couleur &quot;Espresso&quot; mix (6 rangs) - LASHES&amp;BROWS by Nataliya Reinhard\" \/>\n<meta property=\"og:description\" content=\"Cils bruns pour Lash&amp;Go : Effet naturel, couleur riche, boucles \u00e9clatantes, fibres de haute qualit\u00e9, ruban adh\u00e9sif pratique.\" \/>\n<meta property=\"og:url\" content=\"https:\/\/www.art-natur.ch\/fr\/produit\/cils-bruns-lashgo-couleur-espresso-mix-6-rangs\/\" \/>\n<meta property=\"og:site_name\" content=\"LASHES&amp;BROWS by Nataliya Reinhard\" \/>\n<meta property=\"article:modified_time\" content=\"2025-01-18T21:02:08+00:00\" \/>\n<meta property=\"og:image\" content=\"https:\/\/www.art-natur.ch\/wp-content\/uploads\/2024\/09\/2729107316-Photoroom.png\" \/>\n\t<meta property=\"og:image:width\" content=\"1280\" \/>\n\t<meta property=\"og:image:height\" content=\"1280\" \/>\n\t<meta property=\"og:image:type\" content=\"image\/png\" \/>\n<meta name=\"twitter:card\" content=\"summary_large_image\" \/>\n<script type=\"application\/ld+json\" class=\"yoast-schema-graph\">{\"@context\":\"https:\/\/schema.org\",\"@graph\":[{\"@type\":\"WebPage\",\"@id\":\"https:\/\/www.art-natur.ch\/fr\/produit\/cils-bruns-lashgo-couleur-espresso-mix-6-rangs\/\",\"url\":\"https:\/\/www.art-natur.ch\/fr\/produit\/cils-bruns-lashgo-couleur-espresso-mix-6-rangs\/\",\"name\":\"Cils bruns Lash&Go couleur \\\"Espresso\\\" mix (6 rangs) - LASHES&amp;BROWS by Nataliya Reinhard\",\"isPartOf\":{\"@id\":\"https:\/\/www.art-natur.ch\/fr\/#website\"},\"primaryImageOfPage\":{\"@id\":\"https:\/\/www.art-natur.ch\/fr\/produit\/cils-bruns-lashgo-couleur-espresso-mix-6-rangs\/#primaryimage\"},\"image\":{\"@id\":\"https:\/\/www.art-natur.ch\/fr\/produit\/cils-bruns-lashgo-couleur-espresso-mix-6-rangs\/#primaryimage\"},\"thumbnailUrl\":\"https:\/\/www.art-natur.ch\/wp-content\/uploads\/2024\/09\/2729107316-Photoroom.png\",\"datePublished\":\"2024-09-30T14:40:30+00:00\",\"dateModified\":\"2025-01-18T21:02:08+00:00\",\"description\":\"Cils bruns pour Lash&Go : Effet naturel, couleur riche, boucles \u00e9clatantes, fibres de haute qualit\u00e9, ruban adh\u00e9sif pratique.\",\"breadcrumb\":{\"@id\":\"https:\/\/www.art-natur.ch\/fr\/produit\/cils-bruns-lashgo-couleur-espresso-mix-6-rangs\/#breadcrumb\"},\"inLanguage\":\"fr-FR\",\"potentialAction\":[{\"@type\":\"ReadAction\",\"target\":[\"https:\/\/www.art-natur.ch\/fr\/produit\/cils-bruns-lashgo-couleur-espresso-mix-6-rangs\/\"]}]},{\"@type\":\"ImageObject\",\"inLanguage\":\"fr-FR\",\"@id\":\"https:\/\/www.art-natur.ch\/fr\/produit\/cils-bruns-lashgo-couleur-espresso-mix-6-rangs\/#primaryimage\",\"url\":\"https:\/\/www.art-natur.ch\/wp-content\/uploads\/2024\/09\/2729107316-Photoroom.png\",\"contentUrl\":\"https:\/\/www.art-natur.ch\/wp-content\/uploads\/2024\/09\/2729107316-Photoroom.png\",\"width\":1280,\"height\":1280},{\"@type\":\"BreadcrumbList\",\"@id\":\"https:\/\/www.art-natur.ch\/fr\/produit\/cils-bruns-lashgo-couleur-espresso-mix-6-rangs\/#breadcrumb\",\"itemListElement\":[{\"@type\":\"ListItem\",\"position\":1,\"name\":\"Home\",\"item\":\"https:\/\/www.art-natur.ch\/fr\/\"},{\"@type\":\"ListItem\",\"position\":2,\"name\":\"Boutique\",\"item\":\"https:\/\/www.art-natur.ch\/shop\/\"},{\"@type\":\"ListItem\",\"position\":3,\"name\":\"Cils bruns Lash&#038;Go couleur &#8222;Espresso&#8220; mix (6 rangs)\"}]},{\"@type\":\"WebSite\",\"@id\":\"https:\/\/www.art-natur.ch\/fr\/#website\",\"url\":\"https:\/\/www.art-natur.ch\/fr\/\",\"name\":\"LASHES&amp;BROWS by Nataliya Reinhard\",\"description\":\"High-quality lash and brow services with attention to every detail\",\"potentialAction\":[{\"@type\":\"SearchAction\",\"target\":{\"@type\":\"EntryPoint\",\"urlTemplate\":\"https:\/\/www.art-natur.ch\/fr\/?s={search_term_string}\"},\"query-input\":{\"@type\":\"PropertyValueSpecification\",\"valueRequired\":true,\"valueName\":\"search_term_string\"}}],\"inLanguage\":\"fr-FR\"}]}<\/script>\n<!-- \/ Yoast SEO plugin. -->","yoast_head_json":{"title":"Cils bruns Lash&Go couleur \"Espresso\" mix (6 rangs) - LASHES&amp;BROWS by Nataliya Reinhard","description":"Cils bruns pour Lash&Go : Effet naturel, couleur riche, boucles \u00e9clatantes, fibres de haute qualit\u00e9, ruban adh\u00e9sif pratique.","robots":{"index":"index","follow":"follow","max-snippet":"max-snippet:-1","max-image-preview":"max-image-preview:large","max-video-preview":"max-video-preview:-1"},"canonical":"https:\/\/www.art-natur.ch\/fr\/produit\/cils-bruns-lashgo-couleur-espresso-mix-6-rangs\/","og_locale":"fr_FR","og_type":"article","og_title":"Cils bruns Lash&Go couleur \"Espresso\" mix (6 rangs) - LASHES&amp;BROWS by Nataliya Reinhard","og_description":"Cils bruns pour Lash&Go : Effet naturel, couleur riche, boucles \u00e9clatantes, fibres de haute qualit\u00e9, ruban adh\u00e9sif pratique.","og_url":"https:\/\/www.art-natur.ch\/fr\/produit\/cils-bruns-lashgo-couleur-espresso-mix-6-rangs\/","og_site_name":"LASHES&amp;BROWS by Nataliya Reinhard","article_modified_time":"2025-01-18T21:02:08+00:00","og_image":[{"width":1280,"height":1280,"url":"https:\/\/www.art-natur.ch\/wp-content\/uploads\/2024\/09\/2729107316-Photoroom.png","type":"image\/png"}],"twitter_card":"summary_large_image","schema":{"@context":"https:\/\/schema.org","@graph":[{"@type":"WebPage","@id":"https:\/\/www.art-natur.ch\/fr\/produit\/cils-bruns-lashgo-couleur-espresso-mix-6-rangs\/","url":"https:\/\/www.art-natur.ch\/fr\/produit\/cils-bruns-lashgo-couleur-espresso-mix-6-rangs\/","name":"Cils bruns Lash&Go couleur \"Espresso\" mix (6 rangs) - LASHES&amp;BROWS by Nataliya Reinhard","isPartOf":{"@id":"https:\/\/www.art-natur.ch\/fr\/#website"},"primaryImageOfPage":{"@id":"https:\/\/www.art-natur.ch\/fr\/produit\/cils-bruns-lashgo-couleur-espresso-mix-6-rangs\/#primaryimage"},"image":{"@id":"https:\/\/www.art-natur.ch\/fr\/produit\/cils-bruns-lashgo-couleur-espresso-mix-6-rangs\/#primaryimage"},"thumbnailUrl":"https:\/\/www.art-natur.ch\/wp-content\/uploads\/2024\/09\/2729107316-Photoroom.png","datePublished":"2024-09-30T14:40:30+00:00","dateModified":"2025-01-18T21:02:08+00:00","description":"Cils bruns pour Lash&Go : Effet naturel, couleur riche, boucles \u00e9clatantes, fibres de haute qualit\u00e9, ruban adh\u00e9sif pratique.","breadcrumb":{"@id":"https:\/\/www.art-natur.ch\/fr\/produit\/cils-bruns-lashgo-couleur-espresso-mix-6-rangs\/#breadcrumb"},"inLanguage":"fr-FR","potentialAction":[{"@type":"ReadAction","target":["https:\/\/www.art-natur.ch\/fr\/produit\/cils-bruns-lashgo-couleur-espresso-mix-6-rangs\/"]}]},{"@type":"ImageObject","inLanguage":"fr-FR","@id":"https:\/\/www.art-natur.ch\/fr\/produit\/cils-bruns-lashgo-couleur-espresso-mix-6-rangs\/#primaryimage","url":"https:\/\/www.art-natur.ch\/wp-content\/uploads\/2024\/09\/2729107316-Photoroom.png","contentUrl":"https:\/\/www.art-natur.ch\/wp-content\/uploads\/2024\/09\/2729107316-Photoroom.png","width":1280,"height":1280},{"@type":"BreadcrumbList","@id":"https:\/\/www.art-natur.ch\/fr\/produit\/cils-bruns-lashgo-couleur-espresso-mix-6-rangs\/#breadcrumb","itemListElement":[{"@type":"ListItem","position":1,"name":"Home","item":"https:\/\/www.art-natur.ch\/fr\/"},{"@type":"ListItem","position":2,"name":"Boutique","item":"https:\/\/www.art-natur.ch\/shop\/"},{"@type":"ListItem","position":3,"name":"Cils bruns Lash&#038;Go couleur &#8222;Espresso&#8220; mix (6 rangs)"}]},{"@type":"WebSite","@id":"https:\/\/www.art-natur.ch\/fr\/#website","url":"https:\/\/www.art-natur.ch\/fr\/","name":"LASHES&amp;BROWS by Nataliya Reinhard","description":"High-quality lash and brow services with attention to every detail","potentialAction":[{"@type":"SearchAction","target":{"@type":"EntryPoint","urlTemplate":"https:\/\/www.art-natur.ch\/fr\/?s={search_term_string}"},"query-input":{"@type":"PropertyValueSpecification","valueRequired":true,"valueName":"search_term_string"}}],"inLanguage":"fr-FR"}]}},"_links":{"self":[{"href":"https:\/\/www.art-natur.ch\/fr\/wp-json\/wp\/v2\/product\/3131","targetHints":{"allow":["GET"]}}],"collection":[{"href":"https:\/\/www.art-natur.ch\/fr\/wp-json\/wp\/v2\/product"}],"about":[{"href":"https:\/\/www.art-natur.ch\/fr\/wp-json\/wp\/v2\/types\/product"}],"wp:featuredmedia":[{"embeddable":true,"href":"https:\/\/www.art-natur.ch\/fr\/wp-json\/wp\/v2\/media\/6946"}],"wp:attachment":[{"href":"https:\/\/www.art-natur.ch\/fr\/wp-json\/wp\/v2\/media?parent=3131"}],"wp:term":[{"taxonomy":"product_cat","embeddable":true,"href":"https:\/\/www.art-natur.ch\/fr\/wp-json\/wp\/v2\/product_cat?post=3131"},{"taxonomy":"product_tag","embeddable":true,"href":"https:\/\/www.art-natur.ch\/fr\/wp-json\/wp\/v2\/product_tag?post=3131"}],"curies":[{"name":"wp","href":"https:\/\/api.w.org\/{rel}","templated":true}]}}