{"id":4132,"date":"2024-10-01T12:04:52","date_gmt":"2024-10-01T10:04:52","guid":{"rendered":"https:\/\/www.art-natur.ch\/product\/cils-noirs-enigma-mix-6-lignes\/"},"modified":"2025-01-18T20:31:12","modified_gmt":"2025-01-18T19:31:12","slug":"cils-noirs-enigma-mix-6-lignes","status":"publish","type":"product","link":"https:\/\/www.art-natur.ch\/fr\/produit\/cils-noirs-enigma-mix-6-lignes\/","title":{"rendered":"Cils noirs ENIGMA (mix) 6 lignes"},"content":{"rendered":"<p>Palette pour 6 lignes avec un m\u00e9lange de longueurs. Cils noirs classiques en monofilament flexible et r\u00e9silient de haute qualit\u00e9. En raison de leur grande \u00e9lasticit\u00e9, ils ne se froissent pas et ne perdent pas leur courbure. La fibre est l\u00e9g\u00e8re et douce, la texture ne se distingue pas des cils naturels.<br \/>\nLes cils ont une couleur riche et profonde jusqu&rsquo;\u00e0 la pointe. Le contenu de la palette a une \u00e9paisseur, une courbure et une longueur uniformes, des cils aux cils.<br \/>\nUn support confortable avec un support adh\u00e9sif vous permet de fixer vos cils \u00e0 la tablette. Les param\u00e8tres complets sont indiqu\u00e9s sur chaque ligne: \u00e9paisseur, pli, longueur. Une adh\u00e9rence optimale du ruban permet un regroupement facile et rapide pour une accumulation volum\u00e9trique.<br \/>\nLes m\u00e9langes ont \u00e9t\u00e9 d\u00e9velopp\u00e9s par des experts en exercice, en tenant compte de la fa\u00e7on dont le ma\u00eetre passe les longueurs: plus la longueur de l&rsquo;\u0153uvre est populaire, plus il y a de lignes dans la palette. Nous avons pris en compte la dur\u00e9e de d\u00e9marrage de l&rsquo;extension et la dur\u00e9e de la fin, et nous les avons rassembl\u00e9es dans des m\u00e9langes pratiques pour le ma\u00eetre.<\/p>\n","protected":false},"excerpt":{"rendered":"<p>Palette pour 6 lignes avec un m\u00e9lange de longueurs. Cils noirs classiques en monofilament flexible et r\u00e9silient de haute qualit\u00e9. En raison de leur grande \u00e9lasticit\u00e9, ils ne se froissent pas et ne perdent pas leur courbure. La fibre est l\u00e9g\u00e8re et douce, la texture ne se distingue pas des cils naturels. Les cils ont [&hellip;]<\/p>\n","protected":false},"featured_media":6920,"template":"","meta":{"_acf_changed":false,"inline_featured_image":false},"product_cat":[116,118],"product_tag":[],"class_list":{"0":"post-4132","1":"product","2":"type-product","3":"status-publish","4":"has-post-thumbnail","6":"product_brand-enigma","7":"product_cat-extension-de-cils","8":"product_cat-cils-noirs","10":"first","11":"instock","12":"shipping-taxable","13":"purchasable","14":"product-type-variable"},"acf":[],"yoast_head":"<!-- This site is optimized with the Yoast SEO plugin v26.6 - https:\/\/yoast.com\/wordpress\/plugins\/seo\/ -->\n<title>Cils noirs ENIGMA (mix) 6 lignes - LASHES&amp;BROWS by Nataliya Reinhard<\/title>\n<meta name=\"description\" content=\"Palette de 6 lignes de cils noirs classiques. Monofilament de haute qualit\u00e9 et flexible qui ne se froisse pas et ne perd pas sa courbure.\" \/>\n<meta name=\"robots\" content=\"index, follow, max-snippet:-1, max-image-preview:large, max-video-preview:-1\" \/>\n<link rel=\"canonical\" href=\"https:\/\/www.art-natur.ch\/fr\/produit\/cils-noirs-enigma-mix-6-lignes\/\" \/>\n<meta property=\"og:locale\" content=\"fr_FR\" \/>\n<meta property=\"og:type\" content=\"article\" \/>\n<meta property=\"og:title\" content=\"Cils noirs ENIGMA (mix) 6 lignes - LASHES&amp;BROWS by Nataliya Reinhard\" \/>\n<meta property=\"og:description\" content=\"Palette de 6 lignes de cils noirs classiques. Monofilament de haute qualit\u00e9 et flexible qui ne se froisse pas et ne perd pas sa courbure.\" \/>\n<meta property=\"og:url\" content=\"https:\/\/www.art-natur.ch\/fr\/produit\/cils-noirs-enigma-mix-6-lignes\/\" \/>\n<meta property=\"og:site_name\" content=\"LASHES&amp;BROWS by Nataliya Reinhard\" \/>\n<meta property=\"article:modified_time\" content=\"2025-01-18T19:31:12+00:00\" \/>\n<meta property=\"og:image\" content=\"https:\/\/www.art-natur.ch\/wp-content\/uploads\/2024\/10\/2726477358-Photoroom.png\" \/>\n\t<meta property=\"og:image:width\" content=\"1280\" \/>\n\t<meta property=\"og:image:height\" content=\"1279\" \/>\n\t<meta property=\"og:image:type\" content=\"image\/png\" \/>\n<meta name=\"twitter:card\" content=\"summary_large_image\" \/>\n<meta name=\"twitter:label1\" content=\"Dur\u00e9e de lecture estim\u00e9e\" \/>\n\t<meta name=\"twitter:data1\" content=\"2 minutes\" \/>\n<script type=\"application\/ld+json\" class=\"yoast-schema-graph\">{\"@context\":\"https:\/\/schema.org\",\"@graph\":[{\"@type\":\"WebPage\",\"@id\":\"https:\/\/www.art-natur.ch\/fr\/produit\/cils-noirs-enigma-mix-6-lignes\/\",\"url\":\"https:\/\/www.art-natur.ch\/fr\/produit\/cils-noirs-enigma-mix-6-lignes\/\",\"name\":\"Cils noirs ENIGMA (mix) 6 lignes - LASHES&amp;BROWS by Nataliya Reinhard\",\"isPartOf\":{\"@id\":\"https:\/\/www.art-natur.ch\/fr\/#website\"},\"primaryImageOfPage\":{\"@id\":\"https:\/\/www.art-natur.ch\/fr\/produit\/cils-noirs-enigma-mix-6-lignes\/#primaryimage\"},\"image\":{\"@id\":\"https:\/\/www.art-natur.ch\/fr\/produit\/cils-noirs-enigma-mix-6-lignes\/#primaryimage\"},\"thumbnailUrl\":\"https:\/\/www.art-natur.ch\/wp-content\/uploads\/2024\/10\/2726477358-Photoroom.png\",\"datePublished\":\"2024-10-01T10:04:52+00:00\",\"dateModified\":\"2025-01-18T19:31:12+00:00\",\"description\":\"Palette de 6 lignes de cils noirs classiques. Monofilament de haute qualit\u00e9 et flexible qui ne se froisse pas et ne perd pas sa courbure.\",\"breadcrumb\":{\"@id\":\"https:\/\/www.art-natur.ch\/fr\/produit\/cils-noirs-enigma-mix-6-lignes\/#breadcrumb\"},\"inLanguage\":\"fr-FR\",\"potentialAction\":[{\"@type\":\"ReadAction\",\"target\":[\"https:\/\/www.art-natur.ch\/fr\/produit\/cils-noirs-enigma-mix-6-lignes\/\"]}]},{\"@type\":\"ImageObject\",\"inLanguage\":\"fr-FR\",\"@id\":\"https:\/\/www.art-natur.ch\/fr\/produit\/cils-noirs-enigma-mix-6-lignes\/#primaryimage\",\"url\":\"https:\/\/www.art-natur.ch\/wp-content\/uploads\/2024\/10\/2726477358-Photoroom.png\",\"contentUrl\":\"https:\/\/www.art-natur.ch\/wp-content\/uploads\/2024\/10\/2726477358-Photoroom.png\",\"width\":1280,\"height\":1279},{\"@type\":\"BreadcrumbList\",\"@id\":\"https:\/\/www.art-natur.ch\/fr\/produit\/cils-noirs-enigma-mix-6-lignes\/#breadcrumb\",\"itemListElement\":[{\"@type\":\"ListItem\",\"position\":1,\"name\":\"Home\",\"item\":\"https:\/\/www.art-natur.ch\/fr\/\"},{\"@type\":\"ListItem\",\"position\":2,\"name\":\"Boutique\",\"item\":\"https:\/\/www.art-natur.ch\/shop\/\"},{\"@type\":\"ListItem\",\"position\":3,\"name\":\"Cils noirs ENIGMA (mix) 6 lignes\"}]},{\"@type\":\"WebSite\",\"@id\":\"https:\/\/www.art-natur.ch\/fr\/#website\",\"url\":\"https:\/\/www.art-natur.ch\/fr\/\",\"name\":\"LASHES&amp;BROWS by Nataliya Reinhard\",\"description\":\"High-quality lash and brow services with attention to every detail\",\"potentialAction\":[{\"@type\":\"SearchAction\",\"target\":{\"@type\":\"EntryPoint\",\"urlTemplate\":\"https:\/\/www.art-natur.ch\/fr\/?s={search_term_string}\"},\"query-input\":{\"@type\":\"PropertyValueSpecification\",\"valueRequired\":true,\"valueName\":\"search_term_string\"}}],\"inLanguage\":\"fr-FR\"}]}<\/script>\n<!-- \/ Yoast SEO plugin. -->","yoast_head_json":{"title":"Cils noirs ENIGMA (mix) 6 lignes - LASHES&amp;BROWS by Nataliya Reinhard","description":"Palette de 6 lignes de cils noirs classiques. Monofilament de haute qualit\u00e9 et flexible qui ne se froisse pas et ne perd pas sa courbure.","robots":{"index":"index","follow":"follow","max-snippet":"max-snippet:-1","max-image-preview":"max-image-preview:large","max-video-preview":"max-video-preview:-1"},"canonical":"https:\/\/www.art-natur.ch\/fr\/produit\/cils-noirs-enigma-mix-6-lignes\/","og_locale":"fr_FR","og_type":"article","og_title":"Cils noirs ENIGMA (mix) 6 lignes - LASHES&amp;BROWS by Nataliya Reinhard","og_description":"Palette de 6 lignes de cils noirs classiques. Monofilament de haute qualit\u00e9 et flexible qui ne se froisse pas et ne perd pas sa courbure.","og_url":"https:\/\/www.art-natur.ch\/fr\/produit\/cils-noirs-enigma-mix-6-lignes\/","og_site_name":"LASHES&amp;BROWS by Nataliya Reinhard","article_modified_time":"2025-01-18T19:31:12+00:00","og_image":[{"width":1280,"height":1279,"url":"https:\/\/www.art-natur.ch\/wp-content\/uploads\/2024\/10\/2726477358-Photoroom.png","type":"image\/png"}],"twitter_card":"summary_large_image","twitter_misc":{"Dur\u00e9e de lecture estim\u00e9e":"2 minutes"},"schema":{"@context":"https:\/\/schema.org","@graph":[{"@type":"WebPage","@id":"https:\/\/www.art-natur.ch\/fr\/produit\/cils-noirs-enigma-mix-6-lignes\/","url":"https:\/\/www.art-natur.ch\/fr\/produit\/cils-noirs-enigma-mix-6-lignes\/","name":"Cils noirs ENIGMA (mix) 6 lignes - LASHES&amp;BROWS by Nataliya Reinhard","isPartOf":{"@id":"https:\/\/www.art-natur.ch\/fr\/#website"},"primaryImageOfPage":{"@id":"https:\/\/www.art-natur.ch\/fr\/produit\/cils-noirs-enigma-mix-6-lignes\/#primaryimage"},"image":{"@id":"https:\/\/www.art-natur.ch\/fr\/produit\/cils-noirs-enigma-mix-6-lignes\/#primaryimage"},"thumbnailUrl":"https:\/\/www.art-natur.ch\/wp-content\/uploads\/2024\/10\/2726477358-Photoroom.png","datePublished":"2024-10-01T10:04:52+00:00","dateModified":"2025-01-18T19:31:12+00:00","description":"Palette de 6 lignes de cils noirs classiques. Monofilament de haute qualit\u00e9 et flexible qui ne se froisse pas et ne perd pas sa courbure.","breadcrumb":{"@id":"https:\/\/www.art-natur.ch\/fr\/produit\/cils-noirs-enigma-mix-6-lignes\/#breadcrumb"},"inLanguage":"fr-FR","potentialAction":[{"@type":"ReadAction","target":["https:\/\/www.art-natur.ch\/fr\/produit\/cils-noirs-enigma-mix-6-lignes\/"]}]},{"@type":"ImageObject","inLanguage":"fr-FR","@id":"https:\/\/www.art-natur.ch\/fr\/produit\/cils-noirs-enigma-mix-6-lignes\/#primaryimage","url":"https:\/\/www.art-natur.ch\/wp-content\/uploads\/2024\/10\/2726477358-Photoroom.png","contentUrl":"https:\/\/www.art-natur.ch\/wp-content\/uploads\/2024\/10\/2726477358-Photoroom.png","width":1280,"height":1279},{"@type":"BreadcrumbList","@id":"https:\/\/www.art-natur.ch\/fr\/produit\/cils-noirs-enigma-mix-6-lignes\/#breadcrumb","itemListElement":[{"@type":"ListItem","position":1,"name":"Home","item":"https:\/\/www.art-natur.ch\/fr\/"},{"@type":"ListItem","position":2,"name":"Boutique","item":"https:\/\/www.art-natur.ch\/shop\/"},{"@type":"ListItem","position":3,"name":"Cils noirs ENIGMA (mix) 6 lignes"}]},{"@type":"WebSite","@id":"https:\/\/www.art-natur.ch\/fr\/#website","url":"https:\/\/www.art-natur.ch\/fr\/","name":"LASHES&amp;BROWS by Nataliya Reinhard","description":"High-quality lash and brow services with attention to every detail","potentialAction":[{"@type":"SearchAction","target":{"@type":"EntryPoint","urlTemplate":"https:\/\/www.art-natur.ch\/fr\/?s={search_term_string}"},"query-input":{"@type":"PropertyValueSpecification","valueRequired":true,"valueName":"search_term_string"}}],"inLanguage":"fr-FR"}]}},"_links":{"self":[{"href":"https:\/\/www.art-natur.ch\/fr\/wp-json\/wp\/v2\/product\/4132","targetHints":{"allow":["GET"]}}],"collection":[{"href":"https:\/\/www.art-natur.ch\/fr\/wp-json\/wp\/v2\/product"}],"about":[{"href":"https:\/\/www.art-natur.ch\/fr\/wp-json\/wp\/v2\/types\/product"}],"wp:featuredmedia":[{"embeddable":true,"href":"https:\/\/www.art-natur.ch\/fr\/wp-json\/wp\/v2\/media\/6920"}],"wp:attachment":[{"href":"https:\/\/www.art-natur.ch\/fr\/wp-json\/wp\/v2\/media?parent=4132"}],"wp:term":[{"taxonomy":"product_cat","embeddable":true,"href":"https:\/\/www.art-natur.ch\/fr\/wp-json\/wp\/v2\/product_cat?post=4132"},{"taxonomy":"product_tag","embeddable":true,"href":"https:\/\/www.art-natur.ch\/fr\/wp-json\/wp\/v2\/product_tag?post=4132"}],"curies":[{"name":"wp","href":"https:\/\/api.w.org\/{rel}","templated":true}]}}