{"id":4223,"date":"2024-10-01T12:27:23","date_gmt":"2024-10-01T11:27:23","guid":{"rendered":"https:\/\/www.art-natur.ch\/product\/extensions-de-cils-purple-2-melange-de-20-lignes\/"},"modified":"2026-01-12T10:44:53","modified_gmt":"2026-01-12T09:44:53","slug":"extensions-de-cils-purple-2-melange-de-20-lignes","status":"publish","type":"product","link":"https:\/\/www.art-natur.ch\/fr\/produit\/extensions-de-cils-purple-2-melange-de-20-lignes\/","title":{"rendered":"\u200bExtensions de cils Ombre \u00ab\u00a0Violett\u00a0\u00bb &#8211; M\u00e9lange de 20 lignes"},"content":{"rendered":"<p>Colored mix est un ensemble de cils avec diff\u00e9rentes nuances de couleur violette.<\/p>\n<p>En utilisant ces cils, vous pouvez obtenir des r\u00e9sultats incomparables qui donneront un look harmonieux et \u00e9l\u00e9gant.<\/p>\n<p>Disponibles en diff\u00e9rentes courbes, longueurs et \u00e9paisseurs.<\/p>\n","protected":false},"excerpt":{"rendered":"<p>Colored mix est un ensemble de cils avec diff\u00e9rentes nuances de couleur violette. En utilisant ces cils, vous pouvez obtenir des r\u00e9sultats incomparables qui donneront un look harmonieux et \u00e9l\u00e9gant. Disponibles en diff\u00e9rentes courbes, longueurs et \u00e9paisseurs.<\/p>\n","protected":false},"featured_media":6903,"template":"","meta":{"_acf_changed":false,"inline_featured_image":false},"product_cat":[116,177],"product_tag":[],"class_list":{"0":"post-4223","1":"product","2":"type-product","3":"status-publish","4":"has-post-thumbnail","6":"product_brand-lovely","7":"product_cat-extension-de-cils","8":"product_cat-cils-colores","10":"first","11":"instock","12":"shipping-taxable","13":"purchasable","14":"product-type-variable"},"acf":[],"yoast_head":"<!-- This site is optimized with the Yoast SEO plugin v26.6 - https:\/\/yoast.com\/wordpress\/plugins\/seo\/ -->\n<title>\u200bExtensions de cils Ombre &quot;Violett&quot; - M\u00e9lange de 20 lignes - LASHES&amp;BROWS by Nataliya Reinhard<\/title>\n<meta name=\"description\" content=\"Colored Mix est un ensemble de cils aux nuances de violet, permettant d&#039;obtenir un look harmonieux et \u00e9l\u00e9gant. Disponibles en diff\u00e9rentes courbes, longueurs et \u00e9paisseurs.\" \/>\n<meta name=\"robots\" content=\"index, follow, max-snippet:-1, max-image-preview:large, max-video-preview:-1\" \/>\n<link rel=\"canonical\" href=\"https:\/\/www.art-natur.ch\/fr\/produit\/extensions-de-cils-purple-2-melange-de-20-lignes\/\" \/>\n<meta property=\"og:locale\" content=\"fr_FR\" \/>\n<meta property=\"og:type\" content=\"article\" \/>\n<meta property=\"og:title\" content=\"\u200bExtensions de cils Ombre &quot;Violett&quot; - M\u00e9lange de 20 lignes - LASHES&amp;BROWS by Nataliya Reinhard\" \/>\n<meta property=\"og:description\" content=\"Colored Mix est un ensemble de cils aux nuances de violet, permettant d&#039;obtenir un look harmonieux et \u00e9l\u00e9gant. Disponibles en diff\u00e9rentes courbes, longueurs et \u00e9paisseurs.\" \/>\n<meta property=\"og:url\" content=\"https:\/\/www.art-natur.ch\/fr\/produit\/extensions-de-cils-purple-2-melange-de-20-lignes\/\" \/>\n<meta property=\"og:site_name\" content=\"LASHES&amp;BROWS by Nataliya Reinhard\" \/>\n<meta property=\"article:modified_time\" content=\"2026-01-12T09:44:53+00:00\" \/>\n<meta property=\"og:image\" content=\"https:\/\/www.art-natur.ch\/wp-content\/uploads\/2024\/10\/2729672169-Photoroom.png\" \/>\n\t<meta property=\"og:image:width\" content=\"970\" \/>\n\t<meta property=\"og:image:height\" content=\"970\" \/>\n\t<meta property=\"og:image:type\" content=\"image\/png\" \/>\n<meta name=\"twitter:card\" content=\"summary_large_image\" \/>\n<meta name=\"twitter:label1\" content=\"Dur\u00e9e de lecture estim\u00e9e\" \/>\n\t<meta name=\"twitter:data1\" content=\"1 minute\" \/>\n<script type=\"application\/ld+json\" class=\"yoast-schema-graph\">{\"@context\":\"https:\/\/schema.org\",\"@graph\":[{\"@type\":\"WebPage\",\"@id\":\"https:\/\/www.art-natur.ch\/fr\/produit\/extensions-de-cils-purple-2-melange-de-20-lignes\/\",\"url\":\"https:\/\/www.art-natur.ch\/fr\/produit\/extensions-de-cils-purple-2-melange-de-20-lignes\/\",\"name\":\"\u200bExtensions de cils Ombre \\\"Violett\\\" - M\u00e9lange de 20 lignes - LASHES&amp;BROWS by Nataliya Reinhard\",\"isPartOf\":{\"@id\":\"https:\/\/www.art-natur.ch\/fr\/#website\"},\"primaryImageOfPage\":{\"@id\":\"https:\/\/www.art-natur.ch\/fr\/produit\/extensions-de-cils-purple-2-melange-de-20-lignes\/#primaryimage\"},\"image\":{\"@id\":\"https:\/\/www.art-natur.ch\/fr\/produit\/extensions-de-cils-purple-2-melange-de-20-lignes\/#primaryimage\"},\"thumbnailUrl\":\"https:\/\/www.art-natur.ch\/wp-content\/uploads\/2024\/10\/2729672169-Photoroom.png\",\"datePublished\":\"2024-10-01T11:27:23+00:00\",\"dateModified\":\"2026-01-12T09:44:53+00:00\",\"description\":\"Colored Mix est un ensemble de cils aux nuances de violet, permettant d'obtenir un look harmonieux et \u00e9l\u00e9gant. Disponibles en diff\u00e9rentes courbes, longueurs et \u00e9paisseurs.\",\"breadcrumb\":{\"@id\":\"https:\/\/www.art-natur.ch\/fr\/produit\/extensions-de-cils-purple-2-melange-de-20-lignes\/#breadcrumb\"},\"inLanguage\":\"fr-FR\",\"potentialAction\":[{\"@type\":\"ReadAction\",\"target\":[\"https:\/\/www.art-natur.ch\/fr\/produit\/extensions-de-cils-purple-2-melange-de-20-lignes\/\"]}]},{\"@type\":\"ImageObject\",\"inLanguage\":\"fr-FR\",\"@id\":\"https:\/\/www.art-natur.ch\/fr\/produit\/extensions-de-cils-purple-2-melange-de-20-lignes\/#primaryimage\",\"url\":\"https:\/\/www.art-natur.ch\/wp-content\/uploads\/2024\/10\/2729672169-Photoroom.png\",\"contentUrl\":\"https:\/\/www.art-natur.ch\/wp-content\/uploads\/2024\/10\/2729672169-Photoroom.png\",\"width\":970,\"height\":970},{\"@type\":\"BreadcrumbList\",\"@id\":\"https:\/\/www.art-natur.ch\/fr\/produit\/extensions-de-cils-purple-2-melange-de-20-lignes\/#breadcrumb\",\"itemListElement\":[{\"@type\":\"ListItem\",\"position\":1,\"name\":\"Home\",\"item\":\"https:\/\/www.art-natur.ch\/fr\/\"},{\"@type\":\"ListItem\",\"position\":2,\"name\":\"Boutique\",\"item\":\"https:\/\/www.art-natur.ch\/shop\/\"},{\"@type\":\"ListItem\",\"position\":3,\"name\":\"\u200bExtensions de cils Ombre \u00ab\u00a0Violett\u00a0\u00bb &#8211; M\u00e9lange de 20 lignes\"}]},{\"@type\":\"WebSite\",\"@id\":\"https:\/\/www.art-natur.ch\/fr\/#website\",\"url\":\"https:\/\/www.art-natur.ch\/fr\/\",\"name\":\"LASHES&amp;BROWS by Nataliya Reinhard\",\"description\":\"High-quality lash and brow services with attention to every detail\",\"potentialAction\":[{\"@type\":\"SearchAction\",\"target\":{\"@type\":\"EntryPoint\",\"urlTemplate\":\"https:\/\/www.art-natur.ch\/fr\/?s={search_term_string}\"},\"query-input\":{\"@type\":\"PropertyValueSpecification\",\"valueRequired\":true,\"valueName\":\"search_term_string\"}}],\"inLanguage\":\"fr-FR\"}]}<\/script>\n<!-- \/ Yoast SEO plugin. -->","yoast_head_json":{"title":"\u200bExtensions de cils Ombre \"Violett\" - M\u00e9lange de 20 lignes - LASHES&amp;BROWS by Nataliya Reinhard","description":"Colored Mix est un ensemble de cils aux nuances de violet, permettant d'obtenir un look harmonieux et \u00e9l\u00e9gant. Disponibles en diff\u00e9rentes courbes, longueurs et \u00e9paisseurs.","robots":{"index":"index","follow":"follow","max-snippet":"max-snippet:-1","max-image-preview":"max-image-preview:large","max-video-preview":"max-video-preview:-1"},"canonical":"https:\/\/www.art-natur.ch\/fr\/produit\/extensions-de-cils-purple-2-melange-de-20-lignes\/","og_locale":"fr_FR","og_type":"article","og_title":"\u200bExtensions de cils Ombre \"Violett\" - M\u00e9lange de 20 lignes - LASHES&amp;BROWS by Nataliya Reinhard","og_description":"Colored Mix est un ensemble de cils aux nuances de violet, permettant d'obtenir un look harmonieux et \u00e9l\u00e9gant. Disponibles en diff\u00e9rentes courbes, longueurs et \u00e9paisseurs.","og_url":"https:\/\/www.art-natur.ch\/fr\/produit\/extensions-de-cils-purple-2-melange-de-20-lignes\/","og_site_name":"LASHES&amp;BROWS by Nataliya Reinhard","article_modified_time":"2026-01-12T09:44:53+00:00","og_image":[{"width":970,"height":970,"url":"https:\/\/www.art-natur.ch\/wp-content\/uploads\/2024\/10\/2729672169-Photoroom.png","type":"image\/png"}],"twitter_card":"summary_large_image","twitter_misc":{"Dur\u00e9e de lecture estim\u00e9e":"1 minute"},"schema":{"@context":"https:\/\/schema.org","@graph":[{"@type":"WebPage","@id":"https:\/\/www.art-natur.ch\/fr\/produit\/extensions-de-cils-purple-2-melange-de-20-lignes\/","url":"https:\/\/www.art-natur.ch\/fr\/produit\/extensions-de-cils-purple-2-melange-de-20-lignes\/","name":"\u200bExtensions de cils Ombre \"Violett\" - M\u00e9lange de 20 lignes - LASHES&amp;BROWS by Nataliya Reinhard","isPartOf":{"@id":"https:\/\/www.art-natur.ch\/fr\/#website"},"primaryImageOfPage":{"@id":"https:\/\/www.art-natur.ch\/fr\/produit\/extensions-de-cils-purple-2-melange-de-20-lignes\/#primaryimage"},"image":{"@id":"https:\/\/www.art-natur.ch\/fr\/produit\/extensions-de-cils-purple-2-melange-de-20-lignes\/#primaryimage"},"thumbnailUrl":"https:\/\/www.art-natur.ch\/wp-content\/uploads\/2024\/10\/2729672169-Photoroom.png","datePublished":"2024-10-01T11:27:23+00:00","dateModified":"2026-01-12T09:44:53+00:00","description":"Colored Mix est un ensemble de cils aux nuances de violet, permettant d'obtenir un look harmonieux et \u00e9l\u00e9gant. Disponibles en diff\u00e9rentes courbes, longueurs et \u00e9paisseurs.","breadcrumb":{"@id":"https:\/\/www.art-natur.ch\/fr\/produit\/extensions-de-cils-purple-2-melange-de-20-lignes\/#breadcrumb"},"inLanguage":"fr-FR","potentialAction":[{"@type":"ReadAction","target":["https:\/\/www.art-natur.ch\/fr\/produit\/extensions-de-cils-purple-2-melange-de-20-lignes\/"]}]},{"@type":"ImageObject","inLanguage":"fr-FR","@id":"https:\/\/www.art-natur.ch\/fr\/produit\/extensions-de-cils-purple-2-melange-de-20-lignes\/#primaryimage","url":"https:\/\/www.art-natur.ch\/wp-content\/uploads\/2024\/10\/2729672169-Photoroom.png","contentUrl":"https:\/\/www.art-natur.ch\/wp-content\/uploads\/2024\/10\/2729672169-Photoroom.png","width":970,"height":970},{"@type":"BreadcrumbList","@id":"https:\/\/www.art-natur.ch\/fr\/produit\/extensions-de-cils-purple-2-melange-de-20-lignes\/#breadcrumb","itemListElement":[{"@type":"ListItem","position":1,"name":"Home","item":"https:\/\/www.art-natur.ch\/fr\/"},{"@type":"ListItem","position":2,"name":"Boutique","item":"https:\/\/www.art-natur.ch\/shop\/"},{"@type":"ListItem","position":3,"name":"\u200bExtensions de cils Ombre \u00ab\u00a0Violett\u00a0\u00bb &#8211; M\u00e9lange de 20 lignes"}]},{"@type":"WebSite","@id":"https:\/\/www.art-natur.ch\/fr\/#website","url":"https:\/\/www.art-natur.ch\/fr\/","name":"LASHES&amp;BROWS by Nataliya Reinhard","description":"High-quality lash and brow services with attention to every detail","potentialAction":[{"@type":"SearchAction","target":{"@type":"EntryPoint","urlTemplate":"https:\/\/www.art-natur.ch\/fr\/?s={search_term_string}"},"query-input":{"@type":"PropertyValueSpecification","valueRequired":true,"valueName":"search_term_string"}}],"inLanguage":"fr-FR"}]}},"_links":{"self":[{"href":"https:\/\/www.art-natur.ch\/fr\/wp-json\/wp\/v2\/product\/4223","targetHints":{"allow":["GET"]}}],"collection":[{"href":"https:\/\/www.art-natur.ch\/fr\/wp-json\/wp\/v2\/product"}],"about":[{"href":"https:\/\/www.art-natur.ch\/fr\/wp-json\/wp\/v2\/types\/product"}],"wp:featuredmedia":[{"embeddable":true,"href":"https:\/\/www.art-natur.ch\/fr\/wp-json\/wp\/v2\/media\/6903"}],"wp:attachment":[{"href":"https:\/\/www.art-natur.ch\/fr\/wp-json\/wp\/v2\/media?parent=4223"}],"wp:term":[{"taxonomy":"product_cat","embeddable":true,"href":"https:\/\/www.art-natur.ch\/fr\/wp-json\/wp\/v2\/product_cat?post=4223"},{"taxonomy":"product_tag","embeddable":true,"href":"https:\/\/www.art-natur.ch\/fr\/wp-json\/wp\/v2\/product_tag?post=4223"}],"curies":[{"name":"wp","href":"https:\/\/api.w.org\/{rel}","templated":true}]}}