{"id":4241,"date":"2024-10-01T12:33:28","date_gmt":"2024-10-01T10:33:28","guid":{"rendered":"https:\/\/www.art-natur.ch\/product\/extensions-de-cils-ombre-violet-6-lignes-melange\/"},"modified":"2024-10-18T15:54:30","modified_gmt":"2024-10-18T13:54:30","slug":"extensions-de-cils-ombre-violet-6-lignes-melange","status":"publish","type":"product","link":"https:\/\/www.art-natur.ch\/fr\/produit\/extensions-de-cils-ombre-violet-6-lignes-melange\/","title":{"rendered":"\u200bExtensions de cils Ombre \u00ab\u00a0Violet\u00a0\u00bb &#8211; 6 lignes M\u00e9lange"},"content":{"rendered":"<p>Les cils Ombre \u00ab\u00a0Violet\u00a0\u00bb ont une base de couleur noire et des pointes violettes.<\/p>\n<p>Les cils sont fabriqu\u00e9s en fibre de haute qualit\u00e9.<br \/>\nL\u00e9gers et \u00e9lastiques.<br \/>\nIls gardent parfaitement leur forme pendant le port.<br \/>\nChaque palette contient de 2200 \u00e0 3500 cils en fonction de leur \u00e9paisseur.<\/p>\n<p>Disponible en palette mixte de 6 lignes.<\/p>\n","protected":false},"excerpt":{"rendered":"<p>Les cils Ombre \u00ab\u00a0Violet\u00a0\u00bb ont une base de couleur noire et des pointes violettes. Les cils sont fabriqu\u00e9s en fibre de haute qualit\u00e9. L\u00e9gers et \u00e9lastiques. Ils gardent parfaitement leur forme pendant le port. Chaque palette contient de 2200 \u00e0 3500 cils en fonction de leur \u00e9paisseur. Disponible en palette mixte de 6 lignes.<\/p>\n","protected":false},"featured_media":6891,"template":"","meta":{"_acf_changed":false,"inline_featured_image":false},"product_cat":[116,177],"product_tag":[],"class_list":{"0":"post-4241","1":"product","2":"type-product","3":"status-publish","4":"has-post-thumbnail","6":"product_brand-lovely","7":"product_cat-extension-de-cils","8":"product_cat-cils-colores","10":"first","11":"instock","12":"shipping-taxable","13":"purchasable","14":"product-type-variable"},"acf":[],"yoast_head":"<!-- This site is optimized with the Yoast SEO plugin v26.6 - https:\/\/yoast.com\/wordpress\/plugins\/seo\/ -->\n<title>\u200bExtensions de cils Ombre &quot;Violet&quot; - 6 lignes M\u00e9lange - LASHES&amp;BROWS by Nataliya Reinhard<\/title>\n<meta name=\"description\" content=\"Les cils Ombre &quot;Violet&quot; ont une base noire et des pointes violettes. L\u00e9gers, \u00e9lastiques et disponibles en palettes de 2200 \u00e0 3500 cils.\" \/>\n<meta name=\"robots\" content=\"index, follow, max-snippet:-1, max-image-preview:large, max-video-preview:-1\" \/>\n<link rel=\"canonical\" href=\"https:\/\/www.art-natur.ch\/fr\/produit\/extensions-de-cils-ombre-violet-6-lignes-melange\/\" \/>\n<meta property=\"og:locale\" content=\"fr_FR\" \/>\n<meta property=\"og:type\" content=\"article\" \/>\n<meta property=\"og:title\" content=\"\u200bExtensions de cils Ombre &quot;Violet&quot; - 6 lignes M\u00e9lange - LASHES&amp;BROWS by Nataliya Reinhard\" \/>\n<meta property=\"og:description\" content=\"Les cils Ombre &quot;Violet&quot; ont une base noire et des pointes violettes. L\u00e9gers, \u00e9lastiques et disponibles en palettes de 2200 \u00e0 3500 cils.\" \/>\n<meta property=\"og:url\" content=\"https:\/\/www.art-natur.ch\/fr\/produit\/extensions-de-cils-ombre-violet-6-lignes-melange\/\" \/>\n<meta property=\"og:site_name\" content=\"LASHES&amp;BROWS by Nataliya Reinhard\" \/>\n<meta property=\"article:modified_time\" content=\"2024-10-18T13:54:30+00:00\" \/>\n<meta property=\"og:image\" content=\"https:\/\/www.art-natur.ch\/wp-content\/uploads\/2024\/10\/2304029017-Photoroom.png\" \/>\n\t<meta property=\"og:image:width\" content=\"1080\" \/>\n\t<meta property=\"og:image:height\" content=\"1080\" \/>\n\t<meta property=\"og:image:type\" content=\"image\/png\" \/>\n<meta name=\"twitter:card\" content=\"summary_large_image\" \/>\n<meta name=\"twitter:label1\" content=\"Dur\u00e9e de lecture estim\u00e9e\" \/>\n\t<meta name=\"twitter:data1\" content=\"1 minute\" \/>\n<script type=\"application\/ld+json\" class=\"yoast-schema-graph\">{\"@context\":\"https:\/\/schema.org\",\"@graph\":[{\"@type\":\"WebPage\",\"@id\":\"https:\/\/www.art-natur.ch\/fr\/produit\/extensions-de-cils-ombre-violet-6-lignes-melange\/\",\"url\":\"https:\/\/www.art-natur.ch\/fr\/produit\/extensions-de-cils-ombre-violet-6-lignes-melange\/\",\"name\":\"\u200bExtensions de cils Ombre \\\"Violet\\\" - 6 lignes M\u00e9lange - LASHES&amp;BROWS by Nataliya Reinhard\",\"isPartOf\":{\"@id\":\"https:\/\/www.art-natur.ch\/fr\/#website\"},\"primaryImageOfPage\":{\"@id\":\"https:\/\/www.art-natur.ch\/fr\/produit\/extensions-de-cils-ombre-violet-6-lignes-melange\/#primaryimage\"},\"image\":{\"@id\":\"https:\/\/www.art-natur.ch\/fr\/produit\/extensions-de-cils-ombre-violet-6-lignes-melange\/#primaryimage\"},\"thumbnailUrl\":\"https:\/\/www.art-natur.ch\/wp-content\/uploads\/2024\/10\/2304029017-Photoroom.png\",\"datePublished\":\"2024-10-01T10:33:28+00:00\",\"dateModified\":\"2024-10-18T13:54:30+00:00\",\"description\":\"Les cils Ombre \\\"Violet\\\" ont une base noire et des pointes violettes. L\u00e9gers, \u00e9lastiques et disponibles en palettes de 2200 \u00e0 3500 cils.\",\"breadcrumb\":{\"@id\":\"https:\/\/www.art-natur.ch\/fr\/produit\/extensions-de-cils-ombre-violet-6-lignes-melange\/#breadcrumb\"},\"inLanguage\":\"fr-FR\",\"potentialAction\":[{\"@type\":\"ReadAction\",\"target\":[\"https:\/\/www.art-natur.ch\/fr\/produit\/extensions-de-cils-ombre-violet-6-lignes-melange\/\"]}]},{\"@type\":\"ImageObject\",\"inLanguage\":\"fr-FR\",\"@id\":\"https:\/\/www.art-natur.ch\/fr\/produit\/extensions-de-cils-ombre-violet-6-lignes-melange\/#primaryimage\",\"url\":\"https:\/\/www.art-natur.ch\/wp-content\/uploads\/2024\/10\/2304029017-Photoroom.png\",\"contentUrl\":\"https:\/\/www.art-natur.ch\/wp-content\/uploads\/2024\/10\/2304029017-Photoroom.png\",\"width\":1080,\"height\":1080},{\"@type\":\"BreadcrumbList\",\"@id\":\"https:\/\/www.art-natur.ch\/fr\/produit\/extensions-de-cils-ombre-violet-6-lignes-melange\/#breadcrumb\",\"itemListElement\":[{\"@type\":\"ListItem\",\"position\":1,\"name\":\"Home\",\"item\":\"https:\/\/www.art-natur.ch\/fr\/\"},{\"@type\":\"ListItem\",\"position\":2,\"name\":\"Boutique\",\"item\":\"https:\/\/www.art-natur.ch\/shop\/\"},{\"@type\":\"ListItem\",\"position\":3,\"name\":\"\u200bExtensions de cils Ombre &#8222;Violet&#8220; &#8211; 6 lignes M\u00e9lange\"}]},{\"@type\":\"WebSite\",\"@id\":\"https:\/\/www.art-natur.ch\/fr\/#website\",\"url\":\"https:\/\/www.art-natur.ch\/fr\/\",\"name\":\"LASHES&amp;BROWS by Nataliya Reinhard\",\"description\":\"High-quality lash and brow services with attention to every detail\",\"potentialAction\":[{\"@type\":\"SearchAction\",\"target\":{\"@type\":\"EntryPoint\",\"urlTemplate\":\"https:\/\/www.art-natur.ch\/fr\/?s={search_term_string}\"},\"query-input\":{\"@type\":\"PropertyValueSpecification\",\"valueRequired\":true,\"valueName\":\"search_term_string\"}}],\"inLanguage\":\"fr-FR\"}]}<\/script>\n<!-- \/ Yoast SEO plugin. -->","yoast_head_json":{"title":"\u200bExtensions de cils Ombre \"Violet\" - 6 lignes M\u00e9lange - LASHES&amp;BROWS by Nataliya Reinhard","description":"Les cils Ombre \"Violet\" ont une base noire et des pointes violettes. L\u00e9gers, \u00e9lastiques et disponibles en palettes de 2200 \u00e0 3500 cils.","robots":{"index":"index","follow":"follow","max-snippet":"max-snippet:-1","max-image-preview":"max-image-preview:large","max-video-preview":"max-video-preview:-1"},"canonical":"https:\/\/www.art-natur.ch\/fr\/produit\/extensions-de-cils-ombre-violet-6-lignes-melange\/","og_locale":"fr_FR","og_type":"article","og_title":"\u200bExtensions de cils Ombre \"Violet\" - 6 lignes M\u00e9lange - LASHES&amp;BROWS by Nataliya Reinhard","og_description":"Les cils Ombre \"Violet\" ont une base noire et des pointes violettes. L\u00e9gers, \u00e9lastiques et disponibles en palettes de 2200 \u00e0 3500 cils.","og_url":"https:\/\/www.art-natur.ch\/fr\/produit\/extensions-de-cils-ombre-violet-6-lignes-melange\/","og_site_name":"LASHES&amp;BROWS by Nataliya Reinhard","article_modified_time":"2024-10-18T13:54:30+00:00","og_image":[{"width":1080,"height":1080,"url":"https:\/\/www.art-natur.ch\/wp-content\/uploads\/2024\/10\/2304029017-Photoroom.png","type":"image\/png"}],"twitter_card":"summary_large_image","twitter_misc":{"Dur\u00e9e de lecture estim\u00e9e":"1 minute"},"schema":{"@context":"https:\/\/schema.org","@graph":[{"@type":"WebPage","@id":"https:\/\/www.art-natur.ch\/fr\/produit\/extensions-de-cils-ombre-violet-6-lignes-melange\/","url":"https:\/\/www.art-natur.ch\/fr\/produit\/extensions-de-cils-ombre-violet-6-lignes-melange\/","name":"\u200bExtensions de cils Ombre \"Violet\" - 6 lignes M\u00e9lange - LASHES&amp;BROWS by Nataliya Reinhard","isPartOf":{"@id":"https:\/\/www.art-natur.ch\/fr\/#website"},"primaryImageOfPage":{"@id":"https:\/\/www.art-natur.ch\/fr\/produit\/extensions-de-cils-ombre-violet-6-lignes-melange\/#primaryimage"},"image":{"@id":"https:\/\/www.art-natur.ch\/fr\/produit\/extensions-de-cils-ombre-violet-6-lignes-melange\/#primaryimage"},"thumbnailUrl":"https:\/\/www.art-natur.ch\/wp-content\/uploads\/2024\/10\/2304029017-Photoroom.png","datePublished":"2024-10-01T10:33:28+00:00","dateModified":"2024-10-18T13:54:30+00:00","description":"Les cils Ombre \"Violet\" ont une base noire et des pointes violettes. L\u00e9gers, \u00e9lastiques et disponibles en palettes de 2200 \u00e0 3500 cils.","breadcrumb":{"@id":"https:\/\/www.art-natur.ch\/fr\/produit\/extensions-de-cils-ombre-violet-6-lignes-melange\/#breadcrumb"},"inLanguage":"fr-FR","potentialAction":[{"@type":"ReadAction","target":["https:\/\/www.art-natur.ch\/fr\/produit\/extensions-de-cils-ombre-violet-6-lignes-melange\/"]}]},{"@type":"ImageObject","inLanguage":"fr-FR","@id":"https:\/\/www.art-natur.ch\/fr\/produit\/extensions-de-cils-ombre-violet-6-lignes-melange\/#primaryimage","url":"https:\/\/www.art-natur.ch\/wp-content\/uploads\/2024\/10\/2304029017-Photoroom.png","contentUrl":"https:\/\/www.art-natur.ch\/wp-content\/uploads\/2024\/10\/2304029017-Photoroom.png","width":1080,"height":1080},{"@type":"BreadcrumbList","@id":"https:\/\/www.art-natur.ch\/fr\/produit\/extensions-de-cils-ombre-violet-6-lignes-melange\/#breadcrumb","itemListElement":[{"@type":"ListItem","position":1,"name":"Home","item":"https:\/\/www.art-natur.ch\/fr\/"},{"@type":"ListItem","position":2,"name":"Boutique","item":"https:\/\/www.art-natur.ch\/shop\/"},{"@type":"ListItem","position":3,"name":"\u200bExtensions de cils Ombre &#8222;Violet&#8220; &#8211; 6 lignes M\u00e9lange"}]},{"@type":"WebSite","@id":"https:\/\/www.art-natur.ch\/fr\/#website","url":"https:\/\/www.art-natur.ch\/fr\/","name":"LASHES&amp;BROWS by Nataliya Reinhard","description":"High-quality lash and brow services with attention to every detail","potentialAction":[{"@type":"SearchAction","target":{"@type":"EntryPoint","urlTemplate":"https:\/\/www.art-natur.ch\/fr\/?s={search_term_string}"},"query-input":{"@type":"PropertyValueSpecification","valueRequired":true,"valueName":"search_term_string"}}],"inLanguage":"fr-FR"}]}},"_links":{"self":[{"href":"https:\/\/www.art-natur.ch\/fr\/wp-json\/wp\/v2\/product\/4241","targetHints":{"allow":["GET"]}}],"collection":[{"href":"https:\/\/www.art-natur.ch\/fr\/wp-json\/wp\/v2\/product"}],"about":[{"href":"https:\/\/www.art-natur.ch\/fr\/wp-json\/wp\/v2\/types\/product"}],"wp:featuredmedia":[{"embeddable":true,"href":"https:\/\/www.art-natur.ch\/fr\/wp-json\/wp\/v2\/media\/6891"}],"wp:attachment":[{"href":"https:\/\/www.art-natur.ch\/fr\/wp-json\/wp\/v2\/media?parent=4241"}],"wp:term":[{"taxonomy":"product_cat","embeddable":true,"href":"https:\/\/www.art-natur.ch\/fr\/wp-json\/wp\/v2\/product_cat?post=4241"},{"taxonomy":"product_tag","embeddable":true,"href":"https:\/\/www.art-natur.ch\/fr\/wp-json\/wp\/v2\/product_tag?post=4241"}],"curies":[{"name":"wp","href":"https:\/\/api.w.org\/{rel}","templated":true}]}}