{"id":4496,"date":"2024-10-01T14:02:19","date_gmt":"2024-10-01T12:02:19","guid":{"rendered":"https:\/\/www.art-natur.ch\/product\/extensions-de-cils-bleu-6-lignes-melange\/"},"modified":"2024-10-18T15:23:21","modified_gmt":"2024-10-18T13:23:21","slug":"extensions-de-cils-bleu-6-lignes-melange","status":"publish","type":"product","link":"https:\/\/www.art-natur.ch\/fr\/produit\/extensions-de-cils-bleu-6-lignes-melange\/","title":{"rendered":"\u200bExtensions de cils \u00ab\u00a0Bleu\u00a0\u00bb &#8211; 6 lignes M\u00e9lange"},"content":{"rendered":"<p>Les cils bleu vif sont con\u00e7us pour une client\u00e8le unique.<\/p>\n<p>Application : comme couleur principale des extensions de cils ou en combinaison avec d&rsquo;autres couleurs.<br \/>\nL\u00e9gers et \u00e9lastiques, fabriqu\u00e9s en fibre de haute qualit\u00e9.<br \/>\nGardent parfaitement leur forme pendant le port.<br \/>\nChaque palette de 20 lignes contient de 7400 \u00e0 12 000 cils en fonction de leur \u00e9paisseur.<\/p>\n<p>Disponible en palette 20 lignes mixtes.<\/p>\n","protected":false},"excerpt":{"rendered":"<p>Les cils bleu vif sont con\u00e7us pour une client\u00e8le unique. Application : comme couleur principale des extensions de cils ou en combinaison avec d&rsquo;autres couleurs. L\u00e9gers et \u00e9lastiques, fabriqu\u00e9s en fibre de haute qualit\u00e9. Gardent parfaitement leur forme pendant le port. Chaque palette de 20 lignes contient de 7400 \u00e0 12 000 cils en fonction [&hellip;]<\/p>\n","protected":false},"featured_media":6839,"template":"","meta":{"_acf_changed":false,"inline_featured_image":false},"product_cat":[116,177],"product_tag":[],"class_list":{"0":"post-4496","1":"product","2":"type-product","3":"status-publish","4":"has-post-thumbnail","6":"product_brand-lovely","7":"product_cat-extension-de-cils","8":"product_cat-cils-colores","10":"first","11":"instock","12":"shipping-taxable","13":"purchasable","14":"product-type-variable"},"acf":[],"yoast_head":"<!-- This site is optimized with the Yoast SEO plugin v26.6 - https:\/\/yoast.com\/wordpress\/plugins\/seo\/ -->\n<title>\u200bExtensions de cils &quot;Bleu&quot; - 6 lignes M\u00e9lange - LASHES&amp;BROWS by Nataliya Reinhard<\/title>\n<meta name=\"description\" content=\"Les cils bleu vif sont con\u00e7us pour une client\u00e8le unique. Utilisables comme couleur principale ou en combinaison, ils sont l\u00e9gers, \u00e9lastiques et fabriqu\u00e9s en fibre de haute qualit\u00e9.\" \/>\n<meta name=\"robots\" content=\"index, follow, max-snippet:-1, max-image-preview:large, max-video-preview:-1\" \/>\n<link rel=\"canonical\" href=\"https:\/\/www.art-natur.ch\/fr\/produit\/extensions-de-cils-bleu-6-lignes-melange\/\" \/>\n<meta property=\"og:locale\" content=\"fr_FR\" \/>\n<meta property=\"og:type\" content=\"article\" \/>\n<meta property=\"og:title\" content=\"\u200bExtensions de cils &quot;Bleu&quot; - 6 lignes M\u00e9lange - LASHES&amp;BROWS by Nataliya Reinhard\" \/>\n<meta property=\"og:description\" content=\"Les cils bleu vif sont con\u00e7us pour une client\u00e8le unique. Utilisables comme couleur principale ou en combinaison, ils sont l\u00e9gers, \u00e9lastiques et fabriqu\u00e9s en fibre de haute qualit\u00e9.\" \/>\n<meta property=\"og:url\" content=\"https:\/\/www.art-natur.ch\/fr\/produit\/extensions-de-cils-bleu-6-lignes-melange\/\" \/>\n<meta property=\"og:site_name\" content=\"LASHES&amp;BROWS by Nataliya Reinhard\" \/>\n<meta property=\"article:modified_time\" content=\"2024-10-18T13:23:21+00:00\" \/>\n<meta property=\"og:image\" content=\"https:\/\/www.art-natur.ch\/wp-content\/uploads\/2024\/10\/2304490007-Photoroom.png\" \/>\n\t<meta property=\"og:image:width\" content=\"1024\" \/>\n\t<meta property=\"og:image:height\" content=\"1024\" \/>\n\t<meta property=\"og:image:type\" content=\"image\/png\" \/>\n<meta name=\"twitter:card\" content=\"summary_large_image\" \/>\n<meta name=\"twitter:label1\" content=\"Dur\u00e9e de lecture estim\u00e9e\" \/>\n\t<meta name=\"twitter:data1\" content=\"1 minute\" \/>\n<script type=\"application\/ld+json\" class=\"yoast-schema-graph\">{\"@context\":\"https:\/\/schema.org\",\"@graph\":[{\"@type\":\"WebPage\",\"@id\":\"https:\/\/www.art-natur.ch\/fr\/produit\/extensions-de-cils-bleu-6-lignes-melange\/\",\"url\":\"https:\/\/www.art-natur.ch\/fr\/produit\/extensions-de-cils-bleu-6-lignes-melange\/\",\"name\":\"\u200bExtensions de cils \\\"Bleu\\\" - 6 lignes M\u00e9lange - LASHES&amp;BROWS by Nataliya Reinhard\",\"isPartOf\":{\"@id\":\"https:\/\/www.art-natur.ch\/fr\/#website\"},\"primaryImageOfPage\":{\"@id\":\"https:\/\/www.art-natur.ch\/fr\/produit\/extensions-de-cils-bleu-6-lignes-melange\/#primaryimage\"},\"image\":{\"@id\":\"https:\/\/www.art-natur.ch\/fr\/produit\/extensions-de-cils-bleu-6-lignes-melange\/#primaryimage\"},\"thumbnailUrl\":\"https:\/\/www.art-natur.ch\/wp-content\/uploads\/2024\/10\/2304490007-Photoroom.png\",\"datePublished\":\"2024-10-01T12:02:19+00:00\",\"dateModified\":\"2024-10-18T13:23:21+00:00\",\"description\":\"Les cils bleu vif sont con\u00e7us pour une client\u00e8le unique. Utilisables comme couleur principale ou en combinaison, ils sont l\u00e9gers, \u00e9lastiques et fabriqu\u00e9s en fibre de haute qualit\u00e9.\",\"breadcrumb\":{\"@id\":\"https:\/\/www.art-natur.ch\/fr\/produit\/extensions-de-cils-bleu-6-lignes-melange\/#breadcrumb\"},\"inLanguage\":\"fr-FR\",\"potentialAction\":[{\"@type\":\"ReadAction\",\"target\":[\"https:\/\/www.art-natur.ch\/fr\/produit\/extensions-de-cils-bleu-6-lignes-melange\/\"]}]},{\"@type\":\"ImageObject\",\"inLanguage\":\"fr-FR\",\"@id\":\"https:\/\/www.art-natur.ch\/fr\/produit\/extensions-de-cils-bleu-6-lignes-melange\/#primaryimage\",\"url\":\"https:\/\/www.art-natur.ch\/wp-content\/uploads\/2024\/10\/2304490007-Photoroom.png\",\"contentUrl\":\"https:\/\/www.art-natur.ch\/wp-content\/uploads\/2024\/10\/2304490007-Photoroom.png\",\"width\":1024,\"height\":1024},{\"@type\":\"BreadcrumbList\",\"@id\":\"https:\/\/www.art-natur.ch\/fr\/produit\/extensions-de-cils-bleu-6-lignes-melange\/#breadcrumb\",\"itemListElement\":[{\"@type\":\"ListItem\",\"position\":1,\"name\":\"Home\",\"item\":\"https:\/\/www.art-natur.ch\/fr\/\"},{\"@type\":\"ListItem\",\"position\":2,\"name\":\"Boutique\",\"item\":\"https:\/\/www.art-natur.ch\/shop\/\"},{\"@type\":\"ListItem\",\"position\":3,\"name\":\"\u200bExtensions de cils &#8222;Bleu&#8220; &#8211; 6 lignes M\u00e9lange\"}]},{\"@type\":\"WebSite\",\"@id\":\"https:\/\/www.art-natur.ch\/fr\/#website\",\"url\":\"https:\/\/www.art-natur.ch\/fr\/\",\"name\":\"LASHES&amp;BROWS by Nataliya Reinhard\",\"description\":\"High-quality lash and brow services with attention to every detail\",\"potentialAction\":[{\"@type\":\"SearchAction\",\"target\":{\"@type\":\"EntryPoint\",\"urlTemplate\":\"https:\/\/www.art-natur.ch\/fr\/?s={search_term_string}\"},\"query-input\":{\"@type\":\"PropertyValueSpecification\",\"valueRequired\":true,\"valueName\":\"search_term_string\"}}],\"inLanguage\":\"fr-FR\"}]}<\/script>\n<!-- \/ Yoast SEO plugin. -->","yoast_head_json":{"title":"\u200bExtensions de cils \"Bleu\" - 6 lignes M\u00e9lange - LASHES&amp;BROWS by Nataliya Reinhard","description":"Les cils bleu vif sont con\u00e7us pour une client\u00e8le unique. Utilisables comme couleur principale ou en combinaison, ils sont l\u00e9gers, \u00e9lastiques et fabriqu\u00e9s en fibre de haute qualit\u00e9.","robots":{"index":"index","follow":"follow","max-snippet":"max-snippet:-1","max-image-preview":"max-image-preview:large","max-video-preview":"max-video-preview:-1"},"canonical":"https:\/\/www.art-natur.ch\/fr\/produit\/extensions-de-cils-bleu-6-lignes-melange\/","og_locale":"fr_FR","og_type":"article","og_title":"\u200bExtensions de cils \"Bleu\" - 6 lignes M\u00e9lange - LASHES&amp;BROWS by Nataliya Reinhard","og_description":"Les cils bleu vif sont con\u00e7us pour une client\u00e8le unique. Utilisables comme couleur principale ou en combinaison, ils sont l\u00e9gers, \u00e9lastiques et fabriqu\u00e9s en fibre de haute qualit\u00e9.","og_url":"https:\/\/www.art-natur.ch\/fr\/produit\/extensions-de-cils-bleu-6-lignes-melange\/","og_site_name":"LASHES&amp;BROWS by Nataliya Reinhard","article_modified_time":"2024-10-18T13:23:21+00:00","og_image":[{"width":1024,"height":1024,"url":"https:\/\/www.art-natur.ch\/wp-content\/uploads\/2024\/10\/2304490007-Photoroom.png","type":"image\/png"}],"twitter_card":"summary_large_image","twitter_misc":{"Dur\u00e9e de lecture estim\u00e9e":"1 minute"},"schema":{"@context":"https:\/\/schema.org","@graph":[{"@type":"WebPage","@id":"https:\/\/www.art-natur.ch\/fr\/produit\/extensions-de-cils-bleu-6-lignes-melange\/","url":"https:\/\/www.art-natur.ch\/fr\/produit\/extensions-de-cils-bleu-6-lignes-melange\/","name":"\u200bExtensions de cils \"Bleu\" - 6 lignes M\u00e9lange - LASHES&amp;BROWS by Nataliya Reinhard","isPartOf":{"@id":"https:\/\/www.art-natur.ch\/fr\/#website"},"primaryImageOfPage":{"@id":"https:\/\/www.art-natur.ch\/fr\/produit\/extensions-de-cils-bleu-6-lignes-melange\/#primaryimage"},"image":{"@id":"https:\/\/www.art-natur.ch\/fr\/produit\/extensions-de-cils-bleu-6-lignes-melange\/#primaryimage"},"thumbnailUrl":"https:\/\/www.art-natur.ch\/wp-content\/uploads\/2024\/10\/2304490007-Photoroom.png","datePublished":"2024-10-01T12:02:19+00:00","dateModified":"2024-10-18T13:23:21+00:00","description":"Les cils bleu vif sont con\u00e7us pour une client\u00e8le unique. Utilisables comme couleur principale ou en combinaison, ils sont l\u00e9gers, \u00e9lastiques et fabriqu\u00e9s en fibre de haute qualit\u00e9.","breadcrumb":{"@id":"https:\/\/www.art-natur.ch\/fr\/produit\/extensions-de-cils-bleu-6-lignes-melange\/#breadcrumb"},"inLanguage":"fr-FR","potentialAction":[{"@type":"ReadAction","target":["https:\/\/www.art-natur.ch\/fr\/produit\/extensions-de-cils-bleu-6-lignes-melange\/"]}]},{"@type":"ImageObject","inLanguage":"fr-FR","@id":"https:\/\/www.art-natur.ch\/fr\/produit\/extensions-de-cils-bleu-6-lignes-melange\/#primaryimage","url":"https:\/\/www.art-natur.ch\/wp-content\/uploads\/2024\/10\/2304490007-Photoroom.png","contentUrl":"https:\/\/www.art-natur.ch\/wp-content\/uploads\/2024\/10\/2304490007-Photoroom.png","width":1024,"height":1024},{"@type":"BreadcrumbList","@id":"https:\/\/www.art-natur.ch\/fr\/produit\/extensions-de-cils-bleu-6-lignes-melange\/#breadcrumb","itemListElement":[{"@type":"ListItem","position":1,"name":"Home","item":"https:\/\/www.art-natur.ch\/fr\/"},{"@type":"ListItem","position":2,"name":"Boutique","item":"https:\/\/www.art-natur.ch\/shop\/"},{"@type":"ListItem","position":3,"name":"\u200bExtensions de cils &#8222;Bleu&#8220; &#8211; 6 lignes M\u00e9lange"}]},{"@type":"WebSite","@id":"https:\/\/www.art-natur.ch\/fr\/#website","url":"https:\/\/www.art-natur.ch\/fr\/","name":"LASHES&amp;BROWS by Nataliya Reinhard","description":"High-quality lash and brow services with attention to every detail","potentialAction":[{"@type":"SearchAction","target":{"@type":"EntryPoint","urlTemplate":"https:\/\/www.art-natur.ch\/fr\/?s={search_term_string}"},"query-input":{"@type":"PropertyValueSpecification","valueRequired":true,"valueName":"search_term_string"}}],"inLanguage":"fr-FR"}]}},"_links":{"self":[{"href":"https:\/\/www.art-natur.ch\/fr\/wp-json\/wp\/v2\/product\/4496","targetHints":{"allow":["GET"]}}],"collection":[{"href":"https:\/\/www.art-natur.ch\/fr\/wp-json\/wp\/v2\/product"}],"about":[{"href":"https:\/\/www.art-natur.ch\/fr\/wp-json\/wp\/v2\/types\/product"}],"wp:featuredmedia":[{"embeddable":true,"href":"https:\/\/www.art-natur.ch\/fr\/wp-json\/wp\/v2\/media\/6839"}],"wp:attachment":[{"href":"https:\/\/www.art-natur.ch\/fr\/wp-json\/wp\/v2\/media?parent=4496"}],"wp:term":[{"taxonomy":"product_cat","embeddable":true,"href":"https:\/\/www.art-natur.ch\/fr\/wp-json\/wp\/v2\/product_cat?post=4496"},{"taxonomy":"product_tag","embeddable":true,"href":"https:\/\/www.art-natur.ch\/fr\/wp-json\/wp\/v2\/product_tag?post=4496"}],"curies":[{"name":"wp","href":"https:\/\/api.w.org\/{rel}","templated":true}]}}