{"id":4599,"date":"2024-10-01T14:41:36","date_gmt":"2024-10-01T12:41:36","guid":{"rendered":"https:\/\/www.art-natur.ch\/product\/coussinets-en-silicone-lashgo-1-paire\/"},"modified":"2024-10-13T15:23:03","modified_gmt":"2024-10-13T13:23:03","slug":"coussinets-en-silicone-lashgo-1-paire","status":"publish","type":"product","link":"https:\/\/www.art-natur.ch\/fr\/produit\/coussinets-en-silicone-lashgo-1-paire\/","title":{"rendered":"Coussinets en silicone Lash&#038;Go, (1 paire)"},"content":{"rendered":"<p>Les rouleaux en silicone Lash&amp;Go, doux et flexibles, vous permettent de cr\u00e9er \u00e0 la fois une courbure naturelle et la courbure la plus expressive lors du traitement de lamination des cils.<\/p>\n<p>La forme sp\u00e9cialement con\u00e7ue du rouleau suit le contour de la paupi\u00e8re, permettant au rouleau d&rsquo;adh\u00e9rer aussi bien que possible. Cela assure le confort de la cliente pendant la proc\u00e9dure et le confort du technicien. La surface lisse du rouleau garantit une application \u00e9conomique et facile des adh\u00e9sifs et des formulations.<\/p>\n<p>La forme du rouleau permet de travailler avec des cils courts et longs. En fonction de la longueur et de la courbe des cils naturels, de la forme des cils et de la profondeur des yeux, l&rsquo;artiste peut choisir l&rsquo;une des 5 tailles :<br \/>\nS &#8211; pour les cils les plus courts, les yeux profonds ou les paupi\u00e8res d\u00e9bordantes.<br \/>\nM, M1 et M2 pour les cils moyens \u00e0 longs<br \/>\nL &#8211; pour les cils tr\u00e8s longs, pour les yeux ouverts.<\/p>\n<p>Les rouleaux sont r\u00e9utilisables, faciles \u00e0 nettoyer, conservent leur forme et leur fermet\u00e9 plus longtemps.<\/p>\n<p>Mat\u00e9riau : silicone hypoallerg\u00e9nique<\/p>\n","protected":false},"excerpt":{"rendered":"<p>Les rouleaux en silicone Lash&amp;Go, doux et flexibles, vous permettent de cr\u00e9er \u00e0 la fois une courbure naturelle et la courbure la plus expressive lors du traitement de lamination des cils. La forme sp\u00e9cialement con\u00e7ue du rouleau suit le contour de la paupi\u00e8re, permettant au rouleau d&rsquo;adh\u00e9rer aussi bien que possible. Cela assure le confort [&hellip;]<\/p>\n","protected":false},"featured_media":6811,"template":"","meta":{"_acf_changed":false,"inline_featured_image":false},"product_cat":[150,154,156],"product_tag":[],"class_list":{"0":"post-4599","1":"product","2":"type-product","3":"status-publish","4":"has-post-thumbnail","6":"product_brand-lashgo","7":"product_cat-rehaussement-des-cils","8":"product_cat-bigoudis-et-patchs","9":"product_cat-bigoudis","11":"first","12":"instock","13":"shipping-taxable","14":"purchasable","15":"product-type-variable"},"acf":[],"yoast_head":"<!-- This site is optimized with the Yoast SEO plugin v26.6 - https:\/\/yoast.com\/wordpress\/plugins\/seo\/ -->\n<title>Coussinets en silicone Lash&amp;Go, (1 paire) - LASHES&amp;BROWS by Nataliya Reinhard<\/title>\n<meta name=\"description\" content=\"Les rouleaux en silicone Lash&amp;Go cr\u00e9ent des courbures naturelles et expressives lors de la lamination des cils. Hypoallerg\u00e9niques et r\u00e9utilisables.\" \/>\n<meta name=\"robots\" content=\"index, follow, max-snippet:-1, max-image-preview:large, max-video-preview:-1\" \/>\n<link rel=\"canonical\" href=\"https:\/\/www.art-natur.ch\/fr\/produit\/coussinets-en-silicone-lashgo-1-paire\/\" \/>\n<meta property=\"og:locale\" content=\"fr_FR\" \/>\n<meta property=\"og:type\" content=\"article\" \/>\n<meta property=\"og:title\" content=\"Coussinets en silicone Lash&amp;Go, (1 paire) - LASHES&amp;BROWS by Nataliya Reinhard\" \/>\n<meta property=\"og:description\" content=\"Les rouleaux en silicone Lash&amp;Go cr\u00e9ent des courbures naturelles et expressives lors de la lamination des cils. Hypoallerg\u00e9niques et r\u00e9utilisables.\" \/>\n<meta property=\"og:url\" content=\"https:\/\/www.art-natur.ch\/fr\/produit\/coussinets-en-silicone-lashgo-1-paire\/\" \/>\n<meta property=\"og:site_name\" content=\"LASHES&amp;BROWS by Nataliya Reinhard\" \/>\n<meta property=\"article:modified_time\" content=\"2024-10-13T13:23:03+00:00\" \/>\n<meta property=\"og:image\" content=\"https:\/\/www.art-natur.ch\/wp-content\/uploads\/2024\/10\/2531992104-Photoroom.png\" \/>\n\t<meta property=\"og:image:width\" content=\"1280\" \/>\n\t<meta property=\"og:image:height\" content=\"1280\" \/>\n\t<meta property=\"og:image:type\" content=\"image\/png\" \/>\n<meta name=\"twitter:card\" content=\"summary_large_image\" \/>\n<meta name=\"twitter:label1\" content=\"Dur\u00e9e de lecture estim\u00e9e\" \/>\n\t<meta name=\"twitter:data1\" content=\"1 minute\" \/>\n<script type=\"application\/ld+json\" class=\"yoast-schema-graph\">{\"@context\":\"https:\/\/schema.org\",\"@graph\":[{\"@type\":\"WebPage\",\"@id\":\"https:\/\/www.art-natur.ch\/fr\/produit\/coussinets-en-silicone-lashgo-1-paire\/\",\"url\":\"https:\/\/www.art-natur.ch\/fr\/produit\/coussinets-en-silicone-lashgo-1-paire\/\",\"name\":\"Coussinets en silicone Lash&Go, (1 paire) - LASHES&amp;BROWS by Nataliya Reinhard\",\"isPartOf\":{\"@id\":\"https:\/\/www.art-natur.ch\/fr\/#website\"},\"primaryImageOfPage\":{\"@id\":\"https:\/\/www.art-natur.ch\/fr\/produit\/coussinets-en-silicone-lashgo-1-paire\/#primaryimage\"},\"image\":{\"@id\":\"https:\/\/www.art-natur.ch\/fr\/produit\/coussinets-en-silicone-lashgo-1-paire\/#primaryimage\"},\"thumbnailUrl\":\"https:\/\/www.art-natur.ch\/wp-content\/uploads\/2024\/10\/2531992104-Photoroom.png\",\"datePublished\":\"2024-10-01T12:41:36+00:00\",\"dateModified\":\"2024-10-13T13:23:03+00:00\",\"description\":\"Les rouleaux en silicone Lash&Go cr\u00e9ent des courbures naturelles et expressives lors de la lamination des cils. Hypoallerg\u00e9niques et r\u00e9utilisables.\",\"breadcrumb\":{\"@id\":\"https:\/\/www.art-natur.ch\/fr\/produit\/coussinets-en-silicone-lashgo-1-paire\/#breadcrumb\"},\"inLanguage\":\"fr-FR\",\"potentialAction\":[{\"@type\":\"ReadAction\",\"target\":[\"https:\/\/www.art-natur.ch\/fr\/produit\/coussinets-en-silicone-lashgo-1-paire\/\"]}]},{\"@type\":\"ImageObject\",\"inLanguage\":\"fr-FR\",\"@id\":\"https:\/\/www.art-natur.ch\/fr\/produit\/coussinets-en-silicone-lashgo-1-paire\/#primaryimage\",\"url\":\"https:\/\/www.art-natur.ch\/wp-content\/uploads\/2024\/10\/2531992104-Photoroom.png\",\"contentUrl\":\"https:\/\/www.art-natur.ch\/wp-content\/uploads\/2024\/10\/2531992104-Photoroom.png\",\"width\":1280,\"height\":1280},{\"@type\":\"BreadcrumbList\",\"@id\":\"https:\/\/www.art-natur.ch\/fr\/produit\/coussinets-en-silicone-lashgo-1-paire\/#breadcrumb\",\"itemListElement\":[{\"@type\":\"ListItem\",\"position\":1,\"name\":\"Home\",\"item\":\"https:\/\/www.art-natur.ch\/fr\/\"},{\"@type\":\"ListItem\",\"position\":2,\"name\":\"Boutique\",\"item\":\"https:\/\/www.art-natur.ch\/shop\/\"},{\"@type\":\"ListItem\",\"position\":3,\"name\":\"Coussinets en silicone Lash&#038;Go, (1 paire)\"}]},{\"@type\":\"WebSite\",\"@id\":\"https:\/\/www.art-natur.ch\/fr\/#website\",\"url\":\"https:\/\/www.art-natur.ch\/fr\/\",\"name\":\"LASHES&amp;BROWS by Nataliya Reinhard\",\"description\":\"High-quality lash and brow services with attention to every detail\",\"potentialAction\":[{\"@type\":\"SearchAction\",\"target\":{\"@type\":\"EntryPoint\",\"urlTemplate\":\"https:\/\/www.art-natur.ch\/fr\/?s={search_term_string}\"},\"query-input\":{\"@type\":\"PropertyValueSpecification\",\"valueRequired\":true,\"valueName\":\"search_term_string\"}}],\"inLanguage\":\"fr-FR\"}]}<\/script>\n<!-- \/ Yoast SEO plugin. -->","yoast_head_json":{"title":"Coussinets en silicone Lash&Go, (1 paire) - LASHES&amp;BROWS by Nataliya Reinhard","description":"Les rouleaux en silicone Lash&Go cr\u00e9ent des courbures naturelles et expressives lors de la lamination des cils. Hypoallerg\u00e9niques et r\u00e9utilisables.","robots":{"index":"index","follow":"follow","max-snippet":"max-snippet:-1","max-image-preview":"max-image-preview:large","max-video-preview":"max-video-preview:-1"},"canonical":"https:\/\/www.art-natur.ch\/fr\/produit\/coussinets-en-silicone-lashgo-1-paire\/","og_locale":"fr_FR","og_type":"article","og_title":"Coussinets en silicone Lash&Go, (1 paire) - LASHES&amp;BROWS by Nataliya Reinhard","og_description":"Les rouleaux en silicone Lash&Go cr\u00e9ent des courbures naturelles et expressives lors de la lamination des cils. Hypoallerg\u00e9niques et r\u00e9utilisables.","og_url":"https:\/\/www.art-natur.ch\/fr\/produit\/coussinets-en-silicone-lashgo-1-paire\/","og_site_name":"LASHES&amp;BROWS by Nataliya Reinhard","article_modified_time":"2024-10-13T13:23:03+00:00","og_image":[{"width":1280,"height":1280,"url":"https:\/\/www.art-natur.ch\/wp-content\/uploads\/2024\/10\/2531992104-Photoroom.png","type":"image\/png"}],"twitter_card":"summary_large_image","twitter_misc":{"Dur\u00e9e de lecture estim\u00e9e":"1 minute"},"schema":{"@context":"https:\/\/schema.org","@graph":[{"@type":"WebPage","@id":"https:\/\/www.art-natur.ch\/fr\/produit\/coussinets-en-silicone-lashgo-1-paire\/","url":"https:\/\/www.art-natur.ch\/fr\/produit\/coussinets-en-silicone-lashgo-1-paire\/","name":"Coussinets en silicone Lash&Go, (1 paire) - LASHES&amp;BROWS by Nataliya Reinhard","isPartOf":{"@id":"https:\/\/www.art-natur.ch\/fr\/#website"},"primaryImageOfPage":{"@id":"https:\/\/www.art-natur.ch\/fr\/produit\/coussinets-en-silicone-lashgo-1-paire\/#primaryimage"},"image":{"@id":"https:\/\/www.art-natur.ch\/fr\/produit\/coussinets-en-silicone-lashgo-1-paire\/#primaryimage"},"thumbnailUrl":"https:\/\/www.art-natur.ch\/wp-content\/uploads\/2024\/10\/2531992104-Photoroom.png","datePublished":"2024-10-01T12:41:36+00:00","dateModified":"2024-10-13T13:23:03+00:00","description":"Les rouleaux en silicone Lash&Go cr\u00e9ent des courbures naturelles et expressives lors de la lamination des cils. Hypoallerg\u00e9niques et r\u00e9utilisables.","breadcrumb":{"@id":"https:\/\/www.art-natur.ch\/fr\/produit\/coussinets-en-silicone-lashgo-1-paire\/#breadcrumb"},"inLanguage":"fr-FR","potentialAction":[{"@type":"ReadAction","target":["https:\/\/www.art-natur.ch\/fr\/produit\/coussinets-en-silicone-lashgo-1-paire\/"]}]},{"@type":"ImageObject","inLanguage":"fr-FR","@id":"https:\/\/www.art-natur.ch\/fr\/produit\/coussinets-en-silicone-lashgo-1-paire\/#primaryimage","url":"https:\/\/www.art-natur.ch\/wp-content\/uploads\/2024\/10\/2531992104-Photoroom.png","contentUrl":"https:\/\/www.art-natur.ch\/wp-content\/uploads\/2024\/10\/2531992104-Photoroom.png","width":1280,"height":1280},{"@type":"BreadcrumbList","@id":"https:\/\/www.art-natur.ch\/fr\/produit\/coussinets-en-silicone-lashgo-1-paire\/#breadcrumb","itemListElement":[{"@type":"ListItem","position":1,"name":"Home","item":"https:\/\/www.art-natur.ch\/fr\/"},{"@type":"ListItem","position":2,"name":"Boutique","item":"https:\/\/www.art-natur.ch\/shop\/"},{"@type":"ListItem","position":3,"name":"Coussinets en silicone Lash&#038;Go, (1 paire)"}]},{"@type":"WebSite","@id":"https:\/\/www.art-natur.ch\/fr\/#website","url":"https:\/\/www.art-natur.ch\/fr\/","name":"LASHES&amp;BROWS by Nataliya Reinhard","description":"High-quality lash and brow services with attention to every detail","potentialAction":[{"@type":"SearchAction","target":{"@type":"EntryPoint","urlTemplate":"https:\/\/www.art-natur.ch\/fr\/?s={search_term_string}"},"query-input":{"@type":"PropertyValueSpecification","valueRequired":true,"valueName":"search_term_string"}}],"inLanguage":"fr-FR"}]}},"_links":{"self":[{"href":"https:\/\/www.art-natur.ch\/fr\/wp-json\/wp\/v2\/product\/4599","targetHints":{"allow":["GET"]}}],"collection":[{"href":"https:\/\/www.art-natur.ch\/fr\/wp-json\/wp\/v2\/product"}],"about":[{"href":"https:\/\/www.art-natur.ch\/fr\/wp-json\/wp\/v2\/types\/product"}],"wp:featuredmedia":[{"embeddable":true,"href":"https:\/\/www.art-natur.ch\/fr\/wp-json\/wp\/v2\/media\/6811"}],"wp:attachment":[{"href":"https:\/\/www.art-natur.ch\/fr\/wp-json\/wp\/v2\/media?parent=4599"}],"wp:term":[{"taxonomy":"product_cat","embeddable":true,"href":"https:\/\/www.art-natur.ch\/fr\/wp-json\/wp\/v2\/product_cat?post=4599"},{"taxonomy":"product_tag","embeddable":true,"href":"https:\/\/www.art-natur.ch\/fr\/wp-json\/wp\/v2\/product_tag?post=4599"}],"curies":[{"name":"wp","href":"https:\/\/api.w.org\/{rel}","templated":true}]}}