{"id":4619,"date":"2024-10-01T14:50:41","date_gmt":"2024-10-01T12:50:41","guid":{"rendered":"https:\/\/www.art-natur.ch\/product\/colle-pour-cils-tornado\/"},"modified":"2025-09-29T17:20:58","modified_gmt":"2025-09-29T16:20:58","slug":"colle-pour-cils-tornado","status":"publish","type":"product","link":"https:\/\/www.art-natur.ch\/fr\/produit\/colle-pour-cils-tornado\/","title":{"rendered":"Colle Lovely \u00ab\u00a0Tornado\u00a0\u00bb"},"content":{"rendered":"<p>L&rsquo;adh\u00e9sif super rapide \u00ab\u00a0Tornado\u00a0\u00bb pour les vrais professionnels avec une grande exp\u00e9rience et une grande rapidit\u00e9.<\/p>\n<p>Vitesse de collage maximale la plus rapide de 0,5 seconde<\/p>\n<p>Odeur et fum\u00e9es minimales<\/p>\n<p>Haute \u00e9lasticit\u00e9<\/p>\n<p>Dur\u00e9e de port des cils jusqu&rsquo;\u00e0 8 semaines<\/p>\n<p>La couleur du produit est noire, il ne change pas de couleur pendant le port, il est facile \u00e0 utiliser.<\/p>\n<p>La colle est de haute qualit\u00e9, elle agit en douceur sur les cils naturels et ne provoque aucune g\u00eane pendant la proc\u00e9dure.<\/p>\n<p>La couleur de la colle peut varier du noir profond au gris.<\/p>\n<p>Il ne s&rsquo;agit pas d&rsquo;une d\u00e9viation de la norme.<\/p>\n<p>Le pouvoir adh\u00e9sif de la colle est ind\u00e9pendant de sa couleur.<\/p>\n<p>Stockez l&rsquo;adh\u00e9sif \u00e0 des temp\u00e9ratures comprises entre 0 \u02daC et 5 \u02daC.<\/p>\n<p>Pour l&rsquo;utiliser, verser une petite quantit\u00e9 de colle sur une surface sp\u00e9ciale, comme un b\u00e2ton de colle, une pierre de jade, etc. et plonger une partie du cil dans une goutte de colle.<\/p>\n<p>\u00c9vitez tout contact avec la peau.<\/p>\n<p>Conserver dans un endroit frais, hors de port\u00e9e des enfants et loin du feu.<\/p>\n<p>Il est important, apr\u00e8s avoir utilis\u00e9 la colle, de tamponner rapidement le bec verseur avec un chiffon non pelucheux pour \u00e9viter qu&rsquo;il ne se bouche.<\/p>\n<p>Il est recommand\u00e9 de le secouer en position horizontale avant de l&rsquo;utiliser.<\/p>\n<p>Pr\u00e9cautions : \u00c9viter le contact avec les yeux. En cas de contact, rincer abondamment \u00e0 l&rsquo;eau, consulter un m\u00e9decin si n\u00e9cessaire.<\/p>\n<p>Les conditions optimales pour travailler avec l&rsquo;adh\u00e9sif sont de +18 \u00e0 +24 \u02daC, avec une humidit\u00e9 de 40 \u00e0 70.<\/p>\n","protected":false},"excerpt":{"rendered":"<p>L&rsquo;adh\u00e9sif super rapide \u00ab\u00a0Tornado\u00a0\u00bb pour les vrais professionnels avec une grande exp\u00e9rience et une grande rapidit\u00e9. Vitesse de collage maximale la plus rapide de 0,5 seconde Odeur et fum\u00e9es minimales Haute \u00e9lasticit\u00e9 Dur\u00e9e de port des cils jusqu&rsquo;\u00e0 8 semaines La couleur du produit est noire, il ne change pas de couleur pendant le port, [&hellip;]<\/p>\n","protected":false},"featured_media":6807,"template":"","meta":{"_acf_changed":false,"inline_featured_image":false},"product_cat":[116,179],"product_tag":[],"class_list":{"0":"post-4619","1":"product","2":"type-product","3":"status-publish","4":"has-post-thumbnail","6":"product_brand-lovely","7":"product_cat-extension-de-cils","8":"product_cat-les-colles","10":"first","11":"onbackorder","12":"shipping-taxable","13":"purchasable","14":"product-type-variable"},"acf":[],"yoast_head":"<!-- This site is optimized with the Yoast SEO plugin v26.6 - https:\/\/yoast.com\/wordpress\/plugins\/seo\/ -->\n<title>Colle Lovely &quot;Tornado&quot; - LASHES&amp;BROWS by Nataliya Reinhard<\/title>\n<meta name=\"description\" content=\"La colle ultra-rapide &quot;Tornado&quot; est id\u00e9ale pour les professionnels. Avec une vitesse de collage de 0,5 seconde et une tenue allant jusqu&#039;\u00e0 8 semaines.\" \/>\n<meta name=\"robots\" content=\"index, follow, max-snippet:-1, max-image-preview:large, max-video-preview:-1\" \/>\n<link rel=\"canonical\" href=\"https:\/\/www.art-natur.ch\/fr\/produit\/colle-pour-cils-tornado\/\" \/>\n<meta property=\"og:locale\" content=\"fr_FR\" \/>\n<meta property=\"og:type\" content=\"article\" \/>\n<meta property=\"og:title\" content=\"Colle Lovely &quot;Tornado&quot; - LASHES&amp;BROWS by Nataliya Reinhard\" \/>\n<meta property=\"og:description\" content=\"La colle ultra-rapide &quot;Tornado&quot; est id\u00e9ale pour les professionnels. Avec une vitesse de collage de 0,5 seconde et une tenue allant jusqu&#039;\u00e0 8 semaines.\" \/>\n<meta property=\"og:url\" content=\"https:\/\/www.art-natur.ch\/fr\/produit\/colle-pour-cils-tornado\/\" \/>\n<meta property=\"og:site_name\" content=\"LASHES&amp;BROWS by Nataliya Reinhard\" \/>\n<meta property=\"article:modified_time\" content=\"2025-09-29T16:20:58+00:00\" \/>\n<meta property=\"og:image\" content=\"https:\/\/www.art-natur.ch\/wp-content\/uploads\/2024\/10\/4133856470-Photoroom.png\" \/>\n\t<meta property=\"og:image:width\" content=\"1080\" \/>\n\t<meta property=\"og:image:height\" content=\"1080\" \/>\n\t<meta property=\"og:image:type\" content=\"image\/png\" \/>\n<meta name=\"twitter:card\" content=\"summary_large_image\" \/>\n<meta name=\"twitter:label1\" content=\"Dur\u00e9e de lecture estim\u00e9e\" \/>\n\t<meta name=\"twitter:data1\" content=\"1 minute\" \/>\n<script type=\"application\/ld+json\" class=\"yoast-schema-graph\">{\"@context\":\"https:\/\/schema.org\",\"@graph\":[{\"@type\":\"WebPage\",\"@id\":\"https:\/\/www.art-natur.ch\/fr\/produit\/colle-pour-cils-tornado\/\",\"url\":\"https:\/\/www.art-natur.ch\/fr\/produit\/colle-pour-cils-tornado\/\",\"name\":\"Colle Lovely \\\"Tornado\\\" - LASHES&amp;BROWS by Nataliya Reinhard\",\"isPartOf\":{\"@id\":\"https:\/\/www.art-natur.ch\/fr\/#website\"},\"primaryImageOfPage\":{\"@id\":\"https:\/\/www.art-natur.ch\/fr\/produit\/colle-pour-cils-tornado\/#primaryimage\"},\"image\":{\"@id\":\"https:\/\/www.art-natur.ch\/fr\/produit\/colle-pour-cils-tornado\/#primaryimage\"},\"thumbnailUrl\":\"https:\/\/www.art-natur.ch\/wp-content\/uploads\/2024\/10\/4133856470-Photoroom.png\",\"datePublished\":\"2024-10-01T12:50:41+00:00\",\"dateModified\":\"2025-09-29T16:20:58+00:00\",\"description\":\"La colle ultra-rapide \\\"Tornado\\\" est id\u00e9ale pour les professionnels. Avec une vitesse de collage de 0,5 seconde et une tenue allant jusqu'\u00e0 8 semaines.\",\"breadcrumb\":{\"@id\":\"https:\/\/www.art-natur.ch\/fr\/produit\/colle-pour-cils-tornado\/#breadcrumb\"},\"inLanguage\":\"fr-FR\",\"potentialAction\":[{\"@type\":\"ReadAction\",\"target\":[\"https:\/\/www.art-natur.ch\/fr\/produit\/colle-pour-cils-tornado\/\"]}]},{\"@type\":\"ImageObject\",\"inLanguage\":\"fr-FR\",\"@id\":\"https:\/\/www.art-natur.ch\/fr\/produit\/colle-pour-cils-tornado\/#primaryimage\",\"url\":\"https:\/\/www.art-natur.ch\/wp-content\/uploads\/2024\/10\/4133856470-Photoroom.png\",\"contentUrl\":\"https:\/\/www.art-natur.ch\/wp-content\/uploads\/2024\/10\/4133856470-Photoroom.png\",\"width\":1080,\"height\":1080},{\"@type\":\"BreadcrumbList\",\"@id\":\"https:\/\/www.art-natur.ch\/fr\/produit\/colle-pour-cils-tornado\/#breadcrumb\",\"itemListElement\":[{\"@type\":\"ListItem\",\"position\":1,\"name\":\"Home\",\"item\":\"https:\/\/www.art-natur.ch\/fr\/\"},{\"@type\":\"ListItem\",\"position\":2,\"name\":\"Boutique\",\"item\":\"https:\/\/www.art-natur.ch\/shop\/\"},{\"@type\":\"ListItem\",\"position\":3,\"name\":\"Colle Lovely \u00ab\u00a0Tornado\u00a0\u00bb\"}]},{\"@type\":\"WebSite\",\"@id\":\"https:\/\/www.art-natur.ch\/fr\/#website\",\"url\":\"https:\/\/www.art-natur.ch\/fr\/\",\"name\":\"LASHES&amp;BROWS by Nataliya Reinhard\",\"description\":\"High-quality lash and brow services with attention to every detail\",\"potentialAction\":[{\"@type\":\"SearchAction\",\"target\":{\"@type\":\"EntryPoint\",\"urlTemplate\":\"https:\/\/www.art-natur.ch\/fr\/?s={search_term_string}\"},\"query-input\":{\"@type\":\"PropertyValueSpecification\",\"valueRequired\":true,\"valueName\":\"search_term_string\"}}],\"inLanguage\":\"fr-FR\"}]}<\/script>\n<!-- \/ Yoast SEO plugin. -->","yoast_head_json":{"title":"Colle Lovely \"Tornado\" - LASHES&amp;BROWS by Nataliya Reinhard","description":"La colle ultra-rapide \"Tornado\" est id\u00e9ale pour les professionnels. Avec une vitesse de collage de 0,5 seconde et une tenue allant jusqu'\u00e0 8 semaines.","robots":{"index":"index","follow":"follow","max-snippet":"max-snippet:-1","max-image-preview":"max-image-preview:large","max-video-preview":"max-video-preview:-1"},"canonical":"https:\/\/www.art-natur.ch\/fr\/produit\/colle-pour-cils-tornado\/","og_locale":"fr_FR","og_type":"article","og_title":"Colle Lovely \"Tornado\" - LASHES&amp;BROWS by Nataliya Reinhard","og_description":"La colle ultra-rapide \"Tornado\" est id\u00e9ale pour les professionnels. Avec une vitesse de collage de 0,5 seconde et une tenue allant jusqu'\u00e0 8 semaines.","og_url":"https:\/\/www.art-natur.ch\/fr\/produit\/colle-pour-cils-tornado\/","og_site_name":"LASHES&amp;BROWS by Nataliya Reinhard","article_modified_time":"2025-09-29T16:20:58+00:00","og_image":[{"width":1080,"height":1080,"url":"https:\/\/www.art-natur.ch\/wp-content\/uploads\/2024\/10\/4133856470-Photoroom.png","type":"image\/png"}],"twitter_card":"summary_large_image","twitter_misc":{"Dur\u00e9e de lecture estim\u00e9e":"1 minute"},"schema":{"@context":"https:\/\/schema.org","@graph":[{"@type":"WebPage","@id":"https:\/\/www.art-natur.ch\/fr\/produit\/colle-pour-cils-tornado\/","url":"https:\/\/www.art-natur.ch\/fr\/produit\/colle-pour-cils-tornado\/","name":"Colle Lovely \"Tornado\" - LASHES&amp;BROWS by Nataliya Reinhard","isPartOf":{"@id":"https:\/\/www.art-natur.ch\/fr\/#website"},"primaryImageOfPage":{"@id":"https:\/\/www.art-natur.ch\/fr\/produit\/colle-pour-cils-tornado\/#primaryimage"},"image":{"@id":"https:\/\/www.art-natur.ch\/fr\/produit\/colle-pour-cils-tornado\/#primaryimage"},"thumbnailUrl":"https:\/\/www.art-natur.ch\/wp-content\/uploads\/2024\/10\/4133856470-Photoroom.png","datePublished":"2024-10-01T12:50:41+00:00","dateModified":"2025-09-29T16:20:58+00:00","description":"La colle ultra-rapide \"Tornado\" est id\u00e9ale pour les professionnels. Avec une vitesse de collage de 0,5 seconde et une tenue allant jusqu'\u00e0 8 semaines.","breadcrumb":{"@id":"https:\/\/www.art-natur.ch\/fr\/produit\/colle-pour-cils-tornado\/#breadcrumb"},"inLanguage":"fr-FR","potentialAction":[{"@type":"ReadAction","target":["https:\/\/www.art-natur.ch\/fr\/produit\/colle-pour-cils-tornado\/"]}]},{"@type":"ImageObject","inLanguage":"fr-FR","@id":"https:\/\/www.art-natur.ch\/fr\/produit\/colle-pour-cils-tornado\/#primaryimage","url":"https:\/\/www.art-natur.ch\/wp-content\/uploads\/2024\/10\/4133856470-Photoroom.png","contentUrl":"https:\/\/www.art-natur.ch\/wp-content\/uploads\/2024\/10\/4133856470-Photoroom.png","width":1080,"height":1080},{"@type":"BreadcrumbList","@id":"https:\/\/www.art-natur.ch\/fr\/produit\/colle-pour-cils-tornado\/#breadcrumb","itemListElement":[{"@type":"ListItem","position":1,"name":"Home","item":"https:\/\/www.art-natur.ch\/fr\/"},{"@type":"ListItem","position":2,"name":"Boutique","item":"https:\/\/www.art-natur.ch\/shop\/"},{"@type":"ListItem","position":3,"name":"Colle Lovely \u00ab\u00a0Tornado\u00a0\u00bb"}]},{"@type":"WebSite","@id":"https:\/\/www.art-natur.ch\/fr\/#website","url":"https:\/\/www.art-natur.ch\/fr\/","name":"LASHES&amp;BROWS by Nataliya Reinhard","description":"High-quality lash and brow services with attention to every detail","potentialAction":[{"@type":"SearchAction","target":{"@type":"EntryPoint","urlTemplate":"https:\/\/www.art-natur.ch\/fr\/?s={search_term_string}"},"query-input":{"@type":"PropertyValueSpecification","valueRequired":true,"valueName":"search_term_string"}}],"inLanguage":"fr-FR"}]}},"_links":{"self":[{"href":"https:\/\/www.art-natur.ch\/fr\/wp-json\/wp\/v2\/product\/4619","targetHints":{"allow":["GET"]}}],"collection":[{"href":"https:\/\/www.art-natur.ch\/fr\/wp-json\/wp\/v2\/product"}],"about":[{"href":"https:\/\/www.art-natur.ch\/fr\/wp-json\/wp\/v2\/types\/product"}],"wp:featuredmedia":[{"embeddable":true,"href":"https:\/\/www.art-natur.ch\/fr\/wp-json\/wp\/v2\/media\/6807"}],"wp:attachment":[{"href":"https:\/\/www.art-natur.ch\/fr\/wp-json\/wp\/v2\/media?parent=4619"}],"wp:term":[{"taxonomy":"product_cat","embeddable":true,"href":"https:\/\/www.art-natur.ch\/fr\/wp-json\/wp\/v2\/product_cat?post=4619"},{"taxonomy":"product_tag","embeddable":true,"href":"https:\/\/www.art-natur.ch\/fr\/wp-json\/wp\/v2\/product_tag?post=4619"}],"curies":[{"name":"wp","href":"https:\/\/api.w.org\/{rel}","templated":true}]}}