{"id":4658,"date":"2024-10-01T15:03:50","date_gmt":"2024-10-01T14:03:50","guid":{"rendered":"https:\/\/www.art-natur.ch\/product\/colle-barbara-the-best-5ml-10-ml\/"},"modified":"2025-01-18T22:06:12","modified_gmt":"2025-01-18T21:06:12","slug":"colle-barbara-the-best-5ml-10-ml","status":"publish","type":"product","link":"https:\/\/www.art-natur.ch\/fr\/produit\/colle-barbara-the-best-5ml-10-ml\/","title":{"rendered":"Colle Barbara \u00ab\u00a0The Best\u00a0\u00bb 5ml\/10 ml"},"content":{"rendered":"<p>Colle pour les ma\u00eetres de l&rsquo;extension de cils avec une grande exp\u00e9rience.<\/p>\n<p>Couleur : noir.<\/p>\n<p>Colle professionnelle pour les extensions de cils.<\/p>\n<p>Temps de prise : 0.5-1 sec.<\/p>\n<p>Dur\u00e9e : 8 semaines.<\/p>\n<p>Notre meilleure colle ! La consistance plus liquide de la colle permet d&rsquo;utiliser moins de colle dans le processus d&rsquo;extension de cils. Odeur et \u00e9vaporation minimales. \u00c9conomique \u00e0 l&rsquo;usage. Apr\u00e8s s\u00e9chage, elle est flexible et ductile.<\/p>\n<p>R\u00e9sistant aux changements des conditions environnementales, telles que l&rsquo;humidit\u00e9 et la temp\u00e9rature de l&rsquo;air, il ne n\u00e9cessite pas de conditions de stockage particuli\u00e8res.<\/p>\n","protected":false},"excerpt":{"rendered":"<p>Colle pour les ma\u00eetres de l&rsquo;extension de cils avec une grande exp\u00e9rience. Couleur : noir. Colle professionnelle pour les extensions de cils. Temps de prise : 0.5-1 sec. Dur\u00e9e : 8 semaines. Notre meilleure colle ! La consistance plus liquide de la colle permet d&rsquo;utiliser moins de colle dans le processus d&rsquo;extension de cils. Odeur [&hellip;]<\/p>\n","protected":false},"featured_media":6791,"template":"","meta":{"_acf_changed":false,"inline_featured_image":false},"product_cat":[116,179],"product_tag":[],"class_list":{"0":"post-4658","1":"product","2":"type-product","3":"status-publish","4":"has-post-thumbnail","6":"product_brand-barbara-fr","7":"product_cat-extension-de-cils","8":"product_cat-les-colles","10":"first","11":"onbackorder","12":"shipping-taxable","13":"purchasable","14":"product-type-variable"},"acf":[],"yoast_head":"<!-- This site is optimized with the Yoast SEO plugin v26.6 - https:\/\/yoast.com\/wordpress\/plugins\/seo\/ -->\n<title>Colle Barbara &quot;The Best&quot; 5ml\/10 ml - LASHES&amp;BROWS by Nataliya Reinhard<\/title>\n<meta name=\"description\" content=\"Colle pour extensions de cils avec une formule professionnelle. Couleur : noire, temps de s\u00e9chage : 0,5-1 seconde, dur\u00e9e : jusqu&#039;\u00e0 8 semaines.\" \/>\n<meta name=\"robots\" content=\"index, follow, max-snippet:-1, max-image-preview:large, max-video-preview:-1\" \/>\n<link rel=\"canonical\" href=\"https:\/\/www.art-natur.ch\/fr\/produit\/colle-barbara-the-best-5ml-10-ml\/\" \/>\n<meta property=\"og:locale\" content=\"fr_FR\" \/>\n<meta property=\"og:type\" content=\"article\" \/>\n<meta property=\"og:title\" content=\"Colle Barbara &quot;The Best&quot; 5ml\/10 ml - LASHES&amp;BROWS by Nataliya Reinhard\" \/>\n<meta property=\"og:description\" content=\"Colle pour extensions de cils avec une formule professionnelle. Couleur : noire, temps de s\u00e9chage : 0,5-1 seconde, dur\u00e9e : jusqu&#039;\u00e0 8 semaines.\" \/>\n<meta property=\"og:url\" content=\"https:\/\/www.art-natur.ch\/fr\/produit\/colle-barbara-the-best-5ml-10-ml\/\" \/>\n<meta property=\"og:site_name\" content=\"LASHES&amp;BROWS by Nataliya Reinhard\" \/>\n<meta property=\"article:modified_time\" content=\"2025-01-18T21:06:12+00:00\" \/>\n<meta property=\"og:image\" content=\"https:\/\/www.art-natur.ch\/wp-content\/uploads\/2024\/10\/4181490359-Photoroom.png\" \/>\n\t<meta property=\"og:image:width\" content=\"1280\" \/>\n\t<meta property=\"og:image:height\" content=\"1280\" \/>\n\t<meta property=\"og:image:type\" content=\"image\/png\" \/>\n<meta name=\"twitter:card\" content=\"summary_large_image\" \/>\n<script type=\"application\/ld+json\" class=\"yoast-schema-graph\">{\"@context\":\"https:\/\/schema.org\",\"@graph\":[{\"@type\":\"WebPage\",\"@id\":\"https:\/\/www.art-natur.ch\/fr\/produit\/colle-barbara-the-best-5ml-10-ml\/\",\"url\":\"https:\/\/www.art-natur.ch\/fr\/produit\/colle-barbara-the-best-5ml-10-ml\/\",\"name\":\"Colle Barbara \\\"The Best\\\" 5ml\/10 ml - LASHES&amp;BROWS by Nataliya Reinhard\",\"isPartOf\":{\"@id\":\"https:\/\/www.art-natur.ch\/fr\/#website\"},\"primaryImageOfPage\":{\"@id\":\"https:\/\/www.art-natur.ch\/fr\/produit\/colle-barbara-the-best-5ml-10-ml\/#primaryimage\"},\"image\":{\"@id\":\"https:\/\/www.art-natur.ch\/fr\/produit\/colle-barbara-the-best-5ml-10-ml\/#primaryimage\"},\"thumbnailUrl\":\"https:\/\/www.art-natur.ch\/wp-content\/uploads\/2024\/10\/4181490359-Photoroom.png\",\"datePublished\":\"2024-10-01T14:03:50+00:00\",\"dateModified\":\"2025-01-18T21:06:12+00:00\",\"description\":\"Colle pour extensions de cils avec une formule professionnelle. Couleur : noire, temps de s\u00e9chage : 0,5-1 seconde, dur\u00e9e : jusqu'\u00e0 8 semaines.\",\"breadcrumb\":{\"@id\":\"https:\/\/www.art-natur.ch\/fr\/produit\/colle-barbara-the-best-5ml-10-ml\/#breadcrumb\"},\"inLanguage\":\"fr-FR\",\"potentialAction\":[{\"@type\":\"ReadAction\",\"target\":[\"https:\/\/www.art-natur.ch\/fr\/produit\/colle-barbara-the-best-5ml-10-ml\/\"]}]},{\"@type\":\"ImageObject\",\"inLanguage\":\"fr-FR\",\"@id\":\"https:\/\/www.art-natur.ch\/fr\/produit\/colle-barbara-the-best-5ml-10-ml\/#primaryimage\",\"url\":\"https:\/\/www.art-natur.ch\/wp-content\/uploads\/2024\/10\/4181490359-Photoroom.png\",\"contentUrl\":\"https:\/\/www.art-natur.ch\/wp-content\/uploads\/2024\/10\/4181490359-Photoroom.png\",\"width\":1280,\"height\":1280},{\"@type\":\"BreadcrumbList\",\"@id\":\"https:\/\/www.art-natur.ch\/fr\/produit\/colle-barbara-the-best-5ml-10-ml\/#breadcrumb\",\"itemListElement\":[{\"@type\":\"ListItem\",\"position\":1,\"name\":\"Home\",\"item\":\"https:\/\/www.art-natur.ch\/fr\/\"},{\"@type\":\"ListItem\",\"position\":2,\"name\":\"Boutique\",\"item\":\"https:\/\/www.art-natur.ch\/shop\/\"},{\"@type\":\"ListItem\",\"position\":3,\"name\":\"Colle Barbara &#8222;The Best&#8220; 5ml\/10 ml\"}]},{\"@type\":\"WebSite\",\"@id\":\"https:\/\/www.art-natur.ch\/fr\/#website\",\"url\":\"https:\/\/www.art-natur.ch\/fr\/\",\"name\":\"LASHES&amp;BROWS by Nataliya Reinhard\",\"description\":\"High-quality lash and brow services with attention to every detail\",\"potentialAction\":[{\"@type\":\"SearchAction\",\"target\":{\"@type\":\"EntryPoint\",\"urlTemplate\":\"https:\/\/www.art-natur.ch\/fr\/?s={search_term_string}\"},\"query-input\":{\"@type\":\"PropertyValueSpecification\",\"valueRequired\":true,\"valueName\":\"search_term_string\"}}],\"inLanguage\":\"fr-FR\"}]}<\/script>\n<!-- \/ Yoast SEO plugin. -->","yoast_head_json":{"title":"Colle Barbara \"The Best\" 5ml\/10 ml - LASHES&amp;BROWS by Nataliya Reinhard","description":"Colle pour extensions de cils avec une formule professionnelle. Couleur : noire, temps de s\u00e9chage : 0,5-1 seconde, dur\u00e9e : jusqu'\u00e0 8 semaines.","robots":{"index":"index","follow":"follow","max-snippet":"max-snippet:-1","max-image-preview":"max-image-preview:large","max-video-preview":"max-video-preview:-1"},"canonical":"https:\/\/www.art-natur.ch\/fr\/produit\/colle-barbara-the-best-5ml-10-ml\/","og_locale":"fr_FR","og_type":"article","og_title":"Colle Barbara \"The Best\" 5ml\/10 ml - LASHES&amp;BROWS by Nataliya Reinhard","og_description":"Colle pour extensions de cils avec une formule professionnelle. Couleur : noire, temps de s\u00e9chage : 0,5-1 seconde, dur\u00e9e : jusqu'\u00e0 8 semaines.","og_url":"https:\/\/www.art-natur.ch\/fr\/produit\/colle-barbara-the-best-5ml-10-ml\/","og_site_name":"LASHES&amp;BROWS by Nataliya Reinhard","article_modified_time":"2025-01-18T21:06:12+00:00","og_image":[{"width":1280,"height":1280,"url":"https:\/\/www.art-natur.ch\/wp-content\/uploads\/2024\/10\/4181490359-Photoroom.png","type":"image\/png"}],"twitter_card":"summary_large_image","schema":{"@context":"https:\/\/schema.org","@graph":[{"@type":"WebPage","@id":"https:\/\/www.art-natur.ch\/fr\/produit\/colle-barbara-the-best-5ml-10-ml\/","url":"https:\/\/www.art-natur.ch\/fr\/produit\/colle-barbara-the-best-5ml-10-ml\/","name":"Colle Barbara \"The Best\" 5ml\/10 ml - LASHES&amp;BROWS by Nataliya Reinhard","isPartOf":{"@id":"https:\/\/www.art-natur.ch\/fr\/#website"},"primaryImageOfPage":{"@id":"https:\/\/www.art-natur.ch\/fr\/produit\/colle-barbara-the-best-5ml-10-ml\/#primaryimage"},"image":{"@id":"https:\/\/www.art-natur.ch\/fr\/produit\/colle-barbara-the-best-5ml-10-ml\/#primaryimage"},"thumbnailUrl":"https:\/\/www.art-natur.ch\/wp-content\/uploads\/2024\/10\/4181490359-Photoroom.png","datePublished":"2024-10-01T14:03:50+00:00","dateModified":"2025-01-18T21:06:12+00:00","description":"Colle pour extensions de cils avec une formule professionnelle. Couleur : noire, temps de s\u00e9chage : 0,5-1 seconde, dur\u00e9e : jusqu'\u00e0 8 semaines.","breadcrumb":{"@id":"https:\/\/www.art-natur.ch\/fr\/produit\/colle-barbara-the-best-5ml-10-ml\/#breadcrumb"},"inLanguage":"fr-FR","potentialAction":[{"@type":"ReadAction","target":["https:\/\/www.art-natur.ch\/fr\/produit\/colle-barbara-the-best-5ml-10-ml\/"]}]},{"@type":"ImageObject","inLanguage":"fr-FR","@id":"https:\/\/www.art-natur.ch\/fr\/produit\/colle-barbara-the-best-5ml-10-ml\/#primaryimage","url":"https:\/\/www.art-natur.ch\/wp-content\/uploads\/2024\/10\/4181490359-Photoroom.png","contentUrl":"https:\/\/www.art-natur.ch\/wp-content\/uploads\/2024\/10\/4181490359-Photoroom.png","width":1280,"height":1280},{"@type":"BreadcrumbList","@id":"https:\/\/www.art-natur.ch\/fr\/produit\/colle-barbara-the-best-5ml-10-ml\/#breadcrumb","itemListElement":[{"@type":"ListItem","position":1,"name":"Home","item":"https:\/\/www.art-natur.ch\/fr\/"},{"@type":"ListItem","position":2,"name":"Boutique","item":"https:\/\/www.art-natur.ch\/shop\/"},{"@type":"ListItem","position":3,"name":"Colle Barbara &#8222;The Best&#8220; 5ml\/10 ml"}]},{"@type":"WebSite","@id":"https:\/\/www.art-natur.ch\/fr\/#website","url":"https:\/\/www.art-natur.ch\/fr\/","name":"LASHES&amp;BROWS by Nataliya Reinhard","description":"High-quality lash and brow services with attention to every detail","potentialAction":[{"@type":"SearchAction","target":{"@type":"EntryPoint","urlTemplate":"https:\/\/www.art-natur.ch\/fr\/?s={search_term_string}"},"query-input":{"@type":"PropertyValueSpecification","valueRequired":true,"valueName":"search_term_string"}}],"inLanguage":"fr-FR"}]}},"_links":{"self":[{"href":"https:\/\/www.art-natur.ch\/fr\/wp-json\/wp\/v2\/product\/4658","targetHints":{"allow":["GET"]}}],"collection":[{"href":"https:\/\/www.art-natur.ch\/fr\/wp-json\/wp\/v2\/product"}],"about":[{"href":"https:\/\/www.art-natur.ch\/fr\/wp-json\/wp\/v2\/types\/product"}],"wp:featuredmedia":[{"embeddable":true,"href":"https:\/\/www.art-natur.ch\/fr\/wp-json\/wp\/v2\/media\/6791"}],"wp:attachment":[{"href":"https:\/\/www.art-natur.ch\/fr\/wp-json\/wp\/v2\/media?parent=4658"}],"wp:term":[{"taxonomy":"product_cat","embeddable":true,"href":"https:\/\/www.art-natur.ch\/fr\/wp-json\/wp\/v2\/product_cat?post=4658"},{"taxonomy":"product_tag","embeddable":true,"href":"https:\/\/www.art-natur.ch\/fr\/wp-json\/wp\/v2\/product_tag?post=4658"}],"curies":[{"name":"wp","href":"https:\/\/api.w.org\/{rel}","templated":true}]}}