{"id":4721,"date":"2024-10-01T17:06:47","date_gmt":"2024-10-01T15:06:47","guid":{"rendered":"https:\/\/www.art-natur.ch\/product\/colle-barbara-buzzy-bee-5ml-10-ml\/"},"modified":"2025-01-18T22:08:23","modified_gmt":"2025-01-18T21:08:23","slug":"colle-barbara-buzzy-bee-5ml-10-ml","status":"publish","type":"product","link":"https:\/\/www.art-natur.ch\/fr\/produit\/colle-barbara-buzzy-bee-5ml-10-ml\/","title":{"rendered":"Colle Barbara \u00ab\u00a0Buzzy Bee\u00a0\u00bb  5ml\/10 ml"},"content":{"rendered":"<p>Professional adhesive for eyelash extensions.<\/p>\n<p>For experienced eyelash technicians.<\/p>\n<p>Created for performing volume eyelash extensions. Elastic when dry. The adhesive has minimum evaporation and liquid consistency.<\/p>\n<p>How to use: Drop a little amount of adhesive on a pallet or on a jade stone. Dip the \u201cbunch\u201d of artificial lashes into the glue drop and quickly apply to a natural lash.<\/p>\n<p>Coupling speed: 0,5-1 second.<\/p>\n<p>Wearing period up to 8 weeks.<\/p>\n<p>Color: black.<\/p>\n<p>Shake well in horizontal position before use. After use quickly wipe the spout of the bottle with a lint-free cloth to prevent clogging. Use a temporary plug. In case of clogging of the spout change it for a new one. Avoid contact with skin. Avoid contact with eyes. If contact with eyes occurs rinse thoroughly with water and consult a doctor.<\/p>\n<p>Conditions for working with the adhesive: t \u0421 +18-24.<\/p>\n<p>Air humidity 40-70%<\/p>\n<p>Keep the bottle in vertical position.<\/p>\n<p>Keep out of the reach of children.<\/p>\n<p>KEEP AWAY FROM FIRE AND DIRECT SUNLIGHT<\/p>\n<p>Store in a cool dark place.<\/p>\n<p>Best before 6 months.<\/p>\n","protected":false},"excerpt":{"rendered":"<p>Professional adhesive for eyelash extensions. For experienced eyelash technicians. Created for performing volume eyelash extensions. Elastic when dry. The adhesive has minimum evaporation and liquid consistency. How to use: Drop a little amount of adhesive on a pallet or on a jade stone. Dip the \u201cbunch\u201d of artificial lashes into the glue drop and quickly [&hellip;]<\/p>\n","protected":false},"featured_media":6737,"template":"","meta":{"_acf_changed":false,"inline_featured_image":false},"product_cat":[116,179],"product_tag":[],"class_list":{"0":"post-4721","1":"product","2":"type-product","3":"status-publish","4":"has-post-thumbnail","6":"product_brand-barbara-fr","7":"product_cat-extension-de-cils","8":"product_cat-les-colles","10":"first","11":"onbackorder","12":"shipping-taxable","13":"purchasable","14":"product-type-variable"},"acf":[],"yoast_head":"<!-- This site is optimized with the Yoast SEO plugin v26.6 - https:\/\/yoast.com\/wordpress\/plugins\/seo\/ -->\n<title>Colle Barbara &quot;Buzzy Bee&quot; 5ml\/10 ml - LASHES&amp;BROWS by Nataliya Reinhard<\/title>\n<meta name=\"description\" content=\"Colle professionnelle pour extensions de cils destin\u00e9e aux techniciens exp\u00e9riment\u00e9s. Couleur : noire. Temps de s\u00e9chage : 0,5-1 seconde. Durabilit\u00e9 : jusqu&#039;\u00e0 8 semaines.\" \/>\n<meta name=\"robots\" content=\"index, follow, max-snippet:-1, max-image-preview:large, max-video-preview:-1\" \/>\n<link rel=\"canonical\" href=\"https:\/\/www.art-natur.ch\/fr\/produit\/colle-barbara-buzzy-bee-5ml-10-ml\/\" \/>\n<meta property=\"og:locale\" content=\"fr_FR\" \/>\n<meta property=\"og:type\" content=\"article\" \/>\n<meta property=\"og:title\" content=\"Colle Barbara &quot;Buzzy Bee&quot; 5ml\/10 ml - LASHES&amp;BROWS by Nataliya Reinhard\" \/>\n<meta property=\"og:description\" content=\"Colle professionnelle pour extensions de cils destin\u00e9e aux techniciens exp\u00e9riment\u00e9s. Couleur : noire. Temps de s\u00e9chage : 0,5-1 seconde. Durabilit\u00e9 : jusqu&#039;\u00e0 8 semaines.\" \/>\n<meta property=\"og:url\" content=\"https:\/\/www.art-natur.ch\/fr\/produit\/colle-barbara-buzzy-bee-5ml-10-ml\/\" \/>\n<meta property=\"og:site_name\" content=\"LASHES&amp;BROWS by Nataliya Reinhard\" \/>\n<meta property=\"article:modified_time\" content=\"2025-01-18T21:08:23+00:00\" \/>\n<meta property=\"og:image\" content=\"https:\/\/www.art-natur.ch\/wp-content\/uploads\/2024\/10\/3559065868-Photoroom.png\" \/>\n\t<meta property=\"og:image:width\" content=\"1280\" \/>\n\t<meta property=\"og:image:height\" content=\"1280\" \/>\n\t<meta property=\"og:image:type\" content=\"image\/png\" \/>\n<meta name=\"twitter:card\" content=\"summary_large_image\" \/>\n<meta name=\"twitter:label1\" content=\"Dur\u00e9e de lecture estim\u00e9e\" \/>\n\t<meta name=\"twitter:data1\" content=\"1 minute\" \/>\n<script type=\"application\/ld+json\" class=\"yoast-schema-graph\">{\"@context\":\"https:\/\/schema.org\",\"@graph\":[{\"@type\":\"WebPage\",\"@id\":\"https:\/\/www.art-natur.ch\/fr\/produit\/colle-barbara-buzzy-bee-5ml-10-ml\/\",\"url\":\"https:\/\/www.art-natur.ch\/fr\/produit\/colle-barbara-buzzy-bee-5ml-10-ml\/\",\"name\":\"Colle Barbara \\\"Buzzy Bee\\\" 5ml\/10 ml - LASHES&amp;BROWS by Nataliya Reinhard\",\"isPartOf\":{\"@id\":\"https:\/\/www.art-natur.ch\/fr\/#website\"},\"primaryImageOfPage\":{\"@id\":\"https:\/\/www.art-natur.ch\/fr\/produit\/colle-barbara-buzzy-bee-5ml-10-ml\/#primaryimage\"},\"image\":{\"@id\":\"https:\/\/www.art-natur.ch\/fr\/produit\/colle-barbara-buzzy-bee-5ml-10-ml\/#primaryimage\"},\"thumbnailUrl\":\"https:\/\/www.art-natur.ch\/wp-content\/uploads\/2024\/10\/3559065868-Photoroom.png\",\"datePublished\":\"2024-10-01T15:06:47+00:00\",\"dateModified\":\"2025-01-18T21:08:23+00:00\",\"description\":\"Colle professionnelle pour extensions de cils destin\u00e9e aux techniciens exp\u00e9riment\u00e9s. Couleur : noire. Temps de s\u00e9chage : 0,5-1 seconde. Durabilit\u00e9 : jusqu'\u00e0 8 semaines.\",\"breadcrumb\":{\"@id\":\"https:\/\/www.art-natur.ch\/fr\/produit\/colle-barbara-buzzy-bee-5ml-10-ml\/#breadcrumb\"},\"inLanguage\":\"fr-FR\",\"potentialAction\":[{\"@type\":\"ReadAction\",\"target\":[\"https:\/\/www.art-natur.ch\/fr\/produit\/colle-barbara-buzzy-bee-5ml-10-ml\/\"]}]},{\"@type\":\"ImageObject\",\"inLanguage\":\"fr-FR\",\"@id\":\"https:\/\/www.art-natur.ch\/fr\/produit\/colle-barbara-buzzy-bee-5ml-10-ml\/#primaryimage\",\"url\":\"https:\/\/www.art-natur.ch\/wp-content\/uploads\/2024\/10\/3559065868-Photoroom.png\",\"contentUrl\":\"https:\/\/www.art-natur.ch\/wp-content\/uploads\/2024\/10\/3559065868-Photoroom.png\",\"width\":1280,\"height\":1280},{\"@type\":\"BreadcrumbList\",\"@id\":\"https:\/\/www.art-natur.ch\/fr\/produit\/colle-barbara-buzzy-bee-5ml-10-ml\/#breadcrumb\",\"itemListElement\":[{\"@type\":\"ListItem\",\"position\":1,\"name\":\"Home\",\"item\":\"https:\/\/www.art-natur.ch\/fr\/\"},{\"@type\":\"ListItem\",\"position\":2,\"name\":\"Boutique\",\"item\":\"https:\/\/www.art-natur.ch\/shop\/\"},{\"@type\":\"ListItem\",\"position\":3,\"name\":\"Colle Barbara &#8222;Buzzy Bee&#8220; 5ml\/10 ml\"}]},{\"@type\":\"WebSite\",\"@id\":\"https:\/\/www.art-natur.ch\/fr\/#website\",\"url\":\"https:\/\/www.art-natur.ch\/fr\/\",\"name\":\"LASHES&amp;BROWS by Nataliya Reinhard\",\"description\":\"High-quality lash and brow services with attention to every detail\",\"potentialAction\":[{\"@type\":\"SearchAction\",\"target\":{\"@type\":\"EntryPoint\",\"urlTemplate\":\"https:\/\/www.art-natur.ch\/fr\/?s={search_term_string}\"},\"query-input\":{\"@type\":\"PropertyValueSpecification\",\"valueRequired\":true,\"valueName\":\"search_term_string\"}}],\"inLanguage\":\"fr-FR\"}]}<\/script>\n<!-- \/ Yoast SEO plugin. -->","yoast_head_json":{"title":"Colle Barbara \"Buzzy Bee\" 5ml\/10 ml - LASHES&amp;BROWS by Nataliya Reinhard","description":"Colle professionnelle pour extensions de cils destin\u00e9e aux techniciens exp\u00e9riment\u00e9s. Couleur : noire. Temps de s\u00e9chage : 0,5-1 seconde. Durabilit\u00e9 : jusqu'\u00e0 8 semaines.","robots":{"index":"index","follow":"follow","max-snippet":"max-snippet:-1","max-image-preview":"max-image-preview:large","max-video-preview":"max-video-preview:-1"},"canonical":"https:\/\/www.art-natur.ch\/fr\/produit\/colle-barbara-buzzy-bee-5ml-10-ml\/","og_locale":"fr_FR","og_type":"article","og_title":"Colle Barbara \"Buzzy Bee\" 5ml\/10 ml - LASHES&amp;BROWS by Nataliya Reinhard","og_description":"Colle professionnelle pour extensions de cils destin\u00e9e aux techniciens exp\u00e9riment\u00e9s. Couleur : noire. Temps de s\u00e9chage : 0,5-1 seconde. Durabilit\u00e9 : jusqu'\u00e0 8 semaines.","og_url":"https:\/\/www.art-natur.ch\/fr\/produit\/colle-barbara-buzzy-bee-5ml-10-ml\/","og_site_name":"LASHES&amp;BROWS by Nataliya Reinhard","article_modified_time":"2025-01-18T21:08:23+00:00","og_image":[{"width":1280,"height":1280,"url":"https:\/\/www.art-natur.ch\/wp-content\/uploads\/2024\/10\/3559065868-Photoroom.png","type":"image\/png"}],"twitter_card":"summary_large_image","twitter_misc":{"Dur\u00e9e de lecture estim\u00e9e":"1 minute"},"schema":{"@context":"https:\/\/schema.org","@graph":[{"@type":"WebPage","@id":"https:\/\/www.art-natur.ch\/fr\/produit\/colle-barbara-buzzy-bee-5ml-10-ml\/","url":"https:\/\/www.art-natur.ch\/fr\/produit\/colle-barbara-buzzy-bee-5ml-10-ml\/","name":"Colle Barbara \"Buzzy Bee\" 5ml\/10 ml - LASHES&amp;BROWS by Nataliya Reinhard","isPartOf":{"@id":"https:\/\/www.art-natur.ch\/fr\/#website"},"primaryImageOfPage":{"@id":"https:\/\/www.art-natur.ch\/fr\/produit\/colle-barbara-buzzy-bee-5ml-10-ml\/#primaryimage"},"image":{"@id":"https:\/\/www.art-natur.ch\/fr\/produit\/colle-barbara-buzzy-bee-5ml-10-ml\/#primaryimage"},"thumbnailUrl":"https:\/\/www.art-natur.ch\/wp-content\/uploads\/2024\/10\/3559065868-Photoroom.png","datePublished":"2024-10-01T15:06:47+00:00","dateModified":"2025-01-18T21:08:23+00:00","description":"Colle professionnelle pour extensions de cils destin\u00e9e aux techniciens exp\u00e9riment\u00e9s. Couleur : noire. Temps de s\u00e9chage : 0,5-1 seconde. Durabilit\u00e9 : jusqu'\u00e0 8 semaines.","breadcrumb":{"@id":"https:\/\/www.art-natur.ch\/fr\/produit\/colle-barbara-buzzy-bee-5ml-10-ml\/#breadcrumb"},"inLanguage":"fr-FR","potentialAction":[{"@type":"ReadAction","target":["https:\/\/www.art-natur.ch\/fr\/produit\/colle-barbara-buzzy-bee-5ml-10-ml\/"]}]},{"@type":"ImageObject","inLanguage":"fr-FR","@id":"https:\/\/www.art-natur.ch\/fr\/produit\/colle-barbara-buzzy-bee-5ml-10-ml\/#primaryimage","url":"https:\/\/www.art-natur.ch\/wp-content\/uploads\/2024\/10\/3559065868-Photoroom.png","contentUrl":"https:\/\/www.art-natur.ch\/wp-content\/uploads\/2024\/10\/3559065868-Photoroom.png","width":1280,"height":1280},{"@type":"BreadcrumbList","@id":"https:\/\/www.art-natur.ch\/fr\/produit\/colle-barbara-buzzy-bee-5ml-10-ml\/#breadcrumb","itemListElement":[{"@type":"ListItem","position":1,"name":"Home","item":"https:\/\/www.art-natur.ch\/fr\/"},{"@type":"ListItem","position":2,"name":"Boutique","item":"https:\/\/www.art-natur.ch\/shop\/"},{"@type":"ListItem","position":3,"name":"Colle Barbara &#8222;Buzzy Bee&#8220; 5ml\/10 ml"}]},{"@type":"WebSite","@id":"https:\/\/www.art-natur.ch\/fr\/#website","url":"https:\/\/www.art-natur.ch\/fr\/","name":"LASHES&amp;BROWS by Nataliya Reinhard","description":"High-quality lash and brow services with attention to every detail","potentialAction":[{"@type":"SearchAction","target":{"@type":"EntryPoint","urlTemplate":"https:\/\/www.art-natur.ch\/fr\/?s={search_term_string}"},"query-input":{"@type":"PropertyValueSpecification","valueRequired":true,"valueName":"search_term_string"}}],"inLanguage":"fr-FR"}]}},"_links":{"self":[{"href":"https:\/\/www.art-natur.ch\/fr\/wp-json\/wp\/v2\/product\/4721","targetHints":{"allow":["GET"]}}],"collection":[{"href":"https:\/\/www.art-natur.ch\/fr\/wp-json\/wp\/v2\/product"}],"about":[{"href":"https:\/\/www.art-natur.ch\/fr\/wp-json\/wp\/v2\/types\/product"}],"wp:featuredmedia":[{"embeddable":true,"href":"https:\/\/www.art-natur.ch\/fr\/wp-json\/wp\/v2\/media\/6737"}],"wp:attachment":[{"href":"https:\/\/www.art-natur.ch\/fr\/wp-json\/wp\/v2\/media?parent=4721"}],"wp:term":[{"taxonomy":"product_cat","embeddable":true,"href":"https:\/\/www.art-natur.ch\/fr\/wp-json\/wp\/v2\/product_cat?post=4721"},{"taxonomy":"product_tag","embeddable":true,"href":"https:\/\/www.art-natur.ch\/fr\/wp-json\/wp\/v2\/product_tag?post=4721"}],"curies":[{"name":"wp","href":"https:\/\/api.w.org\/{rel}","templated":true}]}}