{"id":4742,"date":"2024-10-01T17:14:51","date_gmt":"2024-10-01T15:14:51","guid":{"rendered":"https:\/\/www.art-natur.ch\/product\/colle-barbara-bang-bang-5ml-10-ml\/"},"modified":"2025-05-25T21:39:10","modified_gmt":"2025-05-25T20:39:10","slug":"colle-barbara-bang-bang-5ml-10-ml","status":"publish","type":"product","link":"https:\/\/www.art-natur.ch\/fr\/produit\/colle-barbara-bang-bang-5ml-10-ml\/","title":{"rendered":"Colle  Barbara \u00ab\u00a0Bang Bang\u00a0\u00bb 5ml \/10 ml"},"content":{"rendered":"<p>La colle Bang Bang pour des extensions de cils plus rapides et de meilleure qualit\u00e9. Gr\u00e2ce \u00e0 sa consistance liquide, vous utiliserez moins de colle lors de vos extensions. Avec la colle Bang Bang Glue de Barbara, votre travail sera propre et sans colle.<\/p>\n<p>Pour les artisans exp\u00e9riment\u00e9s. Convient \u00e0 tous les types d&rsquo;extensions.<\/p>\n<p>Conditions de travail : t +18-24 C, humidit\u00e9 40-70%.<\/p>\n<p>Dur\u00e9e de conservation : 6 mois.<br \/>\nDur\u00e9e de conservation apr\u00e8s ouverture : 2 mois.<\/p>\n","protected":false},"excerpt":{"rendered":"<p>La colle Bang Bang pour des extensions de cils plus rapides et de meilleure qualit\u00e9. Gr\u00e2ce \u00e0 sa consistance liquide, vous utiliserez moins de colle lors de vos extensions. Avec la colle Bang Bang Glue de Barbara, votre travail sera propre et sans colle. Pour les artisans exp\u00e9riment\u00e9s. Convient \u00e0 tous les types d&rsquo;extensions. Conditions [&hellip;]<\/p>\n","protected":false},"featured_media":6729,"template":"","meta":{"_acf_changed":false,"inline_featured_image":false},"product_cat":[116,179],"product_tag":[],"class_list":{"0":"post-4742","1":"product","2":"type-product","3":"status-publish","4":"has-post-thumbnail","6":"product_brand-barbara-fr","7":"product_cat-extension-de-cils","8":"product_cat-les-colles","10":"first","11":"instock","12":"shipping-taxable","13":"purchasable","14":"product-type-variable"},"acf":[],"yoast_head":"<!-- This site is optimized with the Yoast SEO plugin v26.6 - https:\/\/yoast.com\/wordpress\/plugins\/seo\/ -->\n<title>Colle Barbara &quot;Bang Bang&quot; 5ml \/10 ml - LASHES&amp;BROWS by Nataliya Reinhard<\/title>\n<meta name=\"description\" content=\"Colle Bang Bang pour des extensions de cils de haute qualit\u00e9. Consistance liquide, n\u00e9cessite moins de colle. Dur\u00e9e de conservation : 6 mois, apr\u00e8s ouverture : 2 mois.\" \/>\n<meta name=\"robots\" content=\"index, follow, max-snippet:-1, max-image-preview:large, max-video-preview:-1\" \/>\n<link rel=\"canonical\" href=\"https:\/\/www.art-natur.ch\/fr\/produit\/colle-barbara-bang-bang-5ml-10-ml\/\" \/>\n<meta property=\"og:locale\" content=\"fr_FR\" \/>\n<meta property=\"og:type\" content=\"article\" \/>\n<meta property=\"og:title\" content=\"Colle Barbara &quot;Bang Bang&quot; 5ml \/10 ml - LASHES&amp;BROWS by Nataliya Reinhard\" \/>\n<meta property=\"og:description\" content=\"Colle Bang Bang pour des extensions de cils de haute qualit\u00e9. Consistance liquide, n\u00e9cessite moins de colle. Dur\u00e9e de conservation : 6 mois, apr\u00e8s ouverture : 2 mois.\" \/>\n<meta property=\"og:url\" content=\"https:\/\/www.art-natur.ch\/fr\/produit\/colle-barbara-bang-bang-5ml-10-ml\/\" \/>\n<meta property=\"og:site_name\" content=\"LASHES&amp;BROWS by Nataliya Reinhard\" \/>\n<meta property=\"article:modified_time\" content=\"2025-05-25T20:39:10+00:00\" \/>\n<meta property=\"og:image\" content=\"https:\/\/www.art-natur.ch\/wp-content\/uploads\/2024\/10\/3559005852-Photoroom.png\" \/>\n\t<meta property=\"og:image:width\" content=\"1280\" \/>\n\t<meta property=\"og:image:height\" content=\"1280\" \/>\n\t<meta property=\"og:image:type\" content=\"image\/png\" \/>\n<meta name=\"twitter:card\" content=\"summary_large_image\" \/>\n<script type=\"application\/ld+json\" class=\"yoast-schema-graph\">{\"@context\":\"https:\/\/schema.org\",\"@graph\":[{\"@type\":\"WebPage\",\"@id\":\"https:\/\/www.art-natur.ch\/fr\/produit\/colle-barbara-bang-bang-5ml-10-ml\/\",\"url\":\"https:\/\/www.art-natur.ch\/fr\/produit\/colle-barbara-bang-bang-5ml-10-ml\/\",\"name\":\"Colle Barbara \\\"Bang Bang\\\" 5ml \/10 ml - LASHES&amp;BROWS by Nataliya Reinhard\",\"isPartOf\":{\"@id\":\"https:\/\/www.art-natur.ch\/fr\/#website\"},\"primaryImageOfPage\":{\"@id\":\"https:\/\/www.art-natur.ch\/fr\/produit\/colle-barbara-bang-bang-5ml-10-ml\/#primaryimage\"},\"image\":{\"@id\":\"https:\/\/www.art-natur.ch\/fr\/produit\/colle-barbara-bang-bang-5ml-10-ml\/#primaryimage\"},\"thumbnailUrl\":\"https:\/\/www.art-natur.ch\/wp-content\/uploads\/2024\/10\/3559005852-Photoroom.png\",\"datePublished\":\"2024-10-01T15:14:51+00:00\",\"dateModified\":\"2025-05-25T20:39:10+00:00\",\"description\":\"Colle Bang Bang pour des extensions de cils de haute qualit\u00e9. Consistance liquide, n\u00e9cessite moins de colle. Dur\u00e9e de conservation : 6 mois, apr\u00e8s ouverture : 2 mois.\",\"breadcrumb\":{\"@id\":\"https:\/\/www.art-natur.ch\/fr\/produit\/colle-barbara-bang-bang-5ml-10-ml\/#breadcrumb\"},\"inLanguage\":\"fr-FR\",\"potentialAction\":[{\"@type\":\"ReadAction\",\"target\":[\"https:\/\/www.art-natur.ch\/fr\/produit\/colle-barbara-bang-bang-5ml-10-ml\/\"]}]},{\"@type\":\"ImageObject\",\"inLanguage\":\"fr-FR\",\"@id\":\"https:\/\/www.art-natur.ch\/fr\/produit\/colle-barbara-bang-bang-5ml-10-ml\/#primaryimage\",\"url\":\"https:\/\/www.art-natur.ch\/wp-content\/uploads\/2024\/10\/3559005852-Photoroom.png\",\"contentUrl\":\"https:\/\/www.art-natur.ch\/wp-content\/uploads\/2024\/10\/3559005852-Photoroom.png\",\"width\":1280,\"height\":1280},{\"@type\":\"BreadcrumbList\",\"@id\":\"https:\/\/www.art-natur.ch\/fr\/produit\/colle-barbara-bang-bang-5ml-10-ml\/#breadcrumb\",\"itemListElement\":[{\"@type\":\"ListItem\",\"position\":1,\"name\":\"Home\",\"item\":\"https:\/\/www.art-natur.ch\/fr\/\"},{\"@type\":\"ListItem\",\"position\":2,\"name\":\"Boutique\",\"item\":\"https:\/\/www.art-natur.ch\/shop\/\"},{\"@type\":\"ListItem\",\"position\":3,\"name\":\"Colle Barbara \u00ab\u00a0Bang Bang\u00a0\u00bb 5ml \/10 ml\"}]},{\"@type\":\"WebSite\",\"@id\":\"https:\/\/www.art-natur.ch\/fr\/#website\",\"url\":\"https:\/\/www.art-natur.ch\/fr\/\",\"name\":\"LASHES&amp;BROWS by Nataliya Reinhard\",\"description\":\"High-quality lash and brow services with attention to every detail\",\"potentialAction\":[{\"@type\":\"SearchAction\",\"target\":{\"@type\":\"EntryPoint\",\"urlTemplate\":\"https:\/\/www.art-natur.ch\/fr\/?s={search_term_string}\"},\"query-input\":{\"@type\":\"PropertyValueSpecification\",\"valueRequired\":true,\"valueName\":\"search_term_string\"}}],\"inLanguage\":\"fr-FR\"}]}<\/script>\n<!-- \/ Yoast SEO plugin. -->","yoast_head_json":{"title":"Colle Barbara \"Bang Bang\" 5ml \/10 ml - LASHES&amp;BROWS by Nataliya Reinhard","description":"Colle Bang Bang pour des extensions de cils de haute qualit\u00e9. Consistance liquide, n\u00e9cessite moins de colle. Dur\u00e9e de conservation : 6 mois, apr\u00e8s ouverture : 2 mois.","robots":{"index":"index","follow":"follow","max-snippet":"max-snippet:-1","max-image-preview":"max-image-preview:large","max-video-preview":"max-video-preview:-1"},"canonical":"https:\/\/www.art-natur.ch\/fr\/produit\/colle-barbara-bang-bang-5ml-10-ml\/","og_locale":"fr_FR","og_type":"article","og_title":"Colle Barbara \"Bang Bang\" 5ml \/10 ml - LASHES&amp;BROWS by Nataliya Reinhard","og_description":"Colle Bang Bang pour des extensions de cils de haute qualit\u00e9. Consistance liquide, n\u00e9cessite moins de colle. Dur\u00e9e de conservation : 6 mois, apr\u00e8s ouverture : 2 mois.","og_url":"https:\/\/www.art-natur.ch\/fr\/produit\/colle-barbara-bang-bang-5ml-10-ml\/","og_site_name":"LASHES&amp;BROWS by Nataliya Reinhard","article_modified_time":"2025-05-25T20:39:10+00:00","og_image":[{"width":1280,"height":1280,"url":"https:\/\/www.art-natur.ch\/wp-content\/uploads\/2024\/10\/3559005852-Photoroom.png","type":"image\/png"}],"twitter_card":"summary_large_image","schema":{"@context":"https:\/\/schema.org","@graph":[{"@type":"WebPage","@id":"https:\/\/www.art-natur.ch\/fr\/produit\/colle-barbara-bang-bang-5ml-10-ml\/","url":"https:\/\/www.art-natur.ch\/fr\/produit\/colle-barbara-bang-bang-5ml-10-ml\/","name":"Colle Barbara \"Bang Bang\" 5ml \/10 ml - LASHES&amp;BROWS by Nataliya Reinhard","isPartOf":{"@id":"https:\/\/www.art-natur.ch\/fr\/#website"},"primaryImageOfPage":{"@id":"https:\/\/www.art-natur.ch\/fr\/produit\/colle-barbara-bang-bang-5ml-10-ml\/#primaryimage"},"image":{"@id":"https:\/\/www.art-natur.ch\/fr\/produit\/colle-barbara-bang-bang-5ml-10-ml\/#primaryimage"},"thumbnailUrl":"https:\/\/www.art-natur.ch\/wp-content\/uploads\/2024\/10\/3559005852-Photoroom.png","datePublished":"2024-10-01T15:14:51+00:00","dateModified":"2025-05-25T20:39:10+00:00","description":"Colle Bang Bang pour des extensions de cils de haute qualit\u00e9. Consistance liquide, n\u00e9cessite moins de colle. Dur\u00e9e de conservation : 6 mois, apr\u00e8s ouverture : 2 mois.","breadcrumb":{"@id":"https:\/\/www.art-natur.ch\/fr\/produit\/colle-barbara-bang-bang-5ml-10-ml\/#breadcrumb"},"inLanguage":"fr-FR","potentialAction":[{"@type":"ReadAction","target":["https:\/\/www.art-natur.ch\/fr\/produit\/colle-barbara-bang-bang-5ml-10-ml\/"]}]},{"@type":"ImageObject","inLanguage":"fr-FR","@id":"https:\/\/www.art-natur.ch\/fr\/produit\/colle-barbara-bang-bang-5ml-10-ml\/#primaryimage","url":"https:\/\/www.art-natur.ch\/wp-content\/uploads\/2024\/10\/3559005852-Photoroom.png","contentUrl":"https:\/\/www.art-natur.ch\/wp-content\/uploads\/2024\/10\/3559005852-Photoroom.png","width":1280,"height":1280},{"@type":"BreadcrumbList","@id":"https:\/\/www.art-natur.ch\/fr\/produit\/colle-barbara-bang-bang-5ml-10-ml\/#breadcrumb","itemListElement":[{"@type":"ListItem","position":1,"name":"Home","item":"https:\/\/www.art-natur.ch\/fr\/"},{"@type":"ListItem","position":2,"name":"Boutique","item":"https:\/\/www.art-natur.ch\/shop\/"},{"@type":"ListItem","position":3,"name":"Colle Barbara \u00ab\u00a0Bang Bang\u00a0\u00bb 5ml \/10 ml"}]},{"@type":"WebSite","@id":"https:\/\/www.art-natur.ch\/fr\/#website","url":"https:\/\/www.art-natur.ch\/fr\/","name":"LASHES&amp;BROWS by Nataliya Reinhard","description":"High-quality lash and brow services with attention to every detail","potentialAction":[{"@type":"SearchAction","target":{"@type":"EntryPoint","urlTemplate":"https:\/\/www.art-natur.ch\/fr\/?s={search_term_string}"},"query-input":{"@type":"PropertyValueSpecification","valueRequired":true,"valueName":"search_term_string"}}],"inLanguage":"fr-FR"}]}},"_links":{"self":[{"href":"https:\/\/www.art-natur.ch\/fr\/wp-json\/wp\/v2\/product\/4742","targetHints":{"allow":["GET"]}}],"collection":[{"href":"https:\/\/www.art-natur.ch\/fr\/wp-json\/wp\/v2\/product"}],"about":[{"href":"https:\/\/www.art-natur.ch\/fr\/wp-json\/wp\/v2\/types\/product"}],"wp:featuredmedia":[{"embeddable":true,"href":"https:\/\/www.art-natur.ch\/fr\/wp-json\/wp\/v2\/media\/6729"}],"wp:attachment":[{"href":"https:\/\/www.art-natur.ch\/fr\/wp-json\/wp\/v2\/media?parent=4742"}],"wp:term":[{"taxonomy":"product_cat","embeddable":true,"href":"https:\/\/www.art-natur.ch\/fr\/wp-json\/wp\/v2\/product_cat?post=4742"},{"taxonomy":"product_tag","embeddable":true,"href":"https:\/\/www.art-natur.ch\/fr\/wp-json\/wp\/v2\/product_tag?post=4742"}],"curies":[{"name":"wp","href":"https:\/\/api.w.org\/{rel}","templated":true}]}}