{"id":4867,"date":"2024-10-01T18:58:02","date_gmt":"2024-10-01T17:58:02","guid":{"rendered":"https:\/\/www.art-natur.ch\/product\/cils-noirs-light-collection-by-nataliya-reinhard\/"},"modified":"2025-01-18T22:13:28","modified_gmt":"2025-01-18T21:13:28","slug":"cils-noirs-light-collection-by-nataliya-reinhard","status":"publish","type":"product","link":"https:\/\/www.art-natur.ch\/fr\/produit\/cils-noirs-light-collection-by-nataliya-reinhard\/","title":{"rendered":"\u200bCils noirs \u201cLight Collection \u00a0\u00bb By Nataliya Reinhard"},"content":{"rendered":"<p>CILS POUR LES EXTENSIONS DE CILS<\/p>\n<p>Les faux cils noirs \u00ab\u00a0Light Collection\u00a0\u00bb By Nataliya Reinhard &#8211; sont l&rsquo;une des meilleures inventions de l&rsquo;industrie moderne de la beaut\u00e9. Ils donnent une profondeur charmante \u00e0 votre look, permettent aux femmes d&rsquo;\u00eatre s\u00e9duisantes et de se sentir en confiance 24 heures sur 24.<\/p>\n<p>Chez \u00ab LASHES&amp;BROWS SHOP By Nataliya Reinhard\u201d, vous avez la possibilit\u00e9 d&rsquo;acheter des cils noirs pour extensions de cils, incroyablement doux et hypoallerg\u00e9niques, au meilleur prix.<\/p>\n<p>Une couleur noire riche avec une finition mate noble &#8211; juste ce qu&rsquo;il vous faut pour un look captivant !<\/p>\n<p>Un expert en extension de cils exp\u00e9riment\u00e9 peut facilement trouver la bonne longueur et la bonne courbe, afin que les cils aient un aspect naturel et spectaculaire maximal. Le client doit seulement d\u00e9cider de la forme et des mat\u00e9riaux qui seront utilis\u00e9s pour les extensions de cils. Nous proposons des produits de la plus haute qualit\u00e9 fabriqu\u00e9s \u00e0 partir de fibres synth\u00e9tiques qui ne provoquent ni inconfort ni irritation.<\/p>\n<p>Avantages des cils \u00ab\u00a0Light Collection\u00a0\u00bb By Nataliya Reinhard :<\/p>\n<p>&#8211; facile \u00e0 retirer du ruban, ne craint pas la d\u00e9formation ;<\/p>\n<p>&#8211; parfaitement form\u00e9s en grappes ;<\/p>\n<p>&#8211; convient \u00e0 toute technique d&rsquo;extension ;<\/p>\n<p>&#8211; ne se \u00ab\u00a0gondolent\u00a0\u00bb pas et conservent leur forme.<\/p>\n<p>Les cils noirs \u00ab By Nataliya Reinhard \u00bb sont \u00e9lastiques et l\u00e9gers, durent longtemps et rendent les yeux des femmes plus attrayants et expressifs. Nos produits sont s\u00fbrs de plaire aux coiffeurs et \u00e0 leurs clients, car ils sont la meilleure combinaison de haute qualit\u00e9 et de prix abordable.<\/p>\n","protected":false},"excerpt":{"rendered":"<p>CILS POUR LES EXTENSIONS DE CILS Les faux cils noirs \u00ab\u00a0Light Collection\u00a0\u00bb By Nataliya Reinhard &#8211; sont l&rsquo;une des meilleures inventions de l&rsquo;industrie moderne de la beaut\u00e9. Ils donnent une profondeur charmante \u00e0 votre look, permettent aux femmes d&rsquo;\u00eatre s\u00e9duisantes et de se sentir en confiance 24 heures sur 24. Chez \u00ab LASHES&amp;BROWS SHOP By [&hellip;]<\/p>\n","protected":false},"featured_media":6709,"template":"","meta":{"_acf_changed":false,"inline_featured_image":false},"product_cat":[116,118,538],"product_tag":[],"class_list":{"0":"post-4867","1":"product","2":"type-product","3":"status-publish","4":"has-post-thumbnail","6":"product_brand-nataliya-reinhard","7":"product_cat-extension-de-cils","8":"product_cat-cils-noirs","9":"product_cat-promotions","11":"first","12":"instock","13":"sale","14":"shipping-taxable","15":"purchasable","16":"product-type-variable"},"acf":[],"yoast_head":"<!-- This site is optimized with the Yoast SEO plugin v26.6 - https:\/\/yoast.com\/wordpress\/plugins\/seo\/ -->\n<title>\u200bCils noirs \u201cLight Collection &quot; By Nataliya Reinhard - LASHES&amp;BROWS by Nataliya Reinhard<\/title>\n<meta name=\"description\" content=\"Faux cils noirs &quot;Light Collection&quot; de Nataliya Reinhard : hypoallerg\u00e9niques, \u00e9lastiques et parfaitement form\u00e9s pour un look captivant.\" \/>\n<meta name=\"robots\" content=\"index, follow, max-snippet:-1, max-image-preview:large, max-video-preview:-1\" \/>\n<link rel=\"canonical\" href=\"https:\/\/www.art-natur.ch\/fr\/produit\/cils-noirs-light-collection-by-nataliya-reinhard\/\" \/>\n<meta property=\"og:locale\" content=\"fr_FR\" \/>\n<meta property=\"og:type\" content=\"article\" \/>\n<meta property=\"og:title\" content=\"\u200bCils noirs \u201cLight Collection &quot; By Nataliya Reinhard - LASHES&amp;BROWS by Nataliya Reinhard\" \/>\n<meta property=\"og:description\" content=\"Faux cils noirs &quot;Light Collection&quot; de Nataliya Reinhard : hypoallerg\u00e9niques, \u00e9lastiques et parfaitement form\u00e9s pour un look captivant.\" \/>\n<meta property=\"og:url\" content=\"https:\/\/www.art-natur.ch\/fr\/produit\/cils-noirs-light-collection-by-nataliya-reinhard\/\" \/>\n<meta property=\"og:site_name\" content=\"LASHES&amp;BROWS by Nataliya Reinhard\" \/>\n<meta property=\"article:modified_time\" content=\"2025-01-18T21:13:28+00:00\" \/>\n<meta property=\"og:image\" content=\"https:\/\/www.art-natur.ch\/wp-content\/uploads\/2024\/10\/2777076589-Photoroom.png\" \/>\n\t<meta property=\"og:image:width\" content=\"1200\" \/>\n\t<meta property=\"og:image:height\" content=\"800\" \/>\n\t<meta property=\"og:image:type\" content=\"image\/png\" \/>\n<meta name=\"twitter:card\" content=\"summary_large_image\" \/>\n<meta name=\"twitter:label1\" content=\"Dur\u00e9e de lecture estim\u00e9e\" \/>\n\t<meta name=\"twitter:data1\" content=\"1 minute\" \/>\n<script type=\"application\/ld+json\" class=\"yoast-schema-graph\">{\"@context\":\"https:\/\/schema.org\",\"@graph\":[{\"@type\":\"WebPage\",\"@id\":\"https:\/\/www.art-natur.ch\/fr\/produit\/cils-noirs-light-collection-by-nataliya-reinhard\/\",\"url\":\"https:\/\/www.art-natur.ch\/fr\/produit\/cils-noirs-light-collection-by-nataliya-reinhard\/\",\"name\":\"\u200bCils noirs \u201cLight Collection \\\" By Nataliya Reinhard - LASHES&amp;BROWS by Nataliya Reinhard\",\"isPartOf\":{\"@id\":\"https:\/\/www.art-natur.ch\/fr\/#website\"},\"primaryImageOfPage\":{\"@id\":\"https:\/\/www.art-natur.ch\/fr\/produit\/cils-noirs-light-collection-by-nataliya-reinhard\/#primaryimage\"},\"image\":{\"@id\":\"https:\/\/www.art-natur.ch\/fr\/produit\/cils-noirs-light-collection-by-nataliya-reinhard\/#primaryimage\"},\"thumbnailUrl\":\"https:\/\/www.art-natur.ch\/wp-content\/uploads\/2024\/10\/2777076589-Photoroom.png\",\"datePublished\":\"2024-10-01T17:58:02+00:00\",\"dateModified\":\"2025-01-18T21:13:28+00:00\",\"description\":\"Faux cils noirs \\\"Light Collection\\\" de Nataliya Reinhard : hypoallerg\u00e9niques, \u00e9lastiques et parfaitement form\u00e9s pour un look captivant.\",\"breadcrumb\":{\"@id\":\"https:\/\/www.art-natur.ch\/fr\/produit\/cils-noirs-light-collection-by-nataliya-reinhard\/#breadcrumb\"},\"inLanguage\":\"fr-FR\",\"potentialAction\":[{\"@type\":\"ReadAction\",\"target\":[\"https:\/\/www.art-natur.ch\/fr\/produit\/cils-noirs-light-collection-by-nataliya-reinhard\/\"]}]},{\"@type\":\"ImageObject\",\"inLanguage\":\"fr-FR\",\"@id\":\"https:\/\/www.art-natur.ch\/fr\/produit\/cils-noirs-light-collection-by-nataliya-reinhard\/#primaryimage\",\"url\":\"https:\/\/www.art-natur.ch\/wp-content\/uploads\/2024\/10\/2777076589-Photoroom.png\",\"contentUrl\":\"https:\/\/www.art-natur.ch\/wp-content\/uploads\/2024\/10\/2777076589-Photoroom.png\",\"width\":1200,\"height\":800},{\"@type\":\"BreadcrumbList\",\"@id\":\"https:\/\/www.art-natur.ch\/fr\/produit\/cils-noirs-light-collection-by-nataliya-reinhard\/#breadcrumb\",\"itemListElement\":[{\"@type\":\"ListItem\",\"position\":1,\"name\":\"Home\",\"item\":\"https:\/\/www.art-natur.ch\/fr\/\"},{\"@type\":\"ListItem\",\"position\":2,\"name\":\"Boutique\",\"item\":\"https:\/\/www.art-natur.ch\/shop\/\"},{\"@type\":\"ListItem\",\"position\":3,\"name\":\"\u200bCils noirs \u201cLight Collection \u00a0\u00bb By Nataliya Reinhard\"}]},{\"@type\":\"WebSite\",\"@id\":\"https:\/\/www.art-natur.ch\/fr\/#website\",\"url\":\"https:\/\/www.art-natur.ch\/fr\/\",\"name\":\"LASHES&amp;BROWS by Nataliya Reinhard\",\"description\":\"High-quality lash and brow services with attention to every detail\",\"potentialAction\":[{\"@type\":\"SearchAction\",\"target\":{\"@type\":\"EntryPoint\",\"urlTemplate\":\"https:\/\/www.art-natur.ch\/fr\/?s={search_term_string}\"},\"query-input\":{\"@type\":\"PropertyValueSpecification\",\"valueRequired\":true,\"valueName\":\"search_term_string\"}}],\"inLanguage\":\"fr-FR\"}]}<\/script>\n<!-- \/ Yoast SEO plugin. -->","yoast_head_json":{"title":"\u200bCils noirs \u201cLight Collection \" By Nataliya Reinhard - LASHES&amp;BROWS by Nataliya Reinhard","description":"Faux cils noirs \"Light Collection\" de Nataliya Reinhard : hypoallerg\u00e9niques, \u00e9lastiques et parfaitement form\u00e9s pour un look captivant.","robots":{"index":"index","follow":"follow","max-snippet":"max-snippet:-1","max-image-preview":"max-image-preview:large","max-video-preview":"max-video-preview:-1"},"canonical":"https:\/\/www.art-natur.ch\/fr\/produit\/cils-noirs-light-collection-by-nataliya-reinhard\/","og_locale":"fr_FR","og_type":"article","og_title":"\u200bCils noirs \u201cLight Collection \" By Nataliya Reinhard - LASHES&amp;BROWS by Nataliya Reinhard","og_description":"Faux cils noirs \"Light Collection\" de Nataliya Reinhard : hypoallerg\u00e9niques, \u00e9lastiques et parfaitement form\u00e9s pour un look captivant.","og_url":"https:\/\/www.art-natur.ch\/fr\/produit\/cils-noirs-light-collection-by-nataliya-reinhard\/","og_site_name":"LASHES&amp;BROWS by Nataliya Reinhard","article_modified_time":"2025-01-18T21:13:28+00:00","og_image":[{"width":1200,"height":800,"url":"https:\/\/www.art-natur.ch\/wp-content\/uploads\/2024\/10\/2777076589-Photoroom.png","type":"image\/png"}],"twitter_card":"summary_large_image","twitter_misc":{"Dur\u00e9e de lecture estim\u00e9e":"1 minute"},"schema":{"@context":"https:\/\/schema.org","@graph":[{"@type":"WebPage","@id":"https:\/\/www.art-natur.ch\/fr\/produit\/cils-noirs-light-collection-by-nataliya-reinhard\/","url":"https:\/\/www.art-natur.ch\/fr\/produit\/cils-noirs-light-collection-by-nataliya-reinhard\/","name":"\u200bCils noirs \u201cLight Collection \" By Nataliya Reinhard - LASHES&amp;BROWS by Nataliya Reinhard","isPartOf":{"@id":"https:\/\/www.art-natur.ch\/fr\/#website"},"primaryImageOfPage":{"@id":"https:\/\/www.art-natur.ch\/fr\/produit\/cils-noirs-light-collection-by-nataliya-reinhard\/#primaryimage"},"image":{"@id":"https:\/\/www.art-natur.ch\/fr\/produit\/cils-noirs-light-collection-by-nataliya-reinhard\/#primaryimage"},"thumbnailUrl":"https:\/\/www.art-natur.ch\/wp-content\/uploads\/2024\/10\/2777076589-Photoroom.png","datePublished":"2024-10-01T17:58:02+00:00","dateModified":"2025-01-18T21:13:28+00:00","description":"Faux cils noirs \"Light Collection\" de Nataliya Reinhard : hypoallerg\u00e9niques, \u00e9lastiques et parfaitement form\u00e9s pour un look captivant.","breadcrumb":{"@id":"https:\/\/www.art-natur.ch\/fr\/produit\/cils-noirs-light-collection-by-nataliya-reinhard\/#breadcrumb"},"inLanguage":"fr-FR","potentialAction":[{"@type":"ReadAction","target":["https:\/\/www.art-natur.ch\/fr\/produit\/cils-noirs-light-collection-by-nataliya-reinhard\/"]}]},{"@type":"ImageObject","inLanguage":"fr-FR","@id":"https:\/\/www.art-natur.ch\/fr\/produit\/cils-noirs-light-collection-by-nataliya-reinhard\/#primaryimage","url":"https:\/\/www.art-natur.ch\/wp-content\/uploads\/2024\/10\/2777076589-Photoroom.png","contentUrl":"https:\/\/www.art-natur.ch\/wp-content\/uploads\/2024\/10\/2777076589-Photoroom.png","width":1200,"height":800},{"@type":"BreadcrumbList","@id":"https:\/\/www.art-natur.ch\/fr\/produit\/cils-noirs-light-collection-by-nataliya-reinhard\/#breadcrumb","itemListElement":[{"@type":"ListItem","position":1,"name":"Home","item":"https:\/\/www.art-natur.ch\/fr\/"},{"@type":"ListItem","position":2,"name":"Boutique","item":"https:\/\/www.art-natur.ch\/shop\/"},{"@type":"ListItem","position":3,"name":"\u200bCils noirs \u201cLight Collection \u00a0\u00bb By Nataliya Reinhard"}]},{"@type":"WebSite","@id":"https:\/\/www.art-natur.ch\/fr\/#website","url":"https:\/\/www.art-natur.ch\/fr\/","name":"LASHES&amp;BROWS by Nataliya Reinhard","description":"High-quality lash and brow services with attention to every detail","potentialAction":[{"@type":"SearchAction","target":{"@type":"EntryPoint","urlTemplate":"https:\/\/www.art-natur.ch\/fr\/?s={search_term_string}"},"query-input":{"@type":"PropertyValueSpecification","valueRequired":true,"valueName":"search_term_string"}}],"inLanguage":"fr-FR"}]}},"_links":{"self":[{"href":"https:\/\/www.art-natur.ch\/fr\/wp-json\/wp\/v2\/product\/4867","targetHints":{"allow":["GET"]}}],"collection":[{"href":"https:\/\/www.art-natur.ch\/fr\/wp-json\/wp\/v2\/product"}],"about":[{"href":"https:\/\/www.art-natur.ch\/fr\/wp-json\/wp\/v2\/types\/product"}],"wp:featuredmedia":[{"embeddable":true,"href":"https:\/\/www.art-natur.ch\/fr\/wp-json\/wp\/v2\/media\/6709"}],"wp:attachment":[{"href":"https:\/\/www.art-natur.ch\/fr\/wp-json\/wp\/v2\/media?parent=4867"}],"wp:term":[{"taxonomy":"product_cat","embeddable":true,"href":"https:\/\/www.art-natur.ch\/fr\/wp-json\/wp\/v2\/product_cat?post=4867"},{"taxonomy":"product_tag","embeddable":true,"href":"https:\/\/www.art-natur.ch\/fr\/wp-json\/wp\/v2\/product_tag?post=4867"}],"curies":[{"name":"wp","href":"https:\/\/api.w.org\/{rel}","templated":true}]}}