{"id":5000,"date":"2024-10-01T19:36:44","date_gmt":"2024-10-01T18:36:44","guid":{"rendered":"https:\/\/www.art-natur.ch\/product\/cils-noirs-lashgo-mix-ccdll-6-rangs\/"},"modified":"2024-10-13T13:47:38","modified_gmt":"2024-10-13T11:47:38","slug":"cils-noirs-lashgo-mix-ccdll-6-rangs","status":"publish","type":"product","link":"https:\/\/www.art-natur.ch\/fr\/produit\/cils-noirs-lashgo-mix-ccdll-6-rangs\/","title":{"rendered":"Cils noirs Lash&#038;Go mix C,C+,D,L,L+ (6 rangs)"},"content":{"rendered":"<p>Cils d&rsquo;extension Lash &amp; Go &#8211; Couleur riche jusqu&rsquo;au bout &#8211; Courbes vives &#8211; Fibre de qualit\u00e9 &#8211; Bande adh\u00e9sive pratique qui facilite la cr\u00e9ation de paquets &#8211; 2 types de palettes : 6 et 16 lignes de 12 longueurs : 5 \u00e0 16 mm 4 courbes : C, D, L, L + 5 \u00e9paisseurs : 0.05, 0.07, 0.10, 0.12<\/p>\n","protected":false},"excerpt":{"rendered":"<p>Cils d&rsquo;extension Lash &amp; Go &#8211; Couleur riche jusqu&rsquo;au bout &#8211; Courbes vives &#8211; Fibre de qualit\u00e9 &#8211; Bande adh\u00e9sive pratique qui facilite la cr\u00e9ation de paquets &#8211; 2 types de palettes : 6 et 16 lignes de 12 longueurs : 5 \u00e0 16 mm 4 courbes : C, D, L, L + 5 \u00e9paisseurs [&hellip;]<\/p>\n","protected":false},"featured_media":6701,"template":"","meta":{"_acf_changed":false,"inline_featured_image":false},"product_cat":[116,118],"product_tag":[],"class_list":{"0":"post-5000","1":"product","2":"type-product","3":"status-publish","4":"has-post-thumbnail","6":"product_brand-lashgo","7":"product_cat-extension-de-cils","8":"product_cat-cils-noirs","10":"first","11":"instock","12":"shipping-taxable","13":"purchasable","14":"product-type-variable"},"acf":[],"yoast_head":"<!-- This site is optimized with the Yoast SEO plugin v26.6 - https:\/\/yoast.com\/wordpress\/plugins\/seo\/ -->\n<title>Cils noirs Lash&amp;Go mix C,C+,D,L,L+ (6 rangs) - LASHES&amp;BROWS by Nataliya Reinhard<\/title>\n<meta name=\"description\" content=\"Cils Lash &amp; Go: Couleur intense, courbes vives, 6\/16 lignes, 12 longueurs (5-16 mm), 4 courbes (C, D, L, L+), 5 \u00e9paisseurs (0.05-0.12).\" \/>\n<meta name=\"robots\" content=\"index, follow, max-snippet:-1, max-image-preview:large, max-video-preview:-1\" \/>\n<link rel=\"canonical\" href=\"https:\/\/www.art-natur.ch\/fr\/produit\/cils-noirs-lashgo-mix-ccdll-6-rangs\/\" \/>\n<meta property=\"og:locale\" content=\"fr_FR\" \/>\n<meta property=\"og:type\" content=\"article\" \/>\n<meta property=\"og:title\" content=\"Cils noirs Lash&amp;Go mix C,C+,D,L,L+ (6 rangs) - LASHES&amp;BROWS by Nataliya Reinhard\" \/>\n<meta property=\"og:description\" content=\"Cils Lash &amp; Go: Couleur intense, courbes vives, 6\/16 lignes, 12 longueurs (5-16 mm), 4 courbes (C, D, L, L+), 5 \u00e9paisseurs (0.05-0.12).\" \/>\n<meta property=\"og:url\" content=\"https:\/\/www.art-natur.ch\/fr\/produit\/cils-noirs-lashgo-mix-ccdll-6-rangs\/\" \/>\n<meta property=\"og:site_name\" content=\"LASHES&amp;BROWS by Nataliya Reinhard\" \/>\n<meta property=\"article:modified_time\" content=\"2024-10-13T11:47:38+00:00\" \/>\n<meta property=\"og:image\" content=\"https:\/\/www.art-natur.ch\/wp-content\/uploads\/2024\/10\/2729222423-Photoroom.png\" \/>\n\t<meta property=\"og:image:width\" content=\"1280\" \/>\n\t<meta property=\"og:image:height\" content=\"1279\" \/>\n\t<meta property=\"og:image:type\" content=\"image\/png\" \/>\n<meta name=\"twitter:card\" content=\"summary_large_image\" \/>\n<script type=\"application\/ld+json\" class=\"yoast-schema-graph\">{\"@context\":\"https:\/\/schema.org\",\"@graph\":[{\"@type\":\"WebPage\",\"@id\":\"https:\/\/www.art-natur.ch\/fr\/produit\/cils-noirs-lashgo-mix-ccdll-6-rangs\/\",\"url\":\"https:\/\/www.art-natur.ch\/fr\/produit\/cils-noirs-lashgo-mix-ccdll-6-rangs\/\",\"name\":\"Cils noirs Lash&Go mix C,C+,D,L,L+ (6 rangs) - LASHES&amp;BROWS by Nataliya Reinhard\",\"isPartOf\":{\"@id\":\"https:\/\/www.art-natur.ch\/fr\/#website\"},\"primaryImageOfPage\":{\"@id\":\"https:\/\/www.art-natur.ch\/fr\/produit\/cils-noirs-lashgo-mix-ccdll-6-rangs\/#primaryimage\"},\"image\":{\"@id\":\"https:\/\/www.art-natur.ch\/fr\/produit\/cils-noirs-lashgo-mix-ccdll-6-rangs\/#primaryimage\"},\"thumbnailUrl\":\"https:\/\/www.art-natur.ch\/wp-content\/uploads\/2024\/10\/2729222423-Photoroom.png\",\"datePublished\":\"2024-10-01T18:36:44+00:00\",\"dateModified\":\"2024-10-13T11:47:38+00:00\",\"description\":\"Cils Lash & Go: Couleur intense, courbes vives, 6\/16 lignes, 12 longueurs (5-16 mm), 4 courbes (C, D, L, L+), 5 \u00e9paisseurs (0.05-0.12).\",\"breadcrumb\":{\"@id\":\"https:\/\/www.art-natur.ch\/fr\/produit\/cils-noirs-lashgo-mix-ccdll-6-rangs\/#breadcrumb\"},\"inLanguage\":\"fr-FR\",\"potentialAction\":[{\"@type\":\"ReadAction\",\"target\":[\"https:\/\/www.art-natur.ch\/fr\/produit\/cils-noirs-lashgo-mix-ccdll-6-rangs\/\"]}]},{\"@type\":\"ImageObject\",\"inLanguage\":\"fr-FR\",\"@id\":\"https:\/\/www.art-natur.ch\/fr\/produit\/cils-noirs-lashgo-mix-ccdll-6-rangs\/#primaryimage\",\"url\":\"https:\/\/www.art-natur.ch\/wp-content\/uploads\/2024\/10\/2729222423-Photoroom.png\",\"contentUrl\":\"https:\/\/www.art-natur.ch\/wp-content\/uploads\/2024\/10\/2729222423-Photoroom.png\",\"width\":1280,\"height\":1279},{\"@type\":\"BreadcrumbList\",\"@id\":\"https:\/\/www.art-natur.ch\/fr\/produit\/cils-noirs-lashgo-mix-ccdll-6-rangs\/#breadcrumb\",\"itemListElement\":[{\"@type\":\"ListItem\",\"position\":1,\"name\":\"Home\",\"item\":\"https:\/\/www.art-natur.ch\/fr\/\"},{\"@type\":\"ListItem\",\"position\":2,\"name\":\"Boutique\",\"item\":\"https:\/\/www.art-natur.ch\/shop\/\"},{\"@type\":\"ListItem\",\"position\":3,\"name\":\"Cils noirs Lash&#038;Go mix C,C+,D,L,L+ (6 rangs)\"}]},{\"@type\":\"WebSite\",\"@id\":\"https:\/\/www.art-natur.ch\/fr\/#website\",\"url\":\"https:\/\/www.art-natur.ch\/fr\/\",\"name\":\"LASHES&amp;BROWS by Nataliya Reinhard\",\"description\":\"High-quality lash and brow services with attention to every detail\",\"potentialAction\":[{\"@type\":\"SearchAction\",\"target\":{\"@type\":\"EntryPoint\",\"urlTemplate\":\"https:\/\/www.art-natur.ch\/fr\/?s={search_term_string}\"},\"query-input\":{\"@type\":\"PropertyValueSpecification\",\"valueRequired\":true,\"valueName\":\"search_term_string\"}}],\"inLanguage\":\"fr-FR\"}]}<\/script>\n<!-- \/ Yoast SEO plugin. -->","yoast_head_json":{"title":"Cils noirs Lash&Go mix C,C+,D,L,L+ (6 rangs) - LASHES&amp;BROWS by Nataliya Reinhard","description":"Cils Lash & Go: Couleur intense, courbes vives, 6\/16 lignes, 12 longueurs (5-16 mm), 4 courbes (C, D, L, L+), 5 \u00e9paisseurs (0.05-0.12).","robots":{"index":"index","follow":"follow","max-snippet":"max-snippet:-1","max-image-preview":"max-image-preview:large","max-video-preview":"max-video-preview:-1"},"canonical":"https:\/\/www.art-natur.ch\/fr\/produit\/cils-noirs-lashgo-mix-ccdll-6-rangs\/","og_locale":"fr_FR","og_type":"article","og_title":"Cils noirs Lash&Go mix C,C+,D,L,L+ (6 rangs) - LASHES&amp;BROWS by Nataliya Reinhard","og_description":"Cils Lash & Go: Couleur intense, courbes vives, 6\/16 lignes, 12 longueurs (5-16 mm), 4 courbes (C, D, L, L+), 5 \u00e9paisseurs (0.05-0.12).","og_url":"https:\/\/www.art-natur.ch\/fr\/produit\/cils-noirs-lashgo-mix-ccdll-6-rangs\/","og_site_name":"LASHES&amp;BROWS by Nataliya Reinhard","article_modified_time":"2024-10-13T11:47:38+00:00","og_image":[{"width":1280,"height":1279,"url":"https:\/\/www.art-natur.ch\/wp-content\/uploads\/2024\/10\/2729222423-Photoroom.png","type":"image\/png"}],"twitter_card":"summary_large_image","schema":{"@context":"https:\/\/schema.org","@graph":[{"@type":"WebPage","@id":"https:\/\/www.art-natur.ch\/fr\/produit\/cils-noirs-lashgo-mix-ccdll-6-rangs\/","url":"https:\/\/www.art-natur.ch\/fr\/produit\/cils-noirs-lashgo-mix-ccdll-6-rangs\/","name":"Cils noirs Lash&Go mix C,C+,D,L,L+ (6 rangs) - LASHES&amp;BROWS by Nataliya Reinhard","isPartOf":{"@id":"https:\/\/www.art-natur.ch\/fr\/#website"},"primaryImageOfPage":{"@id":"https:\/\/www.art-natur.ch\/fr\/produit\/cils-noirs-lashgo-mix-ccdll-6-rangs\/#primaryimage"},"image":{"@id":"https:\/\/www.art-natur.ch\/fr\/produit\/cils-noirs-lashgo-mix-ccdll-6-rangs\/#primaryimage"},"thumbnailUrl":"https:\/\/www.art-natur.ch\/wp-content\/uploads\/2024\/10\/2729222423-Photoroom.png","datePublished":"2024-10-01T18:36:44+00:00","dateModified":"2024-10-13T11:47:38+00:00","description":"Cils Lash & Go: Couleur intense, courbes vives, 6\/16 lignes, 12 longueurs (5-16 mm), 4 courbes (C, D, L, L+), 5 \u00e9paisseurs (0.05-0.12).","breadcrumb":{"@id":"https:\/\/www.art-natur.ch\/fr\/produit\/cils-noirs-lashgo-mix-ccdll-6-rangs\/#breadcrumb"},"inLanguage":"fr-FR","potentialAction":[{"@type":"ReadAction","target":["https:\/\/www.art-natur.ch\/fr\/produit\/cils-noirs-lashgo-mix-ccdll-6-rangs\/"]}]},{"@type":"ImageObject","inLanguage":"fr-FR","@id":"https:\/\/www.art-natur.ch\/fr\/produit\/cils-noirs-lashgo-mix-ccdll-6-rangs\/#primaryimage","url":"https:\/\/www.art-natur.ch\/wp-content\/uploads\/2024\/10\/2729222423-Photoroom.png","contentUrl":"https:\/\/www.art-natur.ch\/wp-content\/uploads\/2024\/10\/2729222423-Photoroom.png","width":1280,"height":1279},{"@type":"BreadcrumbList","@id":"https:\/\/www.art-natur.ch\/fr\/produit\/cils-noirs-lashgo-mix-ccdll-6-rangs\/#breadcrumb","itemListElement":[{"@type":"ListItem","position":1,"name":"Home","item":"https:\/\/www.art-natur.ch\/fr\/"},{"@type":"ListItem","position":2,"name":"Boutique","item":"https:\/\/www.art-natur.ch\/shop\/"},{"@type":"ListItem","position":3,"name":"Cils noirs Lash&#038;Go mix C,C+,D,L,L+ (6 rangs)"}]},{"@type":"WebSite","@id":"https:\/\/www.art-natur.ch\/fr\/#website","url":"https:\/\/www.art-natur.ch\/fr\/","name":"LASHES&amp;BROWS by Nataliya Reinhard","description":"High-quality lash and brow services with attention to every detail","potentialAction":[{"@type":"SearchAction","target":{"@type":"EntryPoint","urlTemplate":"https:\/\/www.art-natur.ch\/fr\/?s={search_term_string}"},"query-input":{"@type":"PropertyValueSpecification","valueRequired":true,"valueName":"search_term_string"}}],"inLanguage":"fr-FR"}]}},"_links":{"self":[{"href":"https:\/\/www.art-natur.ch\/fr\/wp-json\/wp\/v2\/product\/5000","targetHints":{"allow":["GET"]}}],"collection":[{"href":"https:\/\/www.art-natur.ch\/fr\/wp-json\/wp\/v2\/product"}],"about":[{"href":"https:\/\/www.art-natur.ch\/fr\/wp-json\/wp\/v2\/types\/product"}],"wp:featuredmedia":[{"embeddable":true,"href":"https:\/\/www.art-natur.ch\/fr\/wp-json\/wp\/v2\/media\/6701"}],"wp:attachment":[{"href":"https:\/\/www.art-natur.ch\/fr\/wp-json\/wp\/v2\/media?parent=5000"}],"wp:term":[{"taxonomy":"product_cat","embeddable":true,"href":"https:\/\/www.art-natur.ch\/fr\/wp-json\/wp\/v2\/product_cat?post=5000"},{"taxonomy":"product_tag","embeddable":true,"href":"https:\/\/www.art-natur.ch\/fr\/wp-json\/wp\/v2\/product_tag?post=5000"}],"curies":[{"name":"wp","href":"https:\/\/api.w.org\/{rel}","templated":true}]}}