{"id":5184,"date":"2024-10-01T21:58:51","date_gmt":"2024-10-01T20:58:51","guid":{"rendered":"https:\/\/www.art-natur.ch\/product\/cils-noirs-enigma-une-longueur-6-lignes\/"},"modified":"2024-10-18T14:52:59","modified_gmt":"2024-10-18T12:52:59","slug":"cils-noirs-enigma-une-longueur-6-lignes","status":"publish","type":"product","link":"https:\/\/www.art-natur.ch\/fr\/produit\/cils-noirs-enigma-une-longueur-6-lignes\/","title":{"rendered":"Cils noirs ENIGMA (une longueur) 6 lignes"},"content":{"rendered":"<p>Palette compacte pour 6 lignes avec des cils noirs classiques. Ils sont fabriqu\u00e9s en monofilament flexible et r\u00e9silient de haute qualit\u00e9. En raison de sa grande \u00e9lasticit\u00e9, les cils ne se froissent pas et ne perdent pas leur courbure. La fibre est l\u00e9g\u00e8re et douce, la texture ne se distingue pas des cils naturels.<br \/>\nLes cils ont une couleur riche et profonde jusqu&rsquo;\u00e0 la pointe. Le contenu de la palette a une \u00e9paisseur, une courbure et une longueur uniformes, des cils aux cils.<br \/>\nUn support confortable avec un support adh\u00e9sif vous permet de fixer vos cils \u00e0 la tablette. Chaque ligne contient des param\u00e8tres complets: \u00e9paisseur, pli, longueur. L&rsquo;adh\u00e9rence optimale du ruban permet un touffetage facile et rapide pour une accumulation volum\u00e9trique.<br \/>\nLa gamme de la marque comprend un grand choix de virages: C, C +, D, D +, L, L +, M<br \/>\nL&rsquo;assortiment de cils d&rsquo;une \u00e9paisseur de 0,05, 0,07, 0,085, 0,1, 0,12, 0,15<br \/>\nDans les palettes de m\u00e9lange \u00e0 6 lignes, l&rsquo;accent est mis sur les cils les plus courts et les plus longs de l&rsquo;assortiment. Ils se consomment plus lentement que les longueurs courantes, mais vous ne pouvez pas vous en passer: il vous sera donc pratique de les acheter dans une petite palette de 6 lignes. Vous pouvez choisir une palette pour 6 lignes avec des m\u00e9langes de longueurs 4-6 mm, 6-8 mm, 7-9 mm, 7-12 mm, 8-13 mm, 13-16 mm.<\/p>\n","protected":false},"excerpt":{"rendered":"<p>Palette compacte pour 6 lignes avec des cils noirs classiques. Ils sont fabriqu\u00e9s en monofilament flexible et r\u00e9silient de haute qualit\u00e9. En raison de sa grande \u00e9lasticit\u00e9, les cils ne se froissent pas et ne perdent pas leur courbure. La fibre est l\u00e9g\u00e8re et douce, la texture ne se distingue pas des cils naturels. Les [&hellip;]<\/p>\n","protected":false},"featured_media":6697,"template":"","meta":{"_acf_changed":false,"inline_featured_image":false},"product_cat":[116,118],"product_tag":[],"class_list":{"0":"post-5184","1":"product","2":"type-product","3":"status-publish","4":"has-post-thumbnail","6":"product_brand-enigma","7":"product_cat-extension-de-cils","8":"product_cat-cils-noirs","10":"first","11":"instock","12":"shipping-taxable","13":"purchasable","14":"product-type-variable"},"acf":[],"yoast_head":"<!-- This site is optimized with the Yoast SEO plugin v26.6 - https:\/\/yoast.com\/wordpress\/plugins\/seo\/ -->\n<title>Cils noirs ENIGMA (une longueur) 6 lignes - LASHES&amp;BROWS by Nataliya Reinhard<\/title>\n<meta name=\"description\" content=\"Palette compacte pour 6 lignes avec cils noirs classiques en monofilament, l\u00e9gers et durables, disponibles en plusieurs longueurs et \u00e9paisseurs.\" \/>\n<meta name=\"robots\" content=\"index, follow, max-snippet:-1, max-image-preview:large, max-video-preview:-1\" \/>\n<link rel=\"canonical\" href=\"https:\/\/www.art-natur.ch\/fr\/produit\/cils-noirs-enigma-une-longueur-6-lignes\/\" \/>\n<meta property=\"og:locale\" content=\"fr_FR\" \/>\n<meta property=\"og:type\" content=\"article\" \/>\n<meta property=\"og:title\" content=\"Cils noirs ENIGMA (une longueur) 6 lignes - LASHES&amp;BROWS by Nataliya Reinhard\" \/>\n<meta property=\"og:description\" content=\"Palette compacte pour 6 lignes avec cils noirs classiques en monofilament, l\u00e9gers et durables, disponibles en plusieurs longueurs et \u00e9paisseurs.\" \/>\n<meta property=\"og:url\" content=\"https:\/\/www.art-natur.ch\/fr\/produit\/cils-noirs-enigma-une-longueur-6-lignes\/\" \/>\n<meta property=\"og:site_name\" content=\"LASHES&amp;BROWS by Nataliya Reinhard\" \/>\n<meta property=\"article:modified_time\" content=\"2024-10-18T12:52:59+00:00\" \/>\n<meta property=\"og:image\" content=\"https:\/\/www.art-natur.ch\/wp-content\/uploads\/2024\/10\/2172179142-Photoroom.png\" \/>\n\t<meta property=\"og:image:width\" content=\"1280\" \/>\n\t<meta property=\"og:image:height\" content=\"1280\" \/>\n\t<meta property=\"og:image:type\" content=\"image\/png\" \/>\n<meta name=\"twitter:card\" content=\"summary_large_image\" \/>\n<meta name=\"twitter:label1\" content=\"Dur\u00e9e de lecture estim\u00e9e\" \/>\n\t<meta name=\"twitter:data1\" content=\"2 minutes\" \/>\n<script type=\"application\/ld+json\" class=\"yoast-schema-graph\">{\"@context\":\"https:\/\/schema.org\",\"@graph\":[{\"@type\":\"WebPage\",\"@id\":\"https:\/\/www.art-natur.ch\/fr\/produit\/cils-noirs-enigma-une-longueur-6-lignes\/\",\"url\":\"https:\/\/www.art-natur.ch\/fr\/produit\/cils-noirs-enigma-une-longueur-6-lignes\/\",\"name\":\"Cils noirs ENIGMA (une longueur) 6 lignes - LASHES&amp;BROWS by Nataliya Reinhard\",\"isPartOf\":{\"@id\":\"https:\/\/www.art-natur.ch\/fr\/#website\"},\"primaryImageOfPage\":{\"@id\":\"https:\/\/www.art-natur.ch\/fr\/produit\/cils-noirs-enigma-une-longueur-6-lignes\/#primaryimage\"},\"image\":{\"@id\":\"https:\/\/www.art-natur.ch\/fr\/produit\/cils-noirs-enigma-une-longueur-6-lignes\/#primaryimage\"},\"thumbnailUrl\":\"https:\/\/www.art-natur.ch\/wp-content\/uploads\/2024\/10\/2172179142-Photoroom.png\",\"datePublished\":\"2024-10-01T20:58:51+00:00\",\"dateModified\":\"2024-10-18T12:52:59+00:00\",\"description\":\"Palette compacte pour 6 lignes avec cils noirs classiques en monofilament, l\u00e9gers et durables, disponibles en plusieurs longueurs et \u00e9paisseurs.\",\"breadcrumb\":{\"@id\":\"https:\/\/www.art-natur.ch\/fr\/produit\/cils-noirs-enigma-une-longueur-6-lignes\/#breadcrumb\"},\"inLanguage\":\"fr-FR\",\"potentialAction\":[{\"@type\":\"ReadAction\",\"target\":[\"https:\/\/www.art-natur.ch\/fr\/produit\/cils-noirs-enigma-une-longueur-6-lignes\/\"]}]},{\"@type\":\"ImageObject\",\"inLanguage\":\"fr-FR\",\"@id\":\"https:\/\/www.art-natur.ch\/fr\/produit\/cils-noirs-enigma-une-longueur-6-lignes\/#primaryimage\",\"url\":\"https:\/\/www.art-natur.ch\/wp-content\/uploads\/2024\/10\/2172179142-Photoroom.png\",\"contentUrl\":\"https:\/\/www.art-natur.ch\/wp-content\/uploads\/2024\/10\/2172179142-Photoroom.png\",\"width\":1280,\"height\":1280},{\"@type\":\"BreadcrumbList\",\"@id\":\"https:\/\/www.art-natur.ch\/fr\/produit\/cils-noirs-enigma-une-longueur-6-lignes\/#breadcrumb\",\"itemListElement\":[{\"@type\":\"ListItem\",\"position\":1,\"name\":\"Home\",\"item\":\"https:\/\/www.art-natur.ch\/fr\/\"},{\"@type\":\"ListItem\",\"position\":2,\"name\":\"Boutique\",\"item\":\"https:\/\/www.art-natur.ch\/shop\/\"},{\"@type\":\"ListItem\",\"position\":3,\"name\":\"Cils noirs ENIGMA (une longueur) 6 lignes\"}]},{\"@type\":\"WebSite\",\"@id\":\"https:\/\/www.art-natur.ch\/fr\/#website\",\"url\":\"https:\/\/www.art-natur.ch\/fr\/\",\"name\":\"LASHES&amp;BROWS by Nataliya Reinhard\",\"description\":\"High-quality lash and brow services with attention to every detail\",\"potentialAction\":[{\"@type\":\"SearchAction\",\"target\":{\"@type\":\"EntryPoint\",\"urlTemplate\":\"https:\/\/www.art-natur.ch\/fr\/?s={search_term_string}\"},\"query-input\":{\"@type\":\"PropertyValueSpecification\",\"valueRequired\":true,\"valueName\":\"search_term_string\"}}],\"inLanguage\":\"fr-FR\"}]}<\/script>\n<!-- \/ Yoast SEO plugin. -->","yoast_head_json":{"title":"Cils noirs ENIGMA (une longueur) 6 lignes - LASHES&amp;BROWS by Nataliya Reinhard","description":"Palette compacte pour 6 lignes avec cils noirs classiques en monofilament, l\u00e9gers et durables, disponibles en plusieurs longueurs et \u00e9paisseurs.","robots":{"index":"index","follow":"follow","max-snippet":"max-snippet:-1","max-image-preview":"max-image-preview:large","max-video-preview":"max-video-preview:-1"},"canonical":"https:\/\/www.art-natur.ch\/fr\/produit\/cils-noirs-enigma-une-longueur-6-lignes\/","og_locale":"fr_FR","og_type":"article","og_title":"Cils noirs ENIGMA (une longueur) 6 lignes - LASHES&amp;BROWS by Nataliya Reinhard","og_description":"Palette compacte pour 6 lignes avec cils noirs classiques en monofilament, l\u00e9gers et durables, disponibles en plusieurs longueurs et \u00e9paisseurs.","og_url":"https:\/\/www.art-natur.ch\/fr\/produit\/cils-noirs-enigma-une-longueur-6-lignes\/","og_site_name":"LASHES&amp;BROWS by Nataliya Reinhard","article_modified_time":"2024-10-18T12:52:59+00:00","og_image":[{"width":1280,"height":1280,"url":"https:\/\/www.art-natur.ch\/wp-content\/uploads\/2024\/10\/2172179142-Photoroom.png","type":"image\/png"}],"twitter_card":"summary_large_image","twitter_misc":{"Dur\u00e9e de lecture estim\u00e9e":"2 minutes"},"schema":{"@context":"https:\/\/schema.org","@graph":[{"@type":"WebPage","@id":"https:\/\/www.art-natur.ch\/fr\/produit\/cils-noirs-enigma-une-longueur-6-lignes\/","url":"https:\/\/www.art-natur.ch\/fr\/produit\/cils-noirs-enigma-une-longueur-6-lignes\/","name":"Cils noirs ENIGMA (une longueur) 6 lignes - LASHES&amp;BROWS by Nataliya Reinhard","isPartOf":{"@id":"https:\/\/www.art-natur.ch\/fr\/#website"},"primaryImageOfPage":{"@id":"https:\/\/www.art-natur.ch\/fr\/produit\/cils-noirs-enigma-une-longueur-6-lignes\/#primaryimage"},"image":{"@id":"https:\/\/www.art-natur.ch\/fr\/produit\/cils-noirs-enigma-une-longueur-6-lignes\/#primaryimage"},"thumbnailUrl":"https:\/\/www.art-natur.ch\/wp-content\/uploads\/2024\/10\/2172179142-Photoroom.png","datePublished":"2024-10-01T20:58:51+00:00","dateModified":"2024-10-18T12:52:59+00:00","description":"Palette compacte pour 6 lignes avec cils noirs classiques en monofilament, l\u00e9gers et durables, disponibles en plusieurs longueurs et \u00e9paisseurs.","breadcrumb":{"@id":"https:\/\/www.art-natur.ch\/fr\/produit\/cils-noirs-enigma-une-longueur-6-lignes\/#breadcrumb"},"inLanguage":"fr-FR","potentialAction":[{"@type":"ReadAction","target":["https:\/\/www.art-natur.ch\/fr\/produit\/cils-noirs-enigma-une-longueur-6-lignes\/"]}]},{"@type":"ImageObject","inLanguage":"fr-FR","@id":"https:\/\/www.art-natur.ch\/fr\/produit\/cils-noirs-enigma-une-longueur-6-lignes\/#primaryimage","url":"https:\/\/www.art-natur.ch\/wp-content\/uploads\/2024\/10\/2172179142-Photoroom.png","contentUrl":"https:\/\/www.art-natur.ch\/wp-content\/uploads\/2024\/10\/2172179142-Photoroom.png","width":1280,"height":1280},{"@type":"BreadcrumbList","@id":"https:\/\/www.art-natur.ch\/fr\/produit\/cils-noirs-enigma-une-longueur-6-lignes\/#breadcrumb","itemListElement":[{"@type":"ListItem","position":1,"name":"Home","item":"https:\/\/www.art-natur.ch\/fr\/"},{"@type":"ListItem","position":2,"name":"Boutique","item":"https:\/\/www.art-natur.ch\/shop\/"},{"@type":"ListItem","position":3,"name":"Cils noirs ENIGMA (une longueur) 6 lignes"}]},{"@type":"WebSite","@id":"https:\/\/www.art-natur.ch\/fr\/#website","url":"https:\/\/www.art-natur.ch\/fr\/","name":"LASHES&amp;BROWS by Nataliya Reinhard","description":"High-quality lash and brow services with attention to every detail","potentialAction":[{"@type":"SearchAction","target":{"@type":"EntryPoint","urlTemplate":"https:\/\/www.art-natur.ch\/fr\/?s={search_term_string}"},"query-input":{"@type":"PropertyValueSpecification","valueRequired":true,"valueName":"search_term_string"}}],"inLanguage":"fr-FR"}]}},"_links":{"self":[{"href":"https:\/\/www.art-natur.ch\/fr\/wp-json\/wp\/v2\/product\/5184","targetHints":{"allow":["GET"]}}],"collection":[{"href":"https:\/\/www.art-natur.ch\/fr\/wp-json\/wp\/v2\/product"}],"about":[{"href":"https:\/\/www.art-natur.ch\/fr\/wp-json\/wp\/v2\/types\/product"}],"wp:featuredmedia":[{"embeddable":true,"href":"https:\/\/www.art-natur.ch\/fr\/wp-json\/wp\/v2\/media\/6697"}],"wp:attachment":[{"href":"https:\/\/www.art-natur.ch\/fr\/wp-json\/wp\/v2\/media?parent=5184"}],"wp:term":[{"taxonomy":"product_cat","embeddable":true,"href":"https:\/\/www.art-natur.ch\/fr\/wp-json\/wp\/v2\/product_cat?post=5184"},{"taxonomy":"product_tag","embeddable":true,"href":"https:\/\/www.art-natur.ch\/fr\/wp-json\/wp\/v2\/product_tag?post=5184"}],"curies":[{"name":"wp","href":"https:\/\/api.w.org\/{rel}","templated":true}]}}