{"id":5209,"date":"2024-10-01T22:14:59","date_gmt":"2024-10-01T21:14:59","guid":{"rendered":"https:\/\/www.art-natur.ch\/product\/colle-noir-lovely-cleopatra\/"},"modified":"2025-09-23T17:26:15","modified_gmt":"2025-09-23T16:26:15","slug":"colle-noir-lovely-cleopatra","status":"publish","type":"product","link":"https:\/\/www.art-natur.ch\/fr\/produit\/colle-noir-lovely-cleopatra\/","title":{"rendered":"Colle Lovely \u00ab\u00a0Cleopatra\u00a0\u00bb"},"content":{"rendered":"<p>Colle pour extension de cils Cleopatra<\/p>\n<p>La derni\u00e8re formule d&rsquo;extension des cils.<\/p>\n<p>Pour les las\u00e9ristes exp\u00e9riment\u00e9s<br \/>\n* Couleur : noir<br \/>\n* Vitesse de pr\u00e9hension : 1 sec.<br \/>\n* Force adh\u00e9sive : jusqu&rsquo;\u00e0 8 semaines<br \/>\n* Consistance liquide<br \/>\n* Fum\u00e9es minimales<br \/>\n* R\u00e9sistant aux changements des conditions ext\u00e9rieures (t, humidit\u00e9)<br \/>\nPour l&rsquo;utiliser, verser une petite quantit\u00e9 de colle sur une surface sp\u00e9ciale, par exemple un bac \u00e0 colle, une pierre de jade, etc. et plonger une partie du cil dans la goutte de colle. \u00c9vitez tout contact avec la peau.<br \/>\nConserver dans un endroit frais, hors de port\u00e9e des enfants et loin du feu.<br \/>\nIl est important d&rsquo;\u00e9ponger rapidement le bec verseur avec un chiffon non pelucheux apr\u00e8s avoir utilis\u00e9 la colle pour \u00e9viter qu&rsquo;elle ne s&rsquo;obstrue.<br \/>\nIl est recommand\u00e9 de le secouer horizontalement avant de l&rsquo;utiliser.<br \/>\nPr\u00e9cautions : \u00c9viter tout contact avec les yeux. En cas de contact, rincer abondamment \u00e0 l&rsquo;eau et consulter un m\u00e9decin si n\u00e9cessaire.<br \/>\nLes conditions de travail id\u00e9ales pour l&rsquo;application de la colle sont une temp\u00e9rature de +18 \u00e0 +22 et une humidit\u00e9 de 40 \u00e0 70.<br \/>\nLa dur\u00e9e de conservation est de 6 mois \u00e0 partir de la date de production.<br \/>\nApr\u00e8s ouverture, la dur\u00e9e de conservation de l&rsquo;adh\u00e9sif est de 2 mois.<br \/>\nApr\u00e8s la date de p\u00e9remption, la colle commence \u00e0 perdre ses propri\u00e9t\u00e9s, la force de la colle diminue.<br \/>\nL&rsquo;utilisation d&rsquo;une telle colle n&rsquo;est pas recommand\u00e9e, car elle affecte le port des cils.<br \/>\nPour \u00e9viter de jeter de la colle p\u00e9rim\u00e9e non utilis\u00e9e, achetez autant de colle que vous pouvez en utiliser en 2 mois.<\/p>\n","protected":false},"excerpt":{"rendered":"<p>Colle pour extension de cils Cleopatra La derni\u00e8re formule d&rsquo;extension des cils. Pour les las\u00e9ristes exp\u00e9riment\u00e9s * Couleur : noir * Vitesse de pr\u00e9hension : 1 sec. * Force adh\u00e9sive : jusqu&rsquo;\u00e0 8 semaines * Consistance liquide * Fum\u00e9es minimales * R\u00e9sistant aux changements des conditions ext\u00e9rieures (t, humidit\u00e9) Pour l&rsquo;utiliser, verser une petite quantit\u00e9 [&hellip;]<\/p>\n","protected":false},"featured_media":10202,"template":"","meta":{"_acf_changed":false,"inline_featured_image":false},"product_cat":[116,179],"product_tag":[],"class_list":{"0":"post-5209","1":"product","2":"type-product","3":"status-publish","4":"has-post-thumbnail","6":"product_brand-lovely","7":"product_cat-extension-de-cils","8":"product_cat-les-colles","10":"first","11":"onbackorder","12":"shipping-taxable","13":"purchasable","14":"product-type-variable"},"acf":[],"yoast_head":"<!-- This site is optimized with the Yoast SEO plugin v26.6 - https:\/\/yoast.com\/wordpress\/plugins\/seo\/ -->\n<title>Colle Lovely &quot;Cleopatra&quot; - LASHES&amp;BROWS by Nataliya Reinhard<\/title>\n<meta name=\"description\" content=\"Colle pour extensions de cils Cleopatra : noire, vitesse de prise 1 seconde, tenue jusqu&#039;\u00e0 8 semaines, consistance liquide.\" \/>\n<meta name=\"robots\" content=\"index, follow, max-snippet:-1, max-image-preview:large, max-video-preview:-1\" \/>\n<link rel=\"canonical\" href=\"https:\/\/www.art-natur.ch\/fr\/produit\/colle-noir-lovely-cleopatra\/\" \/>\n<meta property=\"og:locale\" content=\"fr_FR\" \/>\n<meta property=\"og:type\" content=\"article\" \/>\n<meta property=\"og:title\" content=\"Colle Lovely &quot;Cleopatra&quot; - LASHES&amp;BROWS by Nataliya Reinhard\" \/>\n<meta property=\"og:description\" content=\"Colle pour extensions de cils Cleopatra : noire, vitesse de prise 1 seconde, tenue jusqu&#039;\u00e0 8 semaines, consistance liquide.\" \/>\n<meta property=\"og:url\" content=\"https:\/\/www.art-natur.ch\/fr\/produit\/colle-noir-lovely-cleopatra\/\" \/>\n<meta property=\"og:site_name\" content=\"LASHES&amp;BROWS by Nataliya Reinhard\" \/>\n<meta property=\"article:modified_time\" content=\"2025-09-23T16:26:15+00:00\" \/>\n<meta property=\"og:image\" content=\"https:\/\/www.art-natur.ch\/wp-content\/uploads\/2024\/10\/2074603374-Photoroom.png\" \/>\n\t<meta property=\"og:image:width\" content=\"1080\" \/>\n\t<meta property=\"og:image:height\" content=\"1080\" \/>\n\t<meta property=\"og:image:type\" content=\"image\/png\" \/>\n<meta name=\"twitter:card\" content=\"summary_large_image\" \/>\n<meta name=\"twitter:label1\" content=\"Dur\u00e9e de lecture estim\u00e9e\" \/>\n\t<meta name=\"twitter:data1\" content=\"1 minute\" \/>\n<script type=\"application\/ld+json\" class=\"yoast-schema-graph\">{\"@context\":\"https:\/\/schema.org\",\"@graph\":[{\"@type\":\"WebPage\",\"@id\":\"https:\/\/www.art-natur.ch\/fr\/produit\/colle-noir-lovely-cleopatra\/\",\"url\":\"https:\/\/www.art-natur.ch\/fr\/produit\/colle-noir-lovely-cleopatra\/\",\"name\":\"Colle Lovely \\\"Cleopatra\\\" - LASHES&amp;BROWS by Nataliya Reinhard\",\"isPartOf\":{\"@id\":\"https:\/\/www.art-natur.ch\/fr\/#website\"},\"primaryImageOfPage\":{\"@id\":\"https:\/\/www.art-natur.ch\/fr\/produit\/colle-noir-lovely-cleopatra\/#primaryimage\"},\"image\":{\"@id\":\"https:\/\/www.art-natur.ch\/fr\/produit\/colle-noir-lovely-cleopatra\/#primaryimage\"},\"thumbnailUrl\":\"https:\/\/www.art-natur.ch\/wp-content\/uploads\/2024\/10\/ap09gxq0tl77tkmntj303vx2db1ehjdn1.jpg\",\"datePublished\":\"2024-10-01T21:14:59+00:00\",\"dateModified\":\"2025-09-23T16:26:15+00:00\",\"description\":\"Colle pour extensions de cils Cleopatra : noire, vitesse de prise 1 seconde, tenue jusqu'\u00e0 8 semaines, consistance liquide.\",\"breadcrumb\":{\"@id\":\"https:\/\/www.art-natur.ch\/fr\/produit\/colle-noir-lovely-cleopatra\/#breadcrumb\"},\"inLanguage\":\"fr-FR\",\"potentialAction\":[{\"@type\":\"ReadAction\",\"target\":[\"https:\/\/www.art-natur.ch\/fr\/produit\/colle-noir-lovely-cleopatra\/\"]}]},{\"@type\":\"ImageObject\",\"inLanguage\":\"fr-FR\",\"@id\":\"https:\/\/www.art-natur.ch\/fr\/produit\/colle-noir-lovely-cleopatra\/#primaryimage\",\"url\":\"https:\/\/www.art-natur.ch\/wp-content\/uploads\/2024\/10\/ap09gxq0tl77tkmntj303vx2db1ehjdn1.jpg\",\"contentUrl\":\"https:\/\/www.art-natur.ch\/wp-content\/uploads\/2024\/10\/ap09gxq0tl77tkmntj303vx2db1ehjdn1.jpg\",\"width\":1280,\"height\":1280},{\"@type\":\"BreadcrumbList\",\"@id\":\"https:\/\/www.art-natur.ch\/fr\/produit\/colle-noir-lovely-cleopatra\/#breadcrumb\",\"itemListElement\":[{\"@type\":\"ListItem\",\"position\":1,\"name\":\"Home\",\"item\":\"https:\/\/www.art-natur.ch\/fr\/\"},{\"@type\":\"ListItem\",\"position\":2,\"name\":\"Boutique\",\"item\":\"https:\/\/www.art-natur.ch\/shop\/\"},{\"@type\":\"ListItem\",\"position\":3,\"name\":\"Colle Lovely \u00ab\u00a0Cleopatra\u00a0\u00bb\"}]},{\"@type\":\"WebSite\",\"@id\":\"https:\/\/www.art-natur.ch\/fr\/#website\",\"url\":\"https:\/\/www.art-natur.ch\/fr\/\",\"name\":\"LASHES&amp;BROWS by Nataliya Reinhard\",\"description\":\"High-quality lash and brow services with attention to every detail\",\"potentialAction\":[{\"@type\":\"SearchAction\",\"target\":{\"@type\":\"EntryPoint\",\"urlTemplate\":\"https:\/\/www.art-natur.ch\/fr\/?s={search_term_string}\"},\"query-input\":{\"@type\":\"PropertyValueSpecification\",\"valueRequired\":true,\"valueName\":\"search_term_string\"}}],\"inLanguage\":\"fr-FR\"}]}<\/script>\n<!-- \/ Yoast SEO plugin. -->","yoast_head_json":{"title":"Colle Lovely \"Cleopatra\" - LASHES&amp;BROWS by Nataliya Reinhard","description":"Colle pour extensions de cils Cleopatra : noire, vitesse de prise 1 seconde, tenue jusqu'\u00e0 8 semaines, consistance liquide.","robots":{"index":"index","follow":"follow","max-snippet":"max-snippet:-1","max-image-preview":"max-image-preview:large","max-video-preview":"max-video-preview:-1"},"canonical":"https:\/\/www.art-natur.ch\/fr\/produit\/colle-noir-lovely-cleopatra\/","og_locale":"fr_FR","og_type":"article","og_title":"Colle Lovely \"Cleopatra\" - LASHES&amp;BROWS by Nataliya Reinhard","og_description":"Colle pour extensions de cils Cleopatra : noire, vitesse de prise 1 seconde, tenue jusqu'\u00e0 8 semaines, consistance liquide.","og_url":"https:\/\/www.art-natur.ch\/fr\/produit\/colle-noir-lovely-cleopatra\/","og_site_name":"LASHES&amp;BROWS by Nataliya Reinhard","article_modified_time":"2025-09-23T16:26:15+00:00","og_image":[{"width":1080,"height":1080,"url":"https:\/\/www.art-natur.ch\/wp-content\/uploads\/2024\/10\/2074603374-Photoroom.png","type":"image\/png"}],"twitter_card":"summary_large_image","twitter_misc":{"Dur\u00e9e de lecture estim\u00e9e":"1 minute"},"schema":{"@context":"https:\/\/schema.org","@graph":[{"@type":"WebPage","@id":"https:\/\/www.art-natur.ch\/fr\/produit\/colle-noir-lovely-cleopatra\/","url":"https:\/\/www.art-natur.ch\/fr\/produit\/colle-noir-lovely-cleopatra\/","name":"Colle Lovely \"Cleopatra\" - LASHES&amp;BROWS by Nataliya Reinhard","isPartOf":{"@id":"https:\/\/www.art-natur.ch\/fr\/#website"},"primaryImageOfPage":{"@id":"https:\/\/www.art-natur.ch\/fr\/produit\/colle-noir-lovely-cleopatra\/#primaryimage"},"image":{"@id":"https:\/\/www.art-natur.ch\/fr\/produit\/colle-noir-lovely-cleopatra\/#primaryimage"},"thumbnailUrl":"https:\/\/www.art-natur.ch\/wp-content\/uploads\/2024\/10\/ap09gxq0tl77tkmntj303vx2db1ehjdn1.jpg","datePublished":"2024-10-01T21:14:59+00:00","dateModified":"2025-09-23T16:26:15+00:00","description":"Colle pour extensions de cils Cleopatra : noire, vitesse de prise 1 seconde, tenue jusqu'\u00e0 8 semaines, consistance liquide.","breadcrumb":{"@id":"https:\/\/www.art-natur.ch\/fr\/produit\/colle-noir-lovely-cleopatra\/#breadcrumb"},"inLanguage":"fr-FR","potentialAction":[{"@type":"ReadAction","target":["https:\/\/www.art-natur.ch\/fr\/produit\/colle-noir-lovely-cleopatra\/"]}]},{"@type":"ImageObject","inLanguage":"fr-FR","@id":"https:\/\/www.art-natur.ch\/fr\/produit\/colle-noir-lovely-cleopatra\/#primaryimage","url":"https:\/\/www.art-natur.ch\/wp-content\/uploads\/2024\/10\/ap09gxq0tl77tkmntj303vx2db1ehjdn1.jpg","contentUrl":"https:\/\/www.art-natur.ch\/wp-content\/uploads\/2024\/10\/ap09gxq0tl77tkmntj303vx2db1ehjdn1.jpg","width":1280,"height":1280},{"@type":"BreadcrumbList","@id":"https:\/\/www.art-natur.ch\/fr\/produit\/colle-noir-lovely-cleopatra\/#breadcrumb","itemListElement":[{"@type":"ListItem","position":1,"name":"Home","item":"https:\/\/www.art-natur.ch\/fr\/"},{"@type":"ListItem","position":2,"name":"Boutique","item":"https:\/\/www.art-natur.ch\/shop\/"},{"@type":"ListItem","position":3,"name":"Colle Lovely \u00ab\u00a0Cleopatra\u00a0\u00bb"}]},{"@type":"WebSite","@id":"https:\/\/www.art-natur.ch\/fr\/#website","url":"https:\/\/www.art-natur.ch\/fr\/","name":"LASHES&amp;BROWS by Nataliya Reinhard","description":"High-quality lash and brow services with attention to every detail","potentialAction":[{"@type":"SearchAction","target":{"@type":"EntryPoint","urlTemplate":"https:\/\/www.art-natur.ch\/fr\/?s={search_term_string}"},"query-input":{"@type":"PropertyValueSpecification","valueRequired":true,"valueName":"search_term_string"}}],"inLanguage":"fr-FR"}]}},"_links":{"self":[{"href":"https:\/\/www.art-natur.ch\/fr\/wp-json\/wp\/v2\/product\/5209","targetHints":{"allow":["GET"]}}],"collection":[{"href":"https:\/\/www.art-natur.ch\/fr\/wp-json\/wp\/v2\/product"}],"about":[{"href":"https:\/\/www.art-natur.ch\/fr\/wp-json\/wp\/v2\/types\/product"}],"wp:featuredmedia":[{"embeddable":true,"href":"https:\/\/www.art-natur.ch\/fr\/wp-json\/wp\/v2\/media\/10202"}],"wp:attachment":[{"href":"https:\/\/www.art-natur.ch\/fr\/wp-json\/wp\/v2\/media?parent=5209"}],"wp:term":[{"taxonomy":"product_cat","embeddable":true,"href":"https:\/\/www.art-natur.ch\/fr\/wp-json\/wp\/v2\/product_cat?post=5209"},{"taxonomy":"product_tag","embeddable":true,"href":"https:\/\/www.art-natur.ch\/fr\/wp-json\/wp\/v2\/product_tag?post=5209"}],"curies":[{"name":"wp","href":"https:\/\/api.w.org\/{rel}","templated":true}]}}