{"id":5227,"date":"2024-10-01T22:24:13","date_gmt":"2024-10-01T20:24:13","guid":{"rendered":"https:\/\/www.art-natur.ch\/product\/colle-noir-lovely-focus\/"},"modified":"2025-01-18T19:54:44","modified_gmt":"2025-01-18T18:54:44","slug":"colle-noir-lovely-focus","status":"publish","type":"product","link":"https:\/\/www.art-natur.ch\/fr\/produit\/colle-noir-lovely-focus\/","title":{"rendered":"Colle Lovely \u00ab\u00a0Focus\u00a0\u00bb"},"content":{"rendered":"<p>La colle Focus pour extensions de cils est une toute nouvelle colle Lovely qui agit tr\u00e8s rapidement, m\u00eame dans des conditions de faible humidit\u00e9.<br \/>\nGr\u00e2ce \u00e0 sa formule am\u00e9lior\u00e9e, la vitesse de collage est inf\u00e9rieure \u00e0 0,5 seconde et les cils durent jusqu&rsquo;\u00e0 8 semaines !<br \/>\nLa colle a une consistance liquide, une \u00e9vaporation minimale et est parfaitement adapt\u00e9e au travail des artisans exp\u00e9riment\u00e9s.<br \/>\nLa colle Focus est disponible en quantit\u00e9s uniques de 6 ml et 11 ml, soit 1 ml de plus que les colles Lovely standard.<br \/>\nUne colle id\u00e9ale pour les artistes des cils les plus exp\u00e9riment\u00e9s.<br \/>\nCouleur : noir<br \/>\nVitesse de liaison : 0,5 sec.<br \/>\nPouvoir adh\u00e9sif jusqu&rsquo;\u00e0 8 semaines<br \/>\nExcellent pour le volume<br \/>\nDurabilit\u00e9 garantie des cils<br \/>\n\u00c9vaporation minimale, \u00e9lastique apr\u00e8s s\u00e9chage.<br \/>\nPour l&rsquo;utiliser, verser une petite quantit\u00e9 de colle sur une surface sp\u00e9ciale, par exemple un bac \u00e0 colle, une pierre de jade, etc. et plonger une partie du cil dans une goutte de colle. \u00c9vitez tout contact avec la peau.<br \/>\nConserver dans un endroit frais, hors de port\u00e9e des enfants et loin du feu.<br \/>\nIl est important d&rsquo;\u00e9ponger rapidement le bec verseur avec un chiffon non pelucheux apr\u00e8s avoir utilis\u00e9 la colle pour \u00e9viter qu&rsquo;elle ne s&rsquo;obstrue.<br \/>\nIl est recommand\u00e9 de le secouer horizontalement avant de l&rsquo;utiliser.<br \/>\nPr\u00e9cautions : \u00c9viter tout contact avec les yeux. En cas de contact, rincer abondamment \u00e0 l&rsquo;eau et consulter un m\u00e9decin si n\u00e9cessaire.<br \/>\nLes conditions de travail id\u00e9ales pour l&rsquo;application de la colle sont une temp\u00e9rature de +18 \u00e0 +24 et une humidit\u00e9 de 40 \u00e0 70.<br \/>\nLa dur\u00e9e de conservation est de 6 mois \u00e0 partir de la date de production.<br \/>\nApr\u00e8s ouverture, la dur\u00e9e de conservation de l&rsquo;adh\u00e9sif est de 2 mois.<br \/>\nApr\u00e8s la date de p\u00e9remption, la colle commence \u00e0 perdre ses propri\u00e9t\u00e9s, la force de la colle diminue.<br \/>\nL&rsquo;utilisation d&rsquo;une telle colle n&rsquo;est pas recommand\u00e9e, car elle affecte le port des cils.<br \/>\nPour \u00e9viter de jeter de la colle p\u00e9rim\u00e9e non utilis\u00e9e, achetez autant de colle que vous pouvez en utiliser en 2 mois.<\/p>\n","protected":false},"excerpt":{"rendered":"<p>La colle Focus pour extensions de cils est une toute nouvelle colle Lovely qui agit tr\u00e8s rapidement, m\u00eame dans des conditions de faible humidit\u00e9. Gr\u00e2ce \u00e0 sa formule am\u00e9lior\u00e9e, la vitesse de collage est inf\u00e9rieure \u00e0 0,5 seconde et les cils durent jusqu&rsquo;\u00e0 8 semaines ! La colle a une consistance liquide, une \u00e9vaporation minimale [&hellip;]<\/p>\n","protected":false},"featured_media":6680,"template":"","meta":{"_acf_changed":false,"inline_featured_image":false},"product_cat":[116,179],"product_tag":[],"class_list":{"0":"post-5227","1":"product","2":"type-product","3":"status-publish","4":"has-post-thumbnail","6":"product_brand-lovely","7":"product_cat-extension-de-cils","8":"product_cat-les-colles","10":"first","11":"instock","12":"shipping-taxable","13":"purchasable","14":"product-type-variable"},"acf":[],"yoast_head":"<!-- This site is optimized with the Yoast SEO plugin v26.6 - https:\/\/yoast.com\/wordpress\/plugins\/seo\/ -->\n<title>Colle Lovely &quot;Focus&quot; - LASHES&amp;BROWS by Nataliya Reinhard<\/title>\n<meta name=\"description\" content=\"Colle pour extensions de cils Focus : prise en 0,5 seconde, tenue jusqu&#039;\u00e0 8 semaines. Consistance liquide, \u00e9vaporation minimale.\" \/>\n<meta name=\"robots\" content=\"index, follow, max-snippet:-1, max-image-preview:large, max-video-preview:-1\" \/>\n<link rel=\"canonical\" href=\"https:\/\/www.art-natur.ch\/fr\/produit\/colle-noir-lovely-focus\/\" \/>\n<meta property=\"og:locale\" content=\"fr_FR\" \/>\n<meta property=\"og:type\" content=\"article\" \/>\n<meta property=\"og:title\" content=\"Colle Lovely &quot;Focus&quot; - LASHES&amp;BROWS by Nataliya Reinhard\" \/>\n<meta property=\"og:description\" content=\"Colle pour extensions de cils Focus : prise en 0,5 seconde, tenue jusqu&#039;\u00e0 8 semaines. Consistance liquide, \u00e9vaporation minimale.\" \/>\n<meta property=\"og:url\" content=\"https:\/\/www.art-natur.ch\/fr\/produit\/colle-noir-lovely-focus\/\" \/>\n<meta property=\"og:site_name\" content=\"LASHES&amp;BROWS by Nataliya Reinhard\" \/>\n<meta property=\"article:modified_time\" content=\"2025-01-18T18:54:44+00:00\" \/>\n<meta property=\"og:image\" content=\"https:\/\/www.art-natur.ch\/wp-content\/uploads\/2024\/10\/4133840813-Photoroom.png\" \/>\n\t<meta property=\"og:image:width\" content=\"1280\" \/>\n\t<meta property=\"og:image:height\" content=\"1280\" \/>\n\t<meta property=\"og:image:type\" content=\"image\/png\" \/>\n<meta name=\"twitter:card\" content=\"summary_large_image\" \/>\n<meta name=\"twitter:label1\" content=\"Dur\u00e9e de lecture estim\u00e9e\" \/>\n\t<meta name=\"twitter:data1\" content=\"2 minutes\" \/>\n<script type=\"application\/ld+json\" class=\"yoast-schema-graph\">{\"@context\":\"https:\/\/schema.org\",\"@graph\":[{\"@type\":\"WebPage\",\"@id\":\"https:\/\/www.art-natur.ch\/fr\/produit\/colle-noir-lovely-focus\/\",\"url\":\"https:\/\/www.art-natur.ch\/fr\/produit\/colle-noir-lovely-focus\/\",\"name\":\"Colle Lovely \\\"Focus\\\" - LASHES&amp;BROWS by Nataliya Reinhard\",\"isPartOf\":{\"@id\":\"https:\/\/www.art-natur.ch\/fr\/#website\"},\"primaryImageOfPage\":{\"@id\":\"https:\/\/www.art-natur.ch\/fr\/produit\/colle-noir-lovely-focus\/#primaryimage\"},\"image\":{\"@id\":\"https:\/\/www.art-natur.ch\/fr\/produit\/colle-noir-lovely-focus\/#primaryimage\"},\"thumbnailUrl\":\"https:\/\/www.art-natur.ch\/wp-content\/uploads\/2024\/10\/4133840813-Photoroom.png\",\"datePublished\":\"2024-10-01T20:24:13+00:00\",\"dateModified\":\"2025-01-18T18:54:44+00:00\",\"description\":\"Colle pour extensions de cils Focus : prise en 0,5 seconde, tenue jusqu'\u00e0 8 semaines. Consistance liquide, \u00e9vaporation minimale.\",\"breadcrumb\":{\"@id\":\"https:\/\/www.art-natur.ch\/fr\/produit\/colle-noir-lovely-focus\/#breadcrumb\"},\"inLanguage\":\"fr-FR\",\"potentialAction\":[{\"@type\":\"ReadAction\",\"target\":[\"https:\/\/www.art-natur.ch\/fr\/produit\/colle-noir-lovely-focus\/\"]}]},{\"@type\":\"ImageObject\",\"inLanguage\":\"fr-FR\",\"@id\":\"https:\/\/www.art-natur.ch\/fr\/produit\/colle-noir-lovely-focus\/#primaryimage\",\"url\":\"https:\/\/www.art-natur.ch\/wp-content\/uploads\/2024\/10\/4133840813-Photoroom.png\",\"contentUrl\":\"https:\/\/www.art-natur.ch\/wp-content\/uploads\/2024\/10\/4133840813-Photoroom.png\",\"width\":1280,\"height\":1280},{\"@type\":\"BreadcrumbList\",\"@id\":\"https:\/\/www.art-natur.ch\/fr\/produit\/colle-noir-lovely-focus\/#breadcrumb\",\"itemListElement\":[{\"@type\":\"ListItem\",\"position\":1,\"name\":\"Home\",\"item\":\"https:\/\/www.art-natur.ch\/fr\/\"},{\"@type\":\"ListItem\",\"position\":2,\"name\":\"Boutique\",\"item\":\"https:\/\/www.art-natur.ch\/shop\/\"},{\"@type\":\"ListItem\",\"position\":3,\"name\":\"Colle Lovely &#8222;Focus&#8220;\"}]},{\"@type\":\"WebSite\",\"@id\":\"https:\/\/www.art-natur.ch\/fr\/#website\",\"url\":\"https:\/\/www.art-natur.ch\/fr\/\",\"name\":\"LASHES&amp;BROWS by Nataliya Reinhard\",\"description\":\"High-quality lash and brow services with attention to every detail\",\"potentialAction\":[{\"@type\":\"SearchAction\",\"target\":{\"@type\":\"EntryPoint\",\"urlTemplate\":\"https:\/\/www.art-natur.ch\/fr\/?s={search_term_string}\"},\"query-input\":{\"@type\":\"PropertyValueSpecification\",\"valueRequired\":true,\"valueName\":\"search_term_string\"}}],\"inLanguage\":\"fr-FR\"}]}<\/script>\n<!-- \/ Yoast SEO plugin. -->","yoast_head_json":{"title":"Colle Lovely \"Focus\" - LASHES&amp;BROWS by Nataliya Reinhard","description":"Colle pour extensions de cils Focus : prise en 0,5 seconde, tenue jusqu'\u00e0 8 semaines. Consistance liquide, \u00e9vaporation minimale.","robots":{"index":"index","follow":"follow","max-snippet":"max-snippet:-1","max-image-preview":"max-image-preview:large","max-video-preview":"max-video-preview:-1"},"canonical":"https:\/\/www.art-natur.ch\/fr\/produit\/colle-noir-lovely-focus\/","og_locale":"fr_FR","og_type":"article","og_title":"Colle Lovely \"Focus\" - LASHES&amp;BROWS by Nataliya Reinhard","og_description":"Colle pour extensions de cils Focus : prise en 0,5 seconde, tenue jusqu'\u00e0 8 semaines. Consistance liquide, \u00e9vaporation minimale.","og_url":"https:\/\/www.art-natur.ch\/fr\/produit\/colle-noir-lovely-focus\/","og_site_name":"LASHES&amp;BROWS by Nataliya Reinhard","article_modified_time":"2025-01-18T18:54:44+00:00","og_image":[{"width":1280,"height":1280,"url":"https:\/\/www.art-natur.ch\/wp-content\/uploads\/2024\/10\/4133840813-Photoroom.png","type":"image\/png"}],"twitter_card":"summary_large_image","twitter_misc":{"Dur\u00e9e de lecture estim\u00e9e":"2 minutes"},"schema":{"@context":"https:\/\/schema.org","@graph":[{"@type":"WebPage","@id":"https:\/\/www.art-natur.ch\/fr\/produit\/colle-noir-lovely-focus\/","url":"https:\/\/www.art-natur.ch\/fr\/produit\/colle-noir-lovely-focus\/","name":"Colle Lovely \"Focus\" - LASHES&amp;BROWS by Nataliya Reinhard","isPartOf":{"@id":"https:\/\/www.art-natur.ch\/fr\/#website"},"primaryImageOfPage":{"@id":"https:\/\/www.art-natur.ch\/fr\/produit\/colle-noir-lovely-focus\/#primaryimage"},"image":{"@id":"https:\/\/www.art-natur.ch\/fr\/produit\/colle-noir-lovely-focus\/#primaryimage"},"thumbnailUrl":"https:\/\/www.art-natur.ch\/wp-content\/uploads\/2024\/10\/4133840813-Photoroom.png","datePublished":"2024-10-01T20:24:13+00:00","dateModified":"2025-01-18T18:54:44+00:00","description":"Colle pour extensions de cils Focus : prise en 0,5 seconde, tenue jusqu'\u00e0 8 semaines. Consistance liquide, \u00e9vaporation minimale.","breadcrumb":{"@id":"https:\/\/www.art-natur.ch\/fr\/produit\/colle-noir-lovely-focus\/#breadcrumb"},"inLanguage":"fr-FR","potentialAction":[{"@type":"ReadAction","target":["https:\/\/www.art-natur.ch\/fr\/produit\/colle-noir-lovely-focus\/"]}]},{"@type":"ImageObject","inLanguage":"fr-FR","@id":"https:\/\/www.art-natur.ch\/fr\/produit\/colle-noir-lovely-focus\/#primaryimage","url":"https:\/\/www.art-natur.ch\/wp-content\/uploads\/2024\/10\/4133840813-Photoroom.png","contentUrl":"https:\/\/www.art-natur.ch\/wp-content\/uploads\/2024\/10\/4133840813-Photoroom.png","width":1280,"height":1280},{"@type":"BreadcrumbList","@id":"https:\/\/www.art-natur.ch\/fr\/produit\/colle-noir-lovely-focus\/#breadcrumb","itemListElement":[{"@type":"ListItem","position":1,"name":"Home","item":"https:\/\/www.art-natur.ch\/fr\/"},{"@type":"ListItem","position":2,"name":"Boutique","item":"https:\/\/www.art-natur.ch\/shop\/"},{"@type":"ListItem","position":3,"name":"Colle Lovely &#8222;Focus&#8220;"}]},{"@type":"WebSite","@id":"https:\/\/www.art-natur.ch\/fr\/#website","url":"https:\/\/www.art-natur.ch\/fr\/","name":"LASHES&amp;BROWS by Nataliya Reinhard","description":"High-quality lash and brow services with attention to every detail","potentialAction":[{"@type":"SearchAction","target":{"@type":"EntryPoint","urlTemplate":"https:\/\/www.art-natur.ch\/fr\/?s={search_term_string}"},"query-input":{"@type":"PropertyValueSpecification","valueRequired":true,"valueName":"search_term_string"}}],"inLanguage":"fr-FR"}]}},"_links":{"self":[{"href":"https:\/\/www.art-natur.ch\/fr\/wp-json\/wp\/v2\/product\/5227","targetHints":{"allow":["GET"]}}],"collection":[{"href":"https:\/\/www.art-natur.ch\/fr\/wp-json\/wp\/v2\/product"}],"about":[{"href":"https:\/\/www.art-natur.ch\/fr\/wp-json\/wp\/v2\/types\/product"}],"wp:featuredmedia":[{"embeddable":true,"href":"https:\/\/www.art-natur.ch\/fr\/wp-json\/wp\/v2\/media\/6680"}],"wp:attachment":[{"href":"https:\/\/www.art-natur.ch\/fr\/wp-json\/wp\/v2\/media?parent=5227"}],"wp:term":[{"taxonomy":"product_cat","embeddable":true,"href":"https:\/\/www.art-natur.ch\/fr\/wp-json\/wp\/v2\/product_cat?post=5227"},{"taxonomy":"product_tag","embeddable":true,"href":"https:\/\/www.art-natur.ch\/fr\/wp-json\/wp\/v2\/product_tag?post=5227"}],"curies":[{"name":"wp","href":"https:\/\/api.w.org\/{rel}","templated":true}]}}