{"id":5261,"date":"2024-10-01T22:34:59","date_gmt":"2024-10-01T21:34:59","guid":{"rendered":"https:\/\/www.art-natur.ch\/product\/colle-noir-lovely-neo\/"},"modified":"2025-01-18T19:57:34","modified_gmt":"2025-01-18T18:57:34","slug":"colle-noir-lovely-neo","status":"publish","type":"product","link":"https:\/\/www.art-natur.ch\/fr\/produit\/colle-noir-lovely-neo\/","title":{"rendered":"Colle Lovely \u00ab\u00a0Neo\u00a0\u00bb\u00a0"},"content":{"rendered":"<p>Colle pour les extenseurs de cils exp\u00e9riment\u00e9s.<br \/>\nCouleur : noir<br \/>\nVitesse de liaison : 1 sec<br \/>\nPouvoir adh\u00e9sif jusqu&rsquo;\u00e0 8 semaines<br \/>\nExcellent pour volumiser<br \/>\nGarantie d&rsquo;une longue dur\u00e9e de vie des cils<br \/>\nFum\u00e9es minimes, \u00e9lastique une fois sec.<br \/>\nPour l&rsquo;utiliser, verser une petite quantit\u00e9 de colle sur une surface sp\u00e9ciale, par exemple une palette de colle, une pierre de jade, etc. et plonger une partie du cil dans une goutte de colle. \u00c9vitez tout contact avec la peau.<br \/>\nConserver dans un endroit frais, hors de port\u00e9e des enfants et loin du feu.<br \/>\nIl est important, apr\u00e8s avoir utilis\u00e9 la colle, de tamponner rapidement le bec verseur avec un chiffon non pelucheux pour \u00e9viter qu&rsquo;il ne se bouche.<br \/>\nIl est recommand\u00e9 de secouer horizontalement avant l&rsquo;utilisation.<br \/>\nPr\u00e9cautions : \u00c9viter tout contact avec les yeux. En cas de contact, rincer abondamment \u00e0 l&rsquo;eau et consulter un m\u00e9decin si n\u00e9cessaire.<br \/>\nLes conditions de travail id\u00e9ales pour l&rsquo;application de l&rsquo;adh\u00e9sif sont une temp\u00e9rature de +18 \u00e0 +24 et une humidit\u00e9 de 40 \u00e0 70.<br \/>\nLa p\u00e9riode de validit\u00e9 \u00e0 partir de la date de production est de 6 mois.<br \/>\nApr\u00e8s ouverture, la dur\u00e9e de conservation de l&rsquo;adh\u00e9sif est de 2 mois.<br \/>\nPass\u00e9 ce d\u00e9lai, l&rsquo;adh\u00e9sif commence \u00e0 perdre ses propri\u00e9t\u00e9s, la force adh\u00e9sive diminue.<br \/>\nIl n&rsquo;est pas recommand\u00e9 d&rsquo;utiliser cette colle, car elle affecte la tenue des cils.<br \/>\nPour \u00e9viter de jeter de la colle p\u00e9rim\u00e9e non utilis\u00e9e, achetez autant de colle que vous pouvez en utiliser en 2 mois.<\/p>\n","protected":false},"excerpt":{"rendered":"<p>Colle pour les extenseurs de cils exp\u00e9riment\u00e9s. Couleur : noir Vitesse de liaison : 1 sec Pouvoir adh\u00e9sif jusqu&rsquo;\u00e0 8 semaines Excellent pour volumiser Garantie d&rsquo;une longue dur\u00e9e de vie des cils Fum\u00e9es minimes, \u00e9lastique une fois sec. Pour l&rsquo;utiliser, verser une petite quantit\u00e9 de colle sur une surface sp\u00e9ciale, par exemple une palette de [&hellip;]<\/p>\n","protected":false},"featured_media":6624,"template":"","meta":{"_acf_changed":false,"inline_featured_image":false},"product_cat":[116,179],"product_tag":[],"class_list":{"0":"post-5261","1":"product","2":"type-product","3":"status-publish","4":"has-post-thumbnail","6":"product_brand-lovely","7":"product_cat-extension-de-cils","8":"product_cat-les-colles","10":"first","11":"onbackorder","12":"shipping-taxable","13":"purchasable","14":"product-type-variable"},"acf":[],"yoast_head":"<!-- This site is optimized with the Yoast SEO plugin v26.6 - https:\/\/yoast.com\/wordpress\/plugins\/seo\/ -->\n<title>Colle Lovely &quot;Neo&quot;\u00a0 - LASHES&amp;BROWS by Nataliya Reinhard<\/title>\n<meta name=\"description\" content=\"Colle pour extensions de cils destin\u00e9e aux professionnels exp\u00e9riment\u00e9s : noire, vitesse de prise 1 seconde, tenue jusqu&#039;\u00e0 8 semaines. Fum\u00e9e minimale, \u00e9lastique apr\u00e8s s\u00e9chage.\" \/>\n<meta name=\"robots\" content=\"index, follow, max-snippet:-1, max-image-preview:large, max-video-preview:-1\" \/>\n<link rel=\"canonical\" href=\"https:\/\/www.art-natur.ch\/fr\/produit\/colle-noir-lovely-neo\/\" \/>\n<meta property=\"og:locale\" content=\"fr_FR\" \/>\n<meta property=\"og:type\" content=\"article\" \/>\n<meta property=\"og:title\" content=\"Colle Lovely &quot;Neo&quot;\u00a0 - LASHES&amp;BROWS by Nataliya Reinhard\" \/>\n<meta property=\"og:description\" content=\"Colle pour extensions de cils destin\u00e9e aux professionnels exp\u00e9riment\u00e9s : noire, vitesse de prise 1 seconde, tenue jusqu&#039;\u00e0 8 semaines. Fum\u00e9e minimale, \u00e9lastique apr\u00e8s s\u00e9chage.\" \/>\n<meta property=\"og:url\" content=\"https:\/\/www.art-natur.ch\/fr\/produit\/colle-noir-lovely-neo\/\" \/>\n<meta property=\"og:site_name\" content=\"LASHES&amp;BROWS by Nataliya Reinhard\" \/>\n<meta property=\"article:modified_time\" content=\"2025-01-18T18:57:34+00:00\" \/>\n<meta property=\"og:image\" content=\"https:\/\/www.art-natur.ch\/wp-content\/uploads\/2024\/10\/4133843995-Photoroom.png\" \/>\n\t<meta property=\"og:image:width\" content=\"1080\" \/>\n\t<meta property=\"og:image:height\" content=\"1080\" \/>\n\t<meta property=\"og:image:type\" content=\"image\/png\" \/>\n<meta name=\"twitter:card\" content=\"summary_large_image\" \/>\n<meta name=\"twitter:label1\" content=\"Dur\u00e9e de lecture estim\u00e9e\" \/>\n\t<meta name=\"twitter:data1\" content=\"1 minute\" \/>\n<script type=\"application\/ld+json\" class=\"yoast-schema-graph\">{\"@context\":\"https:\/\/schema.org\",\"@graph\":[{\"@type\":\"WebPage\",\"@id\":\"https:\/\/www.art-natur.ch\/fr\/produit\/colle-noir-lovely-neo\/\",\"url\":\"https:\/\/www.art-natur.ch\/fr\/produit\/colle-noir-lovely-neo\/\",\"name\":\"Colle Lovely \\\"Neo\\\"\u00a0 - LASHES&amp;BROWS by Nataliya Reinhard\",\"isPartOf\":{\"@id\":\"https:\/\/www.art-natur.ch\/fr\/#website\"},\"primaryImageOfPage\":{\"@id\":\"https:\/\/www.art-natur.ch\/fr\/produit\/colle-noir-lovely-neo\/#primaryimage\"},\"image\":{\"@id\":\"https:\/\/www.art-natur.ch\/fr\/produit\/colle-noir-lovely-neo\/#primaryimage\"},\"thumbnailUrl\":\"https:\/\/www.art-natur.ch\/wp-content\/uploads\/2024\/10\/4133843995-Photoroom.png\",\"datePublished\":\"2024-10-01T21:34:59+00:00\",\"dateModified\":\"2025-01-18T18:57:34+00:00\",\"description\":\"Colle pour extensions de cils destin\u00e9e aux professionnels exp\u00e9riment\u00e9s : noire, vitesse de prise 1 seconde, tenue jusqu'\u00e0 8 semaines. Fum\u00e9e minimale, \u00e9lastique apr\u00e8s s\u00e9chage.\",\"breadcrumb\":{\"@id\":\"https:\/\/www.art-natur.ch\/fr\/produit\/colle-noir-lovely-neo\/#breadcrumb\"},\"inLanguage\":\"fr-FR\",\"potentialAction\":[{\"@type\":\"ReadAction\",\"target\":[\"https:\/\/www.art-natur.ch\/fr\/produit\/colle-noir-lovely-neo\/\"]}]},{\"@type\":\"ImageObject\",\"inLanguage\":\"fr-FR\",\"@id\":\"https:\/\/www.art-natur.ch\/fr\/produit\/colle-noir-lovely-neo\/#primaryimage\",\"url\":\"https:\/\/www.art-natur.ch\/wp-content\/uploads\/2024\/10\/4133843995-Photoroom.png\",\"contentUrl\":\"https:\/\/www.art-natur.ch\/wp-content\/uploads\/2024\/10\/4133843995-Photoroom.png\",\"width\":1080,\"height\":1080},{\"@type\":\"BreadcrumbList\",\"@id\":\"https:\/\/www.art-natur.ch\/fr\/produit\/colle-noir-lovely-neo\/#breadcrumb\",\"itemListElement\":[{\"@type\":\"ListItem\",\"position\":1,\"name\":\"Home\",\"item\":\"https:\/\/www.art-natur.ch\/fr\/\"},{\"@type\":\"ListItem\",\"position\":2,\"name\":\"Boutique\",\"item\":\"https:\/\/www.art-natur.ch\/shop\/\"},{\"@type\":\"ListItem\",\"position\":3,\"name\":\"Colle Lovely \u00ab\u00a0Neo\u00a0\u00bb\u00a0\"}]},{\"@type\":\"WebSite\",\"@id\":\"https:\/\/www.art-natur.ch\/fr\/#website\",\"url\":\"https:\/\/www.art-natur.ch\/fr\/\",\"name\":\"LASHES&amp;BROWS by Nataliya Reinhard\",\"description\":\"High-quality lash and brow services with attention to every detail\",\"potentialAction\":[{\"@type\":\"SearchAction\",\"target\":{\"@type\":\"EntryPoint\",\"urlTemplate\":\"https:\/\/www.art-natur.ch\/fr\/?s={search_term_string}\"},\"query-input\":{\"@type\":\"PropertyValueSpecification\",\"valueRequired\":true,\"valueName\":\"search_term_string\"}}],\"inLanguage\":\"fr-FR\"}]}<\/script>\n<!-- \/ Yoast SEO plugin. -->","yoast_head_json":{"title":"Colle Lovely \"Neo\"\u00a0 - LASHES&amp;BROWS by Nataliya Reinhard","description":"Colle pour extensions de cils destin\u00e9e aux professionnels exp\u00e9riment\u00e9s : noire, vitesse de prise 1 seconde, tenue jusqu'\u00e0 8 semaines. Fum\u00e9e minimale, \u00e9lastique apr\u00e8s s\u00e9chage.","robots":{"index":"index","follow":"follow","max-snippet":"max-snippet:-1","max-image-preview":"max-image-preview:large","max-video-preview":"max-video-preview:-1"},"canonical":"https:\/\/www.art-natur.ch\/fr\/produit\/colle-noir-lovely-neo\/","og_locale":"fr_FR","og_type":"article","og_title":"Colle Lovely \"Neo\"\u00a0 - LASHES&amp;BROWS by Nataliya Reinhard","og_description":"Colle pour extensions de cils destin\u00e9e aux professionnels exp\u00e9riment\u00e9s : noire, vitesse de prise 1 seconde, tenue jusqu'\u00e0 8 semaines. Fum\u00e9e minimale, \u00e9lastique apr\u00e8s s\u00e9chage.","og_url":"https:\/\/www.art-natur.ch\/fr\/produit\/colle-noir-lovely-neo\/","og_site_name":"LASHES&amp;BROWS by Nataliya Reinhard","article_modified_time":"2025-01-18T18:57:34+00:00","og_image":[{"width":1080,"height":1080,"url":"https:\/\/www.art-natur.ch\/wp-content\/uploads\/2024\/10\/4133843995-Photoroom.png","type":"image\/png"}],"twitter_card":"summary_large_image","twitter_misc":{"Dur\u00e9e de lecture estim\u00e9e":"1 minute"},"schema":{"@context":"https:\/\/schema.org","@graph":[{"@type":"WebPage","@id":"https:\/\/www.art-natur.ch\/fr\/produit\/colle-noir-lovely-neo\/","url":"https:\/\/www.art-natur.ch\/fr\/produit\/colle-noir-lovely-neo\/","name":"Colle Lovely \"Neo\"\u00a0 - LASHES&amp;BROWS by Nataliya Reinhard","isPartOf":{"@id":"https:\/\/www.art-natur.ch\/fr\/#website"},"primaryImageOfPage":{"@id":"https:\/\/www.art-natur.ch\/fr\/produit\/colle-noir-lovely-neo\/#primaryimage"},"image":{"@id":"https:\/\/www.art-natur.ch\/fr\/produit\/colle-noir-lovely-neo\/#primaryimage"},"thumbnailUrl":"https:\/\/www.art-natur.ch\/wp-content\/uploads\/2024\/10\/4133843995-Photoroom.png","datePublished":"2024-10-01T21:34:59+00:00","dateModified":"2025-01-18T18:57:34+00:00","description":"Colle pour extensions de cils destin\u00e9e aux professionnels exp\u00e9riment\u00e9s : noire, vitesse de prise 1 seconde, tenue jusqu'\u00e0 8 semaines. Fum\u00e9e minimale, \u00e9lastique apr\u00e8s s\u00e9chage.","breadcrumb":{"@id":"https:\/\/www.art-natur.ch\/fr\/produit\/colle-noir-lovely-neo\/#breadcrumb"},"inLanguage":"fr-FR","potentialAction":[{"@type":"ReadAction","target":["https:\/\/www.art-natur.ch\/fr\/produit\/colle-noir-lovely-neo\/"]}]},{"@type":"ImageObject","inLanguage":"fr-FR","@id":"https:\/\/www.art-natur.ch\/fr\/produit\/colle-noir-lovely-neo\/#primaryimage","url":"https:\/\/www.art-natur.ch\/wp-content\/uploads\/2024\/10\/4133843995-Photoroom.png","contentUrl":"https:\/\/www.art-natur.ch\/wp-content\/uploads\/2024\/10\/4133843995-Photoroom.png","width":1080,"height":1080},{"@type":"BreadcrumbList","@id":"https:\/\/www.art-natur.ch\/fr\/produit\/colle-noir-lovely-neo\/#breadcrumb","itemListElement":[{"@type":"ListItem","position":1,"name":"Home","item":"https:\/\/www.art-natur.ch\/fr\/"},{"@type":"ListItem","position":2,"name":"Boutique","item":"https:\/\/www.art-natur.ch\/shop\/"},{"@type":"ListItem","position":3,"name":"Colle Lovely \u00ab\u00a0Neo\u00a0\u00bb\u00a0"}]},{"@type":"WebSite","@id":"https:\/\/www.art-natur.ch\/fr\/#website","url":"https:\/\/www.art-natur.ch\/fr\/","name":"LASHES&amp;BROWS by Nataliya Reinhard","description":"High-quality lash and brow services with attention to every detail","potentialAction":[{"@type":"SearchAction","target":{"@type":"EntryPoint","urlTemplate":"https:\/\/www.art-natur.ch\/fr\/?s={search_term_string}"},"query-input":{"@type":"PropertyValueSpecification","valueRequired":true,"valueName":"search_term_string"}}],"inLanguage":"fr-FR"}]}},"_links":{"self":[{"href":"https:\/\/www.art-natur.ch\/fr\/wp-json\/wp\/v2\/product\/5261","targetHints":{"allow":["GET"]}}],"collection":[{"href":"https:\/\/www.art-natur.ch\/fr\/wp-json\/wp\/v2\/product"}],"about":[{"href":"https:\/\/www.art-natur.ch\/fr\/wp-json\/wp\/v2\/types\/product"}],"wp:featuredmedia":[{"embeddable":true,"href":"https:\/\/www.art-natur.ch\/fr\/wp-json\/wp\/v2\/media\/6624"}],"wp:attachment":[{"href":"https:\/\/www.art-natur.ch\/fr\/wp-json\/wp\/v2\/media?parent=5261"}],"wp:term":[{"taxonomy":"product_cat","embeddable":true,"href":"https:\/\/www.art-natur.ch\/fr\/wp-json\/wp\/v2\/product_cat?post=5261"},{"taxonomy":"product_tag","embeddable":true,"href":"https:\/\/www.art-natur.ch\/fr\/wp-json\/wp\/v2\/product_tag?post=5261"}],"curies":[{"name":"wp","href":"https:\/\/api.w.org\/{rel}","templated":true}]}}