{"id":5890,"date":"2024-10-02T09:59:31","date_gmt":"2024-10-02T08:59:31","guid":{"rendered":"https:\/\/www.art-natur.ch\/product\/extensions-de-cils-silicone-20-lignes-melange\/"},"modified":"2026-01-14T23:05:14","modified_gmt":"2026-01-14T22:05:14","slug":"extensions-de-cils-silicone-20-lignes-melange","status":"publish","type":"product","link":"https:\/\/www.art-natur.ch\/fr\/produit\/extensions-de-cils-silicone-20-lignes-melange\/","title":{"rendered":"Cils noirs \u00ab\u00a0Silicone\u00a0\u00bb &#8211; Mix de 16-20 lignes."},"content":{"rendered":"<p>Les cils sont fabriqu\u00e9s en fibre de haute qualit\u00e9, \u00e9lastique, et ont une base ronde sur la coupe. Les cils \u00ab\u00a0Silicone\u00a0\u00bb ont une brillance naturelle douce et des pointes courtes. Ils gardent parfaitement leur forme pendant le port. La palette de 16-20 lignes contient de 4300 \u00e0 13 000 cils selon leur \u00e9paisseur. La gamme des cils Silicone vous plaira avec un large choix de courbures, d&rsquo;\u00e9paisseurs et de longueurs qui vous permettront de cr\u00e9er aussi bien des extensions classiques que des volumes incroyables. Les cils sont disponibles dans des palettes de 16-20 lignes.<\/p>\n","protected":false},"excerpt":{"rendered":"<p>Les cils sont fabriqu\u00e9s en fibre de haute qualit\u00e9, \u00e9lastique, et ont une base ronde sur la coupe. Les cils \u00ab\u00a0Silicone\u00a0\u00bb ont une brillance naturelle douce et des pointes courtes. Ils gardent parfaitement leur forme pendant le port. La palette de 16-20 lignes contient de 4300 \u00e0 13 000 cils selon leur \u00e9paisseur. La gamme [&hellip;]<\/p>\n","protected":false},"featured_media":6644,"template":"","meta":{"_acf_changed":false,"inline_featured_image":false},"product_cat":[116,118],"product_tag":[],"class_list":{"0":"post-5890","1":"product","2":"type-product","3":"status-publish","4":"has-post-thumbnail","6":"product_brand-lovely","7":"product_cat-extension-de-cils","8":"product_cat-cils-noirs","10":"first","11":"instock","12":"shipping-taxable","13":"purchasable","14":"product-type-variable"},"acf":[],"yoast_head":"<!-- This site is optimized with the Yoast SEO plugin v26.6 - https:\/\/yoast.com\/wordpress\/plugins\/seo\/ -->\n<title>Cils noirs &quot;Silicone&quot; - Mix de 16-20 lignes. - LASHES&amp;BROWS by Nataliya Reinhard<\/title>\n<meta name=\"description\" content=\"Les cils sont fabriqu\u00e9s \u00e0 partir de fibres \u00e9lastiques de haute qualit\u00e9 et ont une base ronde. Les cils &quot;Silicone&quot; brillent naturellement et conservent parfaitement leur forme.\" \/>\n<meta name=\"robots\" content=\"index, follow, max-snippet:-1, max-image-preview:large, max-video-preview:-1\" \/>\n<link rel=\"canonical\" href=\"https:\/\/www.art-natur.ch\/fr\/produit\/extensions-de-cils-silicone-20-lignes-melange\/\" \/>\n<meta property=\"og:locale\" content=\"fr_FR\" \/>\n<meta property=\"og:type\" content=\"article\" \/>\n<meta property=\"og:title\" content=\"Cils noirs &quot;Silicone&quot; - Mix de 16-20 lignes. - LASHES&amp;BROWS by Nataliya Reinhard\" \/>\n<meta property=\"og:description\" content=\"Les cils sont fabriqu\u00e9s \u00e0 partir de fibres \u00e9lastiques de haute qualit\u00e9 et ont une base ronde. Les cils &quot;Silicone&quot; brillent naturellement et conservent parfaitement leur forme.\" \/>\n<meta property=\"og:url\" content=\"https:\/\/www.art-natur.ch\/fr\/produit\/extensions-de-cils-silicone-20-lignes-melange\/\" \/>\n<meta property=\"og:site_name\" content=\"LASHES&amp;BROWS by Nataliya Reinhard\" \/>\n<meta property=\"article:modified_time\" content=\"2026-01-14T22:05:14+00:00\" \/>\n<meta property=\"og:image\" content=\"https:\/\/www.art-natur.ch\/wp-content\/uploads\/2024\/10\/2081154316-Photoroom.png\" \/>\n\t<meta property=\"og:image:width\" content=\"1024\" \/>\n\t<meta property=\"og:image:height\" content=\"721\" \/>\n\t<meta property=\"og:image:type\" content=\"image\/png\" \/>\n<meta name=\"twitter:card\" content=\"summary_large_image\" \/>\n<script type=\"application\/ld+json\" class=\"yoast-schema-graph\">{\"@context\":\"https:\/\/schema.org\",\"@graph\":[{\"@type\":\"WebPage\",\"@id\":\"https:\/\/www.art-natur.ch\/fr\/produit\/extensions-de-cils-silicone-20-lignes-melange\/\",\"url\":\"https:\/\/www.art-natur.ch\/fr\/produit\/extensions-de-cils-silicone-20-lignes-melange\/\",\"name\":\"Cils noirs \\\"Silicone\\\" - Mix de 16-20 lignes. - LASHES&amp;BROWS by Nataliya Reinhard\",\"isPartOf\":{\"@id\":\"https:\/\/www.art-natur.ch\/fr\/#website\"},\"primaryImageOfPage\":{\"@id\":\"https:\/\/www.art-natur.ch\/fr\/produit\/extensions-de-cils-silicone-20-lignes-melange\/#primaryimage\"},\"image\":{\"@id\":\"https:\/\/www.art-natur.ch\/fr\/produit\/extensions-de-cils-silicone-20-lignes-melange\/#primaryimage\"},\"thumbnailUrl\":\"https:\/\/www.art-natur.ch\/wp-content\/uploads\/2024\/10\/2081154316-Photoroom.png\",\"datePublished\":\"2024-10-02T08:59:31+00:00\",\"dateModified\":\"2026-01-14T22:05:14+00:00\",\"description\":\"Les cils sont fabriqu\u00e9s \u00e0 partir de fibres \u00e9lastiques de haute qualit\u00e9 et ont une base ronde. Les cils \\\"Silicone\\\" brillent naturellement et conservent parfaitement leur forme.\",\"breadcrumb\":{\"@id\":\"https:\/\/www.art-natur.ch\/fr\/produit\/extensions-de-cils-silicone-20-lignes-melange\/#breadcrumb\"},\"inLanguage\":\"fr-FR\",\"potentialAction\":[{\"@type\":\"ReadAction\",\"target\":[\"https:\/\/www.art-natur.ch\/fr\/produit\/extensions-de-cils-silicone-20-lignes-melange\/\"]}]},{\"@type\":\"ImageObject\",\"inLanguage\":\"fr-FR\",\"@id\":\"https:\/\/www.art-natur.ch\/fr\/produit\/extensions-de-cils-silicone-20-lignes-melange\/#primaryimage\",\"url\":\"https:\/\/www.art-natur.ch\/wp-content\/uploads\/2024\/10\/2081154316-Photoroom.png\",\"contentUrl\":\"https:\/\/www.art-natur.ch\/wp-content\/uploads\/2024\/10\/2081154316-Photoroom.png\",\"width\":1024,\"height\":721},{\"@type\":\"BreadcrumbList\",\"@id\":\"https:\/\/www.art-natur.ch\/fr\/produit\/extensions-de-cils-silicone-20-lignes-melange\/#breadcrumb\",\"itemListElement\":[{\"@type\":\"ListItem\",\"position\":1,\"name\":\"Home\",\"item\":\"https:\/\/www.art-natur.ch\/fr\/\"},{\"@type\":\"ListItem\",\"position\":2,\"name\":\"Boutique\",\"item\":\"https:\/\/www.art-natur.ch\/shop\/\"},{\"@type\":\"ListItem\",\"position\":3,\"name\":\"Cils noirs \u00ab\u00a0Silicone\u00a0\u00bb &#8211; Mix de 16-20 lignes.\"}]},{\"@type\":\"WebSite\",\"@id\":\"https:\/\/www.art-natur.ch\/fr\/#website\",\"url\":\"https:\/\/www.art-natur.ch\/fr\/\",\"name\":\"LASHES&amp;BROWS by Nataliya Reinhard\",\"description\":\"High-quality lash and brow services with attention to every detail\",\"potentialAction\":[{\"@type\":\"SearchAction\",\"target\":{\"@type\":\"EntryPoint\",\"urlTemplate\":\"https:\/\/www.art-natur.ch\/fr\/?s={search_term_string}\"},\"query-input\":{\"@type\":\"PropertyValueSpecification\",\"valueRequired\":true,\"valueName\":\"search_term_string\"}}],\"inLanguage\":\"fr-FR\"}]}<\/script>\n<!-- \/ Yoast SEO plugin. -->","yoast_head_json":{"title":"Cils noirs \"Silicone\" - Mix de 16-20 lignes. - LASHES&amp;BROWS by Nataliya Reinhard","description":"Les cils sont fabriqu\u00e9s \u00e0 partir de fibres \u00e9lastiques de haute qualit\u00e9 et ont une base ronde. Les cils \"Silicone\" brillent naturellement et conservent parfaitement leur forme.","robots":{"index":"index","follow":"follow","max-snippet":"max-snippet:-1","max-image-preview":"max-image-preview:large","max-video-preview":"max-video-preview:-1"},"canonical":"https:\/\/www.art-natur.ch\/fr\/produit\/extensions-de-cils-silicone-20-lignes-melange\/","og_locale":"fr_FR","og_type":"article","og_title":"Cils noirs \"Silicone\" - Mix de 16-20 lignes. - LASHES&amp;BROWS by Nataliya Reinhard","og_description":"Les cils sont fabriqu\u00e9s \u00e0 partir de fibres \u00e9lastiques de haute qualit\u00e9 et ont une base ronde. Les cils \"Silicone\" brillent naturellement et conservent parfaitement leur forme.","og_url":"https:\/\/www.art-natur.ch\/fr\/produit\/extensions-de-cils-silicone-20-lignes-melange\/","og_site_name":"LASHES&amp;BROWS by Nataliya Reinhard","article_modified_time":"2026-01-14T22:05:14+00:00","og_image":[{"width":1024,"height":721,"url":"https:\/\/www.art-natur.ch\/wp-content\/uploads\/2024\/10\/2081154316-Photoroom.png","type":"image\/png"}],"twitter_card":"summary_large_image","schema":{"@context":"https:\/\/schema.org","@graph":[{"@type":"WebPage","@id":"https:\/\/www.art-natur.ch\/fr\/produit\/extensions-de-cils-silicone-20-lignes-melange\/","url":"https:\/\/www.art-natur.ch\/fr\/produit\/extensions-de-cils-silicone-20-lignes-melange\/","name":"Cils noirs \"Silicone\" - Mix de 16-20 lignes. - LASHES&amp;BROWS by Nataliya Reinhard","isPartOf":{"@id":"https:\/\/www.art-natur.ch\/fr\/#website"},"primaryImageOfPage":{"@id":"https:\/\/www.art-natur.ch\/fr\/produit\/extensions-de-cils-silicone-20-lignes-melange\/#primaryimage"},"image":{"@id":"https:\/\/www.art-natur.ch\/fr\/produit\/extensions-de-cils-silicone-20-lignes-melange\/#primaryimage"},"thumbnailUrl":"https:\/\/www.art-natur.ch\/wp-content\/uploads\/2024\/10\/2081154316-Photoroom.png","datePublished":"2024-10-02T08:59:31+00:00","dateModified":"2026-01-14T22:05:14+00:00","description":"Les cils sont fabriqu\u00e9s \u00e0 partir de fibres \u00e9lastiques de haute qualit\u00e9 et ont une base ronde. Les cils \"Silicone\" brillent naturellement et conservent parfaitement leur forme.","breadcrumb":{"@id":"https:\/\/www.art-natur.ch\/fr\/produit\/extensions-de-cils-silicone-20-lignes-melange\/#breadcrumb"},"inLanguage":"fr-FR","potentialAction":[{"@type":"ReadAction","target":["https:\/\/www.art-natur.ch\/fr\/produit\/extensions-de-cils-silicone-20-lignes-melange\/"]}]},{"@type":"ImageObject","inLanguage":"fr-FR","@id":"https:\/\/www.art-natur.ch\/fr\/produit\/extensions-de-cils-silicone-20-lignes-melange\/#primaryimage","url":"https:\/\/www.art-natur.ch\/wp-content\/uploads\/2024\/10\/2081154316-Photoroom.png","contentUrl":"https:\/\/www.art-natur.ch\/wp-content\/uploads\/2024\/10\/2081154316-Photoroom.png","width":1024,"height":721},{"@type":"BreadcrumbList","@id":"https:\/\/www.art-natur.ch\/fr\/produit\/extensions-de-cils-silicone-20-lignes-melange\/#breadcrumb","itemListElement":[{"@type":"ListItem","position":1,"name":"Home","item":"https:\/\/www.art-natur.ch\/fr\/"},{"@type":"ListItem","position":2,"name":"Boutique","item":"https:\/\/www.art-natur.ch\/shop\/"},{"@type":"ListItem","position":3,"name":"Cils noirs \u00ab\u00a0Silicone\u00a0\u00bb &#8211; Mix de 16-20 lignes."}]},{"@type":"WebSite","@id":"https:\/\/www.art-natur.ch\/fr\/#website","url":"https:\/\/www.art-natur.ch\/fr\/","name":"LASHES&amp;BROWS by Nataliya Reinhard","description":"High-quality lash and brow services with attention to every detail","potentialAction":[{"@type":"SearchAction","target":{"@type":"EntryPoint","urlTemplate":"https:\/\/www.art-natur.ch\/fr\/?s={search_term_string}"},"query-input":{"@type":"PropertyValueSpecification","valueRequired":true,"valueName":"search_term_string"}}],"inLanguage":"fr-FR"}]}},"_links":{"self":[{"href":"https:\/\/www.art-natur.ch\/fr\/wp-json\/wp\/v2\/product\/5890","targetHints":{"allow":["GET"]}}],"collection":[{"href":"https:\/\/www.art-natur.ch\/fr\/wp-json\/wp\/v2\/product"}],"about":[{"href":"https:\/\/www.art-natur.ch\/fr\/wp-json\/wp\/v2\/types\/product"}],"wp:featuredmedia":[{"embeddable":true,"href":"https:\/\/www.art-natur.ch\/fr\/wp-json\/wp\/v2\/media\/6644"}],"wp:attachment":[{"href":"https:\/\/www.art-natur.ch\/fr\/wp-json\/wp\/v2\/media?parent=5890"}],"wp:term":[{"taxonomy":"product_cat","embeddable":true,"href":"https:\/\/www.art-natur.ch\/fr\/wp-json\/wp\/v2\/product_cat?post=5890"},{"taxonomy":"product_tag","embeddable":true,"href":"https:\/\/www.art-natur.ch\/fr\/wp-json\/wp\/v2\/product_tag?post=5890"}],"curies":[{"name":"wp","href":"https:\/\/api.w.org\/{rel}","templated":true}]}}