{"id":6180,"date":"2024-10-02T14:05:46","date_gmt":"2024-10-02T13:05:46","guid":{"rendered":"https:\/\/www.art-natur.ch\/product\/outil-pour-cils-fillering-dinlei\/"},"modified":"2025-01-20T20:00:29","modified_gmt":"2025-01-20T19:00:29","slug":"outil-pour-cils-fillering-dinlei","status":"publish","type":"product","link":"https:\/\/www.art-natur.ch\/fr\/produit\/outil-pour-cils-fillering-dinlei\/","title":{"rendered":"InLei \u00ab\u00a0FILLERING\u00a0\u00bb outil professionnel pour cils"},"content":{"rendered":"<p>InLei\u00ae Fillering est un outil r\u00e9volutionnaire fabriqu\u00e9 en Italie de bout en bout ! La cr\u00e9ation du Fillering s&rsquo;inspire du besoin quotidien de nos techniciens de disposer des outils les plus pr\u00e9cis et les plus confortables.<br \/>\nCet outil a une double fonction qui englobe de nombreuses possibilit\u00e9s d&rsquo;utilisation pendant le traitement :<br \/>\nPointe effil\u00e9e : \u00e9tale les cils naturels sur le recourbe-cils en silicone ; aligne les cils naturels.<br \/>\nPointe boule : permet de retirer d\u00e9licatement les cils inf\u00e9rieurs sous le coussinet lors de la coloration ; permet de travailler les petits cils dans le coin interne d\u00e9licat ; aide \u00e0 travailler les sourcils (ne pique pas).<\/p>\n<p>La poign\u00e9e est en aluminium anodis\u00e9 de haute qualit\u00e9 et permet une l\u00e9g\u00e8ret\u00e9 absolue et une d\u00e9sinfection facile avec F PLUS InLei\u00ae (en suivant le mode d&#8217;emploi).<\/p>\n<p>Les lignes horizontales sur le manche, positionn\u00e9es vers les extr\u00e9mit\u00e9s, rendent le Fillering tr\u00e8s maniable car elles permettent une prise en main extr\u00eamement ferme. La longueur de l&rsquo;armature a \u00e9galement \u00e9t\u00e9 con\u00e7ue pour obtenir un \u00e9quilibre optimal pour chaque type de main.<\/p>\n<p>Une longue dur\u00e9e de vie et une stabilit\u00e9 absolue sont donn\u00e9es aux pointes gr\u00e2ce \u00e0 l&rsquo;acier inoxydable AISI 302 durci et r\u00e9sistant qui promet l&rsquo;\u00e9ternit\u00e9 \u00e0 cet instrument miraculeux d&rsquo;une perfection infaillible.<\/p>\n<p>Comme toujours, la marque InLei\u00ae garantit une production Made in Italy en collaboration avec les plus grands lashstylists du monde !<\/p>\n","protected":false},"excerpt":{"rendered":"<p>InLei\u00ae Fillering est un outil r\u00e9volutionnaire fabriqu\u00e9 en Italie de bout en bout ! La cr\u00e9ation du Fillering s&rsquo;inspire du besoin quotidien de nos techniciens de disposer des outils les plus pr\u00e9cis et les plus confortables. Cet outil a une double fonction qui englobe de nombreuses possibilit\u00e9s d&rsquo;utilisation pendant le traitement : Pointe effil\u00e9e : [&hellip;]<\/p>\n","protected":false},"featured_media":6612,"template":"","meta":{"_acf_changed":false,"inline_featured_image":false},"product_cat":[150,160],"product_tag":[],"class_list":{"0":"post-6180","1":"product","2":"type-product","3":"status-publish","4":"has-post-thumbnail","6":"product_brand-in-lei","7":"product_cat-rehaussement-des-cils","8":"product_cat-outil","10":"first","11":"instock","12":"shipping-taxable","13":"purchasable","14":"product-type-simple"},"acf":[],"yoast_head":"<!-- This site is optimized with the Yoast SEO plugin v26.6 - https:\/\/yoast.com\/wordpress\/plugins\/seo\/ -->\n<title>InLei &quot;FILLERING&quot; outil professionnel pour cils - LASHES&amp;BROWS by Nataliya Reinhard<\/title>\n<meta name=\"description\" content=\"InLei\u00ae Fillering: Precise, versatile tool made of anodized aluminum with a double tip, perfect grip, and durable stainless steel. Made in Italy.\" \/>\n<meta name=\"robots\" content=\"index, follow, max-snippet:-1, max-image-preview:large, max-video-preview:-1\" \/>\n<link rel=\"canonical\" href=\"https:\/\/www.art-natur.ch\/fr\/produit\/outil-pour-cils-fillering-dinlei\/\" \/>\n<meta property=\"og:locale\" content=\"fr_FR\" \/>\n<meta property=\"og:type\" content=\"article\" \/>\n<meta property=\"og:title\" content=\"InLei &quot;FILLERING&quot; outil professionnel pour cils - LASHES&amp;BROWS by Nataliya Reinhard\" \/>\n<meta property=\"og:description\" content=\"InLei\u00ae Fillering: Precise, versatile tool made of anodized aluminum with a double tip, perfect grip, and durable stainless steel. Made in Italy.\" \/>\n<meta property=\"og:url\" content=\"https:\/\/www.art-natur.ch\/fr\/produit\/outil-pour-cils-fillering-dinlei\/\" \/>\n<meta property=\"og:site_name\" content=\"LASHES&amp;BROWS by Nataliya Reinhard\" \/>\n<meta property=\"article:modified_time\" content=\"2025-01-20T19:00:29+00:00\" \/>\n<meta property=\"og:image\" content=\"https:\/\/www.art-natur.ch\/wp-content\/uploads\/2024\/10\/2520830021-Photoroom.png\" \/>\n\t<meta property=\"og:image:width\" content=\"720\" \/>\n\t<meta property=\"og:image:height\" content=\"720\" \/>\n\t<meta property=\"og:image:type\" content=\"image\/png\" \/>\n<meta name=\"twitter:card\" content=\"summary_large_image\" \/>\n<meta name=\"twitter:label1\" content=\"Dur\u00e9e de lecture estim\u00e9e\" \/>\n\t<meta name=\"twitter:data1\" content=\"1 minute\" \/>\n<script type=\"application\/ld+json\" class=\"yoast-schema-graph\">{\"@context\":\"https:\/\/schema.org\",\"@graph\":[{\"@type\":\"WebPage\",\"@id\":\"https:\/\/www.art-natur.ch\/fr\/produit\/outil-pour-cils-fillering-dinlei\/\",\"url\":\"https:\/\/www.art-natur.ch\/fr\/produit\/outil-pour-cils-fillering-dinlei\/\",\"name\":\"InLei \\\"FILLERING\\\" outil professionnel pour cils - LASHES&amp;BROWS by Nataliya Reinhard\",\"isPartOf\":{\"@id\":\"https:\/\/www.art-natur.ch\/fr\/#website\"},\"primaryImageOfPage\":{\"@id\":\"https:\/\/www.art-natur.ch\/fr\/produit\/outil-pour-cils-fillering-dinlei\/#primaryimage\"},\"image\":{\"@id\":\"https:\/\/www.art-natur.ch\/fr\/produit\/outil-pour-cils-fillering-dinlei\/#primaryimage\"},\"thumbnailUrl\":\"https:\/\/www.art-natur.ch\/wp-content\/uploads\/2024\/10\/2520830021-Photoroom.png\",\"datePublished\":\"2024-10-02T13:05:46+00:00\",\"dateModified\":\"2025-01-20T19:00:29+00:00\",\"description\":\"InLei\u00ae Fillering: Precise, versatile tool made of anodized aluminum with a double tip, perfect grip, and durable stainless steel. Made in Italy.\",\"breadcrumb\":{\"@id\":\"https:\/\/www.art-natur.ch\/fr\/produit\/outil-pour-cils-fillering-dinlei\/#breadcrumb\"},\"inLanguage\":\"fr-FR\",\"potentialAction\":[{\"@type\":\"ReadAction\",\"target\":[\"https:\/\/www.art-natur.ch\/fr\/produit\/outil-pour-cils-fillering-dinlei\/\"]}]},{\"@type\":\"ImageObject\",\"inLanguage\":\"fr-FR\",\"@id\":\"https:\/\/www.art-natur.ch\/fr\/produit\/outil-pour-cils-fillering-dinlei\/#primaryimage\",\"url\":\"https:\/\/www.art-natur.ch\/wp-content\/uploads\/2024\/10\/2520830021-Photoroom.png\",\"contentUrl\":\"https:\/\/www.art-natur.ch\/wp-content\/uploads\/2024\/10\/2520830021-Photoroom.png\",\"width\":720,\"height\":720},{\"@type\":\"BreadcrumbList\",\"@id\":\"https:\/\/www.art-natur.ch\/fr\/produit\/outil-pour-cils-fillering-dinlei\/#breadcrumb\",\"itemListElement\":[{\"@type\":\"ListItem\",\"position\":1,\"name\":\"Home\",\"item\":\"https:\/\/www.art-natur.ch\/fr\/\"},{\"@type\":\"ListItem\",\"position\":2,\"name\":\"Boutique\",\"item\":\"https:\/\/www.art-natur.ch\/shop\/\"},{\"@type\":\"ListItem\",\"position\":3,\"name\":\"InLei \u00ab\u00a0FILLERING\u00a0\u00bb outil professionnel pour cils\"}]},{\"@type\":\"WebSite\",\"@id\":\"https:\/\/www.art-natur.ch\/fr\/#website\",\"url\":\"https:\/\/www.art-natur.ch\/fr\/\",\"name\":\"LASHES&amp;BROWS by Nataliya Reinhard\",\"description\":\"High-quality lash and brow services with attention to every detail\",\"potentialAction\":[{\"@type\":\"SearchAction\",\"target\":{\"@type\":\"EntryPoint\",\"urlTemplate\":\"https:\/\/www.art-natur.ch\/fr\/?s={search_term_string}\"},\"query-input\":{\"@type\":\"PropertyValueSpecification\",\"valueRequired\":true,\"valueName\":\"search_term_string\"}}],\"inLanguage\":\"fr-FR\"}]}<\/script>\n<!-- \/ Yoast SEO plugin. -->","yoast_head_json":{"title":"InLei \"FILLERING\" outil professionnel pour cils - LASHES&amp;BROWS by Nataliya Reinhard","description":"InLei\u00ae Fillering: Precise, versatile tool made of anodized aluminum with a double tip, perfect grip, and durable stainless steel. Made in Italy.","robots":{"index":"index","follow":"follow","max-snippet":"max-snippet:-1","max-image-preview":"max-image-preview:large","max-video-preview":"max-video-preview:-1"},"canonical":"https:\/\/www.art-natur.ch\/fr\/produit\/outil-pour-cils-fillering-dinlei\/","og_locale":"fr_FR","og_type":"article","og_title":"InLei \"FILLERING\" outil professionnel pour cils - LASHES&amp;BROWS by Nataliya Reinhard","og_description":"InLei\u00ae Fillering: Precise, versatile tool made of anodized aluminum with a double tip, perfect grip, and durable stainless steel. Made in Italy.","og_url":"https:\/\/www.art-natur.ch\/fr\/produit\/outil-pour-cils-fillering-dinlei\/","og_site_name":"LASHES&amp;BROWS by Nataliya Reinhard","article_modified_time":"2025-01-20T19:00:29+00:00","og_image":[{"width":720,"height":720,"url":"https:\/\/www.art-natur.ch\/wp-content\/uploads\/2024\/10\/2520830021-Photoroom.png","type":"image\/png"}],"twitter_card":"summary_large_image","twitter_misc":{"Dur\u00e9e de lecture estim\u00e9e":"1 minute"},"schema":{"@context":"https:\/\/schema.org","@graph":[{"@type":"WebPage","@id":"https:\/\/www.art-natur.ch\/fr\/produit\/outil-pour-cils-fillering-dinlei\/","url":"https:\/\/www.art-natur.ch\/fr\/produit\/outil-pour-cils-fillering-dinlei\/","name":"InLei \"FILLERING\" outil professionnel pour cils - LASHES&amp;BROWS by Nataliya Reinhard","isPartOf":{"@id":"https:\/\/www.art-natur.ch\/fr\/#website"},"primaryImageOfPage":{"@id":"https:\/\/www.art-natur.ch\/fr\/produit\/outil-pour-cils-fillering-dinlei\/#primaryimage"},"image":{"@id":"https:\/\/www.art-natur.ch\/fr\/produit\/outil-pour-cils-fillering-dinlei\/#primaryimage"},"thumbnailUrl":"https:\/\/www.art-natur.ch\/wp-content\/uploads\/2024\/10\/2520830021-Photoroom.png","datePublished":"2024-10-02T13:05:46+00:00","dateModified":"2025-01-20T19:00:29+00:00","description":"InLei\u00ae Fillering: Precise, versatile tool made of anodized aluminum with a double tip, perfect grip, and durable stainless steel. Made in Italy.","breadcrumb":{"@id":"https:\/\/www.art-natur.ch\/fr\/produit\/outil-pour-cils-fillering-dinlei\/#breadcrumb"},"inLanguage":"fr-FR","potentialAction":[{"@type":"ReadAction","target":["https:\/\/www.art-natur.ch\/fr\/produit\/outil-pour-cils-fillering-dinlei\/"]}]},{"@type":"ImageObject","inLanguage":"fr-FR","@id":"https:\/\/www.art-natur.ch\/fr\/produit\/outil-pour-cils-fillering-dinlei\/#primaryimage","url":"https:\/\/www.art-natur.ch\/wp-content\/uploads\/2024\/10\/2520830021-Photoroom.png","contentUrl":"https:\/\/www.art-natur.ch\/wp-content\/uploads\/2024\/10\/2520830021-Photoroom.png","width":720,"height":720},{"@type":"BreadcrumbList","@id":"https:\/\/www.art-natur.ch\/fr\/produit\/outil-pour-cils-fillering-dinlei\/#breadcrumb","itemListElement":[{"@type":"ListItem","position":1,"name":"Home","item":"https:\/\/www.art-natur.ch\/fr\/"},{"@type":"ListItem","position":2,"name":"Boutique","item":"https:\/\/www.art-natur.ch\/shop\/"},{"@type":"ListItem","position":3,"name":"InLei \u00ab\u00a0FILLERING\u00a0\u00bb outil professionnel pour cils"}]},{"@type":"WebSite","@id":"https:\/\/www.art-natur.ch\/fr\/#website","url":"https:\/\/www.art-natur.ch\/fr\/","name":"LASHES&amp;BROWS by Nataliya Reinhard","description":"High-quality lash and brow services with attention to every detail","potentialAction":[{"@type":"SearchAction","target":{"@type":"EntryPoint","urlTemplate":"https:\/\/www.art-natur.ch\/fr\/?s={search_term_string}"},"query-input":{"@type":"PropertyValueSpecification","valueRequired":true,"valueName":"search_term_string"}}],"inLanguage":"fr-FR"}]}},"_links":{"self":[{"href":"https:\/\/www.art-natur.ch\/fr\/wp-json\/wp\/v2\/product\/6180","targetHints":{"allow":["GET"]}}],"collection":[{"href":"https:\/\/www.art-natur.ch\/fr\/wp-json\/wp\/v2\/product"}],"about":[{"href":"https:\/\/www.art-natur.ch\/fr\/wp-json\/wp\/v2\/types\/product"}],"wp:featuredmedia":[{"embeddable":true,"href":"https:\/\/www.art-natur.ch\/fr\/wp-json\/wp\/v2\/media\/6612"}],"wp:attachment":[{"href":"https:\/\/www.art-natur.ch\/fr\/wp-json\/wp\/v2\/media?parent=6180"}],"wp:term":[{"taxonomy":"product_cat","embeddable":true,"href":"https:\/\/www.art-natur.ch\/fr\/wp-json\/wp\/v2\/product_cat?post=6180"},{"taxonomy":"product_tag","embeddable":true,"href":"https:\/\/www.art-natur.ch\/fr\/wp-json\/wp\/v2\/product_tag?post=6180"}],"curies":[{"name":"wp","href":"https:\/\/api.w.org\/{rel}","templated":true}]}}