{"id":844,"date":"2024-09-17T18:12:57","date_gmt":"2024-09-17T16:12:57","guid":{"rendered":"https:\/\/www.art-natur.ch\/product\/applicateur-pour-la-procedure-de-lifting-des-cils-lb\/"},"modified":"2024-10-14T01:04:22","modified_gmt":"2024-10-13T23:04:22","slug":"applicateur-pour-la-procedure-de-lifting-des-cils-lb","status":"publish","type":"product","link":"https:\/\/www.art-natur.ch\/fr\/produit\/applicateur-pour-la-procedure-de-lifting-des-cils-lb\/","title":{"rendered":"\u200bApplicateur pour la proc\u00e9dure de lifting des cils LB"},"content":{"rendered":"<p>L&rsquo;applicateur poss\u00e8de deux faces de travail. Des dents pointues s\u00e9parent et alignent parfaitement la position des cils sur le tampon, et une coupe droite permet de cr\u00e9er une tension maximale, n\u00e9cessaire \u00e0 une courbure parfaite. Les nervures sur l&rsquo;applicateur rendent le travail plus pratique pour le ma\u00eetre, l&rsquo;outil ne glisse pas.<\/p>\n","protected":false},"excerpt":{"rendered":"<p>L&rsquo;applicateur poss\u00e8de deux faces de travail. Des dents pointues s\u00e9parent et alignent parfaitement la position des cils sur le tampon, et une coupe droite permet de cr\u00e9er une tension maximale, n\u00e9cessaire \u00e0 une courbure parfaite. Les nervures sur l&rsquo;applicateur rendent le travail plus pratique pour le ma\u00eetre, l&rsquo;outil ne glisse pas.<\/p>\n","protected":false},"featured_media":8462,"template":"","meta":{"_acf_changed":false,"inline_featured_image":false},"product_cat":[143,146,150,160,193,207],"product_tag":[],"class_list":{"0":"post-844","1":"product","2":"type-product","3":"status-publish","4":"has-post-thumbnail","6":"product_brand-lash-botox","7":"product_cat-equipements-et-accessoires","8":"product_cat-autre","9":"product_cat-rehaussement-des-cils","10":"product_cat-outil","11":"product_cat-produits-connexes","12":"product_cat-consommables-fr","14":"first","15":"instock","16":"shipping-taxable","17":"purchasable","18":"product-type-simple"},"acf":[],"yoast_head":"<!-- This site is optimized with the Yoast SEO plugin v26.6 - https:\/\/yoast.com\/wordpress\/plugins\/seo\/ -->\n<title>\u200bApplicateur pour la proc\u00e9dure de lifting des cils LB - LASHES&amp;BROWS by Nataliya Reinhard<\/title>\n<meta name=\"description\" content=\"L&#039;applicateur a deux faces : dents pour aligner les cils, coupe droite pour tension maximale et courbure parfaite, nervures pour une prise pratique.\" \/>\n<meta name=\"robots\" content=\"index, follow, max-snippet:-1, max-image-preview:large, max-video-preview:-1\" \/>\n<link rel=\"canonical\" href=\"https:\/\/www.art-natur.ch\/fr\/produit\/applicateur-pour-la-procedure-de-lifting-des-cils-lb\/\" \/>\n<meta property=\"og:locale\" content=\"fr_FR\" \/>\n<meta property=\"og:type\" content=\"article\" \/>\n<meta property=\"og:title\" content=\"\u200bApplicateur pour la proc\u00e9dure de lifting des cils LB - LASHES&amp;BROWS by Nataliya Reinhard\" \/>\n<meta property=\"og:description\" content=\"L&#039;applicateur a deux faces : dents pour aligner les cils, coupe droite pour tension maximale et courbure parfaite, nervures pour une prise pratique.\" \/>\n<meta property=\"og:url\" content=\"https:\/\/www.art-natur.ch\/fr\/produit\/applicateur-pour-la-procedure-de-lifting-des-cils-lb\/\" \/>\n<meta property=\"og:site_name\" content=\"LASHES&amp;BROWS by Nataliya Reinhard\" \/>\n<meta property=\"article:modified_time\" content=\"2024-10-13T23:04:22+00:00\" \/>\n<meta property=\"og:image\" content=\"https:\/\/www.art-natur.ch\/wp-content\/uploads\/2024\/09\/2409718916-Photoroom-1.png\" \/>\n\t<meta property=\"og:image:width\" content=\"1280\" \/>\n\t<meta property=\"og:image:height\" content=\"1280\" \/>\n\t<meta property=\"og:image:type\" content=\"image\/png\" \/>\n<meta name=\"twitter:card\" content=\"summary_large_image\" \/>\n<meta name=\"twitter:label1\" content=\"Dur\u00e9e de lecture estim\u00e9e\" \/>\n\t<meta name=\"twitter:data1\" content=\"1 minute\" \/>\n<script type=\"application\/ld+json\" class=\"yoast-schema-graph\">{\"@context\":\"https:\/\/schema.org\",\"@graph\":[{\"@type\":\"WebPage\",\"@id\":\"https:\/\/www.art-natur.ch\/fr\/produit\/applicateur-pour-la-procedure-de-lifting-des-cils-lb\/\",\"url\":\"https:\/\/www.art-natur.ch\/fr\/produit\/applicateur-pour-la-procedure-de-lifting-des-cils-lb\/\",\"name\":\"\u200bApplicateur pour la proc\u00e9dure de lifting des cils LB - LASHES&amp;BROWS by Nataliya Reinhard\",\"isPartOf\":{\"@id\":\"https:\/\/www.art-natur.ch\/fr\/#website\"},\"primaryImageOfPage\":{\"@id\":\"https:\/\/www.art-natur.ch\/fr\/produit\/applicateur-pour-la-procedure-de-lifting-des-cils-lb\/#primaryimage\"},\"image\":{\"@id\":\"https:\/\/www.art-natur.ch\/fr\/produit\/applicateur-pour-la-procedure-de-lifting-des-cils-lb\/#primaryimage\"},\"thumbnailUrl\":\"https:\/\/www.art-natur.ch\/wp-content\/uploads\/2024\/09\/2409718916-Photoroom-1.png\",\"datePublished\":\"2024-09-17T16:12:57+00:00\",\"dateModified\":\"2024-10-13T23:04:22+00:00\",\"description\":\"L'applicateur a deux faces : dents pour aligner les cils, coupe droite pour tension maximale et courbure parfaite, nervures pour une prise pratique.\",\"breadcrumb\":{\"@id\":\"https:\/\/www.art-natur.ch\/fr\/produit\/applicateur-pour-la-procedure-de-lifting-des-cils-lb\/#breadcrumb\"},\"inLanguage\":\"fr-FR\",\"potentialAction\":[{\"@type\":\"ReadAction\",\"target\":[\"https:\/\/www.art-natur.ch\/fr\/produit\/applicateur-pour-la-procedure-de-lifting-des-cils-lb\/\"]}]},{\"@type\":\"ImageObject\",\"inLanguage\":\"fr-FR\",\"@id\":\"https:\/\/www.art-natur.ch\/fr\/produit\/applicateur-pour-la-procedure-de-lifting-des-cils-lb\/#primaryimage\",\"url\":\"https:\/\/www.art-natur.ch\/wp-content\/uploads\/2024\/09\/2409718916-Photoroom-1.png\",\"contentUrl\":\"https:\/\/www.art-natur.ch\/wp-content\/uploads\/2024\/09\/2409718916-Photoroom-1.png\",\"width\":1280,\"height\":1280},{\"@type\":\"BreadcrumbList\",\"@id\":\"https:\/\/www.art-natur.ch\/fr\/produit\/applicateur-pour-la-procedure-de-lifting-des-cils-lb\/#breadcrumb\",\"itemListElement\":[{\"@type\":\"ListItem\",\"position\":1,\"name\":\"Home\",\"item\":\"https:\/\/www.art-natur.ch\/fr\/\"},{\"@type\":\"ListItem\",\"position\":2,\"name\":\"Boutique\",\"item\":\"https:\/\/www.art-natur.ch\/shop\/\"},{\"@type\":\"ListItem\",\"position\":3,\"name\":\"\u200bApplicateur pour la proc\u00e9dure de lifting des cils LB\"}]},{\"@type\":\"WebSite\",\"@id\":\"https:\/\/www.art-natur.ch\/fr\/#website\",\"url\":\"https:\/\/www.art-natur.ch\/fr\/\",\"name\":\"LASHES&amp;BROWS by Nataliya Reinhard\",\"description\":\"High-quality lash and brow services with attention to every detail\",\"potentialAction\":[{\"@type\":\"SearchAction\",\"target\":{\"@type\":\"EntryPoint\",\"urlTemplate\":\"https:\/\/www.art-natur.ch\/fr\/?s={search_term_string}\"},\"query-input\":{\"@type\":\"PropertyValueSpecification\",\"valueRequired\":true,\"valueName\":\"search_term_string\"}}],\"inLanguage\":\"fr-FR\"}]}<\/script>\n<!-- \/ Yoast SEO plugin. -->","yoast_head_json":{"title":"\u200bApplicateur pour la proc\u00e9dure de lifting des cils LB - LASHES&amp;BROWS by Nataliya Reinhard","description":"L'applicateur a deux faces : dents pour aligner les cils, coupe droite pour tension maximale et courbure parfaite, nervures pour une prise pratique.","robots":{"index":"index","follow":"follow","max-snippet":"max-snippet:-1","max-image-preview":"max-image-preview:large","max-video-preview":"max-video-preview:-1"},"canonical":"https:\/\/www.art-natur.ch\/fr\/produit\/applicateur-pour-la-procedure-de-lifting-des-cils-lb\/","og_locale":"fr_FR","og_type":"article","og_title":"\u200bApplicateur pour la proc\u00e9dure de lifting des cils LB - LASHES&amp;BROWS by Nataliya Reinhard","og_description":"L'applicateur a deux faces : dents pour aligner les cils, coupe droite pour tension maximale et courbure parfaite, nervures pour une prise pratique.","og_url":"https:\/\/www.art-natur.ch\/fr\/produit\/applicateur-pour-la-procedure-de-lifting-des-cils-lb\/","og_site_name":"LASHES&amp;BROWS by Nataliya Reinhard","article_modified_time":"2024-10-13T23:04:22+00:00","og_image":[{"width":1280,"height":1280,"url":"https:\/\/www.art-natur.ch\/wp-content\/uploads\/2024\/09\/2409718916-Photoroom-1.png","type":"image\/png"}],"twitter_card":"summary_large_image","twitter_misc":{"Dur\u00e9e de lecture estim\u00e9e":"1 minute"},"schema":{"@context":"https:\/\/schema.org","@graph":[{"@type":"WebPage","@id":"https:\/\/www.art-natur.ch\/fr\/produit\/applicateur-pour-la-procedure-de-lifting-des-cils-lb\/","url":"https:\/\/www.art-natur.ch\/fr\/produit\/applicateur-pour-la-procedure-de-lifting-des-cils-lb\/","name":"\u200bApplicateur pour la proc\u00e9dure de lifting des cils LB - LASHES&amp;BROWS by Nataliya Reinhard","isPartOf":{"@id":"https:\/\/www.art-natur.ch\/fr\/#website"},"primaryImageOfPage":{"@id":"https:\/\/www.art-natur.ch\/fr\/produit\/applicateur-pour-la-procedure-de-lifting-des-cils-lb\/#primaryimage"},"image":{"@id":"https:\/\/www.art-natur.ch\/fr\/produit\/applicateur-pour-la-procedure-de-lifting-des-cils-lb\/#primaryimage"},"thumbnailUrl":"https:\/\/www.art-natur.ch\/wp-content\/uploads\/2024\/09\/2409718916-Photoroom-1.png","datePublished":"2024-09-17T16:12:57+00:00","dateModified":"2024-10-13T23:04:22+00:00","description":"L'applicateur a deux faces : dents pour aligner les cils, coupe droite pour tension maximale et courbure parfaite, nervures pour une prise pratique.","breadcrumb":{"@id":"https:\/\/www.art-natur.ch\/fr\/produit\/applicateur-pour-la-procedure-de-lifting-des-cils-lb\/#breadcrumb"},"inLanguage":"fr-FR","potentialAction":[{"@type":"ReadAction","target":["https:\/\/www.art-natur.ch\/fr\/produit\/applicateur-pour-la-procedure-de-lifting-des-cils-lb\/"]}]},{"@type":"ImageObject","inLanguage":"fr-FR","@id":"https:\/\/www.art-natur.ch\/fr\/produit\/applicateur-pour-la-procedure-de-lifting-des-cils-lb\/#primaryimage","url":"https:\/\/www.art-natur.ch\/wp-content\/uploads\/2024\/09\/2409718916-Photoroom-1.png","contentUrl":"https:\/\/www.art-natur.ch\/wp-content\/uploads\/2024\/09\/2409718916-Photoroom-1.png","width":1280,"height":1280},{"@type":"BreadcrumbList","@id":"https:\/\/www.art-natur.ch\/fr\/produit\/applicateur-pour-la-procedure-de-lifting-des-cils-lb\/#breadcrumb","itemListElement":[{"@type":"ListItem","position":1,"name":"Home","item":"https:\/\/www.art-natur.ch\/fr\/"},{"@type":"ListItem","position":2,"name":"Boutique","item":"https:\/\/www.art-natur.ch\/shop\/"},{"@type":"ListItem","position":3,"name":"\u200bApplicateur pour la proc\u00e9dure de lifting des cils LB"}]},{"@type":"WebSite","@id":"https:\/\/www.art-natur.ch\/fr\/#website","url":"https:\/\/www.art-natur.ch\/fr\/","name":"LASHES&amp;BROWS by Nataliya Reinhard","description":"High-quality lash and brow services with attention to every detail","potentialAction":[{"@type":"SearchAction","target":{"@type":"EntryPoint","urlTemplate":"https:\/\/www.art-natur.ch\/fr\/?s={search_term_string}"},"query-input":{"@type":"PropertyValueSpecification","valueRequired":true,"valueName":"search_term_string"}}],"inLanguage":"fr-FR"}]}},"_links":{"self":[{"href":"https:\/\/www.art-natur.ch\/fr\/wp-json\/wp\/v2\/product\/844","targetHints":{"allow":["GET"]}}],"collection":[{"href":"https:\/\/www.art-natur.ch\/fr\/wp-json\/wp\/v2\/product"}],"about":[{"href":"https:\/\/www.art-natur.ch\/fr\/wp-json\/wp\/v2\/types\/product"}],"wp:featuredmedia":[{"embeddable":true,"href":"https:\/\/www.art-natur.ch\/fr\/wp-json\/wp\/v2\/media\/8462"}],"wp:attachment":[{"href":"https:\/\/www.art-natur.ch\/fr\/wp-json\/wp\/v2\/media?parent=844"}],"wp:term":[{"taxonomy":"product_cat","embeddable":true,"href":"https:\/\/www.art-natur.ch\/fr\/wp-json\/wp\/v2\/product_cat?post=844"},{"taxonomy":"product_tag","embeddable":true,"href":"https:\/\/www.art-natur.ch\/fr\/wp-json\/wp\/v2\/product_tag?post=844"}],"curies":[{"name":"wp","href":"https:\/\/api.w.org\/{rel}","templated":true}]}}