{"id":851,"date":"2024-09-21T10:42:44","date_gmt":"2024-09-21T08:42:44","guid":{"rendered":"https:\/\/www.art-natur.ch\/product\/applicateurs-de-cils-liftes-lb-100-pieces-taille-xssml\/"},"modified":"2024-10-14T01:03:50","modified_gmt":"2024-10-13T23:03:50","slug":"applicateurs-de-cils-liftes-lb-100-pieces-taille-xssml","status":"publish","type":"product","link":"https:\/\/www.art-natur.ch\/fr\/produit\/applicateurs-de-cils-liftes-lb-100-pieces-taille-xssml\/","title":{"rendered":"\u200bApplicateurs de cils lift\u00e9s LB 100 pi\u00e8ces (Taille XS,S,M,L)"},"content":{"rendered":"<p>Les applicateurs jetables sont indispensables pour le sp\u00e9cialiste de la plastification des cils. Les micro-brosses famili\u00e8res sont disponibles en plusieurs tailles : S, M, L, XS. La petite brosse de l&rsquo;applicateur vous permet d&rsquo;appliquer les produits et les colorants sur les cils avec une pr\u00e9cision particuli\u00e8re. \u00c9conomique. Le travail est extr\u00eamement propre et exact. Pratique pour tous les niveaux de sp\u00e9cialistes. Ne laissent pas de poils, n&rsquo;absorbent pas l&rsquo;humidit\u00e9 et ne laissent pas couler les pr\u00e9parations. Facilit\u00e9 d&rsquo;application et de retrait des pr\u00e9parations sur les cils. Le client ne ressent aucune g\u00eane pendant le processus. Les applicateurs LB sont fabriqu\u00e9s en fibre \u00e9cologique. Peuvent \u00e9galement \u00eatre utilis\u00e9s dans les proc\u00e9dures de botoxing des cils, d&rsquo;extension et autres services.<\/p>\n","protected":false},"excerpt":{"rendered":"<p>Les applicateurs jetables sont indispensables pour le sp\u00e9cialiste de la plastification des cils. Les micro-brosses famili\u00e8res sont disponibles en plusieurs tailles : S, M, L, XS. La petite brosse de l&rsquo;applicateur vous permet d&rsquo;appliquer les produits et les colorants sur les cils avec une pr\u00e9cision particuli\u00e8re. \u00c9conomique. Le travail est extr\u00eamement propre et exact. Pratique [&hellip;]<\/p>\n","protected":false},"featured_media":8446,"template":"","meta":{"_acf_changed":false,"inline_featured_image":false},"product_cat":[116,119,125,129,141,150,160,189],"product_tag":[],"class_list":{"0":"post-851","1":"product","2":"type-product","3":"status-publish","4":"has-post-thumbnail","6":"product_brand-lash-botox","7":"product_cat-extension-de-cils","8":"product_cat-coloration-et-correction-des-sourcils","9":"product_cat-outil-extension-de-cils","10":"product_cat-stylisation-a-long-terme-des-sourcils","11":"product_cat-outils","12":"product_cat-rehaussement-des-cils","13":"product_cat-outil","14":"product_cat-outil-coloration-et-correction-des-sourcils","16":"first","17":"instock","18":"shipping-taxable","19":"purchasable","20":"product-type-variable"},"acf":[],"yoast_head":"<!-- This site is optimized with the Yoast SEO plugin v26.6 - https:\/\/yoast.com\/wordpress\/plugins\/seo\/ -->\n<title>\u200bApplicateurs de cils lift\u00e9s LB 100 pi\u00e8ces (Taille XS,S,M,L) - LASHES&amp;BROWS by Nataliya Reinhard<\/title>\n<meta name=\"description\" content=\"Les applicateurs jetables sont essentiels pour la plastification des cils. Disponibles en tailles S, M, L, XS, ils permettent une application pr\u00e9cise des produits.\" \/>\n<meta name=\"robots\" content=\"index, follow, max-snippet:-1, max-image-preview:large, max-video-preview:-1\" \/>\n<link rel=\"canonical\" href=\"https:\/\/www.art-natur.ch\/fr\/produit\/applicateurs-de-cils-liftes-lb-100-pieces-taille-xssml\/\" \/>\n<meta property=\"og:locale\" content=\"fr_FR\" \/>\n<meta property=\"og:type\" content=\"article\" \/>\n<meta property=\"og:title\" content=\"\u200bApplicateurs de cils lift\u00e9s LB 100 pi\u00e8ces (Taille XS,S,M,L) - LASHES&amp;BROWS by Nataliya Reinhard\" \/>\n<meta property=\"og:description\" content=\"Les applicateurs jetables sont essentiels pour la plastification des cils. Disponibles en tailles S, M, L, XS, ils permettent une application pr\u00e9cise des produits.\" \/>\n<meta property=\"og:url\" content=\"https:\/\/www.art-natur.ch\/fr\/produit\/applicateurs-de-cils-liftes-lb-100-pieces-taille-xssml\/\" \/>\n<meta property=\"og:site_name\" content=\"LASHES&amp;BROWS by Nataliya Reinhard\" \/>\n<meta property=\"article:modified_time\" content=\"2024-10-13T23:03:50+00:00\" \/>\n<meta property=\"og:image\" content=\"https:\/\/www.art-natur.ch\/wp-content\/uploads\/2024\/09\/2409747010-Photoroom.png\" \/>\n\t<meta property=\"og:image:width\" content=\"800\" \/>\n\t<meta property=\"og:image:height\" content=\"800\" \/>\n\t<meta property=\"og:image:type\" content=\"image\/png\" \/>\n<meta name=\"twitter:card\" content=\"summary_large_image\" \/>\n<meta name=\"twitter:label1\" content=\"Dur\u00e9e de lecture estim\u00e9e\" \/>\n\t<meta name=\"twitter:data1\" content=\"1 minute\" \/>\n<script type=\"application\/ld+json\" class=\"yoast-schema-graph\">{\"@context\":\"https:\/\/schema.org\",\"@graph\":[{\"@type\":\"WebPage\",\"@id\":\"https:\/\/www.art-natur.ch\/fr\/produit\/applicateurs-de-cils-liftes-lb-100-pieces-taille-xssml\/\",\"url\":\"https:\/\/www.art-natur.ch\/fr\/produit\/applicateurs-de-cils-liftes-lb-100-pieces-taille-xssml\/\",\"name\":\"\u200bApplicateurs de cils lift\u00e9s LB 100 pi\u00e8ces (Taille XS,S,M,L) - LASHES&amp;BROWS by Nataliya Reinhard\",\"isPartOf\":{\"@id\":\"https:\/\/www.art-natur.ch\/fr\/#website\"},\"primaryImageOfPage\":{\"@id\":\"https:\/\/www.art-natur.ch\/fr\/produit\/applicateurs-de-cils-liftes-lb-100-pieces-taille-xssml\/#primaryimage\"},\"image\":{\"@id\":\"https:\/\/www.art-natur.ch\/fr\/produit\/applicateurs-de-cils-liftes-lb-100-pieces-taille-xssml\/#primaryimage\"},\"thumbnailUrl\":\"https:\/\/www.art-natur.ch\/wp-content\/uploads\/2024\/09\/2409747010-Photoroom.png\",\"datePublished\":\"2024-09-21T08:42:44+00:00\",\"dateModified\":\"2024-10-13T23:03:50+00:00\",\"description\":\"Les applicateurs jetables sont essentiels pour la plastification des cils. Disponibles en tailles S, M, L, XS, ils permettent une application pr\u00e9cise des produits.\",\"breadcrumb\":{\"@id\":\"https:\/\/www.art-natur.ch\/fr\/produit\/applicateurs-de-cils-liftes-lb-100-pieces-taille-xssml\/#breadcrumb\"},\"inLanguage\":\"fr-FR\",\"potentialAction\":[{\"@type\":\"ReadAction\",\"target\":[\"https:\/\/www.art-natur.ch\/fr\/produit\/applicateurs-de-cils-liftes-lb-100-pieces-taille-xssml\/\"]}]},{\"@type\":\"ImageObject\",\"inLanguage\":\"fr-FR\",\"@id\":\"https:\/\/www.art-natur.ch\/fr\/produit\/applicateurs-de-cils-liftes-lb-100-pieces-taille-xssml\/#primaryimage\",\"url\":\"https:\/\/www.art-natur.ch\/wp-content\/uploads\/2024\/09\/2409747010-Photoroom.png\",\"contentUrl\":\"https:\/\/www.art-natur.ch\/wp-content\/uploads\/2024\/09\/2409747010-Photoroom.png\",\"width\":800,\"height\":800},{\"@type\":\"BreadcrumbList\",\"@id\":\"https:\/\/www.art-natur.ch\/fr\/produit\/applicateurs-de-cils-liftes-lb-100-pieces-taille-xssml\/#breadcrumb\",\"itemListElement\":[{\"@type\":\"ListItem\",\"position\":1,\"name\":\"Home\",\"item\":\"https:\/\/www.art-natur.ch\/fr\/\"},{\"@type\":\"ListItem\",\"position\":2,\"name\":\"Boutique\",\"item\":\"https:\/\/www.art-natur.ch\/shop\/\"},{\"@type\":\"ListItem\",\"position\":3,\"name\":\"\u200bApplicateurs de cils lift\u00e9s LB 100 pi\u00e8ces (Taille XS,S,M,L)\"}]},{\"@type\":\"WebSite\",\"@id\":\"https:\/\/www.art-natur.ch\/fr\/#website\",\"url\":\"https:\/\/www.art-natur.ch\/fr\/\",\"name\":\"LASHES&amp;BROWS by Nataliya Reinhard\",\"description\":\"High-quality lash and brow services with attention to every detail\",\"potentialAction\":[{\"@type\":\"SearchAction\",\"target\":{\"@type\":\"EntryPoint\",\"urlTemplate\":\"https:\/\/www.art-natur.ch\/fr\/?s={search_term_string}\"},\"query-input\":{\"@type\":\"PropertyValueSpecification\",\"valueRequired\":true,\"valueName\":\"search_term_string\"}}],\"inLanguage\":\"fr-FR\"}]}<\/script>\n<!-- \/ Yoast SEO plugin. -->","yoast_head_json":{"title":"\u200bApplicateurs de cils lift\u00e9s LB 100 pi\u00e8ces (Taille XS,S,M,L) - LASHES&amp;BROWS by Nataliya Reinhard","description":"Les applicateurs jetables sont essentiels pour la plastification des cils. Disponibles en tailles S, M, L, XS, ils permettent une application pr\u00e9cise des produits.","robots":{"index":"index","follow":"follow","max-snippet":"max-snippet:-1","max-image-preview":"max-image-preview:large","max-video-preview":"max-video-preview:-1"},"canonical":"https:\/\/www.art-natur.ch\/fr\/produit\/applicateurs-de-cils-liftes-lb-100-pieces-taille-xssml\/","og_locale":"fr_FR","og_type":"article","og_title":"\u200bApplicateurs de cils lift\u00e9s LB 100 pi\u00e8ces (Taille XS,S,M,L) - LASHES&amp;BROWS by Nataliya Reinhard","og_description":"Les applicateurs jetables sont essentiels pour la plastification des cils. Disponibles en tailles S, M, L, XS, ils permettent une application pr\u00e9cise des produits.","og_url":"https:\/\/www.art-natur.ch\/fr\/produit\/applicateurs-de-cils-liftes-lb-100-pieces-taille-xssml\/","og_site_name":"LASHES&amp;BROWS by Nataliya Reinhard","article_modified_time":"2024-10-13T23:03:50+00:00","og_image":[{"width":800,"height":800,"url":"https:\/\/www.art-natur.ch\/wp-content\/uploads\/2024\/09\/2409747010-Photoroom.png","type":"image\/png"}],"twitter_card":"summary_large_image","twitter_misc":{"Dur\u00e9e de lecture estim\u00e9e":"1 minute"},"schema":{"@context":"https:\/\/schema.org","@graph":[{"@type":"WebPage","@id":"https:\/\/www.art-natur.ch\/fr\/produit\/applicateurs-de-cils-liftes-lb-100-pieces-taille-xssml\/","url":"https:\/\/www.art-natur.ch\/fr\/produit\/applicateurs-de-cils-liftes-lb-100-pieces-taille-xssml\/","name":"\u200bApplicateurs de cils lift\u00e9s LB 100 pi\u00e8ces (Taille XS,S,M,L) - LASHES&amp;BROWS by Nataliya Reinhard","isPartOf":{"@id":"https:\/\/www.art-natur.ch\/fr\/#website"},"primaryImageOfPage":{"@id":"https:\/\/www.art-natur.ch\/fr\/produit\/applicateurs-de-cils-liftes-lb-100-pieces-taille-xssml\/#primaryimage"},"image":{"@id":"https:\/\/www.art-natur.ch\/fr\/produit\/applicateurs-de-cils-liftes-lb-100-pieces-taille-xssml\/#primaryimage"},"thumbnailUrl":"https:\/\/www.art-natur.ch\/wp-content\/uploads\/2024\/09\/2409747010-Photoroom.png","datePublished":"2024-09-21T08:42:44+00:00","dateModified":"2024-10-13T23:03:50+00:00","description":"Les applicateurs jetables sont essentiels pour la plastification des cils. Disponibles en tailles S, M, L, XS, ils permettent une application pr\u00e9cise des produits.","breadcrumb":{"@id":"https:\/\/www.art-natur.ch\/fr\/produit\/applicateurs-de-cils-liftes-lb-100-pieces-taille-xssml\/#breadcrumb"},"inLanguage":"fr-FR","potentialAction":[{"@type":"ReadAction","target":["https:\/\/www.art-natur.ch\/fr\/produit\/applicateurs-de-cils-liftes-lb-100-pieces-taille-xssml\/"]}]},{"@type":"ImageObject","inLanguage":"fr-FR","@id":"https:\/\/www.art-natur.ch\/fr\/produit\/applicateurs-de-cils-liftes-lb-100-pieces-taille-xssml\/#primaryimage","url":"https:\/\/www.art-natur.ch\/wp-content\/uploads\/2024\/09\/2409747010-Photoroom.png","contentUrl":"https:\/\/www.art-natur.ch\/wp-content\/uploads\/2024\/09\/2409747010-Photoroom.png","width":800,"height":800},{"@type":"BreadcrumbList","@id":"https:\/\/www.art-natur.ch\/fr\/produit\/applicateurs-de-cils-liftes-lb-100-pieces-taille-xssml\/#breadcrumb","itemListElement":[{"@type":"ListItem","position":1,"name":"Home","item":"https:\/\/www.art-natur.ch\/fr\/"},{"@type":"ListItem","position":2,"name":"Boutique","item":"https:\/\/www.art-natur.ch\/shop\/"},{"@type":"ListItem","position":3,"name":"\u200bApplicateurs de cils lift\u00e9s LB 100 pi\u00e8ces (Taille XS,S,M,L)"}]},{"@type":"WebSite","@id":"https:\/\/www.art-natur.ch\/fr\/#website","url":"https:\/\/www.art-natur.ch\/fr\/","name":"LASHES&amp;BROWS by Nataliya Reinhard","description":"High-quality lash and brow services with attention to every detail","potentialAction":[{"@type":"SearchAction","target":{"@type":"EntryPoint","urlTemplate":"https:\/\/www.art-natur.ch\/fr\/?s={search_term_string}"},"query-input":{"@type":"PropertyValueSpecification","valueRequired":true,"valueName":"search_term_string"}}],"inLanguage":"fr-FR"}]}},"_links":{"self":[{"href":"https:\/\/www.art-natur.ch\/fr\/wp-json\/wp\/v2\/product\/851","targetHints":{"allow":["GET"]}}],"collection":[{"href":"https:\/\/www.art-natur.ch\/fr\/wp-json\/wp\/v2\/product"}],"about":[{"href":"https:\/\/www.art-natur.ch\/fr\/wp-json\/wp\/v2\/types\/product"}],"wp:featuredmedia":[{"embeddable":true,"href":"https:\/\/www.art-natur.ch\/fr\/wp-json\/wp\/v2\/media\/8446"}],"wp:attachment":[{"href":"https:\/\/www.art-natur.ch\/fr\/wp-json\/wp\/v2\/media?parent=851"}],"wp:term":[{"taxonomy":"product_cat","embeddable":true,"href":"https:\/\/www.art-natur.ch\/fr\/wp-json\/wp\/v2\/product_cat?post=851"},{"taxonomy":"product_tag","embeddable":true,"href":"https:\/\/www.art-natur.ch\/fr\/wp-json\/wp\/v2\/product_tag?post=851"}],"curies":[{"name":"wp","href":"https:\/\/api.w.org\/{rel}","templated":true}]}}