{"id":860,"date":"2024-09-21T20:05:03","date_gmt":"2024-09-21T20:05:03","guid":{"rendered":"https:\/\/www.art-natur.ch\/product\/appret-lovely-sans-parfum\/"},"modified":"2024-10-18T18:06:33","modified_gmt":"2024-10-18T16:06:33","slug":"appret-lovely-sans-parfum","status":"publish","type":"product","link":"https:\/\/www.art-natur.ch\/fr\/produit\/appret-lovely-sans-parfum\/","title":{"rendered":"Appr\u00eat Lovely sans parfum"},"content":{"rendered":"<p>Le produit est id\u00e9al pour un nettoyage suppl\u00e9mentaire des cils et pour une meilleure connexion des cils artificiels avec les cils naturels.<\/p>\n<p>Il augmente la tenue des cils pendant 1 \u00e0 2 semaines.<br \/>\nLe primer s&rsquo;\u00e9vapore facilement.<br \/>\nAppliquer une petite quantit\u00e9 de produit sur la micro-brosse et essuyer les cils.<br \/>\n\u00c9vitez d&rsquo;appliquer le primer sur la peau.<br \/>\nConservez le produit ferm\u00e9 dans un endroit froid.<br \/>\nLa dur\u00e9e de conservation du produit est de 2 ans \u00e0 partir du moment de la production.<br \/>\nDate de p\u00e9remption apr\u00e8s ouverture: 6 mois<\/p>\n","protected":false},"excerpt":{"rendered":"<p>Le produit est id\u00e9al pour un nettoyage suppl\u00e9mentaire des cils et pour une meilleure connexion des cils artificiels avec les cils naturels. Il augmente la tenue des cils pendant 1 \u00e0 2 semaines. Le primer s&rsquo;\u00e9vapore facilement. Appliquer une petite quantit\u00e9 de produit sur la micro-brosse et essuyer les cils. \u00c9vitez d&rsquo;appliquer le primer sur [&hellip;]<\/p>\n","protected":false},"featured_media":10198,"template":"","meta":{"_acf_changed":false,"inline_featured_image":false},"product_cat":[116,181,185],"product_tag":[],"class_list":{"0":"post-860","1":"product","2":"type-product","3":"status-publish","4":"has-post-thumbnail","6":"product_brand-lovely","7":"product_cat-extension-de-cils","8":"product_cat-primer","9":"product_cat-primers","11":"first","12":"instock","13":"shipping-taxable","14":"purchasable","15":"product-type-simple"},"acf":[],"yoast_head":"<!-- This site is optimized with the Yoast SEO plugin v26.6 - https:\/\/yoast.com\/wordpress\/plugins\/seo\/ -->\n<title>Appr\u00eat Lovely sans parfum - LASHES&amp;BROWS by Nataliya Reinhard<\/title>\n<meta name=\"description\" content=\"Le produit est id\u00e9al pour un nettoyage des cils et am\u00e9liore la connexion des cils artificiels. Il prolonge la tenue de 1 \u00e0 2 semaines. \u00c9vaporation facile.\" \/>\n<meta name=\"robots\" content=\"index, follow, max-snippet:-1, max-image-preview:large, max-video-preview:-1\" \/>\n<link rel=\"canonical\" href=\"https:\/\/www.art-natur.ch\/fr\/produit\/appret-lovely-sans-parfum\/\" \/>\n<meta property=\"og:locale\" content=\"fr_FR\" \/>\n<meta property=\"og:type\" content=\"article\" \/>\n<meta property=\"og:title\" content=\"Appr\u00eat Lovely sans parfum - LASHES&amp;BROWS by Nataliya Reinhard\" \/>\n<meta property=\"og:description\" content=\"Le produit est id\u00e9al pour un nettoyage des cils et am\u00e9liore la connexion des cils artificiels. Il prolonge la tenue de 1 \u00e0 2 semaines. \u00c9vaporation facile.\" \/>\n<meta property=\"og:url\" content=\"https:\/\/www.art-natur.ch\/fr\/produit\/appret-lovely-sans-parfum\/\" \/>\n<meta property=\"og:site_name\" content=\"LASHES&amp;BROWS by Nataliya Reinhard\" \/>\n<meta property=\"article:modified_time\" content=\"2024-10-18T16:06:33+00:00\" \/>\n<meta property=\"og:image\" content=\"https:\/\/www.art-natur.ch\/wp-content\/uploads\/2024\/09\/397ba0c31fd755e2888c9171c6b075d31.png\" \/>\n\t<meta property=\"og:image:width\" content=\"1080\" \/>\n\t<meta property=\"og:image:height\" content=\"1080\" \/>\n\t<meta property=\"og:image:type\" content=\"image\/png\" \/>\n<meta name=\"twitter:card\" content=\"summary_large_image\" \/>\n<meta name=\"twitter:label1\" content=\"Dur\u00e9e de lecture estim\u00e9e\" \/>\n\t<meta name=\"twitter:data1\" content=\"1 minute\" \/>\n<script type=\"application\/ld+json\" class=\"yoast-schema-graph\">{\"@context\":\"https:\/\/schema.org\",\"@graph\":[{\"@type\":\"WebPage\",\"@id\":\"https:\/\/www.art-natur.ch\/fr\/produit\/appret-lovely-sans-parfum\/\",\"url\":\"https:\/\/www.art-natur.ch\/fr\/produit\/appret-lovely-sans-parfum\/\",\"name\":\"Appr\u00eat Lovely sans parfum - LASHES&amp;BROWS by Nataliya Reinhard\",\"isPartOf\":{\"@id\":\"https:\/\/www.art-natur.ch\/fr\/#website\"},\"primaryImageOfPage\":{\"@id\":\"https:\/\/www.art-natur.ch\/fr\/produit\/appret-lovely-sans-parfum\/#primaryimage\"},\"image\":{\"@id\":\"https:\/\/www.art-natur.ch\/fr\/produit\/appret-lovely-sans-parfum\/#primaryimage\"},\"thumbnailUrl\":\"https:\/\/www.art-natur.ch\/wp-content\/uploads\/2024\/09\/3b8bcf91ba89f8d17f9c9bbf1ba06baf1.png\",\"datePublished\":\"2024-09-21T20:05:03+00:00\",\"dateModified\":\"2024-10-18T16:06:33+00:00\",\"description\":\"Le produit est id\u00e9al pour un nettoyage des cils et am\u00e9liore la connexion des cils artificiels. Il prolonge la tenue de 1 \u00e0 2 semaines. \u00c9vaporation facile.\",\"breadcrumb\":{\"@id\":\"https:\/\/www.art-natur.ch\/fr\/produit\/appret-lovely-sans-parfum\/#breadcrumb\"},\"inLanguage\":\"fr-FR\",\"potentialAction\":[{\"@type\":\"ReadAction\",\"target\":[\"https:\/\/www.art-natur.ch\/fr\/produit\/appret-lovely-sans-parfum\/\"]}]},{\"@type\":\"ImageObject\",\"inLanguage\":\"fr-FR\",\"@id\":\"https:\/\/www.art-natur.ch\/fr\/produit\/appret-lovely-sans-parfum\/#primaryimage\",\"url\":\"https:\/\/www.art-natur.ch\/wp-content\/uploads\/2024\/09\/3b8bcf91ba89f8d17f9c9bbf1ba06baf1.png\",\"contentUrl\":\"https:\/\/www.art-natur.ch\/wp-content\/uploads\/2024\/09\/3b8bcf91ba89f8d17f9c9bbf1ba06baf1.png\",\"width\":1080,\"height\":1080},{\"@type\":\"BreadcrumbList\",\"@id\":\"https:\/\/www.art-natur.ch\/fr\/produit\/appret-lovely-sans-parfum\/#breadcrumb\",\"itemListElement\":[{\"@type\":\"ListItem\",\"position\":1,\"name\":\"Home\",\"item\":\"https:\/\/www.art-natur.ch\/fr\/\"},{\"@type\":\"ListItem\",\"position\":2,\"name\":\"Boutique\",\"item\":\"https:\/\/www.art-natur.ch\/shop\/\"},{\"@type\":\"ListItem\",\"position\":3,\"name\":\"Appr\u00eat Lovely sans parfum\"}]},{\"@type\":\"WebSite\",\"@id\":\"https:\/\/www.art-natur.ch\/fr\/#website\",\"url\":\"https:\/\/www.art-natur.ch\/fr\/\",\"name\":\"LASHES&amp;BROWS by Nataliya Reinhard\",\"description\":\"High-quality lash and brow services with attention to every detail\",\"potentialAction\":[{\"@type\":\"SearchAction\",\"target\":{\"@type\":\"EntryPoint\",\"urlTemplate\":\"https:\/\/www.art-natur.ch\/fr\/?s={search_term_string}\"},\"query-input\":{\"@type\":\"PropertyValueSpecification\",\"valueRequired\":true,\"valueName\":\"search_term_string\"}}],\"inLanguage\":\"fr-FR\"}]}<\/script>\n<!-- \/ Yoast SEO plugin. -->","yoast_head_json":{"title":"Appr\u00eat Lovely sans parfum - LASHES&amp;BROWS by Nataliya Reinhard","description":"Le produit est id\u00e9al pour un nettoyage des cils et am\u00e9liore la connexion des cils artificiels. Il prolonge la tenue de 1 \u00e0 2 semaines. \u00c9vaporation facile.","robots":{"index":"index","follow":"follow","max-snippet":"max-snippet:-1","max-image-preview":"max-image-preview:large","max-video-preview":"max-video-preview:-1"},"canonical":"https:\/\/www.art-natur.ch\/fr\/produit\/appret-lovely-sans-parfum\/","og_locale":"fr_FR","og_type":"article","og_title":"Appr\u00eat Lovely sans parfum - LASHES&amp;BROWS by Nataliya Reinhard","og_description":"Le produit est id\u00e9al pour un nettoyage des cils et am\u00e9liore la connexion des cils artificiels. Il prolonge la tenue de 1 \u00e0 2 semaines. \u00c9vaporation facile.","og_url":"https:\/\/www.art-natur.ch\/fr\/produit\/appret-lovely-sans-parfum\/","og_site_name":"LASHES&amp;BROWS by Nataliya Reinhard","article_modified_time":"2024-10-18T16:06:33+00:00","og_image":[{"width":1080,"height":1080,"url":"https:\/\/www.art-natur.ch\/wp-content\/uploads\/2024\/09\/397ba0c31fd755e2888c9171c6b075d31.png","type":"image\/png"}],"twitter_card":"summary_large_image","twitter_misc":{"Dur\u00e9e de lecture estim\u00e9e":"1 minute"},"schema":{"@context":"https:\/\/schema.org","@graph":[{"@type":"WebPage","@id":"https:\/\/www.art-natur.ch\/fr\/produit\/appret-lovely-sans-parfum\/","url":"https:\/\/www.art-natur.ch\/fr\/produit\/appret-lovely-sans-parfum\/","name":"Appr\u00eat Lovely sans parfum - LASHES&amp;BROWS by Nataliya Reinhard","isPartOf":{"@id":"https:\/\/www.art-natur.ch\/fr\/#website"},"primaryImageOfPage":{"@id":"https:\/\/www.art-natur.ch\/fr\/produit\/appret-lovely-sans-parfum\/#primaryimage"},"image":{"@id":"https:\/\/www.art-natur.ch\/fr\/produit\/appret-lovely-sans-parfum\/#primaryimage"},"thumbnailUrl":"https:\/\/www.art-natur.ch\/wp-content\/uploads\/2024\/09\/3b8bcf91ba89f8d17f9c9bbf1ba06baf1.png","datePublished":"2024-09-21T20:05:03+00:00","dateModified":"2024-10-18T16:06:33+00:00","description":"Le produit est id\u00e9al pour un nettoyage des cils et am\u00e9liore la connexion des cils artificiels. Il prolonge la tenue de 1 \u00e0 2 semaines. \u00c9vaporation facile.","breadcrumb":{"@id":"https:\/\/www.art-natur.ch\/fr\/produit\/appret-lovely-sans-parfum\/#breadcrumb"},"inLanguage":"fr-FR","potentialAction":[{"@type":"ReadAction","target":["https:\/\/www.art-natur.ch\/fr\/produit\/appret-lovely-sans-parfum\/"]}]},{"@type":"ImageObject","inLanguage":"fr-FR","@id":"https:\/\/www.art-natur.ch\/fr\/produit\/appret-lovely-sans-parfum\/#primaryimage","url":"https:\/\/www.art-natur.ch\/wp-content\/uploads\/2024\/09\/3b8bcf91ba89f8d17f9c9bbf1ba06baf1.png","contentUrl":"https:\/\/www.art-natur.ch\/wp-content\/uploads\/2024\/09\/3b8bcf91ba89f8d17f9c9bbf1ba06baf1.png","width":1080,"height":1080},{"@type":"BreadcrumbList","@id":"https:\/\/www.art-natur.ch\/fr\/produit\/appret-lovely-sans-parfum\/#breadcrumb","itemListElement":[{"@type":"ListItem","position":1,"name":"Home","item":"https:\/\/www.art-natur.ch\/fr\/"},{"@type":"ListItem","position":2,"name":"Boutique","item":"https:\/\/www.art-natur.ch\/shop\/"},{"@type":"ListItem","position":3,"name":"Appr\u00eat Lovely sans parfum"}]},{"@type":"WebSite","@id":"https:\/\/www.art-natur.ch\/fr\/#website","url":"https:\/\/www.art-natur.ch\/fr\/","name":"LASHES&amp;BROWS by Nataliya Reinhard","description":"High-quality lash and brow services with attention to every detail","potentialAction":[{"@type":"SearchAction","target":{"@type":"EntryPoint","urlTemplate":"https:\/\/www.art-natur.ch\/fr\/?s={search_term_string}"},"query-input":{"@type":"PropertyValueSpecification","valueRequired":true,"valueName":"search_term_string"}}],"inLanguage":"fr-FR"}]}},"_links":{"self":[{"href":"https:\/\/www.art-natur.ch\/fr\/wp-json\/wp\/v2\/product\/860","targetHints":{"allow":["GET"]}}],"collection":[{"href":"https:\/\/www.art-natur.ch\/fr\/wp-json\/wp\/v2\/product"}],"about":[{"href":"https:\/\/www.art-natur.ch\/fr\/wp-json\/wp\/v2\/types\/product"}],"wp:featuredmedia":[{"embeddable":true,"href":"https:\/\/www.art-natur.ch\/fr\/wp-json\/wp\/v2\/media\/10198"}],"wp:attachment":[{"href":"https:\/\/www.art-natur.ch\/fr\/wp-json\/wp\/v2\/media?parent=860"}],"wp:term":[{"taxonomy":"product_cat","embeddable":true,"href":"https:\/\/www.art-natur.ch\/fr\/wp-json\/wp\/v2\/product_cat?post=860"},{"taxonomy":"product_tag","embeddable":true,"href":"https:\/\/www.art-natur.ch\/fr\/wp-json\/wp\/v2\/product_tag?post=860"}],"curies":[{"name":"wp","href":"https:\/\/api.w.org\/{rel}","templated":true}]}}