{"id":870,"date":"2024-09-21T22:16:02","date_gmt":"2024-09-21T21:16:02","guid":{"rendered":"https:\/\/www.art-natur.ch\/product\/assainisseur-liquide-inlei-f-360-ready\/"},"modified":"2024-10-14T01:03:04","modified_gmt":"2024-10-13T23:03:04","slug":"assainisseur-liquide-inlei-f-360-ready","status":"publish","type":"product","link":"https:\/\/www.art-natur.ch\/fr\/produit\/assainisseur-liquide-inlei-f-360-ready\/","title":{"rendered":"Assainisseur liquide InLei \u00ab\u00a0F 360\u00a0\u00bb-Ready"},"content":{"rendered":"<p>Assainisseur liquide pr\u00eat \u00e0 l&#8217;emploi.<\/p>\n<p>D\u00e9tergent d\u00e9sinfectant, utilisable sur toute surface et compatible avec tous les mat\u00e9riaux. Id\u00e9al pour un nettoyage rapide et facile, sans rin\u00e7age.<br \/>\nComment l&rsquo;utiliser :<\/p>\n<p>Vaporisez directement sur les surfaces \u00e0 nettoyer.<br \/>\nLaissez agir pendant quelques secondes<br \/>\nEssuyez avec un chiffon ou une \u00e9ponge jusqu&rsquo;\u00e0 ce que les surfaces soient s\u00e8ches.<\/p>\n","protected":false},"excerpt":{"rendered":"<p>Assainisseur liquide pr\u00eat \u00e0 l&#8217;emploi. D\u00e9tergent d\u00e9sinfectant, utilisable sur toute surface et compatible avec tous les mat\u00e9riaux. Id\u00e9al pour un nettoyage rapide et facile, sans rin\u00e7age. Comment l&rsquo;utiliser : Vaporisez directement sur les surfaces \u00e0 nettoyer. Laissez agir pendant quelques secondes Essuyez avec un chiffon ou une \u00e9ponge jusqu&rsquo;\u00e0 ce que les surfaces soient s\u00e8ches.<\/p>\n","protected":false},"featured_media":8438,"template":"","meta":{"_acf_changed":false,"inline_featured_image":false},"product_cat":[193,203],"product_tag":[],"class_list":{"0":"post-870","1":"product","2":"type-product","3":"status-publish","4":"has-post-thumbnail","6":"product_brand-in-lei","7":"product_cat-produits-connexes","8":"product_cat-materiel-dhygiene","10":"first","11":"instock","12":"shipping-taxable","13":"purchasable","14":"product-type-simple"},"acf":[],"yoast_head":"<!-- This site is optimized with the Yoast SEO plugin v26.6 - https:\/\/yoast.com\/wordpress\/plugins\/seo\/ -->\n<title>Assainisseur liquide InLei &quot;F 360&quot;-Ready - LASHES&amp;BROWS by Nataliya Reinhard<\/title>\n<meta name=\"description\" content=\"Assainisseur liquide pr\u00eat \u00e0 l&#039;emploi pour toute surface, compatible avec tous les mat\u00e9riaux. Id\u00e9al pour un nettoyage rapide : vaporisez, laissez agir et essuyez, sans rin\u00e7age.\" \/>\n<meta name=\"robots\" content=\"index, follow, max-snippet:-1, max-image-preview:large, max-video-preview:-1\" \/>\n<link rel=\"canonical\" href=\"https:\/\/www.art-natur.ch\/fr\/produit\/assainisseur-liquide-inlei-f-360-ready\/\" \/>\n<meta property=\"og:locale\" content=\"fr_FR\" \/>\n<meta property=\"og:type\" content=\"article\" \/>\n<meta property=\"og:title\" content=\"Assainisseur liquide InLei &quot;F 360&quot;-Ready - LASHES&amp;BROWS by Nataliya Reinhard\" \/>\n<meta property=\"og:description\" content=\"Assainisseur liquide pr\u00eat \u00e0 l&#039;emploi pour toute surface, compatible avec tous les mat\u00e9riaux. Id\u00e9al pour un nettoyage rapide : vaporisez, laissez agir et essuyez, sans rin\u00e7age.\" \/>\n<meta property=\"og:url\" content=\"https:\/\/www.art-natur.ch\/fr\/produit\/assainisseur-liquide-inlei-f-360-ready\/\" \/>\n<meta property=\"og:site_name\" content=\"LASHES&amp;BROWS by Nataliya Reinhard\" \/>\n<meta property=\"article:modified_time\" content=\"2024-10-13T23:03:04+00:00\" \/>\n<meta property=\"og:image\" content=\"https:\/\/www.art-natur.ch\/wp-content\/uploads\/2024\/09\/2519456308-Photoroom.png\" \/>\n\t<meta property=\"og:image:width\" content=\"1119\" \/>\n\t<meta property=\"og:image:height\" content=\"1280\" \/>\n\t<meta property=\"og:image:type\" content=\"image\/png\" \/>\n<meta name=\"twitter:card\" content=\"summary_large_image\" \/>\n<script type=\"application\/ld+json\" class=\"yoast-schema-graph\">{\"@context\":\"https:\/\/schema.org\",\"@graph\":[{\"@type\":\"WebPage\",\"@id\":\"https:\/\/www.art-natur.ch\/fr\/produit\/assainisseur-liquide-inlei-f-360-ready\/\",\"url\":\"https:\/\/www.art-natur.ch\/fr\/produit\/assainisseur-liquide-inlei-f-360-ready\/\",\"name\":\"Assainisseur liquide InLei \\\"F 360\\\"-Ready - LASHES&amp;BROWS by Nataliya Reinhard\",\"isPartOf\":{\"@id\":\"https:\/\/www.art-natur.ch\/fr\/#website\"},\"primaryImageOfPage\":{\"@id\":\"https:\/\/www.art-natur.ch\/fr\/produit\/assainisseur-liquide-inlei-f-360-ready\/#primaryimage\"},\"image\":{\"@id\":\"https:\/\/www.art-natur.ch\/fr\/produit\/assainisseur-liquide-inlei-f-360-ready\/#primaryimage\"},\"thumbnailUrl\":\"https:\/\/www.art-natur.ch\/wp-content\/uploads\/2024\/09\/2519456308-Photoroom.png\",\"datePublished\":\"2024-09-21T21:16:02+00:00\",\"dateModified\":\"2024-10-13T23:03:04+00:00\",\"description\":\"Assainisseur liquide pr\u00eat \u00e0 l'emploi pour toute surface, compatible avec tous les mat\u00e9riaux. Id\u00e9al pour un nettoyage rapide : vaporisez, laissez agir et essuyez, sans rin\u00e7age.\",\"breadcrumb\":{\"@id\":\"https:\/\/www.art-natur.ch\/fr\/produit\/assainisseur-liquide-inlei-f-360-ready\/#breadcrumb\"},\"inLanguage\":\"fr-FR\",\"potentialAction\":[{\"@type\":\"ReadAction\",\"target\":[\"https:\/\/www.art-natur.ch\/fr\/produit\/assainisseur-liquide-inlei-f-360-ready\/\"]}]},{\"@type\":\"ImageObject\",\"inLanguage\":\"fr-FR\",\"@id\":\"https:\/\/www.art-natur.ch\/fr\/produit\/assainisseur-liquide-inlei-f-360-ready\/#primaryimage\",\"url\":\"https:\/\/www.art-natur.ch\/wp-content\/uploads\/2024\/09\/2519456308-Photoroom.png\",\"contentUrl\":\"https:\/\/www.art-natur.ch\/wp-content\/uploads\/2024\/09\/2519456308-Photoroom.png\",\"width\":1119,\"height\":1280},{\"@type\":\"BreadcrumbList\",\"@id\":\"https:\/\/www.art-natur.ch\/fr\/produit\/assainisseur-liquide-inlei-f-360-ready\/#breadcrumb\",\"itemListElement\":[{\"@type\":\"ListItem\",\"position\":1,\"name\":\"Home\",\"item\":\"https:\/\/www.art-natur.ch\/fr\/\"},{\"@type\":\"ListItem\",\"position\":2,\"name\":\"Boutique\",\"item\":\"https:\/\/www.art-natur.ch\/shop\/\"},{\"@type\":\"ListItem\",\"position\":3,\"name\":\"Assainisseur liquide InLei &#8222;F 360&#8220;-Ready\"}]},{\"@type\":\"WebSite\",\"@id\":\"https:\/\/www.art-natur.ch\/fr\/#website\",\"url\":\"https:\/\/www.art-natur.ch\/fr\/\",\"name\":\"LASHES&amp;BROWS by Nataliya Reinhard\",\"description\":\"High-quality lash and brow services with attention to every detail\",\"potentialAction\":[{\"@type\":\"SearchAction\",\"target\":{\"@type\":\"EntryPoint\",\"urlTemplate\":\"https:\/\/www.art-natur.ch\/fr\/?s={search_term_string}\"},\"query-input\":{\"@type\":\"PropertyValueSpecification\",\"valueRequired\":true,\"valueName\":\"search_term_string\"}}],\"inLanguage\":\"fr-FR\"}]}<\/script>\n<!-- \/ Yoast SEO plugin. -->","yoast_head_json":{"title":"Assainisseur liquide InLei \"F 360\"-Ready - LASHES&amp;BROWS by Nataliya Reinhard","description":"Assainisseur liquide pr\u00eat \u00e0 l'emploi pour toute surface, compatible avec tous les mat\u00e9riaux. Id\u00e9al pour un nettoyage rapide : vaporisez, laissez agir et essuyez, sans rin\u00e7age.","robots":{"index":"index","follow":"follow","max-snippet":"max-snippet:-1","max-image-preview":"max-image-preview:large","max-video-preview":"max-video-preview:-1"},"canonical":"https:\/\/www.art-natur.ch\/fr\/produit\/assainisseur-liquide-inlei-f-360-ready\/","og_locale":"fr_FR","og_type":"article","og_title":"Assainisseur liquide InLei \"F 360\"-Ready - LASHES&amp;BROWS by Nataliya Reinhard","og_description":"Assainisseur liquide pr\u00eat \u00e0 l'emploi pour toute surface, compatible avec tous les mat\u00e9riaux. Id\u00e9al pour un nettoyage rapide : vaporisez, laissez agir et essuyez, sans rin\u00e7age.","og_url":"https:\/\/www.art-natur.ch\/fr\/produit\/assainisseur-liquide-inlei-f-360-ready\/","og_site_name":"LASHES&amp;BROWS by Nataliya Reinhard","article_modified_time":"2024-10-13T23:03:04+00:00","og_image":[{"width":1119,"height":1280,"url":"https:\/\/www.art-natur.ch\/wp-content\/uploads\/2024\/09\/2519456308-Photoroom.png","type":"image\/png"}],"twitter_card":"summary_large_image","schema":{"@context":"https:\/\/schema.org","@graph":[{"@type":"WebPage","@id":"https:\/\/www.art-natur.ch\/fr\/produit\/assainisseur-liquide-inlei-f-360-ready\/","url":"https:\/\/www.art-natur.ch\/fr\/produit\/assainisseur-liquide-inlei-f-360-ready\/","name":"Assainisseur liquide InLei \"F 360\"-Ready - LASHES&amp;BROWS by Nataliya Reinhard","isPartOf":{"@id":"https:\/\/www.art-natur.ch\/fr\/#website"},"primaryImageOfPage":{"@id":"https:\/\/www.art-natur.ch\/fr\/produit\/assainisseur-liquide-inlei-f-360-ready\/#primaryimage"},"image":{"@id":"https:\/\/www.art-natur.ch\/fr\/produit\/assainisseur-liquide-inlei-f-360-ready\/#primaryimage"},"thumbnailUrl":"https:\/\/www.art-natur.ch\/wp-content\/uploads\/2024\/09\/2519456308-Photoroom.png","datePublished":"2024-09-21T21:16:02+00:00","dateModified":"2024-10-13T23:03:04+00:00","description":"Assainisseur liquide pr\u00eat \u00e0 l'emploi pour toute surface, compatible avec tous les mat\u00e9riaux. Id\u00e9al pour un nettoyage rapide : vaporisez, laissez agir et essuyez, sans rin\u00e7age.","breadcrumb":{"@id":"https:\/\/www.art-natur.ch\/fr\/produit\/assainisseur-liquide-inlei-f-360-ready\/#breadcrumb"},"inLanguage":"fr-FR","potentialAction":[{"@type":"ReadAction","target":["https:\/\/www.art-natur.ch\/fr\/produit\/assainisseur-liquide-inlei-f-360-ready\/"]}]},{"@type":"ImageObject","inLanguage":"fr-FR","@id":"https:\/\/www.art-natur.ch\/fr\/produit\/assainisseur-liquide-inlei-f-360-ready\/#primaryimage","url":"https:\/\/www.art-natur.ch\/wp-content\/uploads\/2024\/09\/2519456308-Photoroom.png","contentUrl":"https:\/\/www.art-natur.ch\/wp-content\/uploads\/2024\/09\/2519456308-Photoroom.png","width":1119,"height":1280},{"@type":"BreadcrumbList","@id":"https:\/\/www.art-natur.ch\/fr\/produit\/assainisseur-liquide-inlei-f-360-ready\/#breadcrumb","itemListElement":[{"@type":"ListItem","position":1,"name":"Home","item":"https:\/\/www.art-natur.ch\/fr\/"},{"@type":"ListItem","position":2,"name":"Boutique","item":"https:\/\/www.art-natur.ch\/shop\/"},{"@type":"ListItem","position":3,"name":"Assainisseur liquide InLei &#8222;F 360&#8220;-Ready"}]},{"@type":"WebSite","@id":"https:\/\/www.art-natur.ch\/fr\/#website","url":"https:\/\/www.art-natur.ch\/fr\/","name":"LASHES&amp;BROWS by Nataliya Reinhard","description":"High-quality lash and brow services with attention to every detail","potentialAction":[{"@type":"SearchAction","target":{"@type":"EntryPoint","urlTemplate":"https:\/\/www.art-natur.ch\/fr\/?s={search_term_string}"},"query-input":{"@type":"PropertyValueSpecification","valueRequired":true,"valueName":"search_term_string"}}],"inLanguage":"fr-FR"}]}},"_links":{"self":[{"href":"https:\/\/www.art-natur.ch\/fr\/wp-json\/wp\/v2\/product\/870","targetHints":{"allow":["GET"]}}],"collection":[{"href":"https:\/\/www.art-natur.ch\/fr\/wp-json\/wp\/v2\/product"}],"about":[{"href":"https:\/\/www.art-natur.ch\/fr\/wp-json\/wp\/v2\/types\/product"}],"wp:featuredmedia":[{"embeddable":true,"href":"https:\/\/www.art-natur.ch\/fr\/wp-json\/wp\/v2\/media\/8438"}],"wp:attachment":[{"href":"https:\/\/www.art-natur.ch\/fr\/wp-json\/wp\/v2\/media?parent=870"}],"wp:term":[{"taxonomy":"product_cat","embeddable":true,"href":"https:\/\/www.art-natur.ch\/fr\/wp-json\/wp\/v2\/product_cat?post=870"},{"taxonomy":"product_tag","embeddable":true,"href":"https:\/\/www.art-natur.ch\/fr\/wp-json\/wp\/v2\/product_tag?post=870"}],"curies":[{"name":"wp","href":"https:\/\/api.w.org\/{rel}","templated":true}]}}