{"id":881,"date":"2024-09-21T22:32:45","date_gmt":"2024-09-21T21:32:45","guid":{"rendered":"https:\/\/www.art-natur.ch\/product\/bac-de-desinfection-pour-les-outils-et-les-bigoudis-en-silicone\/"},"modified":"2025-01-18T21:03:46","modified_gmt":"2025-01-18T20:03:46","slug":"bac-de-desinfection-pour-les-outils-et-les-bigoudis-en-silicone","status":"publish","type":"product","link":"https:\/\/www.art-natur.ch\/fr\/produit\/bac-de-desinfection-pour-les-outils-et-les-bigoudis-en-silicone\/","title":{"rendered":"\u200bBac de d\u00e9sinfection pour les outils et les bigoudis en silicone"},"content":{"rendered":"<p>Soyez le premier \u00e0 commenter ce produit<\/p>\n<p>Plateau en silicone facile \u00e0 utiliser pour d\u00e9sinfecter les outils et les bigoudis.<br \/>\nRigide et robuste, facile \u00e0 utiliser<br \/>\nMesures utiles : 190mm x 80mm h.25mm<br \/>\nDimensions totales : 225mm x 125mm h.65mm.<\/p>\n","protected":false},"excerpt":{"rendered":"<p>Soyez le premier \u00e0 commenter ce produit Plateau en silicone facile \u00e0 utiliser pour d\u00e9sinfecter les outils et les bigoudis. Rigide et robuste, facile \u00e0 utiliser Mesures utiles : 190mm x 80mm h.25mm Dimensions totales : 225mm x 125mm h.65mm.<\/p>\n","protected":false},"featured_media":8433,"template":"","meta":{"_acf_changed":false,"inline_featured_image":false},"product_cat":[143,146,193,203,207],"product_tag":[],"class_list":{"0":"post-881","1":"product","2":"type-product","3":"status-publish","4":"has-post-thumbnail","6":"product_cat-equipements-et-accessoires","7":"product_cat-autre","8":"product_cat-produits-connexes","9":"product_cat-materiel-dhygiene","10":"product_cat-consommables-fr","12":"first","13":"instock","14":"shipping-taxable","15":"purchasable","16":"product-type-simple"},"acf":[],"yoast_head":"<!-- This site is optimized with the Yoast SEO plugin v26.6 - https:\/\/yoast.com\/wordpress\/plugins\/seo\/ -->\n<title>\u200bBac de d\u00e9sinfection pour les outils et les bigoudis en silicone - LASHES&amp;BROWS by Nataliya Reinhard<\/title>\n<meta name=\"description\" content=\"Soyez le premier \u00e0 \u00e9valuer ce produit : Plateau en silicone pour d\u00e9sinfecter les outils. Rigide, robuste. Dimensions : 190 x 80 x 25 mm.\" \/>\n<meta name=\"robots\" content=\"index, follow, max-snippet:-1, max-image-preview:large, max-video-preview:-1\" \/>\n<link rel=\"canonical\" href=\"https:\/\/www.art-natur.ch\/fr\/produit\/bac-de-desinfection-pour-les-outils-et-les-bigoudis-en-silicone\/\" \/>\n<meta property=\"og:locale\" content=\"fr_FR\" \/>\n<meta property=\"og:type\" content=\"article\" \/>\n<meta property=\"og:title\" content=\"\u200bBac de d\u00e9sinfection pour les outils et les bigoudis en silicone - LASHES&amp;BROWS by Nataliya Reinhard\" \/>\n<meta property=\"og:description\" content=\"Soyez le premier \u00e0 \u00e9valuer ce produit : Plateau en silicone pour d\u00e9sinfecter les outils. Rigide, robuste. Dimensions : 190 x 80 x 25 mm.\" \/>\n<meta property=\"og:url\" content=\"https:\/\/www.art-natur.ch\/fr\/produit\/bac-de-desinfection-pour-les-outils-et-les-bigoudis-en-silicone\/\" \/>\n<meta property=\"og:site_name\" content=\"LASHES&amp;BROWS by Nataliya Reinhard\" \/>\n<meta property=\"article:modified_time\" content=\"2025-01-18T20:03:46+00:00\" \/>\n<meta property=\"og:image\" content=\"https:\/\/www.art-natur.ch\/wp-content\/uploads\/2024\/09\/2465552337-Photoroom.png\" \/>\n\t<meta property=\"og:image:width\" content=\"1200\" \/>\n\t<meta property=\"og:image:height\" content=\"800\" \/>\n\t<meta property=\"og:image:type\" content=\"image\/png\" \/>\n<meta name=\"twitter:card\" content=\"summary_large_image\" \/>\n<meta name=\"twitter:label1\" content=\"Dur\u00e9e de lecture estim\u00e9e\" \/>\n\t<meta name=\"twitter:data1\" content=\"1 minute\" \/>\n<script type=\"application\/ld+json\" class=\"yoast-schema-graph\">{\"@context\":\"https:\/\/schema.org\",\"@graph\":[{\"@type\":\"WebPage\",\"@id\":\"https:\/\/www.art-natur.ch\/fr\/produit\/bac-de-desinfection-pour-les-outils-et-les-bigoudis-en-silicone\/\",\"url\":\"https:\/\/www.art-natur.ch\/fr\/produit\/bac-de-desinfection-pour-les-outils-et-les-bigoudis-en-silicone\/\",\"name\":\"\u200bBac de d\u00e9sinfection pour les outils et les bigoudis en silicone - LASHES&amp;BROWS by Nataliya Reinhard\",\"isPartOf\":{\"@id\":\"https:\/\/www.art-natur.ch\/fr\/#website\"},\"primaryImageOfPage\":{\"@id\":\"https:\/\/www.art-natur.ch\/fr\/produit\/bac-de-desinfection-pour-les-outils-et-les-bigoudis-en-silicone\/#primaryimage\"},\"image\":{\"@id\":\"https:\/\/www.art-natur.ch\/fr\/produit\/bac-de-desinfection-pour-les-outils-et-les-bigoudis-en-silicone\/#primaryimage\"},\"thumbnailUrl\":\"https:\/\/www.art-natur.ch\/wp-content\/uploads\/2024\/09\/2465552337-Photoroom.png\",\"datePublished\":\"2024-09-21T21:32:45+00:00\",\"dateModified\":\"2025-01-18T20:03:46+00:00\",\"description\":\"Soyez le premier \u00e0 \u00e9valuer ce produit : Plateau en silicone pour d\u00e9sinfecter les outils. Rigide, robuste. Dimensions : 190 x 80 x 25 mm.\",\"breadcrumb\":{\"@id\":\"https:\/\/www.art-natur.ch\/fr\/produit\/bac-de-desinfection-pour-les-outils-et-les-bigoudis-en-silicone\/#breadcrumb\"},\"inLanguage\":\"fr-FR\",\"potentialAction\":[{\"@type\":\"ReadAction\",\"target\":[\"https:\/\/www.art-natur.ch\/fr\/produit\/bac-de-desinfection-pour-les-outils-et-les-bigoudis-en-silicone\/\"]}]},{\"@type\":\"ImageObject\",\"inLanguage\":\"fr-FR\",\"@id\":\"https:\/\/www.art-natur.ch\/fr\/produit\/bac-de-desinfection-pour-les-outils-et-les-bigoudis-en-silicone\/#primaryimage\",\"url\":\"https:\/\/www.art-natur.ch\/wp-content\/uploads\/2024\/09\/2465552337-Photoroom.png\",\"contentUrl\":\"https:\/\/www.art-natur.ch\/wp-content\/uploads\/2024\/09\/2465552337-Photoroom.png\",\"width\":1200,\"height\":800},{\"@type\":\"BreadcrumbList\",\"@id\":\"https:\/\/www.art-natur.ch\/fr\/produit\/bac-de-desinfection-pour-les-outils-et-les-bigoudis-en-silicone\/#breadcrumb\",\"itemListElement\":[{\"@type\":\"ListItem\",\"position\":1,\"name\":\"Home\",\"item\":\"https:\/\/www.art-natur.ch\/fr\/\"},{\"@type\":\"ListItem\",\"position\":2,\"name\":\"Boutique\",\"item\":\"https:\/\/www.art-natur.ch\/shop\/\"},{\"@type\":\"ListItem\",\"position\":3,\"name\":\"\u200bBac de d\u00e9sinfection pour les outils et les bigoudis en silicone\"}]},{\"@type\":\"WebSite\",\"@id\":\"https:\/\/www.art-natur.ch\/fr\/#website\",\"url\":\"https:\/\/www.art-natur.ch\/fr\/\",\"name\":\"LASHES&amp;BROWS by Nataliya Reinhard\",\"description\":\"High-quality lash and brow services with attention to every detail\",\"potentialAction\":[{\"@type\":\"SearchAction\",\"target\":{\"@type\":\"EntryPoint\",\"urlTemplate\":\"https:\/\/www.art-natur.ch\/fr\/?s={search_term_string}\"},\"query-input\":{\"@type\":\"PropertyValueSpecification\",\"valueRequired\":true,\"valueName\":\"search_term_string\"}}],\"inLanguage\":\"fr-FR\"}]}<\/script>\n<!-- \/ Yoast SEO plugin. -->","yoast_head_json":{"title":"\u200bBac de d\u00e9sinfection pour les outils et les bigoudis en silicone - LASHES&amp;BROWS by Nataliya Reinhard","description":"Soyez le premier \u00e0 \u00e9valuer ce produit : Plateau en silicone pour d\u00e9sinfecter les outils. Rigide, robuste. Dimensions : 190 x 80 x 25 mm.","robots":{"index":"index","follow":"follow","max-snippet":"max-snippet:-1","max-image-preview":"max-image-preview:large","max-video-preview":"max-video-preview:-1"},"canonical":"https:\/\/www.art-natur.ch\/fr\/produit\/bac-de-desinfection-pour-les-outils-et-les-bigoudis-en-silicone\/","og_locale":"fr_FR","og_type":"article","og_title":"\u200bBac de d\u00e9sinfection pour les outils et les bigoudis en silicone - LASHES&amp;BROWS by Nataliya Reinhard","og_description":"Soyez le premier \u00e0 \u00e9valuer ce produit : Plateau en silicone pour d\u00e9sinfecter les outils. Rigide, robuste. Dimensions : 190 x 80 x 25 mm.","og_url":"https:\/\/www.art-natur.ch\/fr\/produit\/bac-de-desinfection-pour-les-outils-et-les-bigoudis-en-silicone\/","og_site_name":"LASHES&amp;BROWS by Nataliya Reinhard","article_modified_time":"2025-01-18T20:03:46+00:00","og_image":[{"width":1200,"height":800,"url":"https:\/\/www.art-natur.ch\/wp-content\/uploads\/2024\/09\/2465552337-Photoroom.png","type":"image\/png"}],"twitter_card":"summary_large_image","twitter_misc":{"Dur\u00e9e de lecture estim\u00e9e":"1 minute"},"schema":{"@context":"https:\/\/schema.org","@graph":[{"@type":"WebPage","@id":"https:\/\/www.art-natur.ch\/fr\/produit\/bac-de-desinfection-pour-les-outils-et-les-bigoudis-en-silicone\/","url":"https:\/\/www.art-natur.ch\/fr\/produit\/bac-de-desinfection-pour-les-outils-et-les-bigoudis-en-silicone\/","name":"\u200bBac de d\u00e9sinfection pour les outils et les bigoudis en silicone - LASHES&amp;BROWS by Nataliya Reinhard","isPartOf":{"@id":"https:\/\/www.art-natur.ch\/fr\/#website"},"primaryImageOfPage":{"@id":"https:\/\/www.art-natur.ch\/fr\/produit\/bac-de-desinfection-pour-les-outils-et-les-bigoudis-en-silicone\/#primaryimage"},"image":{"@id":"https:\/\/www.art-natur.ch\/fr\/produit\/bac-de-desinfection-pour-les-outils-et-les-bigoudis-en-silicone\/#primaryimage"},"thumbnailUrl":"https:\/\/www.art-natur.ch\/wp-content\/uploads\/2024\/09\/2465552337-Photoroom.png","datePublished":"2024-09-21T21:32:45+00:00","dateModified":"2025-01-18T20:03:46+00:00","description":"Soyez le premier \u00e0 \u00e9valuer ce produit : Plateau en silicone pour d\u00e9sinfecter les outils. Rigide, robuste. Dimensions : 190 x 80 x 25 mm.","breadcrumb":{"@id":"https:\/\/www.art-natur.ch\/fr\/produit\/bac-de-desinfection-pour-les-outils-et-les-bigoudis-en-silicone\/#breadcrumb"},"inLanguage":"fr-FR","potentialAction":[{"@type":"ReadAction","target":["https:\/\/www.art-natur.ch\/fr\/produit\/bac-de-desinfection-pour-les-outils-et-les-bigoudis-en-silicone\/"]}]},{"@type":"ImageObject","inLanguage":"fr-FR","@id":"https:\/\/www.art-natur.ch\/fr\/produit\/bac-de-desinfection-pour-les-outils-et-les-bigoudis-en-silicone\/#primaryimage","url":"https:\/\/www.art-natur.ch\/wp-content\/uploads\/2024\/09\/2465552337-Photoroom.png","contentUrl":"https:\/\/www.art-natur.ch\/wp-content\/uploads\/2024\/09\/2465552337-Photoroom.png","width":1200,"height":800},{"@type":"BreadcrumbList","@id":"https:\/\/www.art-natur.ch\/fr\/produit\/bac-de-desinfection-pour-les-outils-et-les-bigoudis-en-silicone\/#breadcrumb","itemListElement":[{"@type":"ListItem","position":1,"name":"Home","item":"https:\/\/www.art-natur.ch\/fr\/"},{"@type":"ListItem","position":2,"name":"Boutique","item":"https:\/\/www.art-natur.ch\/shop\/"},{"@type":"ListItem","position":3,"name":"\u200bBac de d\u00e9sinfection pour les outils et les bigoudis en silicone"}]},{"@type":"WebSite","@id":"https:\/\/www.art-natur.ch\/fr\/#website","url":"https:\/\/www.art-natur.ch\/fr\/","name":"LASHES&amp;BROWS by Nataliya Reinhard","description":"High-quality lash and brow services with attention to every detail","potentialAction":[{"@type":"SearchAction","target":{"@type":"EntryPoint","urlTemplate":"https:\/\/www.art-natur.ch\/fr\/?s={search_term_string}"},"query-input":{"@type":"PropertyValueSpecification","valueRequired":true,"valueName":"search_term_string"}}],"inLanguage":"fr-FR"}]}},"_links":{"self":[{"href":"https:\/\/www.art-natur.ch\/fr\/wp-json\/wp\/v2\/product\/881","targetHints":{"allow":["GET"]}}],"collection":[{"href":"https:\/\/www.art-natur.ch\/fr\/wp-json\/wp\/v2\/product"}],"about":[{"href":"https:\/\/www.art-natur.ch\/fr\/wp-json\/wp\/v2\/types\/product"}],"wp:featuredmedia":[{"embeddable":true,"href":"https:\/\/www.art-natur.ch\/fr\/wp-json\/wp\/v2\/media\/8433"}],"wp:attachment":[{"href":"https:\/\/www.art-natur.ch\/fr\/wp-json\/wp\/v2\/media?parent=881"}],"wp:term":[{"taxonomy":"product_cat","embeddable":true,"href":"https:\/\/www.art-natur.ch\/fr\/wp-json\/wp\/v2\/product_cat?post=881"},{"taxonomy":"product_tag","embeddable":true,"href":"https:\/\/www.art-natur.ch\/fr\/wp-json\/wp\/v2\/product_tag?post=881"}],"curies":[{"name":"wp","href":"https:\/\/api.w.org\/{rel}","templated":true}]}}