{"id":888,"date":"2024-09-21T22:41:51","date_gmt":"2024-09-21T21:41:51","guid":{"rendered":"https:\/\/www.art-natur.ch\/product\/bande-impermeable\/"},"modified":"2025-01-18T22:31:17","modified_gmt":"2025-01-18T21:31:17","slug":"bande-impermeable","status":"publish","type":"product","link":"https:\/\/www.art-natur.ch\/fr\/produit\/bande-impermeable\/","title":{"rendered":"Bande \u00e9tanche"},"content":{"rendered":"<p>Le ruban adh\u00e9sif imperm\u00e9able \u00e0 base de silicone, tr\u00e8s doux pour la peau, est un mat\u00e9riau essentiel pour prot\u00e9ger la paupi\u00e8re et fixer les cils inf\u00e9rieurs, permettant \u00e0 l&rsquo;artiste de r\u00e9aliser facilement la proc\u00e9dure, avec un minimum d&rsquo;inconfort pour la cliente. Ce ruban est \u00e9galement souvent utilis\u00e9 pour fixer les paupi\u00e8res lorsque le client est sensible au gel et aux patchs en vinyle. Il adh\u00e8re confortablement et solidement \u00e0 la peau sans provoquer d&rsquo;irritation et est facile \u00e0 retirer.<\/p>\n","protected":false},"excerpt":{"rendered":"<p>Le ruban adh\u00e9sif imperm\u00e9able \u00e0 base de silicone, tr\u00e8s doux pour la peau, est un mat\u00e9riau essentiel pour prot\u00e9ger la paupi\u00e8re et fixer les cils inf\u00e9rieurs, permettant \u00e0 l&rsquo;artiste de r\u00e9aliser facilement la proc\u00e9dure, avec un minimum d&rsquo;inconfort pour la cliente. Ce ruban est \u00e9galement souvent utilis\u00e9 pour fixer les paupi\u00e8res lorsque le client est [&hellip;]<\/p>\n","protected":false},"featured_media":885,"template":"","meta":{"_acf_changed":false,"inline_featured_image":false},"product_cat":[116,189,193,207],"product_tag":[],"class_list":{"0":"post-888","1":"product","2":"type-product","3":"status-publish","4":"has-post-thumbnail","6":"product_cat-extension-de-cils","7":"product_cat-outil-coloration-et-correction-des-sourcils","8":"product_cat-produits-connexes","9":"product_cat-consommables-fr","11":"first","12":"instock","13":"shipping-taxable","14":"purchasable","15":"product-type-simple"},"acf":[],"yoast_head":"<!-- This site is optimized with the Yoast SEO plugin v26.6 - https:\/\/yoast.com\/wordpress\/plugins\/seo\/ -->\n<title>Bande \u00e9tanche - LASHES&amp;BROWS by Nataliya Reinhard<\/title>\n<meta name=\"description\" content=\"Ruban en silicone waterproof, doux pour la peau, id\u00e9al pour prot\u00e9ger les paupi\u00e8res et fixer les cils inf\u00e9rieurs. Facile \u00e0 enlever.\" \/>\n<meta name=\"robots\" content=\"index, follow, max-snippet:-1, max-image-preview:large, max-video-preview:-1\" \/>\n<link rel=\"canonical\" href=\"https:\/\/www.art-natur.ch\/fr\/produit\/bande-impermeable\/\" \/>\n<meta property=\"og:locale\" content=\"fr_FR\" \/>\n<meta property=\"og:type\" content=\"article\" \/>\n<meta property=\"og:title\" content=\"Bande \u00e9tanche - LASHES&amp;BROWS by Nataliya Reinhard\" \/>\n<meta property=\"og:description\" content=\"Ruban en silicone waterproof, doux pour la peau, id\u00e9al pour prot\u00e9ger les paupi\u00e8res et fixer les cils inf\u00e9rieurs. Facile \u00e0 enlever.\" \/>\n<meta property=\"og:url\" content=\"https:\/\/www.art-natur.ch\/fr\/produit\/bande-impermeable\/\" \/>\n<meta property=\"og:site_name\" content=\"LASHES&amp;BROWS by Nataliya Reinhard\" \/>\n<meta property=\"article:modified_time\" content=\"2025-01-18T21:31:17+00:00\" \/>\n<meta property=\"og:image\" content=\"https:\/\/www.art-natur.ch\/wp-content\/uploads\/2024\/09\/2465526091.png\" \/>\n\t<meta property=\"og:image:width\" content=\"400\" \/>\n\t<meta property=\"og:image:height\" content=\"267\" \/>\n\t<meta property=\"og:image:type\" content=\"image\/png\" \/>\n<meta name=\"twitter:card\" content=\"summary_large_image\" \/>\n<script type=\"application\/ld+json\" class=\"yoast-schema-graph\">{\"@context\":\"https:\/\/schema.org\",\"@graph\":[{\"@type\":\"WebPage\",\"@id\":\"https:\/\/www.art-natur.ch\/fr\/produit\/bande-impermeable\/\",\"url\":\"https:\/\/www.art-natur.ch\/fr\/produit\/bande-impermeable\/\",\"name\":\"Bande \u00e9tanche - LASHES&amp;BROWS by Nataliya Reinhard\",\"isPartOf\":{\"@id\":\"https:\/\/www.art-natur.ch\/fr\/#website\"},\"primaryImageOfPage\":{\"@id\":\"https:\/\/www.art-natur.ch\/fr\/produit\/bande-impermeable\/#primaryimage\"},\"image\":{\"@id\":\"https:\/\/www.art-natur.ch\/fr\/produit\/bande-impermeable\/#primaryimage\"},\"thumbnailUrl\":\"https:\/\/www.art-natur.ch\/wp-content\/uploads\/2024\/09\/2465526091.png\",\"datePublished\":\"2024-09-21T21:41:51+00:00\",\"dateModified\":\"2025-01-18T21:31:17+00:00\",\"description\":\"Ruban en silicone waterproof, doux pour la peau, id\u00e9al pour prot\u00e9ger les paupi\u00e8res et fixer les cils inf\u00e9rieurs. Facile \u00e0 enlever.\",\"breadcrumb\":{\"@id\":\"https:\/\/www.art-natur.ch\/fr\/produit\/bande-impermeable\/#breadcrumb\"},\"inLanguage\":\"fr-FR\",\"potentialAction\":[{\"@type\":\"ReadAction\",\"target\":[\"https:\/\/www.art-natur.ch\/fr\/produit\/bande-impermeable\/\"]}]},{\"@type\":\"ImageObject\",\"inLanguage\":\"fr-FR\",\"@id\":\"https:\/\/www.art-natur.ch\/fr\/produit\/bande-impermeable\/#primaryimage\",\"url\":\"https:\/\/www.art-natur.ch\/wp-content\/uploads\/2024\/09\/2465526091.png\",\"contentUrl\":\"https:\/\/www.art-natur.ch\/wp-content\/uploads\/2024\/09\/2465526091.png\",\"width\":400,\"height\":267},{\"@type\":\"BreadcrumbList\",\"@id\":\"https:\/\/www.art-natur.ch\/fr\/produit\/bande-impermeable\/#breadcrumb\",\"itemListElement\":[{\"@type\":\"ListItem\",\"position\":1,\"name\":\"Home\",\"item\":\"https:\/\/www.art-natur.ch\/fr\/\"},{\"@type\":\"ListItem\",\"position\":2,\"name\":\"Boutique\",\"item\":\"https:\/\/www.art-natur.ch\/shop\/\"},{\"@type\":\"ListItem\",\"position\":3,\"name\":\"Bande \u00e9tanche\"}]},{\"@type\":\"WebSite\",\"@id\":\"https:\/\/www.art-natur.ch\/fr\/#website\",\"url\":\"https:\/\/www.art-natur.ch\/fr\/\",\"name\":\"LASHES&amp;BROWS by Nataliya Reinhard\",\"description\":\"High-quality lash and brow services with attention to every detail\",\"potentialAction\":[{\"@type\":\"SearchAction\",\"target\":{\"@type\":\"EntryPoint\",\"urlTemplate\":\"https:\/\/www.art-natur.ch\/fr\/?s={search_term_string}\"},\"query-input\":{\"@type\":\"PropertyValueSpecification\",\"valueRequired\":true,\"valueName\":\"search_term_string\"}}],\"inLanguage\":\"fr-FR\"}]}<\/script>\n<!-- \/ Yoast SEO plugin. -->","yoast_head_json":{"title":"Bande \u00e9tanche - LASHES&amp;BROWS by Nataliya Reinhard","description":"Ruban en silicone waterproof, doux pour la peau, id\u00e9al pour prot\u00e9ger les paupi\u00e8res et fixer les cils inf\u00e9rieurs. Facile \u00e0 enlever.","robots":{"index":"index","follow":"follow","max-snippet":"max-snippet:-1","max-image-preview":"max-image-preview:large","max-video-preview":"max-video-preview:-1"},"canonical":"https:\/\/www.art-natur.ch\/fr\/produit\/bande-impermeable\/","og_locale":"fr_FR","og_type":"article","og_title":"Bande \u00e9tanche - LASHES&amp;BROWS by Nataliya Reinhard","og_description":"Ruban en silicone waterproof, doux pour la peau, id\u00e9al pour prot\u00e9ger les paupi\u00e8res et fixer les cils inf\u00e9rieurs. Facile \u00e0 enlever.","og_url":"https:\/\/www.art-natur.ch\/fr\/produit\/bande-impermeable\/","og_site_name":"LASHES&amp;BROWS by Nataliya Reinhard","article_modified_time":"2025-01-18T21:31:17+00:00","og_image":[{"width":400,"height":267,"url":"https:\/\/www.art-natur.ch\/wp-content\/uploads\/2024\/09\/2465526091.png","type":"image\/png"}],"twitter_card":"summary_large_image","schema":{"@context":"https:\/\/schema.org","@graph":[{"@type":"WebPage","@id":"https:\/\/www.art-natur.ch\/fr\/produit\/bande-impermeable\/","url":"https:\/\/www.art-natur.ch\/fr\/produit\/bande-impermeable\/","name":"Bande \u00e9tanche - LASHES&amp;BROWS by Nataliya Reinhard","isPartOf":{"@id":"https:\/\/www.art-natur.ch\/fr\/#website"},"primaryImageOfPage":{"@id":"https:\/\/www.art-natur.ch\/fr\/produit\/bande-impermeable\/#primaryimage"},"image":{"@id":"https:\/\/www.art-natur.ch\/fr\/produit\/bande-impermeable\/#primaryimage"},"thumbnailUrl":"https:\/\/www.art-natur.ch\/wp-content\/uploads\/2024\/09\/2465526091.png","datePublished":"2024-09-21T21:41:51+00:00","dateModified":"2025-01-18T21:31:17+00:00","description":"Ruban en silicone waterproof, doux pour la peau, id\u00e9al pour prot\u00e9ger les paupi\u00e8res et fixer les cils inf\u00e9rieurs. Facile \u00e0 enlever.","breadcrumb":{"@id":"https:\/\/www.art-natur.ch\/fr\/produit\/bande-impermeable\/#breadcrumb"},"inLanguage":"fr-FR","potentialAction":[{"@type":"ReadAction","target":["https:\/\/www.art-natur.ch\/fr\/produit\/bande-impermeable\/"]}]},{"@type":"ImageObject","inLanguage":"fr-FR","@id":"https:\/\/www.art-natur.ch\/fr\/produit\/bande-impermeable\/#primaryimage","url":"https:\/\/www.art-natur.ch\/wp-content\/uploads\/2024\/09\/2465526091.png","contentUrl":"https:\/\/www.art-natur.ch\/wp-content\/uploads\/2024\/09\/2465526091.png","width":400,"height":267},{"@type":"BreadcrumbList","@id":"https:\/\/www.art-natur.ch\/fr\/produit\/bande-impermeable\/#breadcrumb","itemListElement":[{"@type":"ListItem","position":1,"name":"Home","item":"https:\/\/www.art-natur.ch\/fr\/"},{"@type":"ListItem","position":2,"name":"Boutique","item":"https:\/\/www.art-natur.ch\/shop\/"},{"@type":"ListItem","position":3,"name":"Bande \u00e9tanche"}]},{"@type":"WebSite","@id":"https:\/\/www.art-natur.ch\/fr\/#website","url":"https:\/\/www.art-natur.ch\/fr\/","name":"LASHES&amp;BROWS by Nataliya Reinhard","description":"High-quality lash and brow services with attention to every detail","potentialAction":[{"@type":"SearchAction","target":{"@type":"EntryPoint","urlTemplate":"https:\/\/www.art-natur.ch\/fr\/?s={search_term_string}"},"query-input":{"@type":"PropertyValueSpecification","valueRequired":true,"valueName":"search_term_string"}}],"inLanguage":"fr-FR"}]}},"_links":{"self":[{"href":"https:\/\/www.art-natur.ch\/fr\/wp-json\/wp\/v2\/product\/888","targetHints":{"allow":["GET"]}}],"collection":[{"href":"https:\/\/www.art-natur.ch\/fr\/wp-json\/wp\/v2\/product"}],"about":[{"href":"https:\/\/www.art-natur.ch\/fr\/wp-json\/wp\/v2\/types\/product"}],"wp:featuredmedia":[{"embeddable":true,"href":"https:\/\/www.art-natur.ch\/fr\/wp-json\/wp\/v2\/media\/885"}],"wp:attachment":[{"href":"https:\/\/www.art-natur.ch\/fr\/wp-json\/wp\/v2\/media?parent=888"}],"wp:term":[{"taxonomy":"product_cat","embeddable":true,"href":"https:\/\/www.art-natur.ch\/fr\/wp-json\/wp\/v2\/product_cat?post=888"},{"taxonomy":"product_tag","embeddable":true,"href":"https:\/\/www.art-natur.ch\/fr\/wp-json\/wp\/v2\/product_tag?post=888"}],"curies":[{"name":"wp","href":"https:\/\/api.w.org\/{rel}","templated":true}]}}