{"id":903,"date":"2024-09-22T08:51:28","date_gmt":"2024-09-22T06:51:28","guid":{"rendered":"https:\/\/www.art-natur.ch\/product\/boite-de-rangement-des-adhesifs-enigma-3-colles\/"},"modified":"2024-10-14T00:53:59","modified_gmt":"2024-10-13T22:53:59","slug":"boite-de-rangement-des-adhesifs-enigma-3-colles","status":"publish","type":"product","link":"https:\/\/www.art-natur.ch\/fr\/produit\/boite-de-rangement-des-adhesifs-enigma-3-colles\/","title":{"rendered":"Bo\u00eete de rangement des adh\u00e9sifs Enigma (3 colles)"},"content":{"rendered":"<p>La bo\u00eete herm\u00e9tique emp\u00eache l&rsquo;humidit\u00e9 de p\u00e9n\u00e9trer Le gel de silice absorbe l&rsquo;humidit\u00e9 \u00e0 l&rsquo;int\u00e9rieur Pr\u00e9serve les propri\u00e9t\u00e9s de la colle pour extensions de cils pendant une p\u00e9riode plus longue.<\/p>\n","protected":false},"excerpt":{"rendered":"<p>La bo\u00eete herm\u00e9tique emp\u00eache l&rsquo;humidit\u00e9 de p\u00e9n\u00e9trer Le gel de silice absorbe l&rsquo;humidit\u00e9 \u00e0 l&rsquo;int\u00e9rieur Pr\u00e9serve les propri\u00e9t\u00e9s de la colle pour extensions de cils pendant une p\u00e9riode plus longue.<\/p>\n","protected":false},"featured_media":8417,"template":"","meta":{"_acf_changed":false,"inline_featured_image":false},"product_cat":[116,179,189,193,207],"product_tag":[],"class_list":{"0":"post-903","1":"product","2":"type-product","3":"status-publish","4":"has-post-thumbnail","6":"product_brand-enigma","7":"product_cat-extension-de-cils","8":"product_cat-les-colles","9":"product_cat-outil-coloration-et-correction-des-sourcils","10":"product_cat-produits-connexes","11":"product_cat-consommables-fr","13":"first","14":"outofstock","15":"shipping-taxable","16":"purchasable","17":"product-type-simple"},"acf":[],"yoast_head":"<!-- This site is optimized with the Yoast SEO plugin v26.6 - https:\/\/yoast.com\/wordpress\/plugins\/seo\/ -->\n<title>Bo\u00eete de rangement des adh\u00e9sifs Enigma (3 colles) - LASHES&amp;BROWS by Nataliya Reinhard<\/title>\n<meta name=\"description\" content=\"La bo\u00eete herm\u00e9tique emp\u00eache l&#039;humidit\u00e9 de p\u00e9n\u00e9trer, et le gel de silice l&#039;absorbe, pr\u00e9servant les propri\u00e9t\u00e9s de la colle pour cils plus longtemps.\" \/>\n<meta name=\"robots\" content=\"index, follow, max-snippet:-1, max-image-preview:large, max-video-preview:-1\" \/>\n<link rel=\"canonical\" href=\"https:\/\/www.art-natur.ch\/fr\/produit\/boite-de-rangement-des-adhesifs-enigma-3-colles\/\" \/>\n<meta property=\"og:locale\" content=\"fr_FR\" \/>\n<meta property=\"og:type\" content=\"article\" \/>\n<meta property=\"og:title\" content=\"Bo\u00eete de rangement des adh\u00e9sifs Enigma (3 colles) - LASHES&amp;BROWS by Nataliya Reinhard\" \/>\n<meta property=\"og:description\" content=\"La bo\u00eete herm\u00e9tique emp\u00eache l&#039;humidit\u00e9 de p\u00e9n\u00e9trer, et le gel de silice l&#039;absorbe, pr\u00e9servant les propri\u00e9t\u00e9s de la colle pour cils plus longtemps.\" \/>\n<meta property=\"og:url\" content=\"https:\/\/www.art-natur.ch\/fr\/produit\/boite-de-rangement-des-adhesifs-enigma-3-colles\/\" \/>\n<meta property=\"og:site_name\" content=\"LASHES&amp;BROWS by Nataliya Reinhard\" \/>\n<meta property=\"article:modified_time\" content=\"2024-10-13T22:53:59+00:00\" \/>\n<meta property=\"og:image\" content=\"https:\/\/www.art-natur.ch\/wp-content\/uploads\/2024\/09\/2651517693-Photoroom.png\" \/>\n\t<meta property=\"og:image:width\" content=\"1280\" \/>\n\t<meta property=\"og:image:height\" content=\"1280\" \/>\n\t<meta property=\"og:image:type\" content=\"image\/png\" \/>\n<meta name=\"twitter:card\" content=\"summary_large_image\" \/>\n<script type=\"application\/ld+json\" class=\"yoast-schema-graph\">{\"@context\":\"https:\/\/schema.org\",\"@graph\":[{\"@type\":\"WebPage\",\"@id\":\"https:\/\/www.art-natur.ch\/fr\/produit\/boite-de-rangement-des-adhesifs-enigma-3-colles\/\",\"url\":\"https:\/\/www.art-natur.ch\/fr\/produit\/boite-de-rangement-des-adhesifs-enigma-3-colles\/\",\"name\":\"Bo\u00eete de rangement des adh\u00e9sifs Enigma (3 colles) - LASHES&amp;BROWS by Nataliya Reinhard\",\"isPartOf\":{\"@id\":\"https:\/\/www.art-natur.ch\/fr\/#website\"},\"primaryImageOfPage\":{\"@id\":\"https:\/\/www.art-natur.ch\/fr\/produit\/boite-de-rangement-des-adhesifs-enigma-3-colles\/#primaryimage\"},\"image\":{\"@id\":\"https:\/\/www.art-natur.ch\/fr\/produit\/boite-de-rangement-des-adhesifs-enigma-3-colles\/#primaryimage\"},\"thumbnailUrl\":\"https:\/\/www.art-natur.ch\/wp-content\/uploads\/2024\/09\/2651517693-Photoroom.png\",\"datePublished\":\"2024-09-22T06:51:28+00:00\",\"dateModified\":\"2024-10-13T22:53:59+00:00\",\"description\":\"La bo\u00eete herm\u00e9tique emp\u00eache l'humidit\u00e9 de p\u00e9n\u00e9trer, et le gel de silice l'absorbe, pr\u00e9servant les propri\u00e9t\u00e9s de la colle pour cils plus longtemps.\",\"breadcrumb\":{\"@id\":\"https:\/\/www.art-natur.ch\/fr\/produit\/boite-de-rangement-des-adhesifs-enigma-3-colles\/#breadcrumb\"},\"inLanguage\":\"fr-FR\",\"potentialAction\":[{\"@type\":\"ReadAction\",\"target\":[\"https:\/\/www.art-natur.ch\/fr\/produit\/boite-de-rangement-des-adhesifs-enigma-3-colles\/\"]}]},{\"@type\":\"ImageObject\",\"inLanguage\":\"fr-FR\",\"@id\":\"https:\/\/www.art-natur.ch\/fr\/produit\/boite-de-rangement-des-adhesifs-enigma-3-colles\/#primaryimage\",\"url\":\"https:\/\/www.art-natur.ch\/wp-content\/uploads\/2024\/09\/2651517693-Photoroom.png\",\"contentUrl\":\"https:\/\/www.art-natur.ch\/wp-content\/uploads\/2024\/09\/2651517693-Photoroom.png\",\"width\":1280,\"height\":1280},{\"@type\":\"BreadcrumbList\",\"@id\":\"https:\/\/www.art-natur.ch\/fr\/produit\/boite-de-rangement-des-adhesifs-enigma-3-colles\/#breadcrumb\",\"itemListElement\":[{\"@type\":\"ListItem\",\"position\":1,\"name\":\"Home\",\"item\":\"https:\/\/www.art-natur.ch\/fr\/\"},{\"@type\":\"ListItem\",\"position\":2,\"name\":\"Boutique\",\"item\":\"https:\/\/www.art-natur.ch\/shop\/\"},{\"@type\":\"ListItem\",\"position\":3,\"name\":\"Bo\u00eete de rangement des adh\u00e9sifs Enigma (3 colles)\"}]},{\"@type\":\"WebSite\",\"@id\":\"https:\/\/www.art-natur.ch\/fr\/#website\",\"url\":\"https:\/\/www.art-natur.ch\/fr\/\",\"name\":\"LASHES&amp;BROWS by Nataliya Reinhard\",\"description\":\"High-quality lash and brow services with attention to every detail\",\"potentialAction\":[{\"@type\":\"SearchAction\",\"target\":{\"@type\":\"EntryPoint\",\"urlTemplate\":\"https:\/\/www.art-natur.ch\/fr\/?s={search_term_string}\"},\"query-input\":{\"@type\":\"PropertyValueSpecification\",\"valueRequired\":true,\"valueName\":\"search_term_string\"}}],\"inLanguage\":\"fr-FR\"}]}<\/script>\n<!-- \/ Yoast SEO plugin. -->","yoast_head_json":{"title":"Bo\u00eete de rangement des adh\u00e9sifs Enigma (3 colles) - LASHES&amp;BROWS by Nataliya Reinhard","description":"La bo\u00eete herm\u00e9tique emp\u00eache l'humidit\u00e9 de p\u00e9n\u00e9trer, et le gel de silice l'absorbe, pr\u00e9servant les propri\u00e9t\u00e9s de la colle pour cils plus longtemps.","robots":{"index":"index","follow":"follow","max-snippet":"max-snippet:-1","max-image-preview":"max-image-preview:large","max-video-preview":"max-video-preview:-1"},"canonical":"https:\/\/www.art-natur.ch\/fr\/produit\/boite-de-rangement-des-adhesifs-enigma-3-colles\/","og_locale":"fr_FR","og_type":"article","og_title":"Bo\u00eete de rangement des adh\u00e9sifs Enigma (3 colles) - LASHES&amp;BROWS by Nataliya Reinhard","og_description":"La bo\u00eete herm\u00e9tique emp\u00eache l'humidit\u00e9 de p\u00e9n\u00e9trer, et le gel de silice l'absorbe, pr\u00e9servant les propri\u00e9t\u00e9s de la colle pour cils plus longtemps.","og_url":"https:\/\/www.art-natur.ch\/fr\/produit\/boite-de-rangement-des-adhesifs-enigma-3-colles\/","og_site_name":"LASHES&amp;BROWS by Nataliya Reinhard","article_modified_time":"2024-10-13T22:53:59+00:00","og_image":[{"width":1280,"height":1280,"url":"https:\/\/www.art-natur.ch\/wp-content\/uploads\/2024\/09\/2651517693-Photoroom.png","type":"image\/png"}],"twitter_card":"summary_large_image","schema":{"@context":"https:\/\/schema.org","@graph":[{"@type":"WebPage","@id":"https:\/\/www.art-natur.ch\/fr\/produit\/boite-de-rangement-des-adhesifs-enigma-3-colles\/","url":"https:\/\/www.art-natur.ch\/fr\/produit\/boite-de-rangement-des-adhesifs-enigma-3-colles\/","name":"Bo\u00eete de rangement des adh\u00e9sifs Enigma (3 colles) - LASHES&amp;BROWS by Nataliya Reinhard","isPartOf":{"@id":"https:\/\/www.art-natur.ch\/fr\/#website"},"primaryImageOfPage":{"@id":"https:\/\/www.art-natur.ch\/fr\/produit\/boite-de-rangement-des-adhesifs-enigma-3-colles\/#primaryimage"},"image":{"@id":"https:\/\/www.art-natur.ch\/fr\/produit\/boite-de-rangement-des-adhesifs-enigma-3-colles\/#primaryimage"},"thumbnailUrl":"https:\/\/www.art-natur.ch\/wp-content\/uploads\/2024\/09\/2651517693-Photoroom.png","datePublished":"2024-09-22T06:51:28+00:00","dateModified":"2024-10-13T22:53:59+00:00","description":"La bo\u00eete herm\u00e9tique emp\u00eache l'humidit\u00e9 de p\u00e9n\u00e9trer, et le gel de silice l'absorbe, pr\u00e9servant les propri\u00e9t\u00e9s de la colle pour cils plus longtemps.","breadcrumb":{"@id":"https:\/\/www.art-natur.ch\/fr\/produit\/boite-de-rangement-des-adhesifs-enigma-3-colles\/#breadcrumb"},"inLanguage":"fr-FR","potentialAction":[{"@type":"ReadAction","target":["https:\/\/www.art-natur.ch\/fr\/produit\/boite-de-rangement-des-adhesifs-enigma-3-colles\/"]}]},{"@type":"ImageObject","inLanguage":"fr-FR","@id":"https:\/\/www.art-natur.ch\/fr\/produit\/boite-de-rangement-des-adhesifs-enigma-3-colles\/#primaryimage","url":"https:\/\/www.art-natur.ch\/wp-content\/uploads\/2024\/09\/2651517693-Photoroom.png","contentUrl":"https:\/\/www.art-natur.ch\/wp-content\/uploads\/2024\/09\/2651517693-Photoroom.png","width":1280,"height":1280},{"@type":"BreadcrumbList","@id":"https:\/\/www.art-natur.ch\/fr\/produit\/boite-de-rangement-des-adhesifs-enigma-3-colles\/#breadcrumb","itemListElement":[{"@type":"ListItem","position":1,"name":"Home","item":"https:\/\/www.art-natur.ch\/fr\/"},{"@type":"ListItem","position":2,"name":"Boutique","item":"https:\/\/www.art-natur.ch\/shop\/"},{"@type":"ListItem","position":3,"name":"Bo\u00eete de rangement des adh\u00e9sifs Enigma (3 colles)"}]},{"@type":"WebSite","@id":"https:\/\/www.art-natur.ch\/fr\/#website","url":"https:\/\/www.art-natur.ch\/fr\/","name":"LASHES&amp;BROWS by Nataliya Reinhard","description":"High-quality lash and brow services with attention to every detail","potentialAction":[{"@type":"SearchAction","target":{"@type":"EntryPoint","urlTemplate":"https:\/\/www.art-natur.ch\/fr\/?s={search_term_string}"},"query-input":{"@type":"PropertyValueSpecification","valueRequired":true,"valueName":"search_term_string"}}],"inLanguage":"fr-FR"}]}},"_links":{"self":[{"href":"https:\/\/www.art-natur.ch\/fr\/wp-json\/wp\/v2\/product\/903","targetHints":{"allow":["GET"]}}],"collection":[{"href":"https:\/\/www.art-natur.ch\/fr\/wp-json\/wp\/v2\/product"}],"about":[{"href":"https:\/\/www.art-natur.ch\/fr\/wp-json\/wp\/v2\/types\/product"}],"wp:featuredmedia":[{"embeddable":true,"href":"https:\/\/www.art-natur.ch\/fr\/wp-json\/wp\/v2\/media\/8417"}],"wp:attachment":[{"href":"https:\/\/www.art-natur.ch\/fr\/wp-json\/wp\/v2\/media?parent=903"}],"wp:term":[{"taxonomy":"product_cat","embeddable":true,"href":"https:\/\/www.art-natur.ch\/fr\/wp-json\/wp\/v2\/product_cat?post=903"},{"taxonomy":"product_tag","embeddable":true,"href":"https:\/\/www.art-natur.ch\/fr\/wp-json\/wp\/v2\/product_tag?post=903"}],"curies":[{"name":"wp","href":"https:\/\/api.w.org\/{rel}","templated":true}]}}