{"id":9217,"date":"2024-09-16T21:03:16","date_gmt":"2024-09-16T20:03:16","guid":{"rendered":"https:\/\/www.art-natur.ch\/product\/extensions-de-cils-cours-pour-debutant\/"},"modified":"2025-01-09T08:34:48","modified_gmt":"2025-01-09T07:34:48","slug":"extensions-de-cils-cours-pour-debutant","status":"publish","type":"product","link":"https:\/\/www.art-natur.ch\/fr\/produit\/extensions-de-cils-cours-pour-debutant\/","title":{"rendered":"Extensions de cils Cours pour d\u00e9butant"},"content":{"rendered":"<div>\n<div>\n<p>Courte description des connaissances acquises par les \u00e9tudiants pendant le cours de quatre jours sur l\u2019extension de cils :<\/p>\n<p>1. Bases th\u00e9oriques :<\/p>\n<p>\u00c9tude de l\u2019anatomie de l\u2019\u0153il, de la structure des cils naturels et des normes de s\u00e9curit\u00e9.<\/p>\n<p>2. Utilisation des outils :<\/p>\n<p>Utilisation correcte de la colle, des pinces et d\u2019autres mat\u00e9riaux professionnels.<\/p>\n<p>3. Techniques d\u2019extension de cils :<\/p>\n<p>Ma\u00eetrise des techniques 1D, 2D, 3D et volume, y compris les effets tendance.<\/p>\n<p>4. Mod\u00e9lisation du regard :<\/p>\n<p>Cr\u00e9ation de styles personnalis\u00e9s en fonction des caract\u00e9ristiques uniques du client.<\/p>\n<p>5. Formation pratique :<\/p>\n<p>Travail sur des mannequins et des mod\u00e8les r\u00e9els sous la supervision d\u2019un instructeur exp\u00e9riment\u00e9.<\/p>\n<p>6. Entretien des cils :<\/p>\n<p>Recommandations pour les soins apr\u00e8s la proc\u00e9dure et la pr\u00e9vention des erreurs.<\/p>\n<p>7. Marketing :<\/p>\n<p>Notions de base sur la promotion des services, l\u2019attraction des clients et la cr\u00e9ation d\u2019un portfolio.<\/p>\n<p>8. Certificat :<\/p>\n<p>Obtention d\u2019un document attestant de la qualification pour travailler dans le domaine de la beaut\u00e9.<\/p>\n<div class=\"yj6qo\"><\/div>\n<div class=\"adL\"><\/div>\n<\/div>\n<div class=\"adL\"><\/div>\n<\/div>\n","protected":false},"excerpt":{"rendered":"<p>Courte description des connaissances acquises par les \u00e9tudiants pendant le cours de quatre jours sur l\u2019extension de cils : 1. Bases th\u00e9oriques : \u00c9tude de l\u2019anatomie de l\u2019\u0153il, de la structure des cils naturels et des normes de s\u00e9curit\u00e9. 2. Utilisation des outils : Utilisation correcte de la colle, des pinces et d\u2019autres mat\u00e9riaux professionnels. [&hellip;]<\/p>\n","protected":false},"featured_media":9131,"template":"","meta":{"_acf_changed":false,"inline_featured_image":false},"product_cat":[570],"product_tag":[],"class_list":{"0":"post-9217","1":"product","2":"type-product","3":"status-publish","4":"has-post-thumbnail","6":"product_cat-cours","8":"first","9":"instock","10":"virtual","11":"purchasable","12":"product-type-simple"},"acf":[],"yoast_head":"<!-- This site is optimized with the Yoast SEO plugin v26.6 - https:\/\/yoast.com\/wordpress\/plugins\/seo\/ -->\n<title>Extensions de cils Cours pour d\u00e9butant - LASHES&amp;BROWS by Nataliya Reinhard<\/title>\n<meta name=\"robots\" content=\"index, follow, max-snippet:-1, max-image-preview:large, max-video-preview:-1\" \/>\n<link rel=\"canonical\" href=\"https:\/\/www.art-natur.ch\/fr\/produit\/extensions-de-cils-cours-pour-debutant\/\" \/>\n<meta property=\"og:locale\" content=\"fr_FR\" \/>\n<meta property=\"og:type\" content=\"article\" \/>\n<meta property=\"og:title\" content=\"Extensions de cils Cours pour d\u00e9butant - LASHES&amp;BROWS by Nataliya Reinhard\" \/>\n<meta property=\"og:description\" content=\"Courte description des connaissances acquises par les \u00e9tudiants pendant le cours de quatre jours sur l\u2019extension de cils : 1. Bases th\u00e9oriques : \u00c9tude de l\u2019anatomie de l\u2019\u0153il, de la structure des cils naturels et des normes de s\u00e9curit\u00e9. 2. Utilisation des outils : Utilisation correcte de la colle, des pinces et d\u2019autres mat\u00e9riaux professionnels. [&hellip;]\" \/>\n<meta property=\"og:url\" content=\"https:\/\/www.art-natur.ch\/fr\/produit\/extensions-de-cils-cours-pour-debutant\/\" \/>\n<meta property=\"og:site_name\" content=\"LASHES&amp;BROWS by Nataliya Reinhard\" \/>\n<meta property=\"article:modified_time\" content=\"2025-01-09T07:34:48+00:00\" \/>\n<meta property=\"og:image\" content=\"https:\/\/www.art-natur.ch\/wp-content\/uploads\/2024\/12\/course-1-img-e1735987297888.jpg\" \/>\n\t<meta property=\"og:image:width\" content=\"880\" \/>\n\t<meta property=\"og:image:height\" content=\"640\" \/>\n\t<meta property=\"og:image:type\" content=\"image\/jpeg\" \/>\n<meta name=\"twitter:card\" content=\"summary_large_image\" \/>\n<meta name=\"twitter:label1\" content=\"Dur\u00e9e de lecture estim\u00e9e\" \/>\n\t<meta name=\"twitter:data1\" content=\"1 minute\" \/>\n<script type=\"application\/ld+json\" class=\"yoast-schema-graph\">{\"@context\":\"https:\/\/schema.org\",\"@graph\":[{\"@type\":\"WebPage\",\"@id\":\"https:\/\/www.art-natur.ch\/fr\/produit\/extensions-de-cils-cours-pour-debutant\/\",\"url\":\"https:\/\/www.art-natur.ch\/fr\/produit\/extensions-de-cils-cours-pour-debutant\/\",\"name\":\"Extensions de cils Cours pour d\u00e9butant - LASHES&amp;BROWS by Nataliya Reinhard\",\"isPartOf\":{\"@id\":\"https:\/\/www.art-natur.ch\/fr\/#website\"},\"primaryImageOfPage\":{\"@id\":\"https:\/\/www.art-natur.ch\/fr\/produit\/extensions-de-cils-cours-pour-debutant\/#primaryimage\"},\"image\":{\"@id\":\"https:\/\/www.art-natur.ch\/fr\/produit\/extensions-de-cils-cours-pour-debutant\/#primaryimage\"},\"thumbnailUrl\":\"https:\/\/www.art-natur.ch\/wp-content\/uploads\/2024\/12\/course-1-img-e1735987297888.jpg\",\"datePublished\":\"2024-09-16T20:03:16+00:00\",\"dateModified\":\"2025-01-09T07:34:48+00:00\",\"breadcrumb\":{\"@id\":\"https:\/\/www.art-natur.ch\/fr\/produit\/extensions-de-cils-cours-pour-debutant\/#breadcrumb\"},\"inLanguage\":\"fr-FR\",\"potentialAction\":[{\"@type\":\"ReadAction\",\"target\":[\"https:\/\/www.art-natur.ch\/fr\/produit\/extensions-de-cils-cours-pour-debutant\/\"]}]},{\"@type\":\"ImageObject\",\"inLanguage\":\"fr-FR\",\"@id\":\"https:\/\/www.art-natur.ch\/fr\/produit\/extensions-de-cils-cours-pour-debutant\/#primaryimage\",\"url\":\"https:\/\/www.art-natur.ch\/wp-content\/uploads\/2024\/12\/course-1-img-e1735987297888.jpg\",\"contentUrl\":\"https:\/\/www.art-natur.ch\/wp-content\/uploads\/2024\/12\/course-1-img-e1735987297888.jpg\",\"width\":880,\"height\":640},{\"@type\":\"BreadcrumbList\",\"@id\":\"https:\/\/www.art-natur.ch\/fr\/produit\/extensions-de-cils-cours-pour-debutant\/#breadcrumb\",\"itemListElement\":[{\"@type\":\"ListItem\",\"position\":1,\"name\":\"Home\",\"item\":\"https:\/\/www.art-natur.ch\/fr\/\"},{\"@type\":\"ListItem\",\"position\":2,\"name\":\"Boutique\",\"item\":\"https:\/\/www.art-natur.ch\/shop\/\"},{\"@type\":\"ListItem\",\"position\":3,\"name\":\"Extensions de cils Cours pour d\u00e9butant\"}]},{\"@type\":\"WebSite\",\"@id\":\"https:\/\/www.art-natur.ch\/fr\/#website\",\"url\":\"https:\/\/www.art-natur.ch\/fr\/\",\"name\":\"LASHES&amp;BROWS by Nataliya Reinhard\",\"description\":\"High-quality lash and brow services with attention to every detail\",\"potentialAction\":[{\"@type\":\"SearchAction\",\"target\":{\"@type\":\"EntryPoint\",\"urlTemplate\":\"https:\/\/www.art-natur.ch\/fr\/?s={search_term_string}\"},\"query-input\":{\"@type\":\"PropertyValueSpecification\",\"valueRequired\":true,\"valueName\":\"search_term_string\"}}],\"inLanguage\":\"fr-FR\"}]}<\/script>\n<!-- \/ Yoast SEO plugin. -->","yoast_head_json":{"title":"Extensions de cils Cours pour d\u00e9butant - LASHES&amp;BROWS by Nataliya Reinhard","robots":{"index":"index","follow":"follow","max-snippet":"max-snippet:-1","max-image-preview":"max-image-preview:large","max-video-preview":"max-video-preview:-1"},"canonical":"https:\/\/www.art-natur.ch\/fr\/produit\/extensions-de-cils-cours-pour-debutant\/","og_locale":"fr_FR","og_type":"article","og_title":"Extensions de cils Cours pour d\u00e9butant - LASHES&amp;BROWS by Nataliya Reinhard","og_description":"Courte description des connaissances acquises par les \u00e9tudiants pendant le cours de quatre jours sur l\u2019extension de cils : 1. Bases th\u00e9oriques : \u00c9tude de l\u2019anatomie de l\u2019\u0153il, de la structure des cils naturels et des normes de s\u00e9curit\u00e9. 2. Utilisation des outils : Utilisation correcte de la colle, des pinces et d\u2019autres mat\u00e9riaux professionnels. [&hellip;]","og_url":"https:\/\/www.art-natur.ch\/fr\/produit\/extensions-de-cils-cours-pour-debutant\/","og_site_name":"LASHES&amp;BROWS by Nataliya Reinhard","article_modified_time":"2025-01-09T07:34:48+00:00","og_image":[{"width":880,"height":640,"url":"https:\/\/www.art-natur.ch\/wp-content\/uploads\/2024\/12\/course-1-img-e1735987297888.jpg","type":"image\/jpeg"}],"twitter_card":"summary_large_image","twitter_misc":{"Dur\u00e9e de lecture estim\u00e9e":"1 minute"},"schema":{"@context":"https:\/\/schema.org","@graph":[{"@type":"WebPage","@id":"https:\/\/www.art-natur.ch\/fr\/produit\/extensions-de-cils-cours-pour-debutant\/","url":"https:\/\/www.art-natur.ch\/fr\/produit\/extensions-de-cils-cours-pour-debutant\/","name":"Extensions de cils Cours pour d\u00e9butant - LASHES&amp;BROWS by Nataliya Reinhard","isPartOf":{"@id":"https:\/\/www.art-natur.ch\/fr\/#website"},"primaryImageOfPage":{"@id":"https:\/\/www.art-natur.ch\/fr\/produit\/extensions-de-cils-cours-pour-debutant\/#primaryimage"},"image":{"@id":"https:\/\/www.art-natur.ch\/fr\/produit\/extensions-de-cils-cours-pour-debutant\/#primaryimage"},"thumbnailUrl":"https:\/\/www.art-natur.ch\/wp-content\/uploads\/2024\/12\/course-1-img-e1735987297888.jpg","datePublished":"2024-09-16T20:03:16+00:00","dateModified":"2025-01-09T07:34:48+00:00","breadcrumb":{"@id":"https:\/\/www.art-natur.ch\/fr\/produit\/extensions-de-cils-cours-pour-debutant\/#breadcrumb"},"inLanguage":"fr-FR","potentialAction":[{"@type":"ReadAction","target":["https:\/\/www.art-natur.ch\/fr\/produit\/extensions-de-cils-cours-pour-debutant\/"]}]},{"@type":"ImageObject","inLanguage":"fr-FR","@id":"https:\/\/www.art-natur.ch\/fr\/produit\/extensions-de-cils-cours-pour-debutant\/#primaryimage","url":"https:\/\/www.art-natur.ch\/wp-content\/uploads\/2024\/12\/course-1-img-e1735987297888.jpg","contentUrl":"https:\/\/www.art-natur.ch\/wp-content\/uploads\/2024\/12\/course-1-img-e1735987297888.jpg","width":880,"height":640},{"@type":"BreadcrumbList","@id":"https:\/\/www.art-natur.ch\/fr\/produit\/extensions-de-cils-cours-pour-debutant\/#breadcrumb","itemListElement":[{"@type":"ListItem","position":1,"name":"Home","item":"https:\/\/www.art-natur.ch\/fr\/"},{"@type":"ListItem","position":2,"name":"Boutique","item":"https:\/\/www.art-natur.ch\/shop\/"},{"@type":"ListItem","position":3,"name":"Extensions de cils Cours pour d\u00e9butant"}]},{"@type":"WebSite","@id":"https:\/\/www.art-natur.ch\/fr\/#website","url":"https:\/\/www.art-natur.ch\/fr\/","name":"LASHES&amp;BROWS by Nataliya Reinhard","description":"High-quality lash and brow services with attention to every detail","potentialAction":[{"@type":"SearchAction","target":{"@type":"EntryPoint","urlTemplate":"https:\/\/www.art-natur.ch\/fr\/?s={search_term_string}"},"query-input":{"@type":"PropertyValueSpecification","valueRequired":true,"valueName":"search_term_string"}}],"inLanguage":"fr-FR"}]}},"_links":{"self":[{"href":"https:\/\/www.art-natur.ch\/fr\/wp-json\/wp\/v2\/product\/9217","targetHints":{"allow":["GET"]}}],"collection":[{"href":"https:\/\/www.art-natur.ch\/fr\/wp-json\/wp\/v2\/product"}],"about":[{"href":"https:\/\/www.art-natur.ch\/fr\/wp-json\/wp\/v2\/types\/product"}],"wp:featuredmedia":[{"embeddable":true,"href":"https:\/\/www.art-natur.ch\/fr\/wp-json\/wp\/v2\/media\/9131"}],"wp:attachment":[{"href":"https:\/\/www.art-natur.ch\/fr\/wp-json\/wp\/v2\/media?parent=9217"}],"wp:term":[{"taxonomy":"product_cat","embeddable":true,"href":"https:\/\/www.art-natur.ch\/fr\/wp-json\/wp\/v2\/product_cat?post=9217"},{"taxonomy":"product_tag","embeddable":true,"href":"https:\/\/www.art-natur.ch\/fr\/wp-json\/wp\/v2\/product_tag?post=9217"}],"curies":[{"name":"wp","href":"https:\/\/api.w.org\/{rel}","templated":true}]}}