{"id":9225,"date":"2025-01-09T09:21:37","date_gmt":"2025-01-09T08:21:37","guid":{"rendered":"https:\/\/www.art-natur.ch\/product\/cours-de-rehaussement-des-cils\/"},"modified":"2025-01-09T09:23:00","modified_gmt":"2025-01-09T08:23:00","slug":"cours-de-rehaussement-des-cils","status":"publish","type":"product","link":"https:\/\/www.art-natur.ch\/fr\/produit\/cours-de-rehaussement-des-cils\/","title":{"rendered":"Cours de Rehaussement des cils"},"content":{"rendered":"<div>\n<div>\n<p>Un cours d\u2019une journ\u00e9e \u201cRehaussement de cils\u201d vise \u00e0 enseigner des techniques modernes pour travailler avec des cils naturels afin de cr\u00e9er longueur, volume et courbure sans extensions. Pendant le cours, les participants acqui\u00e8rent les connaissances et comp\u00e9tences suivantes :<\/p>\n<p>1. Partie Th\u00e9orique :<\/p>\n<p>\u2022 Les bases de la structure et de la croissance des cils naturels.<\/p>\n<p>\u2022 Principes et s\u00e9curit\u00e9 de la r\u00e9alisation du rehaussement de cils.<\/p>\n<p>\u2022 Pr\u00e9sentation des produits et outils professionnels.<\/p>\n<p>2. Partie Pratique :<\/p>\n<p>\u2022 Pr\u00e9paration des cils pour la proc\u00e9dure (nettoyage, d\u00e9graissage, application de la base).<\/p>\n<p>\u2022 Travail avec des formes (choix et installation des pads en silicone).<\/p>\n<p>\u2022 Techniques d\u2019application de la solution de rehaussement, du fixateur et de la teinture.<\/p>\n<p>\u2022 Soins finaux apr\u00e8s la proc\u00e9dure.<\/p>\n<p>3. Particularit\u00e9s du travail :<\/p>\n<p>\u2022 Prise en compte des caract\u00e9ristiques individuelles du client (type de cils, forme des yeux).<\/p>\n<p>\u2022 Algorithme de la proc\u00e9dure \u00e9tape par \u00e9tape.<\/p>\n<p>\u2022 Conseils pour l\u2019entretien des cils apr\u00e8s la proc\u00e9dure.<\/p>\n<p>Le cours permet d\u2019acqu\u00e9rir des comp\u00e9tences qui peuvent \u00eatre imm\u00e9diatement appliqu\u00e9es dans le travail avec les clients.<\/p>\n<div class=\"yj6qo\"><\/div>\n<div class=\"adL\"><\/div>\n<\/div>\n<div class=\"adL\"><\/div>\n<\/div>\n","protected":false},"excerpt":{"rendered":"<p>Un cours d\u2019une journ\u00e9e \u201cRehaussement de cils\u201d vise \u00e0 enseigner des techniques modernes pour travailler avec des cils naturels afin de cr\u00e9er longueur, volume et courbure sans extensions. Pendant le cours, les participants acqui\u00e8rent les connaissances et comp\u00e9tences suivantes : 1. Partie Th\u00e9orique : \u2022 Les bases de la structure et de la croissance des [&hellip;]<\/p>\n","protected":false},"featured_media":9127,"template":"","meta":{"_acf_changed":false,"inline_featured_image":false},"product_cat":[568],"product_tag":[],"class_list":{"0":"post-9225","1":"product","2":"type-product","3":"status-publish","4":"has-post-thumbnail","6":"product_cat-kurse","8":"first","9":"instock","10":"virtual","11":"purchasable","12":"product-type-simple"},"acf":[],"yoast_head":"<!-- This site is optimized with the Yoast SEO plugin v26.6 - https:\/\/yoast.com\/wordpress\/plugins\/seo\/ -->\n<title>Cours de Rehaussement des cils - LASHES&amp;BROWS by Nataliya Reinhard<\/title>\n<meta name=\"robots\" content=\"index, follow, max-snippet:-1, max-image-preview:large, max-video-preview:-1\" \/>\n<link rel=\"canonical\" href=\"https:\/\/www.art-natur.ch\/fr\/produit\/cours-de-rehaussement-des-cils\/\" \/>\n<meta property=\"og:locale\" content=\"fr_FR\" \/>\n<meta property=\"og:type\" content=\"article\" \/>\n<meta property=\"og:title\" content=\"Cours de Rehaussement des cils - LASHES&amp;BROWS by Nataliya Reinhard\" \/>\n<meta property=\"og:description\" content=\"Un cours d\u2019une journ\u00e9e \u201cRehaussement de cils\u201d vise \u00e0 enseigner des techniques modernes pour travailler avec des cils naturels afin de cr\u00e9er longueur, volume et courbure sans extensions. Pendant le cours, les participants acqui\u00e8rent les connaissances et comp\u00e9tences suivantes : 1. Partie Th\u00e9orique : \u2022 Les bases de la structure et de la croissance des [&hellip;]\" \/>\n<meta property=\"og:url\" content=\"https:\/\/www.art-natur.ch\/fr\/produit\/cours-de-rehaussement-des-cils\/\" \/>\n<meta property=\"og:site_name\" content=\"LASHES&amp;BROWS by Nataliya Reinhard\" \/>\n<meta property=\"article:modified_time\" content=\"2025-01-09T08:23:00+00:00\" \/>\n<meta property=\"og:image\" content=\"https:\/\/www.art-natur.ch\/wp-content\/uploads\/2024\/12\/course-2-img.jpg\" \/>\n\t<meta property=\"og:image:width\" content=\"880\" \/>\n\t<meta property=\"og:image:height\" content=\"640\" \/>\n\t<meta property=\"og:image:type\" content=\"image\/jpeg\" \/>\n<meta name=\"twitter:card\" content=\"summary_large_image\" \/>\n<meta name=\"twitter:label1\" content=\"Dur\u00e9e de lecture estim\u00e9e\" \/>\n\t<meta name=\"twitter:data1\" content=\"1 minute\" \/>\n<script type=\"application\/ld+json\" class=\"yoast-schema-graph\">{\"@context\":\"https:\/\/schema.org\",\"@graph\":[{\"@type\":\"WebPage\",\"@id\":\"https:\/\/www.art-natur.ch\/fr\/produit\/cours-de-rehaussement-des-cils\/\",\"url\":\"https:\/\/www.art-natur.ch\/fr\/produit\/cours-de-rehaussement-des-cils\/\",\"name\":\"Cours de Rehaussement des cils - LASHES&amp;BROWS by Nataliya Reinhard\",\"isPartOf\":{\"@id\":\"https:\/\/www.art-natur.ch\/fr\/#website\"},\"primaryImageOfPage\":{\"@id\":\"https:\/\/www.art-natur.ch\/fr\/produit\/cours-de-rehaussement-des-cils\/#primaryimage\"},\"image\":{\"@id\":\"https:\/\/www.art-natur.ch\/fr\/produit\/cours-de-rehaussement-des-cils\/#primaryimage\"},\"thumbnailUrl\":\"https:\/\/www.art-natur.ch\/wp-content\/uploads\/2024\/12\/course-2-img.jpg\",\"datePublished\":\"2025-01-09T08:21:37+00:00\",\"dateModified\":\"2025-01-09T08:23:00+00:00\",\"breadcrumb\":{\"@id\":\"https:\/\/www.art-natur.ch\/fr\/produit\/cours-de-rehaussement-des-cils\/#breadcrumb\"},\"inLanguage\":\"fr-FR\",\"potentialAction\":[{\"@type\":\"ReadAction\",\"target\":[\"https:\/\/www.art-natur.ch\/fr\/produit\/cours-de-rehaussement-des-cils\/\"]}]},{\"@type\":\"ImageObject\",\"inLanguage\":\"fr-FR\",\"@id\":\"https:\/\/www.art-natur.ch\/fr\/produit\/cours-de-rehaussement-des-cils\/#primaryimage\",\"url\":\"https:\/\/www.art-natur.ch\/wp-content\/uploads\/2024\/12\/course-2-img.jpg\",\"contentUrl\":\"https:\/\/www.art-natur.ch\/wp-content\/uploads\/2024\/12\/course-2-img.jpg\",\"width\":880,\"height\":640},{\"@type\":\"BreadcrumbList\",\"@id\":\"https:\/\/www.art-natur.ch\/fr\/produit\/cours-de-rehaussement-des-cils\/#breadcrumb\",\"itemListElement\":[{\"@type\":\"ListItem\",\"position\":1,\"name\":\"Home\",\"item\":\"https:\/\/www.art-natur.ch\/fr\/\"},{\"@type\":\"ListItem\",\"position\":2,\"name\":\"Boutique\",\"item\":\"https:\/\/www.art-natur.ch\/shop\/\"},{\"@type\":\"ListItem\",\"position\":3,\"name\":\"Cours de Rehaussement des cils\"}]},{\"@type\":\"WebSite\",\"@id\":\"https:\/\/www.art-natur.ch\/fr\/#website\",\"url\":\"https:\/\/www.art-natur.ch\/fr\/\",\"name\":\"LASHES&amp;BROWS by Nataliya Reinhard\",\"description\":\"High-quality lash and brow services with attention to every detail\",\"potentialAction\":[{\"@type\":\"SearchAction\",\"target\":{\"@type\":\"EntryPoint\",\"urlTemplate\":\"https:\/\/www.art-natur.ch\/fr\/?s={search_term_string}\"},\"query-input\":{\"@type\":\"PropertyValueSpecification\",\"valueRequired\":true,\"valueName\":\"search_term_string\"}}],\"inLanguage\":\"fr-FR\"}]}<\/script>\n<!-- \/ Yoast SEO plugin. -->","yoast_head_json":{"title":"Cours de Rehaussement des cils - LASHES&amp;BROWS by Nataliya Reinhard","robots":{"index":"index","follow":"follow","max-snippet":"max-snippet:-1","max-image-preview":"max-image-preview:large","max-video-preview":"max-video-preview:-1"},"canonical":"https:\/\/www.art-natur.ch\/fr\/produit\/cours-de-rehaussement-des-cils\/","og_locale":"fr_FR","og_type":"article","og_title":"Cours de Rehaussement des cils - LASHES&amp;BROWS by Nataliya Reinhard","og_description":"Un cours d\u2019une journ\u00e9e \u201cRehaussement de cils\u201d vise \u00e0 enseigner des techniques modernes pour travailler avec des cils naturels afin de cr\u00e9er longueur, volume et courbure sans extensions. Pendant le cours, les participants acqui\u00e8rent les connaissances et comp\u00e9tences suivantes : 1. Partie Th\u00e9orique : \u2022 Les bases de la structure et de la croissance des [&hellip;]","og_url":"https:\/\/www.art-natur.ch\/fr\/produit\/cours-de-rehaussement-des-cils\/","og_site_name":"LASHES&amp;BROWS by Nataliya Reinhard","article_modified_time":"2025-01-09T08:23:00+00:00","og_image":[{"width":880,"height":640,"url":"https:\/\/www.art-natur.ch\/wp-content\/uploads\/2024\/12\/course-2-img.jpg","type":"image\/jpeg"}],"twitter_card":"summary_large_image","twitter_misc":{"Dur\u00e9e de lecture estim\u00e9e":"1 minute"},"schema":{"@context":"https:\/\/schema.org","@graph":[{"@type":"WebPage","@id":"https:\/\/www.art-natur.ch\/fr\/produit\/cours-de-rehaussement-des-cils\/","url":"https:\/\/www.art-natur.ch\/fr\/produit\/cours-de-rehaussement-des-cils\/","name":"Cours de Rehaussement des cils - LASHES&amp;BROWS by Nataliya Reinhard","isPartOf":{"@id":"https:\/\/www.art-natur.ch\/fr\/#website"},"primaryImageOfPage":{"@id":"https:\/\/www.art-natur.ch\/fr\/produit\/cours-de-rehaussement-des-cils\/#primaryimage"},"image":{"@id":"https:\/\/www.art-natur.ch\/fr\/produit\/cours-de-rehaussement-des-cils\/#primaryimage"},"thumbnailUrl":"https:\/\/www.art-natur.ch\/wp-content\/uploads\/2024\/12\/course-2-img.jpg","datePublished":"2025-01-09T08:21:37+00:00","dateModified":"2025-01-09T08:23:00+00:00","breadcrumb":{"@id":"https:\/\/www.art-natur.ch\/fr\/produit\/cours-de-rehaussement-des-cils\/#breadcrumb"},"inLanguage":"fr-FR","potentialAction":[{"@type":"ReadAction","target":["https:\/\/www.art-natur.ch\/fr\/produit\/cours-de-rehaussement-des-cils\/"]}]},{"@type":"ImageObject","inLanguage":"fr-FR","@id":"https:\/\/www.art-natur.ch\/fr\/produit\/cours-de-rehaussement-des-cils\/#primaryimage","url":"https:\/\/www.art-natur.ch\/wp-content\/uploads\/2024\/12\/course-2-img.jpg","contentUrl":"https:\/\/www.art-natur.ch\/wp-content\/uploads\/2024\/12\/course-2-img.jpg","width":880,"height":640},{"@type":"BreadcrumbList","@id":"https:\/\/www.art-natur.ch\/fr\/produit\/cours-de-rehaussement-des-cils\/#breadcrumb","itemListElement":[{"@type":"ListItem","position":1,"name":"Home","item":"https:\/\/www.art-natur.ch\/fr\/"},{"@type":"ListItem","position":2,"name":"Boutique","item":"https:\/\/www.art-natur.ch\/shop\/"},{"@type":"ListItem","position":3,"name":"Cours de Rehaussement des cils"}]},{"@type":"WebSite","@id":"https:\/\/www.art-natur.ch\/fr\/#website","url":"https:\/\/www.art-natur.ch\/fr\/","name":"LASHES&amp;BROWS by Nataliya Reinhard","description":"High-quality lash and brow services with attention to every detail","potentialAction":[{"@type":"SearchAction","target":{"@type":"EntryPoint","urlTemplate":"https:\/\/www.art-natur.ch\/fr\/?s={search_term_string}"},"query-input":{"@type":"PropertyValueSpecification","valueRequired":true,"valueName":"search_term_string"}}],"inLanguage":"fr-FR"}]}},"_links":{"self":[{"href":"https:\/\/www.art-natur.ch\/fr\/wp-json\/wp\/v2\/product\/9225","targetHints":{"allow":["GET"]}}],"collection":[{"href":"https:\/\/www.art-natur.ch\/fr\/wp-json\/wp\/v2\/product"}],"about":[{"href":"https:\/\/www.art-natur.ch\/fr\/wp-json\/wp\/v2\/types\/product"}],"wp:featuredmedia":[{"embeddable":true,"href":"https:\/\/www.art-natur.ch\/fr\/wp-json\/wp\/v2\/media\/9127"}],"wp:attachment":[{"href":"https:\/\/www.art-natur.ch\/fr\/wp-json\/wp\/v2\/media?parent=9225"}],"wp:term":[{"taxonomy":"product_cat","embeddable":true,"href":"https:\/\/www.art-natur.ch\/fr\/wp-json\/wp\/v2\/product_cat?post=9225"},{"taxonomy":"product_tag","embeddable":true,"href":"https:\/\/www.art-natur.ch\/fr\/wp-json\/wp\/v2\/product_tag?post=9225"}],"curies":[{"name":"wp","href":"https:\/\/api.w.org\/{rel}","templated":true}]}}